{"id":772,"date":"2023-11-14T13:50:48","date_gmt":"2023-11-14T13:50:48","guid":{"rendered":"https:\/\/earplugz.com\/?post_type=product&#038;p=772"},"modified":"2023-11-21T15:38:32","modified_gmt":"2023-11-21T15:38:32","slug":"sleeves","status":"publish","type":"product","link":"https:\/\/earplugz.com\/tr\/product\/kollar\/","title":{"rendered":"Kollar"},"content":{"rendered":"<div style=\"display: flex; flex-wrap: wrap;\">\n<div style=\"flex-basis: 100%; display: flex; justify-content: space-between;\">\n        <span style=\"color: #999999;\">Malzeme:<\/span><br \/>\n        <strong style=\"text-align: right; flex-grow: 1;\">Silikon<\/strong>\n    <\/div>\n<div style=\"flex-basis: 100%; display: flex; justify-content: space-between;\">\n        <span style=\"color: #999999;\">Filtre (s\u00f6n\u00fcmleme):<\/span><br \/>\n        <strong style=\"text-align: right; flex-grow: 1;\">Hay\u0131r<\/strong>\n    <\/div>\n<div style=\"flex-basis: 100%; display: flex; justify-content: space-between;\">\n        <span style=\"color: #999999;\">K\u00fc\u00e7\u00fck kulak kanallar\u0131 i\u00e7in uygundur:<\/span><br \/>\n        <strong style=\"text-align: right; flex-grow: 1;\">Evet<\/strong>\n    <\/div>\n<div style=\"flex-basis: 100%; display: flex; justify-content: space-between;\">\n        <span style=\"color: #999999;\">Ya\u015fam s\u00fcresi:<\/span><br \/>\n        <strong style=\"text-align: right; flex-grow: 1;\">Yakla\u015f\u0131k 4-5 y\u0131l<\/strong>\n    <\/div>\n<div style=\"flex-basis: 100%; display: flex; justify-content: space-between;\">\n        <span style=\"color: #999999;\">\u015eunun i\u00e7in m\u00fcmk\u00fcn:<\/span><br \/>\n        <strong style=\"text-align: right; flex-grow: 1;\">Sennheiser, Apple airpods, Shure<\/strong>\n    <\/div>\n<div style=\"flex-basis: 100%; display: flex; justify-content: space-between;\">\n        <span style=\"color: #999999;\">Renk say\u0131s\u0131:<\/span><br \/>\n        <strong style=\"text-align: right; flex-grow: 1;\">10<\/strong>\n    <\/div>\n<div style=\"flex-basis: 100%; display: flex; justify-content: space-between;\">\n        <span style=\"color: #999999;\">Tespit edilebilir:<\/span><br \/>\n        <strong style=\"text-align: right; flex-grow: 1;\">Hay\u0131r<\/strong>\n    <\/div>\n<\/div>","protected":false},"excerpt":{"rendered":"<ul>\n<li>\u00dcniversal kulak t\u0131ka\u00e7lar\u0131n\u0131z\u0131 \u00f6zel bir k\u0131l\u0131fla ki\u015fiselle\u015ftirin<\/li>\n<li>Di\u011ferleri aras\u0131nda m\u00fcmk\u00fcn: Sennheiser, Apple airpods, Shure ve \u00e7ok daha fazlas\u0131<\/li>\n<li>Optimum kullan\u0131m konforu i\u00e7in \u00f6zel olarak tasarlanm\u0131\u015ft\u0131r<\/li>\n<li>Uzun s\u00fcreli ve g\u00fcnl\u00fck kullan\u0131m i\u00e7in uygundur<\/li>\n<\/ul>","protected":false},"featured_media":828,"comment_status":"open","ping_status":"closed","template":"","meta":[],"product_cat":[17],"product_tag":[],"class_list":{"0":"post-772","1":"product","2":"type-product","3":"status-publish","4":"has-post-thumbnail","6":"product_cat-zie-specificaties","7":"pa_color-black","8":"pa_color-blue","9":"pa_color-clear","10":"pa_color-green","11":"pa_color-orange","12":"pa_color-pink","13":"pa_color-purple","14":"pa_color-red","15":"pa_color-white","16":"pa_color-yellow","18":"first","19":"instock","20":"shipping-taxable","21":"product-type-simple"},"_links":{"self":[{"href":"https:\/\/earplugz.com\/tr\/wp-json\/wp\/v2\/product\/772","targetHints":{"allow":["GET"]}}],"collection":[{"href":"https:\/\/earplugz.com\/tr\/wp-json\/wp\/v2\/product"}],"about":[{"href":"https:\/\/earplugz.com\/tr\/wp-json\/wp\/v2\/types\/product"}],"replies":[{"embeddable":true,"href":"https:\/\/earplugz.com\/tr\/wp-json\/wp\/v2\/comments?post=772"}],"wp:featuredmedia":[{"embeddable":true,"href":"https:\/\/earplugz.com\/tr\/wp-json\/wp\/v2\/media\/828"}],"wp:attachment":[{"href":"https:\/\/earplugz.com\/tr\/wp-json\/wp\/v2\/media?parent=772"}],"wp:term":[{"taxonomy":"product_cat","embeddable":true,"href":"https:\/\/earplugz.com\/tr\/wp-json\/wp\/v2\/product_cat?post=772"},{"taxonomy":"product_tag","embeddable":true,"href":"https:\/\/earplugz.com\/tr\/wp-json\/wp\/v2\/product_tag?post=772"}],"curies":[{"name":"wp","href":"https:\/\/api.w.org\/{rel}","templated":true}]}}