{"id":770,"date":"2023-11-14T13:34:21","date_gmt":"2023-11-14T13:34:21","guid":{"rendered":"https:\/\/earplugz.com\/?post_type=product&#038;p=770"},"modified":"2023-11-21T15:31:55","modified_gmt":"2023-11-21T15:31:55","slug":"custom-soft","status":"publish","type":"product","link":"https:\/\/earplugz.com\/tr\/product\/ozel-yumusak\/","title":{"rendered":"\u00d6zel Yumu\u015fak"},"content":{"rendered":"<div style=\"display: flex; flex-wrap: wrap;\">\n<div style=\"flex-basis: 100%; display: flex; justify-content: space-between;\">\n        <span style=\"color: #999999;\">Malzeme:<\/span><br \/>\n        <strong style=\"text-align: right; flex-grow: 1;\">Silikon<\/strong>\n    <\/div>\n<div style=\"flex-basis: 100%; display: flex; justify-content: space-between;\">\n        <span style=\"color: #999999;\">Filtre (s\u00f6n\u00fcmleme):<\/span><br \/>\n        <strong style=\"text-align: right; flex-grow: 1;\">4 tip<\/strong>\n    <\/div>\n<div style=\"flex-basis: 100%; display: flex; justify-content: space-between;\">\n        <span style=\"color: #999999;\">Anti-alerjik kaplama:<\/span><br \/>\n        <strong style=\"text-align: right; flex-grow: 1;\">Evet<\/strong>\n    <\/div>\n<div style=\"flex-basis: 100%; display: flex; justify-content: space-between;\">\n        <span style=\"color: #999999;\">Ya\u015fam s\u00fcresi:<\/span><br \/>\n        <strong style=\"text-align: right; flex-grow: 1;\">Yakla\u015f\u0131k 3-4 y\u0131l<\/strong>\n    <\/div>\n<div style=\"flex-basis: 100%; display: flex; justify-content: space-between;\">\n        <span style=\"color: #999999;\">Tut:<\/span><br \/>\n        <strong style=\"text-align: right; flex-grow: 1;\">Opsiyonel<\/strong>\n    <\/div>\n<div style=\"flex-basis: 100%; display: flex; justify-content: space-between;\">\n        <span style=\"color: #999999;\">Klipsli kordon:<\/span><br \/>\n        <strong style=\"text-align: right; flex-grow: 1;\">Opsiyonel<\/strong>\n    <\/div>\n<div style=\"flex-basis: 100%; display: flex; justify-content: space-between;\">\n        <span style=\"color: #999999;\">Kulak i\u00e7i hoparl\u00f6re ba\u011flant\u0131 \u00e7ubu\u011fu:<\/span><br \/>\n        <strong style=\"text-align: right; flex-grow: 1;\">Hay\u0131r<\/strong>\n    <\/div>\n<div style=\"flex-basis: 100%; display: flex; justify-content: space-between;\">\n        <span style=\"color: #999999;\">Renk say\u0131s\u0131:<\/span><br \/>\n        <strong style=\"text-align: right; flex-grow: 1;\">10<\/strong>\n    <\/div>\n<div style=\"flex-basis: 100%; display: flex; justify-content: space-between;\">\n        <span style=\"color: #999999;\">Tespit edilebilir:<\/span><br \/>\n        <strong style=\"text-align: right; flex-grow: 1;\">Opsiyonel<\/strong>\n    <\/div>\n<\/div>","protected":false},"excerpt":{"rendered":"<p>Materiaal: Siliconen Filter (demping): 4 soorten Antiallergische coating: Ja Levensduur: Ca. 3-4 jaar Handgreep: Optioneel Koord met clip: Optioneel Koppelbar aan in-ear speaker: Nee Aantal kleuren: 10 Detecteerbaar: Optioneel<\/p>","protected":false},"featured_media":971,"comment_status":"open","ping_status":"closed","template":"","meta":[],"product_cat":[17],"product_tag":[],"class_list":{"0":"post-770","1":"product","2":"type-product","3":"status-publish","4":"has-post-thumbnail","6":"product_cat-zie-specificaties","7":"pa_color-black","8":"pa_color-blue","9":"pa_color-clear","10":"pa_color-green","11":"pa_color-orange","12":"pa_color-pink","13":"pa_color-purple","14":"pa_color-red","15":"pa_color-white","16":"pa_color-yellow","18":"first","19":"instock","20":"shipping-taxable","21":"product-type-simple"},"_links":{"self":[{"href":"https:\/\/earplugz.com\/tr\/wp-json\/wp\/v2\/product\/770","targetHints":{"allow":["GET"]}}],"collection":[{"href":"https:\/\/earplugz.com\/tr\/wp-json\/wp\/v2\/product"}],"about":[{"href":"https:\/\/earplugz.com\/tr\/wp-json\/wp\/v2\/types\/product"}],"replies":[{"embeddable":true,"href":"https:\/\/earplugz.com\/tr\/wp-json\/wp\/v2\/comments?post=770"}],"wp:featuredmedia":[{"embeddable":true,"href":"https:\/\/earplugz.com\/tr\/wp-json\/wp\/v2\/media\/971"}],"wp:attachment":[{"href":"https:\/\/earplugz.com\/tr\/wp-json\/wp\/v2\/media?parent=770"}],"wp:term":[{"taxonomy":"product_cat","embeddable":true,"href":"https:\/\/earplugz.com\/tr\/wp-json\/wp\/v2\/product_cat?post=770"},{"taxonomy":"product_tag","embeddable":true,"href":"https:\/\/earplugz.com\/tr\/wp-json\/wp\/v2\/product_tag?post=770"}],"curies":[{"name":"wp","href":"https:\/\/api.w.org\/{rel}","templated":true}]}}