{"id":759,"date":"2023-11-14T13:12:08","date_gmt":"2023-11-14T13:12:08","guid":{"rendered":"https:\/\/earplugz.com\/?post_type=product&#038;p=759"},"modified":"2023-11-21T15:30:37","modified_gmt":"2023-11-21T15:30:37","slug":"custom-hard","status":"publish","type":"product","link":"https:\/\/earplugz.com\/tr\/product\/ozel-sert\/","title":{"rendered":"\u00d6zel Sert"},"content":{"rendered":"<div style=\"display: flex; flex-wrap: wrap;\">\n<div style=\"flex-basis: 100%; display: flex; justify-content: space-between;\">\n        <span style=\"color: #999999;\">Malzeme:<\/span><br \/>\n        <strong style=\"text-align: right; flex-grow: 1;\">Akrilik\u00a0<\/strong>\n    <\/div>\n<div style=\"flex-basis: 100%; display: flex; justify-content: space-between;\">\n        <span style=\"color: #999999;\">Filtre (s\u00f6n\u00fcmleme):<\/span><br \/>\n        <strong style=\"text-align: right; flex-grow: 1;\">4 tip<\/strong>\n    <\/div>\n<div style=\"flex-basis: 100%; display: flex; justify-content: space-between;\">\n        <span style=\"color: #999999;\">Anti-alerjik kaplama:<\/span><br \/>\n        <strong style=\"text-align: right; flex-grow: 1;\">Evet<\/strong>\n    <\/div>\n<div style=\"flex-basis: 100%; display: flex; justify-content: space-between;\">\n        <span style=\"color: #999999;\">K\u00fc\u00e7\u00fck kulak kanallar\u0131 i\u00e7in uygundur:<\/span><br \/>\n        <strong style=\"text-align: right; flex-grow: 1;\">Evet<\/strong>\n    <\/div>\n<div style=\"flex-basis: 100%; display: flex; justify-content: space-between;\">\n        <span style=\"color: #999999;\">Ya\u015fam s\u00fcresi:<\/span><br \/>\n        <strong style=\"text-align: right; flex-grow: 1;\">Yakla\u015f\u0131k 4-5 y\u0131l<\/strong>\n    <\/div>\n<div style=\"flex-basis: 100%; display: flex; justify-content: space-between;\">\n        <span style=\"color: #999999;\">Tut:<\/span><br \/>\n        <strong style=\"text-align: right; flex-grow: 1;\">Opsiyonel<\/strong>\n    <\/div>\n<div style=\"flex-basis: 100%; display: flex; justify-content: space-between;\">\n        <span style=\"color: #999999;\">Klipsli kordon:<\/span><br \/>\n        <strong style=\"text-align: right; flex-grow: 1;\">Opsiyonel<\/strong>\n    <\/div>\n<div style=\"flex-basis: 100%; display: flex; justify-content: space-between;\">\n        <span style=\"color: #999999;\">Kulak i\u00e7i hoparl\u00f6re ba\u011flant\u0131 \u00e7ubu\u011fu:<\/span><br \/>\n        <strong style=\"text-align: right; flex-grow: 1;\">Hay\u0131r<\/strong>\n    <\/div>\n<div style=\"flex-basis: 100%; display: flex; justify-content: space-between;\">\n        <span style=\"color: #999999;\">Renk say\u0131s\u0131:<\/span><br \/>\n        <strong style=\"text-align: right; flex-grow: 1;\">4<\/strong>\n    <\/div>\n<div style=\"flex-basis: 100%; display: flex; justify-content: space-between;\">\n        <span style=\"color: #999999;\">Tespit edilebilir:<\/span><br \/>\n        <strong style=\"text-align: right; flex-grow: 1;\">Opsiyonel<\/strong>\n    <\/div>\n<\/div>","protected":false},"excerpt":{"rendered":"<ul>\n<li>Optimum kullan\u0131m konforu i\u00e7in \u00f6zel olarak tasarlanm\u0131\u015ft\u0131r<\/li>\n<li>Uzun s\u00fcreli ve g\u00fcnl\u00fck kullan\u0131m i\u00e7in uygundur<\/li>\n<li>Anti-alerjik kaplama<\/li>\n<\/ul>","protected":false},"featured_media":825,"comment_status":"open","ping_status":"closed","template":"","meta":[],"product_cat":[17],"product_tag":[],"class_list":{"0":"post-759","1":"product","2":"type-product","3":"status-publish","4":"has-post-thumbnail","6":"product_cat-zie-specificaties","7":"pa_color-black","8":"pa_color-blue","9":"pa_color-clear","10":"pa_color-red","12":"first","13":"instock","14":"shipping-taxable","15":"product-type-simple"},"_links":{"self":[{"href":"https:\/\/earplugz.com\/tr\/wp-json\/wp\/v2\/product\/759","targetHints":{"allow":["GET"]}}],"collection":[{"href":"https:\/\/earplugz.com\/tr\/wp-json\/wp\/v2\/product"}],"about":[{"href":"https:\/\/earplugz.com\/tr\/wp-json\/wp\/v2\/types\/product"}],"replies":[{"embeddable":true,"href":"https:\/\/earplugz.com\/tr\/wp-json\/wp\/v2\/comments?post=759"}],"wp:featuredmedia":[{"embeddable":true,"href":"https:\/\/earplugz.com\/tr\/wp-json\/wp\/v2\/media\/825"}],"wp:attachment":[{"href":"https:\/\/earplugz.com\/tr\/wp-json\/wp\/v2\/media?parent=759"}],"wp:term":[{"taxonomy":"product_cat","embeddable":true,"href":"https:\/\/earplugz.com\/tr\/wp-json\/wp\/v2\/product_cat?post=759"},{"taxonomy":"product_tag","embeddable":true,"href":"https:\/\/earplugz.com\/tr\/wp-json\/wp\/v2\/product_tag?post=759"}],"curies":[{"name":"wp","href":"https:\/\/api.w.org\/{rel}","templated":true}]}}