{"id":573,"date":"2023-11-10T07:02:05","date_gmt":"2023-11-10T07:02:05","guid":{"rendered":"https:\/\/earplugz.com\/?post_type=product&#038;p=573"},"modified":"2023-11-21T15:26:08","modified_gmt":"2023-11-21T15:26:08","slug":"dry-music","status":"publish","type":"product","link":"https:\/\/earplugz.com\/tr\/product\/kuru-muzik\/","title":{"rendered":"Kuru M\u00fczik"},"content":{"rendered":"<div style=\"display: flex; flex-wrap: wrap;\">\n<div style=\"flex-basis: 100%; display: flex; justify-content: space-between;\">\n        <span style=\"color: #999999;\">Malzeme:<\/span><br \/>\n        <strong style=\"text-align: right; flex-grow: 1;\">Y\u00fczen ve y\u00fczmeyen silikon<\/strong>\n    <\/div>\n<div style=\"flex-basis: 100%; display: flex; justify-content: space-between;\">\n        <span style=\"color: #999999;\">Filtre (s\u00f6n\u00fcmleme):<\/span><br \/>\n        <strong style=\"text-align: right; flex-grow: 1;\">1 \u00e7e\u015fit<\/strong>\n    <\/div>\n<div style=\"flex-basis: 100%; display: flex; justify-content: space-between;\">\n        <span style=\"color: #999999;\">Uyumluluk:<\/span><br \/>\n        <strong style=\"text-align: right; flex-grow: 1;\">16 saat \u00e7alma s\u00fcresi ve 8GB depolama kapasitesi<\/strong>\n    <\/div>\n<div style=\"flex-basis: 100%; display: flex; justify-content: space-between;\">\n        <span style=\"color: #999999;\">Su ge\u00e7irmez:<\/span><br \/>\n        <strong style=\"text-align: right; flex-grow: 1;\">2,5 metreye kadar 100% su ge\u00e7irmez<\/strong>\n    <\/div>\n<div style=\"flex-basis: 100%; display: flex; justify-content: space-between;\">\n        <span style=\"color: #999999;\">Ya\u015fam s\u00fcresi:<\/span><br \/>\n        <strong style=\"text-align: right; flex-grow: 1;\">Yakla\u015f\u0131k 4-5 y\u0131l<\/strong>\n    <\/div>\n<div style=\"flex-basis: 100%; display: flex; justify-content: space-between;\">\n        <span style=\"color: #999999;\">Tut:<\/span><br \/>\n        <strong style=\"text-align: right; flex-grow: 1;\">I-Grip<\/strong>\n    <\/div>\n<div style=\"flex-basis: 100%; display: flex; justify-content: space-between;\">\n        <span style=\"color: #999999;\">Klipsli kordon:<\/span><br \/>\n        <strong style=\"text-align: right; flex-grow: 1;\">Hay\u0131r<\/strong>\n    <\/div>\n<div style=\"flex-basis: 100%; display: flex; justify-content: space-between;\">\n        <span style=\"color: #999999;\">Renk say\u0131s\u0131:<\/span><br \/>\n        <strong style=\"text-align: right; flex-grow: 1;\">10<\/strong>\n    <\/div>\n<\/div>","protected":false},"excerpt":{"rendered":"<ul>\n<li>Benzersiz s\u00fcper yumu\u015fak y\u00fczer malzeme<\/li>\n<li>Su ge\u00e7irmez 8 GB MP3 \u00e7alar dahildir<\/li>\n<li>Uzun s\u00fcreli ve g\u00fcnl\u00fck kullan\u0131m i\u00e7in uygundur<\/li>\n<li>Anti-alerjik kaplama<\/li>\n<li>Optimum uyum<\/li>\n<li>Dayan\u0131kl\u0131 (\u00fcniversal veya tek kullan\u0131ml\u0131k kulak t\u0131ka\u00e7lar\u0131ndan daha uzun \u00f6m\u00fcrl\u00fcd\u00fcr)<\/li>\n<li><span class=\"a-list-item\">Y\u00fczerken m\u00fczik: s\u00f6rf\u00e7\u00fcler veya maraton y\u00fcz\u00fcc\u00fcleri i\u00e7in en iyi su ge\u00e7irmez mp3 \u00e7alar. S\u00fcper kompakt: eller serbest klips tasar\u0131m\u0131, oynat\u0131c\u0131y\u0131 (\u00f6rne\u011fin) g\u00f6zl\u00fcklere takmay\u0131 kolayla\u015ft\u0131r\u0131r. Kullan\u0131m\u0131 kolay.<\/span><\/li>\n<li><span class=\"a-list-item\">M\u00fckemmel ses kalitesi: Geli\u015fmi\u015f g\u00fcr\u00fclt\u00fc engelleme teknolojisine sahiptir ve di\u011fer su ge\u00e7irmez mp3 \u00e7alarlar\u0131n \u00e7o\u011fundan daha iyi ses kalitesi sunar. G<\/span><span class=\"a-list-item\">Y\u00fczerken, s\u00f6rf yaparken, ko\u015farken ve di\u011fer aktivitelerde en sevdi\u011finiz m\u00fczi\u011fi bozulmadan dinleyin.<\/span><\/li>\n<li><span class=\"a-list-item\">Y\u00fcksek uyumluluk: 16 saatlik \u00e7alma s\u00fcresi ve 2.000'den fazla \u015fark\u0131 i\u00e7in iyi olan 8GB depolama kapasitesi, MP3, FLAC, WMA, APE gibi \u00e7o\u011fu ses format\u0131yla uyumludur (d\u00f6n\u00fc\u015ft\u00fcrme yaz\u0131l\u0131m\u0131 gerekmez).<\/span><\/li>\n<li><span class=\"a-list-item\">100% su ge\u00e7irmez - 2,5 metreye kadar 100% su ge\u00e7irmez. Korozyona kar\u015f\u0131 koruma sa\u011flayan alt\u0131n kaplama stereo jak i\u00e7erir. Su ge\u00e7irmezlik derecesi: IPX8.<\/span><\/li>\n<li><\/li>\n<\/ul>","protected":false},"featured_media":823,"comment_status":"open","ping_status":"closed","template":"","meta":[],"product_cat":[17],"product_tag":[],"class_list":{"0":"post-573","1":"product","2":"type-product","3":"status-publish","4":"has-post-thumbnail","6":"product_cat-zie-specificaties","7":"pa_color-blue","8":"pa_color-red","10":"first","11":"instock","12":"shipping-taxable","13":"product-type-simple"},"_links":{"self":[{"href":"https:\/\/earplugz.com\/tr\/wp-json\/wp\/v2\/product\/573","targetHints":{"allow":["GET"]}}],"collection":[{"href":"https:\/\/earplugz.com\/tr\/wp-json\/wp\/v2\/product"}],"about":[{"href":"https:\/\/earplugz.com\/tr\/wp-json\/wp\/v2\/types\/product"}],"replies":[{"embeddable":true,"href":"https:\/\/earplugz.com\/tr\/wp-json\/wp\/v2\/comments?post=573"}],"wp:featuredmedia":[{"embeddable":true,"href":"https:\/\/earplugz.com\/tr\/wp-json\/wp\/v2\/media\/823"}],"wp:attachment":[{"href":"https:\/\/earplugz.com\/tr\/wp-json\/wp\/v2\/media?parent=573"}],"wp:term":[{"taxonomy":"product_cat","embeddable":true,"href":"https:\/\/earplugz.com\/tr\/wp-json\/wp\/v2\/product_cat?post=573"},{"taxonomy":"product_tag","embeddable":true,"href":"https:\/\/earplugz.com\/tr\/wp-json\/wp\/v2\/product_tag?post=573"}],"curies":[{"name":"wp","href":"https:\/\/api.w.org\/{rel}","templated":true}]}}