{"id":565,"date":"2023-11-10T06:54:12","date_gmt":"2023-11-10T06:54:12","guid":{"rendered":"https:\/\/earplugz.com\/?post_type=product&#038;p=565"},"modified":"2023-11-21T15:34:25","modified_gmt":"2023-11-21T15:34:25","slug":"porto","status":"publish","type":"product","link":"https:\/\/earplugz.com\/tr\/product\/liman\/","title":{"rendered":"Porto"},"content":{"rendered":"<div style=\"display: flex; flex-wrap: wrap;\">\n<div style=\"flex-basis: 100%; display: flex; justify-content: space-between;\">\n        <span style=\"color: #999999;\">Malzeme:<\/span><br \/>\n        <strong style=\"text-align: right; flex-grow: 1;\">Akrilik veya silikon<\/strong>\n    <\/div>\n<div style=\"flex-basis: 100%; display: flex; justify-content: space-between;\">\n        <span style=\"color: #999999;\">Anti-alerjik kaplama:<\/span><br \/>\n        <strong style=\"text-align: right; flex-grow: 1;\">Evet<\/strong>\n    <\/div>\n<div style=\"flex-basis: 100%; display: flex; justify-content: space-between;\">\n        <span style=\"color: #999999;\">Ba\u011flant\u0131:<\/span><br \/>\n        <strong style=\"text-align: right; flex-grow: 1;\">Evrensel<\/strong>\n    <\/div>\n<div style=\"flex-basis: 100%; display: flex; justify-content: space-between;\">\n        <span style=\"color: #999999;\">Ya\u015fam s\u00fcresi:<\/span><br \/>\n        <strong style=\"text-align: right; flex-grow: 1;\">Yakla\u015f\u0131k 4-5 y\u0131l<\/strong>\n    <\/div>\n<div style=\"flex-basis: 100%; display: flex; justify-content: space-between;\">\n        <span style=\"color: #999999;\">Tut:<\/span><br \/>\n        <strong style=\"text-align: right; flex-grow: 1;\">Opsiyonel<\/strong>\n    <\/div>\n<div style=\"flex-basis: 100%; display: flex; justify-content: space-between;\">\n        <span style=\"color: #999999;\">Klipsli kordon:<\/span><br \/>\n        <strong style=\"text-align: right; flex-grow: 1;\">Opsiyonel<\/strong>\n    <\/div>\n<div style=\"flex-basis: 100%; display: flex; justify-content: space-between;\">\n        <span style=\"color: #999999;\">Renk say\u0131s\u0131:<\/span><br \/>\n        <strong style=\"text-align: right; flex-grow: 1;\">10<\/strong>\n    <\/div>\n<\/div>","protected":false},"excerpt":{"rendered":"<ul>\n<li>Evrensel ba\u011flanabilir telsiz ileti\u015fim sistemi<\/li>\n<li>Ortam g\u00fcr\u00fclt\u00fcs\u00fc ayn\u0131 kal\u0131r<\/li>\n<li>\u0130\u00e7i bo\u015f \u015fekli sayesinde kulakta \u0131s\u0131 birikimi olmaz<\/li>\n<li>Optimum kullan\u0131m konforu i\u00e7in \u00f6zel olarak tasarlanm\u0131\u015ft\u0131r<\/li>\n<li>Uzun s\u00fcreli ve g\u00fcnl\u00fck kullan\u0131m i\u00e7in uygundur<\/li>\n<li>Anti-alerjik kaplama<\/li>\n<\/ul>","protected":false},"featured_media":784,"comment_status":"open","ping_status":"closed","template":"","meta":[],"product_cat":[17],"product_tag":[],"class_list":{"0":"post-565","1":"product","2":"type-product","3":"status-publish","4":"has-post-thumbnail","6":"product_cat-zie-specificaties","7":"pa_color-black","8":"pa_color-blue","9":"pa_color-clear","10":"pa_color-green","11":"pa_color-orange","12":"pa_color-pink","13":"pa_color-purple","14":"pa_color-red","15":"pa_color-white","16":"pa_color-yellow","18":"first","19":"instock","20":"shipping-taxable","21":"product-type-simple"},"_links":{"self":[{"href":"https:\/\/earplugz.com\/tr\/wp-json\/wp\/v2\/product\/565","targetHints":{"allow":["GET"]}}],"collection":[{"href":"https:\/\/earplugz.com\/tr\/wp-json\/wp\/v2\/product"}],"about":[{"href":"https:\/\/earplugz.com\/tr\/wp-json\/wp\/v2\/types\/product"}],"replies":[{"embeddable":true,"href":"https:\/\/earplugz.com\/tr\/wp-json\/wp\/v2\/comments?post=565"}],"wp:featuredmedia":[{"embeddable":true,"href":"https:\/\/earplugz.com\/tr\/wp-json\/wp\/v2\/media\/784"}],"wp:attachment":[{"href":"https:\/\/earplugz.com\/tr\/wp-json\/wp\/v2\/media?parent=565"}],"wp:term":[{"taxonomy":"product_cat","embeddable":true,"href":"https:\/\/earplugz.com\/tr\/wp-json\/wp\/v2\/product_cat?post=565"},{"taxonomy":"product_tag","embeddable":true,"href":"https:\/\/earplugz.com\/tr\/wp-json\/wp\/v2\/product_tag?post=565"}],"curies":[{"name":"wp","href":"https:\/\/api.w.org\/{rel}","templated":true}]}}