{"id":561,"date":"2023-11-10T06:49:13","date_gmt":"2023-11-10T06:49:13","guid":{"rendered":"https:\/\/earplugz.com\/?post_type=product&#038;p=561"},"modified":"2023-11-21T15:10:00","modified_gmt":"2023-11-21T15:10:00","slug":"dry-ears","status":"publish","type":"product","link":"https:\/\/earplugz.com\/tr\/product\/kuru-kulaklar\/","title":{"rendered":"Kuru Kulaklar"},"content":{"rendered":"<div style=\"display: flex; flex-wrap: wrap;\">\n<div style=\"flex-basis: 100%; display: flex; justify-content: space-between; margin-bottom: 5px;\"><span style=\"color: #999999; white-space: nowrap;\">Malzeme:<\/span><br \/>\n<strong style=\"text-align: right; flex-grow: 1;\">Y\u00fczen ve y\u00fczmeyen Silikon<\/strong><\/div>\n<div style=\"flex-basis: 100%; display: flex; justify-content: space-between; margin-bottom: 5px;\"><span style=\"color: #999999; white-space: nowrap;\">Filtre (s\u00f6n\u00fcmleme):<\/span><br \/>\n<strong style=\"text-align: right; flex-grow: 1;\">Sadece 5 dB zay\u0131flama sa\u011flayan \u00f6zel filtre<\/strong><\/div>\n<div style=\"flex-basis: 100%; display: flex; justify-content: space-between; margin-bottom: 5px;\"><span style=\"color: #999999; white-space: nowrap;\">Ya\u015fam s\u00fcresi:<\/span><br \/>\n<strong style=\"text-align: right; flex-grow: 1;\">Yakla\u015f\u0131k 3-4 y\u0131l<\/strong><\/div>\n<div style=\"flex-basis: 100%; display: flex; justify-content: space-between; margin-bottom: 5px;\"><span style=\"color: #999999; white-space: nowrap;\">Tut:<\/span><br \/>\n<strong style=\"text-align: right; flex-grow: 1;\">Opsiyonel<\/strong><\/div>\n<div style=\"flex-basis: 100%; display: flex; justify-content: space-between; margin-bottom: 5px;\"><span style=\"color: #999999; white-space: nowrap;\">Klipsli kordon:<\/span><br \/>\n<strong style=\"text-align: right; flex-grow: 1;\">Opsiyonel<\/strong><\/div>\n<div style=\"flex-basis: 100%; display: flex; justify-content: space-between; margin-bottom: 5px;\"><span style=\"color: #999999; white-space: nowrap;\">Kulak i\u00e7i hoparl\u00f6r ile e\u015fle\u015ftirilebilir:<\/span><br \/>\n<strong style=\"text-align: right; flex-grow: 1;\">Hay\u0131r<\/strong><\/div>\n<div style=\"flex-basis: 100%; display: flex; justify-content: space-between; margin-bottom: 5px;\"><span style=\"color: #999999; white-space: nowrap;\">Renk say\u0131s\u0131:<\/span><br \/>\n<strong style=\"text-align: right; flex-grow: 1;\">10<\/strong><\/div>\n<div style=\"flex-basis: 100%; display: flex; justify-content: space-between; margin-bottom: 5px;\"><span style=\"color: #999999; white-space: nowrap;\">Tespit edilebilir:<\/span><br \/>\n<strong style=\"text-align: right; flex-grow: 1;\">Hay\u0131r<\/strong><\/div>\n<\/div>","protected":false},"excerpt":{"rendered":"<ul>\n<li>Benzersiz s\u00fcper yumu\u015fak y\u00fczer malzeme<\/li>\n<li>Sadece 5 dB zay\u0131flama sa\u011flayan \u00f6zel filtre<\/li>\n<li>Optimum kullan\u0131m konforu i\u00e7in \u00f6zel olarak tasarlanm\u0131\u015ft\u0131r<\/li>\n<li>\u0130ste\u011fe ba\u011fl\u0131: kulplar + kordon ve klips<\/li>\n<li>Uzun s\u00fcreli ve g\u00fcnl\u00fck kullan\u0131m i\u00e7in uygundur<\/li>\n<li>Anti-alerjik kaplama<\/li>\n<\/ul>","protected":false},"featured_media":782,"comment_status":"open","ping_status":"closed","template":"","meta":[],"product_cat":[17],"product_tag":[],"class_list":{"0":"post-561","1":"product","2":"type-product","3":"status-publish","4":"has-post-thumbnail","6":"product_cat-zie-specificaties","7":"pa_color-blue","8":"pa_color-red","10":"first","11":"instock","12":"shipping-taxable","13":"product-type-simple"},"_links":{"self":[{"href":"https:\/\/earplugz.com\/tr\/wp-json\/wp\/v2\/product\/561","targetHints":{"allow":["GET"]}}],"collection":[{"href":"https:\/\/earplugz.com\/tr\/wp-json\/wp\/v2\/product"}],"about":[{"href":"https:\/\/earplugz.com\/tr\/wp-json\/wp\/v2\/types\/product"}],"replies":[{"embeddable":true,"href":"https:\/\/earplugz.com\/tr\/wp-json\/wp\/v2\/comments?post=561"}],"wp:featuredmedia":[{"embeddable":true,"href":"https:\/\/earplugz.com\/tr\/wp-json\/wp\/v2\/media\/782"}],"wp:attachment":[{"href":"https:\/\/earplugz.com\/tr\/wp-json\/wp\/v2\/media?parent=561"}],"wp:term":[{"taxonomy":"product_cat","embeddable":true,"href":"https:\/\/earplugz.com\/tr\/wp-json\/wp\/v2\/product_cat?post=561"},{"taxonomy":"product_tag","embeddable":true,"href":"https:\/\/earplugz.com\/tr\/wp-json\/wp\/v2\/product_tag?post=561"}],"curies":[{"name":"wp","href":"https:\/\/api.w.org\/{rel}","templated":true}]}}