{"id":732,"date":"2023-11-14T12:32:12","date_gmt":"2023-11-14T12:32:12","guid":{"rendered":"https:\/\/earplugz.com\/?page_id=732"},"modified":"2023-11-15T08:40:56","modified_gmt":"2023-11-15T08:40:56","slug":"aanmeting","status":"publish","type":"page","link":"https:\/\/earplugz.com\/tr\/kurslar\/uydurma\/","title":{"rendered":"uydurma"},"content":{"rendered":"<section class=\"bde-section-732-100 bde-section\">\n  \n\t\n\n\n\n<div class=\"section-container\"><div class=\"bde-columns-732-101 bde-columns\"><div class=\"bde-column-732-104 bde-column\">\n  \n\t\n\n\n\n<h1 class=\"bde-heading-732-109 bde-heading\">\nOtoplastikler i\u00e7in bask\u0131 resim kursu: Teori ve Uygulama\n<\/h1>\n<\/div><\/div><\/div>\n<\/section><section class=\"bde-section-732-111 bde-section\">\n  \n\t\n\n\n\n<div class=\"section-container\"><div class=\"bde-columns-732-112 bde-columns\"><div class=\"bde-column-732-113 bde-column\">\n  \n\t\n\n\n\n<h6 class=\"bde-heading-732-114 bde-heading\">\nhakk\u0131nda\n<\/h6><div class=\"bde-text-732-115 bde-text\">\nKapsaml\u0131 ve interaktif kursumuzla otoplastikler i\u00e7in \u00f6l\u00e7\u00fc alma sanat\u0131n\u0131 ke\u015ffedin. \u0130ster deneyimli bir odyolog olun ister mesle\u011fe yeni ba\u015fl\u0131yor olun, bu kurs i\u015fitme koruma cihazlar\u0131 i\u00e7in y\u00fcksek kaliteli kal\u0131plar \u00fcretmek i\u00e7in de\u011ferli bilgiler ve pratik beceriler sa\u011flar.\n<\/div><div class=\"bde-columns-732-117 bde-columns\"><div class=\"bde-column-732-118 bde-column\">\n  \n\t\n\n\n\n<h1 class=\"bde-heading-732-116 bde-heading\">\nNe bekleyebilirsiniz ki?\n<\/h1>\n<\/div><\/div>\n<\/div><\/div><div class=\"bde-columns-732-120 bde-columns\"><div class=\"bde-column-732-121 bde-column\">\n  \n\t\n\n\n\n<div class=\"bde-image-box-732-124 bde-image-box\">\n<div class=\"ee-imagebox-image\">\n        \n  \n  \n  \n  \n      \n      <img loading=\"lazy\" decoding=\"async\"\n      class=\"breakdance-image-object\"\n      src=\"https:\/\/earplugz.com\/wp-content\/uploads\/2023\/11\/01-57-47.png\"\n      width=\"52\"\n      height=\"47\"\n      \n      \n                                      >\n  \n<\/div>\n<div class=\"ee-imagebox-content\">\n      <h3 class=\"ee-imagebox-title\" >Teorik derinlik<\/h3>\n    \n      <div class=\"ee-imagebox-text\" >Kursumuz sa\u011flam bir teorik temel ile ba\u015flar. Kula\u011f\u0131n anatomisini, \u00f6l\u00e7\u00fc materyallerini ve s\u00fcre\u00e7te kullan\u0131lan farkl\u0131 teknikleri ele al\u0131yoruz.<\/div>\n    \n  <\/div>\n\n<\/div>\n<\/div><div class=\"bde-column-732-122 bde-column\">\n  \n\t\n\n\n\n<div class=\"bde-image-732-125 bde-image\">\n  \n\n\n\n\n\n<figure class=\"breakdance-image breakdance-image--748\">\n\t<div class=\"breakdance-image-container\">\n\t\t<div class=\"breakdance-image-clip\">\n\t\t\t\n\t\t\t\t\n\t\t\t\t\t      \n  \n  \n  \n  \n      \n      <img loading=\"lazy\" decoding=\"async\"\n      class=\"breakdance-image-object\"\n      src=\"https:\/\/earplugz.com\/wp-content\/uploads\/2023\/11\/img-1-1.png\"\n      width=\"890\"\n      height=\"350\"\n      \n      \n                                    srcset=\"https:\/\/earplugz.com\/wp-content\/uploads\/2023\/11\/img-1-1.png 890w, https:\/\/earplugz.com\/wp-content\/uploads\/2023\/11\/img-1-1-300x118.png 300w, https:\/\/earplugz.com\/wp-content\/uploads\/2023\/11\/img-1-1-768x302.png 768w, https:\/\/earplugz.com\/wp-content\/uploads\/2023\/11\/img-1-1-600x236.png 600w\"\n                                                                      >\n  \n\n\t\t\t\t\t\n\t\t\t\t\t\t<\/div>\n\t<\/div>\n\n\t<\/figure>\n\n<\/div>\n<\/div><\/div><div class=\"bde-columns-732-126 bde-columns\"><div class=\"bde-column-732-127 bde-column\">\n  \n\t\n\n\n\n<div class=\"bde-image-box-732-128 bde-image-box\">\n<div class=\"ee-imagebox-image\">\n        \n  \n  \n  \n  \n      \n      <img loading=\"lazy\" decoding=\"async\"\n      class=\"breakdance-image-object\"\n      src=\"https:\/\/earplugz.com\/wp-content\/uploads\/2023\/11\/02.png\"\n      width=\"72\"\n      height=\"48\"\n      \n      \n                                                                  >\n  \n<\/div>\n<div class=\"ee-imagebox-content\">\n      <h3 class=\"ee-imagebox-title\" >Pratik uygulama<\/h3>\n    \n      <div class=\"ee-imagebox-text\" >Ancak biz teorinin \u00f6tesine ge\u00e7iyoruz. Deneyimli e\u011fitmenlerimiz, hasta haz\u0131rl\u0131\u011f\u0131ndan \u00f6l\u00e7\u00fc d\u00f6k\u00fcm\u00fcne kadar t\u00fcm \u00f6l\u00e7\u00fc alma s\u00fcreci boyunca size rehberlik eder. Uygulamal\u0131 deneyim, \u00f6zg\u00fcveninizi ve becerinizi geli\u015ftirmek i\u00e7in \u00e7ok \u00f6nemlidir.<\/div>\n    \n  <\/div>\n\n<\/div>\n<\/div><div class=\"bde-column-732-129 bde-column\">\n  \n\t\n\n\n\n<div class=\"bde-image-732-130 bde-image\">\n  \n\n\n\n\n\n<figure class=\"breakdance-image breakdance-image--749\">\n\t<div class=\"breakdance-image-container\">\n\t\t<div class=\"breakdance-image-clip\">\n\t\t\t\n\t\t\t\t\n\t\t\t\t\t      \n  \n  \n  \n  \n      \n      <img loading=\"lazy\" decoding=\"async\"\n      class=\"breakdance-image-object\"\n      src=\"https:\/\/earplugz.com\/wp-content\/uploads\/2023\/11\/img-2-1.png\"\n      width=\"890\"\n      height=\"350\"\n      \n      \n                                    srcset=\"https:\/\/earplugz.com\/wp-content\/uploads\/2023\/11\/img-2-1.png 890w, https:\/\/earplugz.com\/wp-content\/uploads\/2023\/11\/img-2-1-300x118.png 300w, https:\/\/earplugz.com\/wp-content\/uploads\/2023\/11\/img-2-1-768x302.png 768w, https:\/\/earplugz.com\/wp-content\/uploads\/2023\/11\/img-2-1-600x236.png 600w\"\n                                                                      >\n  \n\n\t\t\t\t\t\n\t\t\t\t\t\t<\/div>\n\t<\/div>\n\n\t<\/figure>\n\n<\/div>\n<\/div><\/div><div class=\"bde-columns-732-131 bde-columns\"><div class=\"bde-column-732-132 bde-column\">\n  \n\t\n\n\n\n<div class=\"bde-image-box-732-133 bde-image-box\">\n<div class=\"ee-imagebox-image\">\n        \n  \n  \n  \n  \n      \n      <img loading=\"lazy\" decoding=\"async\"\n      class=\"breakdance-image-object\"\n      src=\"https:\/\/earplugz.com\/wp-content\/uploads\/2023\/11\/03.png\"\n      width=\"71\"\n      height=\"49\"\n      \n      \n                                                                  >\n  \n<\/div>\n<div class=\"ee-imagebox-content\">\n      <h3 class=\"ee-imagebox-title\" >\u0130leri teknoloji<\/h3>\n    \n      <div class=\"ee-imagebox-text\" >Odyoloji sekt\u00f6r\u00fcndeki en son teknolojiler ve malzemelerle g\u00fcncel kal\u0131yoruz. \u00d6l\u00e7\u00fclerinizin do\u011frulu\u011funu ve hassasiyetini art\u0131rmak i\u00e7in modern ekipman\u0131 nas\u0131l etkili bir \u015fekilde kullanaca\u011f\u0131n\u0131z\u0131 \u00f6\u011frenin.<\/div>\n    \n  <\/div>\n\n<\/div>\n<\/div><div class=\"bde-column-732-134 bde-column\">\n  \n\t\n\n\n\n<div class=\"bde-image-732-135 bde-image\">\n  \n\n\n\n\n\n<figure class=\"breakdance-image breakdance-image--750\">\n\t<div class=\"breakdance-image-container\">\n\t\t<div class=\"breakdance-image-clip\">\n\t\t\t\n\t\t\t\t\n\t\t\t\t\t      \n  \n  \n  \n  \n      \n      <img loading=\"lazy\" decoding=\"async\"\n      class=\"breakdance-image-object\"\n      src=\"https:\/\/earplugz.com\/wp-content\/uploads\/2023\/11\/img-3-1.png\"\n      width=\"890\"\n      height=\"350\"\n      \n      \n                                    srcset=\"https:\/\/earplugz.com\/wp-content\/uploads\/2023\/11\/img-3-1.png 890w, https:\/\/earplugz.com\/wp-content\/uploads\/2023\/11\/img-3-1-300x118.png 300w, https:\/\/earplugz.com\/wp-content\/uploads\/2023\/11\/img-3-1-768x302.png 768w, https:\/\/earplugz.com\/wp-content\/uploads\/2023\/11\/img-3-1-600x236.png 600w\"\n                                                                      >\n  \n\n\t\t\t\t\t\n\t\t\t\t\t\t<\/div>\n\t<\/div>\n\n\t<\/figure>\n\n<\/div>\n<\/div><\/div><\/div>\n<\/section><section class=\"bde-section-732-136 bde-section\">\n  \n\t\n\n\n\n<div class=\"section-container\"><h1 class=\"bde-heading-732-146 bde-heading\">\nNeden kursumuzu se\u00e7melisiniz?\n<\/h1><div class=\"bde-columns-732-137 bde-columns\"><div class=\"bde-column-732-138 bde-column\">\n  \n\t\n\n\n\n<div class=\"bde-image-box-732-139 bde-image-box\">\n<div class=\"ee-imagebox-image\">\n        \n  \n  \n  \n  \n      \n      <img loading=\"lazy\" decoding=\"async\"\n      class=\"breakdance-image-object\"\n      src=\"https:\/\/earplugz.com\/wp-content\/uploads\/2023\/11\/Group-1.png\"\n      width=\"60\"\n      height=\"60\"\n      \n      \n                                    srcset=\"https:\/\/earplugz.com\/wp-content\/uploads\/2023\/11\/Group-1.png 60w, https:\/\/earplugz.com\/wp-content\/uploads\/2023\/11\/Group-1-50x50.png 50w\"\n                                                                      >\n  \n<\/div>\n<div class=\"ee-imagebox-content\">\n      <h3 class=\"ee-imagebox-title\" >Uzman e\u011fitmenler<\/h3>\n    \n      <div class=\"ee-imagebox-text\" >E\u011fitmenlerimiz odyoloji alan\u0131nda uzun y\u0131llara dayanan deneyime sahiptir ve bilgilerini sizinle payla\u015fmaya isteklidirler.<\/div>\n    \n  <\/div>\n\n<\/div>\n<\/div><div class=\"bde-column-732-148 bde-column\">\n  \n\t\n\n\n\n<div class=\"bde-image-box-732-149 bde-image-box\">\n<div class=\"ee-imagebox-image\">\n        \n  \n  \n  \n  \n      \n      <img loading=\"lazy\" decoding=\"async\"\n      class=\"breakdance-image-object\"\n      src=\"https:\/\/earplugz.com\/wp-content\/uploads\/2023\/11\/icon-3.png\"\n      width=\"60\"\n      height=\"60\"\n      \n      \n                                    srcset=\"https:\/\/earplugz.com\/wp-content\/uploads\/2023\/11\/icon-3.png 60w, https:\/\/earplugz.com\/wp-content\/uploads\/2023\/11\/icon-3-50x50.png 50w\"\n                                                                      >\n  \n<\/div>\n<div class=\"ee-imagebox-content\">\n      <h3 class=\"ee-imagebox-title\" >K\u00fc\u00e7\u00fck gruplar<\/h3>\n    \n      <div class=\"ee-imagebox-text\" >S\u0131n\u0131flar\u0131m\u0131z\u0131 k\u00fc\u00e7\u00fck tutuyoruz, b\u00f6ylece ki\u015fisel ilgi g\u00f6r\u00fcyor ve soru sorabiliyorsunuz.<\/div>\n    \n  <\/div>\n\n<\/div>\n<\/div><div class=\"bde-column-732-151 bde-column\">\n  \n\t\n\n\n\n<div class=\"bde-image-box-732-152 bde-image-box\">\n<div class=\"ee-imagebox-image\">\n        \n  \n  \n  \n  \n      \n      <img loading=\"lazy\" decoding=\"async\"\n      class=\"breakdance-image-object\"\n      src=\"https:\/\/earplugz.com\/wp-content\/uploads\/2023\/11\/icon-1-1.png\"\n      width=\"60\"\n      height=\"60\"\n      \n      \n                                    srcset=\"https:\/\/earplugz.com\/wp-content\/uploads\/2023\/11\/icon-1-1.png 60w, https:\/\/earplugz.com\/wp-content\/uploads\/2023\/11\/icon-1-1-50x50.png 50w\"\n                                                                      >\n  \n<\/div>\n<div class=\"ee-imagebox-content\">\n      <h3 class=\"ee-imagebox-title\" >Sertifikasyon<\/h3>\n    \n      <div class=\"ee-imagebox-text\" >Kursu ba\u015far\u0131yla tamamlad\u0131\u011f\u0131n\u0131zda, otoplastik i\u00e7in \u00f6l\u00e7\u00fc alma konusundaki uzmanl\u0131\u011f\u0131n\u0131z\u0131 onaylayan bir sertifika alacaks\u0131n\u0131z.<\/div>\n    \n  <\/div>\n\n<\/div>\n<\/div><div class=\"bde-column-732-153 bde-column\">\n  \n\t\n\n\n\n<div class=\"bde-image-box-732-154 bde-image-box\">\n<div class=\"ee-imagebox-image\">\n        \n  \n  \n  \n  \n      \n      <img loading=\"lazy\" decoding=\"async\"\n      class=\"breakdance-image-object\"\n      src=\"https:\/\/earplugz.com\/wp-content\/uploads\/2023\/11\/icon-4.png\"\n      width=\"60\"\n      height=\"60\"\n      \n      \n                                    srcset=\"https:\/\/earplugz.com\/wp-content\/uploads\/2023\/11\/icon-4.png 60w, https:\/\/earplugz.com\/wp-content\/uploads\/2023\/11\/icon-4-50x50.png 50w\"\n                                                                      >\n  \n<\/div>\n<div class=\"ee-imagebox-content\">\n      <h3 class=\"ee-imagebox-title\" >A\u011f yetenekleri<\/h3>\n    \n      <div class=\"ee-imagebox-text\" >Kurs s\u0131ras\u0131nda, odyolog arkada\u015flar\u0131n\u0131zla ve alandaki profesyonellerle a\u011f kurma f\u0131rsat\u0131na sahip olacaks\u0131n\u0131z.<\/div>\n    \n  <\/div>\n\n<\/div>\n<\/div><\/div><\/div>\n<\/section><section class=\"bde-section-732-166 bde-section\">\n  \n\t\n\n\n\n<div class=\"section-container\"><h1 class=\"bde-heading-732-160 bde-heading\">\nSekt\u00f6rdeki en iyi bask\u0131larla hastalar\u0131n\u0131z\u0131n i\u015fitme korumas\u0131n\u0131 ve memnuniyetini sa\u011flay\u0131n.\n<\/h1><div class=\"bde-text-732-161 bde-text\">\nOtoplastikler i\u00e7in Bask\u0131 Resim kursuna \u015fimdi kaydolun <br>ve bilgi ve becerilerinizi bir \u00fcst seviyeye ta\u015f\u0131y\u0131n. \n<\/div><div class=\"bde-columns-732-168 bde-columns\"><div class=\"bde-column-732-169 bde-column\">\n  \n\t\n\n\n\n<div class=\"bde-button-732-167 bde-button button-product-cont header-top-button\">\n    \n                                    \n    \n    \n    \n    \n            \n            <button type=\"button\" class=\"button-atom button-atom--custom bde-button__button\"  >\n    \n        <span class=\"button-atom__text\">\u0130leti\u015fime Ge\u00e7in<\/span>\n\n        \n        \n            <\/button>\n    \n\n\n<\/div>\n<\/div><\/div><\/div>\n<\/section><section class=\"bde-section-732-171 bde-section\">\n  \n\t\n\n\n\n<div class=\"section-container\"><div class=\"bde-columns-732-172 bde-columns\"><div class=\"bde-column-732-173 bde-column\">\n  \n\t\n\n\n\n<div class=\"bde-image-732-175 bde-image\">\n  \n\n\n\n\n\n<figure class=\"breakdance-image breakdance-image--764\">\n\t<div class=\"breakdance-image-container\">\n\t\t<div class=\"breakdance-image-clip\">\n\t\t\t\n\t\t\t\t\n\t\t\t\t\t      \n  \n  \n  \n  \n      \n      <img loading=\"lazy\" decoding=\"async\"\n      class=\"breakdance-image-object\"\n      src=\"https:\/\/earplugz.com\/wp-content\/uploads\/2023\/11\/1.png\"\n      width=\"435\"\n      height=\"400\"\n      \n      \n                                    srcset=\"https:\/\/earplugz.com\/wp-content\/uploads\/2023\/11\/1.png 435w, https:\/\/earplugz.com\/wp-content\/uploads\/2023\/11\/1-300x276.png 300w\"\n                                                                      >\n  \n\n\t\t\t\t\t\n\t\t\t\t\t\t<\/div>\n\t<\/div>\n\n\t<\/figure>\n\n<\/div>\n<\/div><div class=\"bde-column-732-176 bde-column\">\n  \n\t\n\n\n\n<div class=\"bde-image-732-177 bde-image\">\n  \n\n\n\n\n\n<figure class=\"breakdance-image breakdance-image--765\">\n\t<div class=\"breakdance-image-container\">\n\t\t<div class=\"breakdance-image-clip\">\n\t\t\t\n\t\t\t\t\n\t\t\t\t\t      \n  \n  \n  \n  \n      \n      <img loading=\"lazy\" decoding=\"async\"\n      class=\"breakdance-image-object\"\n      src=\"https:\/\/earplugz.com\/wp-content\/uploads\/2023\/11\/2.png\"\n      width=\"435\"\n      height=\"400\"\n      \n      \n                                    srcset=\"https:\/\/earplugz.com\/wp-content\/uploads\/2023\/11\/2.png 435w, https:\/\/earplugz.com\/wp-content\/uploads\/2023\/11\/2-300x276.png 300w\"\n                                                                      >\n  \n\n\t\t\t\t\t\n\t\t\t\t\t\t<\/div>\n\t<\/div>\n\n\t<\/figure>\n\n<\/div>\n<\/div><div class=\"bde-column-732-178 bde-column\">\n  \n\t\n\n\n\n<div class=\"bde-image-732-179 bde-image\">\n  \n\n\n\n\n\n<figure class=\"breakdance-image breakdance-image--766\">\n\t<div class=\"breakdance-image-container\">\n\t\t<div class=\"breakdance-image-clip\">\n\t\t\t\n\t\t\t\t\n\t\t\t\t\t      \n  \n  \n  \n  \n      \n      <img loading=\"lazy\" decoding=\"async\"\n      class=\"breakdance-image-object\"\n      src=\"https:\/\/earplugz.com\/wp-content\/uploads\/2023\/11\/3.png\"\n      width=\"435\"\n      height=\"400\"\n      \n      \n                                    srcset=\"https:\/\/earplugz.com\/wp-content\/uploads\/2023\/11\/3.png 435w, https:\/\/earplugz.com\/wp-content\/uploads\/2023\/11\/3-300x276.png 300w\"\n                                                                      >\n  \n\n\t\t\t\t\t\n\t\t\t\t\t\t<\/div>\n\t<\/div>\n\n\t<\/figure>\n\n<\/div>\n<\/div><div class=\"bde-column-732-180 bde-column\">\n  \n\t\n\n\n\n<div class=\"bde-image-732-181 bde-image\">\n  \n\n\n\n\n\n<figure class=\"breakdance-image breakdance-image--767\">\n\t<div class=\"breakdance-image-container\">\n\t\t<div class=\"breakdance-image-clip\">\n\t\t\t\n\t\t\t\t\n\t\t\t\t\t      \n  \n  \n  \n  \n      \n      <img loading=\"lazy\" decoding=\"async\"\n      class=\"breakdance-image-object\"\n      src=\"https:\/\/earplugz.com\/wp-content\/uploads\/2023\/11\/4.png\"\n      width=\"445\"\n      height=\"400\"\n      \n      \n                                    srcset=\"https:\/\/earplugz.com\/wp-content\/uploads\/2023\/11\/4.png 445w, https:\/\/earplugz.com\/wp-content\/uploads\/2023\/11\/4-300x270.png 300w\"\n                                                                      >\n  \n\n\t\t\t\t\t\n\t\t\t\t\t\t<\/div>\n\t<\/div>\n\n\t<\/figure>\n\n<\/div>\n<\/div><\/div><\/div>\n<\/section>","protected":false},"excerpt":{"rendered":"<p>Cursus Afdrukken Maken voor Otoplastieken: Theorie en Praktijk about Ontdek de kunst van afdrukken maken voor otoplastieken met onze uitgebreide en interactieve cursus. Of je nu een ervaren audioloog bent of net begint in het vak, deze cursus biedt waardevolle kennis en praktische vaardigheden om hoogwaardige afdrukken te produceren voor gehoorbeschermingsmiddelen. Wat kun je verwachten? [&hellip;]<\/p>","protected":false},"author":1,"featured_media":0,"parent":717,"menu_order":0,"comment_status":"closed","ping_status":"closed","template":"","meta":{"_breakdance_hide_in_design_set":false,"_breakdance_tags":"","footnotes":""},"class_list":["post-732","page","type-page","status-publish","hentry"],"_links":{"self":[{"href":"https:\/\/earplugz.com\/tr\/wp-json\/wp\/v2\/pages\/732","targetHints":{"allow":["GET"]}}],"collection":[{"href":"https:\/\/earplugz.com\/tr\/wp-json\/wp\/v2\/pages"}],"about":[{"href":"https:\/\/earplugz.com\/tr\/wp-json\/wp\/v2\/types\/page"}],"author":[{"embeddable":true,"href":"https:\/\/earplugz.com\/tr\/wp-json\/wp\/v2\/users\/1"}],"replies":[{"embeddable":true,"href":"https:\/\/earplugz.com\/tr\/wp-json\/wp\/v2\/comments?post=732"}],"version-history":[{"count":19,"href":"https:\/\/earplugz.com\/tr\/wp-json\/wp\/v2\/pages\/732\/revisions"}],"predecessor-version":[{"id":803,"href":"https:\/\/earplugz.com\/tr\/wp-json\/wp\/v2\/pages\/732\/revisions\/803"}],"up":[{"embeddable":true,"href":"https:\/\/earplugz.com\/tr\/wp-json\/wp\/v2\/pages\/717"}],"wp:attachment":[{"href":"https:\/\/earplugz.com\/tr\/wp-json\/wp\/v2\/media?parent=732"}],"curies":[{"name":"wp","href":"https:\/\/api.w.org\/{rel}","templated":true}]}}