{"id":777,"date":"2023-11-14T13:53:19","date_gmt":"2023-11-14T13:53:19","guid":{"rendered":"https:\/\/earplugz.com\/?post_type=product&#038;p=777"},"modified":"2023-11-21T15:24:08","modified_gmt":"2023-11-21T15:24:08","slug":"iso-tunes-ears","status":"publish","type":"product","link":"https:\/\/earplugz.com\/pt\/product\/orelhas-iso-tunes\/","title":{"rendered":"Orelhas Iso Tunes"},"content":{"rendered":"<div style=\"display: flex; flex-wrap: wrap;\">\n<div style=\"flex-basis: 100%; display: flex; justify-content: space-between;\">\n        <span style=\"color: #999999;\">Material:<\/span><br \/>\n        <strong style=\"text-align: right; flex-grow: 1;\">Acr\u00edlico ou silicone<\/strong>\n    <\/div>\n<div style=\"flex-basis: 100%; display: flex; justify-content: space-between;\">\n        <span style=\"color: #999999;\">Auriculares magn\u00e9ticos:<\/span><br \/>\n        <strong style=\"text-align: right; flex-grow: 1;\">Sim<\/strong>\n    <\/div>\n<div style=\"flex-basis: 100%; display: flex; justify-content: space-between;\">\n        <span style=\"color: #999999;\">Microfone com cancelamento de ru\u00eddo:<\/span><br \/>\n        <strong style=\"text-align: right; flex-grow: 1;\">Sim<\/strong>\n    <\/div>\n<div style=\"flex-basis: 100%; display: flex; justify-content: space-between;\">\n        <span style=\"color: #999999;\">Resist\u00eancia ao p\u00f3, ao suor e \u00e0 \u00e1gua:<\/span><br \/>\n        <strong style=\"text-align: right; flex-grow: 1;\">Sim<\/strong>\n    <\/div>\n<div style=\"flex-basis: 100%; display: flex; justify-content: space-between;\">\n        <span style=\"color: #999999;\">Tempo de vida:<\/span><br \/>\n        <strong style=\"text-align: right; flex-grow: 1;\">Aprox. 4-5 anos<\/strong>\n    <\/div>\n<div style=\"flex-basis: 100%; display: flex; justify-content: space-between;\">\n        <span style=\"color: #999999;\">Reprodu\u00e7\u00e3o sem fios:<\/span><br \/>\n        <strong style=\"text-align: right; flex-grow: 1;\">11 horas<\/strong>\n    <\/div>\n<div style=\"flex-basis: 100%; display: flex; justify-content: space-between;\">\n        <span style=\"color: #999999;\">Produ\u00e7\u00e3o de volume limitado:<\/span><br \/>\n        <strong style=\"text-align: right; flex-grow: 1;\">at\u00e9 79 dBA<\/strong>\n    <\/div>\n<div style=\"flex-basis: 100%; display: flex; justify-content: space-between;\">\n        <span style=\"color: #999999;\">N\u00famero de cores:<\/span><br \/>\n        <strong style=\"text-align: right; flex-grow: 1;\">10<\/strong>\n    <\/div>\n<\/div>","protected":false},"excerpt":{"rendered":"<ul>\n<li>Bluetooth\u00ae 5.0<\/li>\n<li>Microfone com isolamento de ru\u00eddo para conversas claras em ambientes ruidosos<\/li>\n<li>SafeMax\u2122 - qualidade de \u00e1udio excecional, limitando o volume a 79 dBA<\/li>\n<li>11 horas de reprodu\u00e7\u00e3o sem fios com uma bateria cheia<\/li>\n<li>Liga\u00e7\u00e3o sem fios sem problemas<\/li>\n<li>Carregamento atrav\u00e9s de micro USB<\/li>\n<li>Adaptado para um conforto de utiliza\u00e7\u00e3o \u00f3timo<\/li>\n<li>Adequado para utiliza\u00e7\u00e3o di\u00e1ria e a longo prazo<\/li>\n<li>Resist\u00eancia IP67 ao p\u00f3, suor e \u00e1gua<\/li>\n<\/ul>","protected":false},"featured_media":833,"comment_status":"open","ping_status":"closed","template":"","meta":[],"product_cat":[17],"product_tag":[],"class_list":{"0":"post-777","1":"product","2":"type-product","3":"status-publish","4":"has-post-thumbnail","6":"product_cat-zie-specificaties","7":"pa_color-black","8":"pa_color-blue","9":"pa_color-clear","10":"pa_color-green","11":"pa_color-orange","12":"pa_color-pink","13":"pa_color-purple","14":"pa_color-red","15":"pa_color-white","16":"pa_color-yellow","18":"first","19":"instock","20":"shipping-taxable","21":"product-type-simple"},"_links":{"self":[{"href":"https:\/\/earplugz.com\/pt\/wp-json\/wp\/v2\/product\/777","targetHints":{"allow":["GET"]}}],"collection":[{"href":"https:\/\/earplugz.com\/pt\/wp-json\/wp\/v2\/product"}],"about":[{"href":"https:\/\/earplugz.com\/pt\/wp-json\/wp\/v2\/types\/product"}],"replies":[{"embeddable":true,"href":"https:\/\/earplugz.com\/pt\/wp-json\/wp\/v2\/comments?post=777"}],"wp:featuredmedia":[{"embeddable":true,"href":"https:\/\/earplugz.com\/pt\/wp-json\/wp\/v2\/media\/833"}],"wp:attachment":[{"href":"https:\/\/earplugz.com\/pt\/wp-json\/wp\/v2\/media?parent=777"}],"wp:term":[{"taxonomy":"product_cat","embeddable":true,"href":"https:\/\/earplugz.com\/pt\/wp-json\/wp\/v2\/product_cat?post=777"},{"taxonomy":"product_tag","embeddable":true,"href":"https:\/\/earplugz.com\/pt\/wp-json\/wp\/v2\/product_tag?post=777"}],"curies":[{"name":"wp","href":"https:\/\/api.w.org\/{rel}","templated":true}]}}