{"id":573,"date":"2023-11-10T07:02:05","date_gmt":"2023-11-10T07:02:05","guid":{"rendered":"https:\/\/earplugz.com\/?post_type=product&#038;p=573"},"modified":"2023-11-21T15:26:08","modified_gmt":"2023-11-21T15:26:08","slug":"dry-music","status":"publish","type":"product","link":"https:\/\/earplugz.com\/pt\/product\/musica-seca\/","title":{"rendered":"M\u00fasica seca"},"content":{"rendered":"<div style=\"display: flex; flex-wrap: wrap;\">\n<div style=\"flex-basis: 100%; display: flex; justify-content: space-between;\">\n        <span style=\"color: #999999;\">Material:<\/span><br \/>\n        <strong style=\"text-align: right; flex-grow: 1;\">Silicone flutuante e n\u00e3o flutuante<\/strong>\n    <\/div>\n<div style=\"flex-basis: 100%; display: flex; justify-content: space-between;\">\n        <span style=\"color: #999999;\">Filtro (amortecimento):<\/span><br \/>\n        <strong style=\"text-align: right; flex-grow: 1;\">1 tipo<\/strong>\n    <\/div>\n<div style=\"flex-basis: 100%; display: flex; justify-content: space-between;\">\n        <span style=\"color: #999999;\">Compatibilidade:<\/span><br \/>\n        <strong style=\"text-align: right; flex-grow: 1;\">16 horas de reprodu\u00e7\u00e3o e 8 GB de capacidade de armazenamento<\/strong>\n    <\/div>\n<div style=\"flex-basis: 100%; display: flex; justify-content: space-between;\">\n        <span style=\"color: #999999;\">\u00c0 prova de \u00e1gua:<\/span><br \/>\n        <strong style=\"text-align: right; flex-grow: 1;\">At\u00e9 2,5 metros 100% \u00e0 prova de \u00e1gua<\/strong>\n    <\/div>\n<div style=\"flex-basis: 100%; display: flex; justify-content: space-between;\">\n        <span style=\"color: #999999;\">Tempo de vida:<\/span><br \/>\n        <strong style=\"text-align: right; flex-grow: 1;\">Aprox. 4-5 anos<\/strong>\n    <\/div>\n<div style=\"flex-basis: 100%; display: flex; justify-content: space-between;\">\n        <span style=\"color: #999999;\">Pega:<\/span><br \/>\n        <strong style=\"text-align: right; flex-grow: 1;\">I-Grip<\/strong>\n    <\/div>\n<div style=\"flex-basis: 100%; display: flex; justify-content: space-between;\">\n        <span style=\"color: #999999;\">Cord\u00e3o com clipe:<\/span><br \/>\n        <strong style=\"text-align: right; flex-grow: 1;\">N\u00e3o<\/strong>\n    <\/div>\n<div style=\"flex-basis: 100%; display: flex; justify-content: space-between;\">\n        <span style=\"color: #999999;\">N\u00famero de cores:<\/span><br \/>\n        <strong style=\"text-align: right; flex-grow: 1;\">10<\/strong>\n    <\/div>\n<\/div>","protected":false},"excerpt":{"rendered":"<ul>\n<li>Material flutuante \u00fanico e super macio<\/li>\n<li>Leitor MP3 de 8 GB \u00e0 prova de \u00e1gua inclu\u00eddo<\/li>\n<li>Adequado para utiliza\u00e7\u00e3o di\u00e1ria e a longo prazo<\/li>\n<li>Revestimento anti-al\u00e9rgico<\/li>\n<li>Ajuste ideal<\/li>\n<li>Dur\u00e1vel (dura mais tempo do que os tamp\u00f5es de ouvido universais ou descart\u00e1veis)<\/li>\n<li><span class=\"a-list-item\">M\u00fasica enquanto nada: o melhor leitor de mp3 \u00e0 prova de \u00e1gua para surfistas ou nadadores de maratona. Super compacto: o design do clipe m\u00e3os-livres facilita a fixa\u00e7\u00e3o do leitor (por exemplo) aos \u00f3culos de prote\u00e7\u00e3o. F\u00e1cil de utilizar.<\/span><\/li>\n<li><span class=\"a-list-item\">\u00d3ptima qualidade de som: Possui tecnologia avan\u00e7ada de cancelamento de ru\u00eddo e oferece melhor qualidade de som do que a maioria dos outros leitores de mp3 \u00e0 prova de \u00e1gua. G<\/span><span class=\"a-list-item\">eiet sem distor\u00e7\u00e3o da sua m\u00fasica favorita enquanto nada, faz surf, corre e outras actividades.<\/span><\/li>\n<li><span class=\"a-list-item\">Elevada compatibilidade: 16 horas de tempo de reprodu\u00e7\u00e3o e uma capacidade de armazenamento de 8 GB, o que \u00e9 suficiente para mais de 2000 m\u00fasicas, compat\u00edvel com a maioria dos formatos de \u00e1udio, por exemplo, MP3, FLAC, WMA, APE (n\u00e3o \u00e9 necess\u00e1rio software de convers\u00e3o).<\/span><\/li>\n<li><span class=\"a-list-item\">100% \u00e0 prova de \u00e1gua - at\u00e9 2,5 metros 100% \u00e0 prova de \u00e1gua. Inclui um conetor est\u00e9reo banhado a ouro que protege contra a corros\u00e3o. Classifica\u00e7\u00e3o de impermeabilidade: IPX8.<\/span><\/li>\n<li><\/li>\n<\/ul>","protected":false},"featured_media":823,"comment_status":"open","ping_status":"closed","template":"","meta":[],"product_cat":[17],"product_tag":[],"class_list":{"0":"post-573","1":"product","2":"type-product","3":"status-publish","4":"has-post-thumbnail","6":"product_cat-zie-specificaties","7":"pa_color-blue","8":"pa_color-red","10":"first","11":"instock","12":"shipping-taxable","13":"product-type-simple"},"_links":{"self":[{"href":"https:\/\/earplugz.com\/pt\/wp-json\/wp\/v2\/product\/573","targetHints":{"allow":["GET"]}}],"collection":[{"href":"https:\/\/earplugz.com\/pt\/wp-json\/wp\/v2\/product"}],"about":[{"href":"https:\/\/earplugz.com\/pt\/wp-json\/wp\/v2\/types\/product"}],"replies":[{"embeddable":true,"href":"https:\/\/earplugz.com\/pt\/wp-json\/wp\/v2\/comments?post=573"}],"wp:featuredmedia":[{"embeddable":true,"href":"https:\/\/earplugz.com\/pt\/wp-json\/wp\/v2\/media\/823"}],"wp:attachment":[{"href":"https:\/\/earplugz.com\/pt\/wp-json\/wp\/v2\/media?parent=573"}],"wp:term":[{"taxonomy":"product_cat","embeddable":true,"href":"https:\/\/earplugz.com\/pt\/wp-json\/wp\/v2\/product_cat?post=573"},{"taxonomy":"product_tag","embeddable":true,"href":"https:\/\/earplugz.com\/pt\/wp-json\/wp\/v2\/product_tag?post=573"}],"curies":[{"name":"wp","href":"https:\/\/api.w.org\/{rel}","templated":true}]}}