{"id":565,"date":"2023-11-10T06:54:12","date_gmt":"2023-11-10T06:54:12","guid":{"rendered":"https:\/\/earplugz.com\/?post_type=product&#038;p=565"},"modified":"2023-11-21T15:34:25","modified_gmt":"2023-11-21T15:34:25","slug":"porto","status":"publish","type":"product","link":"https:\/\/earplugz.com\/pt\/product\/porto\/","title":{"rendered":"Porto"},"content":{"rendered":"<div style=\"display: flex; flex-wrap: wrap;\">\n<div style=\"flex-basis: 100%; display: flex; justify-content: space-between;\">\n        <span style=\"color: #999999;\">Material:<\/span><br \/>\n        <strong style=\"text-align: right; flex-grow: 1;\">Acr\u00edlico ou silicone<\/strong>\n    <\/div>\n<div style=\"flex-basis: 100%; display: flex; justify-content: space-between;\">\n        <span style=\"color: #999999;\">Revestimento anti-al\u00e9rgico:<\/span><br \/>\n        <strong style=\"text-align: right; flex-grow: 1;\">Sim<\/strong>\n    <\/div>\n<div style=\"flex-basis: 100%; display: flex; justify-content: space-between;\">\n        <span style=\"color: #999999;\">Liga\u00e7\u00e3o:<\/span><br \/>\n        <strong style=\"text-align: right; flex-grow: 1;\">Universal<\/strong>\n    <\/div>\n<div style=\"flex-basis: 100%; display: flex; justify-content: space-between;\">\n        <span style=\"color: #999999;\">Tempo de vida:<\/span><br \/>\n        <strong style=\"text-align: right; flex-grow: 1;\">Aprox. 4-5 anos<\/strong>\n    <\/div>\n<div style=\"flex-basis: 100%; display: flex; justify-content: space-between;\">\n        <span style=\"color: #999999;\">Pega:<\/span><br \/>\n        <strong style=\"text-align: right; flex-grow: 1;\">Opcional<\/strong>\n    <\/div>\n<div style=\"flex-basis: 100%; display: flex; justify-content: space-between;\">\n        <span style=\"color: #999999;\">Cord\u00e3o com clipe:<\/span><br \/>\n        <strong style=\"text-align: right; flex-grow: 1;\">Opcional<\/strong>\n    <\/div>\n<div style=\"flex-basis: 100%; display: flex; justify-content: space-between;\">\n        <span style=\"color: #999999;\">N\u00famero de cores:<\/span><br \/>\n        <strong style=\"text-align: right; flex-grow: 1;\">10<\/strong>\n    <\/div>\n<\/div>","protected":false},"excerpt":{"rendered":"<ul>\n<li>Sistema de comunica\u00e7\u00e3o walkie-talkie universal conect\u00e1vel<\/li>\n<li>O ru\u00eddo ambiente mant\u00e9m-se inalterado<\/li>\n<li>Sem acumula\u00e7\u00e3o de calor no ouvido devido \u00e0 forma oca<\/li>\n<li>Adaptado para um conforto de utiliza\u00e7\u00e3o \u00f3timo<\/li>\n<li>Adequado para utiliza\u00e7\u00e3o di\u00e1ria e a longo prazo<\/li>\n<li>Revestimento anti-al\u00e9rgico<\/li>\n<\/ul>","protected":false},"featured_media":784,"comment_status":"open","ping_status":"closed","template":"","meta":[],"product_cat":[17],"product_tag":[],"class_list":{"0":"post-565","1":"product","2":"type-product","3":"status-publish","4":"has-post-thumbnail","6":"product_cat-zie-specificaties","7":"pa_color-black","8":"pa_color-blue","9":"pa_color-clear","10":"pa_color-green","11":"pa_color-orange","12":"pa_color-pink","13":"pa_color-purple","14":"pa_color-red","15":"pa_color-white","16":"pa_color-yellow","18":"first","19":"instock","20":"shipping-taxable","21":"product-type-simple"},"_links":{"self":[{"href":"https:\/\/earplugz.com\/pt\/wp-json\/wp\/v2\/product\/565","targetHints":{"allow":["GET"]}}],"collection":[{"href":"https:\/\/earplugz.com\/pt\/wp-json\/wp\/v2\/product"}],"about":[{"href":"https:\/\/earplugz.com\/pt\/wp-json\/wp\/v2\/types\/product"}],"replies":[{"embeddable":true,"href":"https:\/\/earplugz.com\/pt\/wp-json\/wp\/v2\/comments?post=565"}],"wp:featuredmedia":[{"embeddable":true,"href":"https:\/\/earplugz.com\/pt\/wp-json\/wp\/v2\/media\/784"}],"wp:attachment":[{"href":"https:\/\/earplugz.com\/pt\/wp-json\/wp\/v2\/media?parent=565"}],"wp:term":[{"taxonomy":"product_cat","embeddable":true,"href":"https:\/\/earplugz.com\/pt\/wp-json\/wp\/v2\/product_cat?post=565"},{"taxonomy":"product_tag","embeddable":true,"href":"https:\/\/earplugz.com\/pt\/wp-json\/wp\/v2\/product_tag?post=565"}],"curies":[{"name":"wp","href":"https:\/\/api.w.org\/{rel}","templated":true}]}}