{"id":561,"date":"2023-11-10T06:49:13","date_gmt":"2023-11-10T06:49:13","guid":{"rendered":"https:\/\/earplugz.com\/?post_type=product&#038;p=561"},"modified":"2023-11-21T15:10:00","modified_gmt":"2023-11-21T15:10:00","slug":"dry-ears","status":"publish","type":"product","link":"https:\/\/earplugz.com\/pt\/product\/ouvidos-secos\/","title":{"rendered":"Orelhas secas"},"content":{"rendered":"<div style=\"display: flex; flex-wrap: wrap;\">\n<div style=\"flex-basis: 100%; display: flex; justify-content: space-between; margin-bottom: 5px;\"><span style=\"color: #999999; white-space: nowrap;\">Material:<\/span><br \/>\n<strong style=\"text-align: right; flex-grow: 1;\">Silicone flutuante e n\u00e3o flutuante<\/strong><\/div>\n<div style=\"flex-basis: 100%; display: flex; justify-content: space-between; margin-bottom: 5px;\"><span style=\"color: #999999; white-space: nowrap;\">Filtro (amortecimento):<\/span><br \/>\n<strong style=\"text-align: right; flex-grow: 1;\">Filtro especial com atenua\u00e7\u00e3o de apenas 5 dB<\/strong><\/div>\n<div style=\"flex-basis: 100%; display: flex; justify-content: space-between; margin-bottom: 5px;\"><span style=\"color: #999999; white-space: nowrap;\">Tempo de vida:<\/span><br \/>\n<strong style=\"text-align: right; flex-grow: 1;\">Aproximadamente 3-4 anos<\/strong><\/div>\n<div style=\"flex-basis: 100%; display: flex; justify-content: space-between; margin-bottom: 5px;\"><span style=\"color: #999999; white-space: nowrap;\">Pega:<\/span><br \/>\n<strong style=\"text-align: right; flex-grow: 1;\">Opcional<\/strong><\/div>\n<div style=\"flex-basis: 100%; display: flex; justify-content: space-between; margin-bottom: 5px;\"><span style=\"color: #999999; white-space: nowrap;\">Cord\u00e3o com clipe:<\/span><br \/>\n<strong style=\"text-align: right; flex-grow: 1;\">Opcional<\/strong><\/div>\n<div style=\"flex-basis: 100%; display: flex; justify-content: space-between; margin-bottom: 5px;\"><span style=\"color: #999999; white-space: nowrap;\">Pode ser emparelhado com um altifalante intra-auricular:<\/span><br \/>\n<strong style=\"text-align: right; flex-grow: 1;\">N\u00e3o<\/strong><\/div>\n<div style=\"flex-basis: 100%; display: flex; justify-content: space-between; margin-bottom: 5px;\"><span style=\"color: #999999; white-space: nowrap;\">N\u00famero de cores:<\/span><br \/>\n<strong style=\"text-align: right; flex-grow: 1;\">10<\/strong><\/div>\n<div style=\"flex-basis: 100%; display: flex; justify-content: space-between; margin-bottom: 5px;\"><span style=\"color: #999999; white-space: nowrap;\">Detet\u00e1vel:<\/span><br \/>\n<strong style=\"text-align: right; flex-grow: 1;\">N\u00e3o<\/strong><\/div>\n<\/div>","protected":false},"excerpt":{"rendered":"<ul>\n<li>Material flutuante \u00fanico e super macio<\/li>\n<li>Filtro especial com atenua\u00e7\u00e3o de apenas 5 dB<\/li>\n<li>Adaptado para um conforto de utiliza\u00e7\u00e3o \u00f3timo<\/li>\n<li>Opcional: pegas + cabo e clipe<\/li>\n<li>Adequado para utiliza\u00e7\u00e3o di\u00e1ria e a longo prazo<\/li>\n<li>Revestimento anti-al\u00e9rgico<\/li>\n<\/ul>","protected":false},"featured_media":782,"comment_status":"open","ping_status":"closed","template":"","meta":[],"product_cat":[17],"product_tag":[],"class_list":{"0":"post-561","1":"product","2":"type-product","3":"status-publish","4":"has-post-thumbnail","6":"product_cat-zie-specificaties","7":"pa_color-blue","8":"pa_color-red","10":"first","11":"instock","12":"shipping-taxable","13":"product-type-simple"},"_links":{"self":[{"href":"https:\/\/earplugz.com\/pt\/wp-json\/wp\/v2\/product\/561","targetHints":{"allow":["GET"]}}],"collection":[{"href":"https:\/\/earplugz.com\/pt\/wp-json\/wp\/v2\/product"}],"about":[{"href":"https:\/\/earplugz.com\/pt\/wp-json\/wp\/v2\/types\/product"}],"replies":[{"embeddable":true,"href":"https:\/\/earplugz.com\/pt\/wp-json\/wp\/v2\/comments?post=561"}],"wp:featuredmedia":[{"embeddable":true,"href":"https:\/\/earplugz.com\/pt\/wp-json\/wp\/v2\/media\/782"}],"wp:attachment":[{"href":"https:\/\/earplugz.com\/pt\/wp-json\/wp\/v2\/media?parent=561"}],"wp:term":[{"taxonomy":"product_cat","embeddable":true,"href":"https:\/\/earplugz.com\/pt\/wp-json\/wp\/v2\/product_cat?post=561"},{"taxonomy":"product_tag","embeddable":true,"href":"https:\/\/earplugz.com\/pt\/wp-json\/wp\/v2\/product_tag?post=561"}],"curies":[{"name":"wp","href":"https:\/\/api.w.org\/{rel}","templated":true}]}}