{"id":778,"date":"2023-11-14T13:53:53","date_gmt":"2023-11-14T13:53:53","guid":{"rendered":"https:\/\/earplugz.com\/?post_type=product&#038;p=778"},"modified":"2023-11-21T15:22:41","modified_gmt":"2023-11-21T15:22:41","slug":"in-ear-pro","status":"publish","type":"product","link":"https:\/\/earplugz.com\/pl\/product\/w-uchu-pro\/","title":{"rendered":"In-Ear Pro"},"content":{"rendered":"<div style=\"display: flex; flex-wrap: wrap;\">\n<div style=\"flex-basis: 100%; display: flex; justify-content: space-between;\">\n        <span style=\"color: #999999;\">Materia\u0142:<\/span><br \/>\n        <strong style=\"text-align: right; flex-grow: 1;\">Akryl lub silikon<\/strong>\n    <\/div>\n<div style=\"flex-basis: 100%; display: flex; justify-content: space-between;\">\n        <span style=\"color: #999999;\">System kierowcy:<\/span><br \/>\n        <strong style=\"text-align: right; flex-grow: 1;\">1 do 6<\/strong>\n    <\/div>\n<div style=\"flex-basis: 100%; display: flex; justify-content: space-between;\">\n        <span style=\"color: #999999;\">Sound Nature:<\/span><br \/>\n        <strong style=\"text-align: right; flex-grow: 1;\">ci\u0119\u017cki bas<\/strong>\n    <\/div>\n<div style=\"flex-basis: 100%; display: flex; justify-content: space-between;\">\n        <span style=\"color: #999999;\">D\u0142ugo\u015b\u0107 \u017cycia:<\/span><br \/>\n        <strong style=\"text-align: right; flex-grow: 1;\">Oko\u0142o 4-5 lat<\/strong>\n    <\/div>\n<div style=\"flex-basis: 100%; display: flex; justify-content: space-between;\">\n        <span style=\"color: #999999;\">Maksymalna moc wyj\u015bciowa:<\/span><br \/>\n        <strong style=\"text-align: right; flex-grow: 1;\">128 dB SPL<\/strong>\n    <\/div>\n<div style=\"flex-basis: 100%; display: flex; justify-content: space-between;\">\n        <span style=\"color: #999999;\">Zakres cz\u0119stotliwo\u015bci:<\/span><br \/>\n        <strong style=\"text-align: right; flex-grow: 1;\">10Hz - 38kHz<\/strong>\n    <\/div>\n<div style=\"flex-basis: 100%; display: flex; justify-content: space-between;\">\n        <span style=\"color: #999999;\">Liczba kolor\u00f3w:<\/span><br \/>\n        <strong style=\"text-align: right; flex-grow: 1;\">8<\/strong>\n    <\/div>\n<\/div>","protected":false},"excerpt":{"rendered":"<ul>\n<li>Przetwornik 6-dro\u017cny (mocny bas)<\/li>\n<li>Sygnatura d\u017awi\u0119kowa: mocno basowa<\/li>\n<li>Czu\u0142o\u015b\u0107 przy 1mW: 128dB SPL<\/li>\n<li>Impedancja przy 1 kHz: 31,5 oma<\/li>\n<li>Zakres cz\u0119stotliwo\u015bci: 10 Hz - 38 kHz<\/li>\n<li>Maksymalna moc wyj\u015bciowa: 128 dB SPL<\/li>\n<li>THD przy 94dB SPL: 0.1%<\/li>\n<li>THD przy 100dB SPL: 0.2%<\/li>\n<\/ul>","protected":false},"featured_media":834,"comment_status":"open","ping_status":"closed","template":"","meta":[],"product_cat":[17],"product_tag":[],"class_list":{"0":"post-778","1":"product","2":"type-product","3":"status-publish","4":"has-post-thumbnail","6":"product_cat-zie-specificaties","7":"pa_color-black","8":"pa_color-red","10":"first","11":"instock","12":"shipping-taxable","13":"product-type-simple"},"_links":{"self":[{"href":"https:\/\/earplugz.com\/pl\/wp-json\/wp\/v2\/product\/778","targetHints":{"allow":["GET"]}}],"collection":[{"href":"https:\/\/earplugz.com\/pl\/wp-json\/wp\/v2\/product"}],"about":[{"href":"https:\/\/earplugz.com\/pl\/wp-json\/wp\/v2\/types\/product"}],"replies":[{"embeddable":true,"href":"https:\/\/earplugz.com\/pl\/wp-json\/wp\/v2\/comments?post=778"}],"wp:featuredmedia":[{"embeddable":true,"href":"https:\/\/earplugz.com\/pl\/wp-json\/wp\/v2\/media\/834"}],"wp:attachment":[{"href":"https:\/\/earplugz.com\/pl\/wp-json\/wp\/v2\/media?parent=778"}],"wp:term":[{"taxonomy":"product_cat","embeddable":true,"href":"https:\/\/earplugz.com\/pl\/wp-json\/wp\/v2\/product_cat?post=778"},{"taxonomy":"product_tag","embeddable":true,"href":"https:\/\/earplugz.com\/pl\/wp-json\/wp\/v2\/product_tag?post=778"}],"curies":[{"name":"wp","href":"https:\/\/api.w.org\/{rel}","templated":true}]}}