{"id":776,"date":"2023-11-14T13:52:53","date_gmt":"2023-11-14T13:52:53","guid":{"rendered":"https:\/\/earplugz.com\/?post_type=product&#038;p=776"},"modified":"2023-11-21T15:30:24","modified_gmt":"2023-11-21T15:30:24","slug":"motor-ears","status":"publish","type":"product","link":"https:\/\/earplugz.com\/pl\/product\/uszy-silnika\/","title":{"rendered":"Uszy silnika"},"content":{"rendered":"<div style=\"display: flex; flex-wrap: wrap;\">\n<div style=\"flex-basis: 100%; display: flex; justify-content: space-between;\">\n        <span style=\"color: #999999;\">Materia\u0142:<\/span><br \/>\n        <strong style=\"text-align: right; flex-grow: 1;\">Akryl lub silikon<\/strong>\n    <\/div>\n<div style=\"flex-basis: 100%; display: flex; justify-content: space-between;\">\n        <span style=\"color: #999999;\">Filtr (t\u0142umienie):<\/span><br \/>\n        <strong style=\"text-align: right; flex-grow: 1;\">2 rodzaje<\/strong>\n    <\/div>\n<div style=\"flex-basis: 100%; display: flex; justify-content: space-between;\">\n        <span style=\"color: #999999;\">Jako\u015b\u0107 d\u017awi\u0119ku:<\/span><br \/>\n        <strong style=\"text-align: right; flex-grow: 1;\">Specjalny filtr szkodliwego ha\u0142asu silnika i wiatru<\/strong>\n    <\/div>\n<div style=\"flex-basis: 100%; display: flex; justify-content: space-between;\">\n        <span style=\"color: #999999;\">Pow\u0142oka antyalergiczna:\u00a0<\/span><br \/>\n        <strong style=\"text-align: right; flex-grow: 1;\">Tak<\/strong>\n    <\/div>\n<div style=\"flex-basis: 100%; display: flex; justify-content: space-between;\">\n        <span style=\"color: #999999;\">D\u0142ugo\u015b\u0107 \u017cycia:<\/span><br \/>\n        <strong style=\"text-align: right; flex-grow: 1;\">Oko\u0142o 4-5 lat<\/strong>\n    <\/div>\n<div style=\"flex-basis: 100%; display: flex; justify-content: space-between;\">\n        <span style=\"color: #999999;\">Uchwyt:<\/span><br \/>\n        <strong style=\"text-align: right; flex-grow: 1;\">I-Grip<\/strong>\n    <\/div>\n<div style=\"flex-basis: 100%; display: flex; justify-content: space-between;\">\n        <span style=\"color: #999999;\">Smycz z klipsem:<\/span><br \/>\n        <strong style=\"text-align: right; flex-grow: 1;\">Nie<\/strong>\n    <\/div>\n<div style=\"flex-basis: 100%; display: flex; justify-content: space-between;\">\n        <span style=\"color: #999999;\">Mo\u017cliwo\u015b\u0107 sparowania z g\u0142o\u015bnikiem dousznym:<\/span><br \/>\n        <strong style=\"text-align: right; flex-grow: 1;\">Nie<\/strong>\n    <\/div>\n<div style=\"flex-basis: 100%; display: flex; justify-content: space-between;\">\n        <span style=\"color: #999999;\">Liczba kolor\u00f3w:<\/span><br \/>\n        <strong style=\"text-align: right; flex-grow: 1;\">10<\/strong>\n    <\/div>\n<\/div>","protected":false},"excerpt":{"rendered":"<ul>\n<li>Nie wystaj\u0105 z uszu, dlatego nadaj\u0105 si\u0119 do ciasnych kask\u00f3w<\/li>\n<li>Dopasowane dla optymalnego komfortu noszenia<\/li>\n<li>Nadaje si\u0119 do d\u0142ugotrwa\u0142ego i codziennego u\u017cytku<\/li>\n<li>Mikrofon opcjonalny<\/li>\n<li>Z wbudowanymi g\u0142o\u015bnikami<\/li>\n<li>Pow\u0142oka antyalergiczna<\/li>\n<\/ul>","protected":false},"featured_media":832,"comment_status":"open","ping_status":"closed","template":"","meta":[],"product_cat":[17],"product_tag":[],"class_list":{"0":"post-776","1":"product","2":"type-product","3":"status-publish","4":"has-post-thumbnail","6":"product_cat-zie-specificaties","7":"pa_color-black","8":"pa_color-blue","9":"pa_color-clear","10":"pa_color-green","11":"pa_color-orange","12":"pa_color-pink","13":"pa_color-purple","14":"pa_color-red","15":"pa_color-white","16":"pa_color-yellow","18":"first","19":"instock","20":"shipping-taxable","21":"product-type-simple"},"_links":{"self":[{"href":"https:\/\/earplugz.com\/pl\/wp-json\/wp\/v2\/product\/776","targetHints":{"allow":["GET"]}}],"collection":[{"href":"https:\/\/earplugz.com\/pl\/wp-json\/wp\/v2\/product"}],"about":[{"href":"https:\/\/earplugz.com\/pl\/wp-json\/wp\/v2\/types\/product"}],"replies":[{"embeddable":true,"href":"https:\/\/earplugz.com\/pl\/wp-json\/wp\/v2\/comments?post=776"}],"wp:featuredmedia":[{"embeddable":true,"href":"https:\/\/earplugz.com\/pl\/wp-json\/wp\/v2\/media\/832"}],"wp:attachment":[{"href":"https:\/\/earplugz.com\/pl\/wp-json\/wp\/v2\/media?parent=776"}],"wp:term":[{"taxonomy":"product_cat","embeddable":true,"href":"https:\/\/earplugz.com\/pl\/wp-json\/wp\/v2\/product_cat?post=776"},{"taxonomy":"product_tag","embeddable":true,"href":"https:\/\/earplugz.com\/pl\/wp-json\/wp\/v2\/product_tag?post=776"}],"curies":[{"name":"wp","href":"https:\/\/api.w.org\/{rel}","templated":true}]}}