{"id":770,"date":"2023-11-14T13:34:21","date_gmt":"2023-11-14T13:34:21","guid":{"rendered":"https:\/\/earplugz.com\/?post_type=product&#038;p=770"},"modified":"2023-11-21T15:31:55","modified_gmt":"2023-11-21T15:31:55","slug":"custom-soft","status":"publish","type":"product","link":"https:\/\/earplugz.com\/pl\/product\/niestandardowy-soft\/","title":{"rendered":"Custom Soft"},"content":{"rendered":"<div style=\"display: flex; flex-wrap: wrap;\">\n<div style=\"flex-basis: 100%; display: flex; justify-content: space-between;\">\n        <span style=\"color: #999999;\">Materia\u0142:<\/span><br \/>\n        <strong style=\"text-align: right; flex-grow: 1;\">Silikon<\/strong>\n    <\/div>\n<div style=\"flex-basis: 100%; display: flex; justify-content: space-between;\">\n        <span style=\"color: #999999;\">Filtr (t\u0142umienie):<\/span><br \/>\n        <strong style=\"text-align: right; flex-grow: 1;\">4 rodzaje<\/strong>\n    <\/div>\n<div style=\"flex-basis: 100%; display: flex; justify-content: space-between;\">\n        <span style=\"color: #999999;\">Pow\u0142oka antyalergiczna:<\/span><br \/>\n        <strong style=\"text-align: right; flex-grow: 1;\">Tak<\/strong>\n    <\/div>\n<div style=\"flex-basis: 100%; display: flex; justify-content: space-between;\">\n        <span style=\"color: #999999;\">D\u0142ugo\u015b\u0107 \u017cycia:<\/span><br \/>\n        <strong style=\"text-align: right; flex-grow: 1;\">Oko\u0142o 3-4 lat<\/strong>\n    <\/div>\n<div style=\"flex-basis: 100%; display: flex; justify-content: space-between;\">\n        <span style=\"color: #999999;\">Uchwyt:<\/span><br \/>\n        <strong style=\"text-align: right; flex-grow: 1;\">Opcjonalnie<\/strong>\n    <\/div>\n<div style=\"flex-basis: 100%; display: flex; justify-content: space-between;\">\n        <span style=\"color: #999999;\">Smycz z klipsem:<\/span><br \/>\n        <strong style=\"text-align: right; flex-grow: 1;\">Opcjonalnie<\/strong>\n    <\/div>\n<div style=\"flex-basis: 100%; display: flex; justify-content: space-between;\">\n        <span style=\"color: #999999;\">Pasek \u0142\u0105cz\u0105cy z g\u0142o\u015bnikiem dousznym:<\/span><br \/>\n        <strong style=\"text-align: right; flex-grow: 1;\">Nie<\/strong>\n    <\/div>\n<div style=\"flex-basis: 100%; display: flex; justify-content: space-between;\">\n        <span style=\"color: #999999;\">Liczba kolor\u00f3w:<\/span><br \/>\n        <strong style=\"text-align: right; flex-grow: 1;\">10<\/strong>\n    <\/div>\n<div style=\"flex-basis: 100%; display: flex; justify-content: space-between;\">\n        <span style=\"color: #999999;\">Wykrywalny:<\/span><br \/>\n        <strong style=\"text-align: right; flex-grow: 1;\">Opcjonalnie<\/strong>\n    <\/div>\n<\/div>","protected":false},"excerpt":{"rendered":"<p>Materia\u0142: Silikon Filtr (amortyzacja): 4 rodzaje Pow\u0142oka antyalergiczna: Tak \u017bywotno\u015b\u0107: Ok. 3-4 lata Uchwyt: Opcjonalny Przew\u00f3d z klipsem: Opcjonalny Pasek \u0142\u0105cz\u0105cy z g\u0142o\u015bnikiem dousznym: Nie Liczba kolor\u00f3w: 10 Wykrywalny: Opcjonalnie<\/p>","protected":false},"featured_media":971,"comment_status":"open","ping_status":"closed","template":"","meta":[],"product_cat":[17],"product_tag":[],"class_list":{"0":"post-770","1":"product","2":"type-product","3":"status-publish","4":"has-post-thumbnail","6":"product_cat-zie-specificaties","7":"pa_color-black","8":"pa_color-blue","9":"pa_color-clear","10":"pa_color-green","11":"pa_color-orange","12":"pa_color-pink","13":"pa_color-purple","14":"pa_color-red","15":"pa_color-white","16":"pa_color-yellow","18":"first","19":"instock","20":"shipping-taxable","21":"product-type-simple"},"_links":{"self":[{"href":"https:\/\/earplugz.com\/pl\/wp-json\/wp\/v2\/product\/770","targetHints":{"allow":["GET"]}}],"collection":[{"href":"https:\/\/earplugz.com\/pl\/wp-json\/wp\/v2\/product"}],"about":[{"href":"https:\/\/earplugz.com\/pl\/wp-json\/wp\/v2\/types\/product"}],"replies":[{"embeddable":true,"href":"https:\/\/earplugz.com\/pl\/wp-json\/wp\/v2\/comments?post=770"}],"wp:featuredmedia":[{"embeddable":true,"href":"https:\/\/earplugz.com\/pl\/wp-json\/wp\/v2\/media\/971"}],"wp:attachment":[{"href":"https:\/\/earplugz.com\/pl\/wp-json\/wp\/v2\/media?parent=770"}],"wp:term":[{"taxonomy":"product_cat","embeddable":true,"href":"https:\/\/earplugz.com\/pl\/wp-json\/wp\/v2\/product_cat?post=770"},{"taxonomy":"product_tag","embeddable":true,"href":"https:\/\/earplugz.com\/pl\/wp-json\/wp\/v2\/product_tag?post=770"}],"curies":[{"name":"wp","href":"https:\/\/api.w.org\/{rel}","templated":true}]}}