{"id":759,"date":"2023-11-14T13:12:08","date_gmt":"2023-11-14T13:12:08","guid":{"rendered":"https:\/\/earplugz.com\/?post_type=product&#038;p=759"},"modified":"2023-11-21T15:30:37","modified_gmt":"2023-11-21T15:30:37","slug":"custom-hard","status":"publish","type":"product","link":"https:\/\/earplugz.com\/pl\/product\/niestandardowy-twardy\/","title":{"rendered":"Custom Hard"},"content":{"rendered":"<div style=\"display: flex; flex-wrap: wrap;\">\n<div style=\"flex-basis: 100%; display: flex; justify-content: space-between;\">\n        <span style=\"color: #999999;\">Materia\u0142:<\/span><br \/>\n        <strong style=\"text-align: right; flex-grow: 1;\">Akryl\u00a0<\/strong>\n    <\/div>\n<div style=\"flex-basis: 100%; display: flex; justify-content: space-between;\">\n        <span style=\"color: #999999;\">Filtr (t\u0142umienie):<\/span><br \/>\n        <strong style=\"text-align: right; flex-grow: 1;\">4 rodzaje<\/strong>\n    <\/div>\n<div style=\"flex-basis: 100%; display: flex; justify-content: space-between;\">\n        <span style=\"color: #999999;\">Pow\u0142oka antyalergiczna:<\/span><br \/>\n        <strong style=\"text-align: right; flex-grow: 1;\">Tak<\/strong>\n    <\/div>\n<div style=\"flex-basis: 100%; display: flex; justify-content: space-between;\">\n        <span style=\"color: #999999;\">Odpowiedni do ma\u0142ych kana\u0142\u00f3w s\u0142uchowych:<\/span><br \/>\n        <strong style=\"text-align: right; flex-grow: 1;\">Tak<\/strong>\n    <\/div>\n<div style=\"flex-basis: 100%; display: flex; justify-content: space-between;\">\n        <span style=\"color: #999999;\">D\u0142ugo\u015b\u0107 \u017cycia:<\/span><br \/>\n        <strong style=\"text-align: right; flex-grow: 1;\">Oko\u0142o 4-5 lat<\/strong>\n    <\/div>\n<div style=\"flex-basis: 100%; display: flex; justify-content: space-between;\">\n        <span style=\"color: #999999;\">Uchwyt:<\/span><br \/>\n        <strong style=\"text-align: right; flex-grow: 1;\">Opcjonalnie<\/strong>\n    <\/div>\n<div style=\"flex-basis: 100%; display: flex; justify-content: space-between;\">\n        <span style=\"color: #999999;\">Smycz z klipsem:<\/span><br \/>\n        <strong style=\"text-align: right; flex-grow: 1;\">Opcjonalnie<\/strong>\n    <\/div>\n<div style=\"flex-basis: 100%; display: flex; justify-content: space-between;\">\n        <span style=\"color: #999999;\">Pasek \u0142\u0105cz\u0105cy z g\u0142o\u015bnikiem dousznym:<\/span><br \/>\n        <strong style=\"text-align: right; flex-grow: 1;\">Nie<\/strong>\n    <\/div>\n<div style=\"flex-basis: 100%; display: flex; justify-content: space-between;\">\n        <span style=\"color: #999999;\">Liczba kolor\u00f3w:<\/span><br \/>\n        <strong style=\"text-align: right; flex-grow: 1;\">4<\/strong>\n    <\/div>\n<div style=\"flex-basis: 100%; display: flex; justify-content: space-between;\">\n        <span style=\"color: #999999;\">Wykrywalny:<\/span><br \/>\n        <strong style=\"text-align: right; flex-grow: 1;\">Opcjonalnie<\/strong>\n    <\/div>\n<\/div>","protected":false},"excerpt":{"rendered":"<ul>\n<li>Dopasowane dla optymalnego komfortu noszenia<\/li>\n<li>Nadaje si\u0119 do d\u0142ugotrwa\u0142ego i codziennego u\u017cytku<\/li>\n<li>Pow\u0142oka antyalergiczna<\/li>\n<\/ul>","protected":false},"featured_media":825,"comment_status":"open","ping_status":"closed","template":"","meta":[],"product_cat":[17],"product_tag":[],"class_list":{"0":"post-759","1":"product","2":"type-product","3":"status-publish","4":"has-post-thumbnail","6":"product_cat-zie-specificaties","7":"pa_color-black","8":"pa_color-blue","9":"pa_color-clear","10":"pa_color-red","12":"first","13":"instock","14":"shipping-taxable","15":"product-type-simple"},"_links":{"self":[{"href":"https:\/\/earplugz.com\/pl\/wp-json\/wp\/v2\/product\/759","targetHints":{"allow":["GET"]}}],"collection":[{"href":"https:\/\/earplugz.com\/pl\/wp-json\/wp\/v2\/product"}],"about":[{"href":"https:\/\/earplugz.com\/pl\/wp-json\/wp\/v2\/types\/product"}],"replies":[{"embeddable":true,"href":"https:\/\/earplugz.com\/pl\/wp-json\/wp\/v2\/comments?post=759"}],"wp:featuredmedia":[{"embeddable":true,"href":"https:\/\/earplugz.com\/pl\/wp-json\/wp\/v2\/media\/825"}],"wp:attachment":[{"href":"https:\/\/earplugz.com\/pl\/wp-json\/wp\/v2\/media?parent=759"}],"wp:term":[{"taxonomy":"product_cat","embeddable":true,"href":"https:\/\/earplugz.com\/pl\/wp-json\/wp\/v2\/product_cat?post=759"},{"taxonomy":"product_tag","embeddable":true,"href":"https:\/\/earplugz.com\/pl\/wp-json\/wp\/v2\/product_tag?post=759"}],"curies":[{"name":"wp","href":"https:\/\/api.w.org\/{rel}","templated":true}]}}