{"id":573,"date":"2023-11-10T07:02:05","date_gmt":"2023-11-10T07:02:05","guid":{"rendered":"https:\/\/earplugz.com\/?post_type=product&#038;p=573"},"modified":"2023-11-21T15:26:08","modified_gmt":"2023-11-21T15:26:08","slug":"dry-music","status":"publish","type":"product","link":"https:\/\/earplugz.com\/pl\/product\/sucha-muzyka\/","title":{"rendered":"Sucha muzyka"},"content":{"rendered":"<div style=\"display: flex; flex-wrap: wrap;\">\n<div style=\"flex-basis: 100%; display: flex; justify-content: space-between;\">\n        <span style=\"color: #999999;\">Materia\u0142:<\/span><br \/>\n        <strong style=\"text-align: right; flex-grow: 1;\">Silikon p\u0142ywaj\u0105cy i niep\u0142ywaj\u0105cy<\/strong>\n    <\/div>\n<div style=\"flex-basis: 100%; display: flex; justify-content: space-between;\">\n        <span style=\"color: #999999;\">Filtr (t\u0142umienie):<\/span><br \/>\n        <strong style=\"text-align: right; flex-grow: 1;\">1 rodzaj<\/strong>\n    <\/div>\n<div style=\"flex-basis: 100%; display: flex; justify-content: space-between;\">\n        <span style=\"color: #999999;\">Kompatybilno\u015b\u0107:<\/span><br \/>\n        <strong style=\"text-align: right; flex-grow: 1;\">16 godzin odtwarzania i 8 GB pami\u0119ci masowej<\/strong>\n    <\/div>\n<div style=\"flex-basis: 100%; display: flex; justify-content: space-between;\">\n        <span style=\"color: #999999;\">Wodoodporno\u015b\u0107:<\/span><br \/>\n        <strong style=\"text-align: right; flex-grow: 1;\">Wodoodporno\u015b\u0107 do 2,5 metra 100%<\/strong>\n    <\/div>\n<div style=\"flex-basis: 100%; display: flex; justify-content: space-between;\">\n        <span style=\"color: #999999;\">D\u0142ugo\u015b\u0107 \u017cycia:<\/span><br \/>\n        <strong style=\"text-align: right; flex-grow: 1;\">Oko\u0142o 4-5 lat<\/strong>\n    <\/div>\n<div style=\"flex-basis: 100%; display: flex; justify-content: space-between;\">\n        <span style=\"color: #999999;\">Uchwyt:<\/span><br \/>\n        <strong style=\"text-align: right; flex-grow: 1;\">I-Grip<\/strong>\n    <\/div>\n<div style=\"flex-basis: 100%; display: flex; justify-content: space-between;\">\n        <span style=\"color: #999999;\">Smycz z klipsem:<\/span><br \/>\n        <strong style=\"text-align: right; flex-grow: 1;\">Nie<\/strong>\n    <\/div>\n<div style=\"flex-basis: 100%; display: flex; justify-content: space-between;\">\n        <span style=\"color: #999999;\">Liczba kolor\u00f3w:<\/span><br \/>\n        <strong style=\"text-align: right; flex-grow: 1;\">10<\/strong>\n    <\/div>\n<\/div>","protected":false},"excerpt":{"rendered":"<ul>\n<li>Unikalny super mi\u0119kki materia\u0142 p\u0142ywaj\u0105cy<\/li>\n<li>Wodoodporny odtwarzacz MP3 8 GB w zestawie<\/li>\n<li>Nadaje si\u0119 do d\u0142ugotrwa\u0142ego i codziennego u\u017cytku<\/li>\n<li>Pow\u0142oka antyalergiczna<\/li>\n<li>Optymalne dopasowanie<\/li>\n<li>Trwa\u0142e (dzia\u0142aj\u0105 d\u0142u\u017cej ni\u017c uniwersalne lub jednorazowe zatyczki do uszu)<\/li>\n<li><span class=\"a-list-item\">Muzyka podczas p\u0142ywania: najlepszy wodoodporny odtwarzacz mp3 dla surfer\u00f3w lub p\u0142ywak\u00f3w marato\u0144skich. Super kompaktowy: konstrukcja klipsa bez u\u017cycia r\u0105k u\u0142atwia przymocowanie odtwarzacza do (na przyk\u0142ad) gogli. \u0141atwy w obs\u0142udze.<\/span><\/li>\n<li><span class=\"a-list-item\">Doskona\u0142a jako\u015b\u0107 d\u017awi\u0119ku: Zaawansowana technologia redukcji szum\u00f3w zapewnia lepsz\u0105 jako\u015b\u0107 d\u017awi\u0119ku ni\u017c wi\u0119kszo\u015b\u0107 innych wodoodpornych odtwarzaczy mp3. G<\/span><span class=\"a-list-item\">i bez zniekszta\u0142ce\u0144 ulubionej muzyki podczas p\u0142ywania, surfowania, biegania i innych aktywno\u015bci.<\/span><\/li>\n<li><span class=\"a-list-item\">Wysoka kompatybilno\u015b\u0107: 16 godzin odtwarzania i pojemno\u015b\u0107 8 GB, co wystarcza na ponad 2000 utwor\u00f3w, kompatybilno\u015b\u0107 z wi\u0119kszo\u015bci\u0105 format\u00f3w audio, np. MP3, FLAC, WMA, APE (nie jest wymagane oprogramowanie do konwersji).<\/span><\/li>\n<li><span class=\"a-list-item\">100% wodoodporny - do 2,5 metra 100% wodoodporny. Zawiera poz\u0142acane gniazdo stereo, kt\u00f3re chroni przed korozj\u0105. Stopie\u0144 wodoodporno\u015bci: IPX8.<\/span><\/li>\n<li><\/li>\n<\/ul>","protected":false},"featured_media":823,"comment_status":"open","ping_status":"closed","template":"","meta":[],"product_cat":[17],"product_tag":[],"class_list":{"0":"post-573","1":"product","2":"type-product","3":"status-publish","4":"has-post-thumbnail","6":"product_cat-zie-specificaties","7":"pa_color-blue","8":"pa_color-red","10":"first","11":"instock","12":"shipping-taxable","13":"product-type-simple"},"_links":{"self":[{"href":"https:\/\/earplugz.com\/pl\/wp-json\/wp\/v2\/product\/573","targetHints":{"allow":["GET"]}}],"collection":[{"href":"https:\/\/earplugz.com\/pl\/wp-json\/wp\/v2\/product"}],"about":[{"href":"https:\/\/earplugz.com\/pl\/wp-json\/wp\/v2\/types\/product"}],"replies":[{"embeddable":true,"href":"https:\/\/earplugz.com\/pl\/wp-json\/wp\/v2\/comments?post=573"}],"wp:featuredmedia":[{"embeddable":true,"href":"https:\/\/earplugz.com\/pl\/wp-json\/wp\/v2\/media\/823"}],"wp:attachment":[{"href":"https:\/\/earplugz.com\/pl\/wp-json\/wp\/v2\/media?parent=573"}],"wp:term":[{"taxonomy":"product_cat","embeddable":true,"href":"https:\/\/earplugz.com\/pl\/wp-json\/wp\/v2\/product_cat?post=573"},{"taxonomy":"product_tag","embeddable":true,"href":"https:\/\/earplugz.com\/pl\/wp-json\/wp\/v2\/product_tag?post=573"}],"curies":[{"name":"wp","href":"https:\/\/api.w.org\/{rel}","templated":true}]}}