{"id":567,"date":"2023-11-10T06:56:46","date_gmt":"2023-11-10T06:56:46","guid":{"rendered":"https:\/\/earplugz.com\/?post_type=product&#038;p=567"},"modified":"2023-11-21T15:15:17","modified_gmt":"2023-11-21T15:15:17","slug":"bluetooth-ears","status":"publish","type":"product","link":"https:\/\/earplugz.com\/pl\/product\/uszy-bluetooth\/","title":{"rendered":"S\u0142uchawki Bluetooth"},"content":{"rendered":"<div style=\"display: flex; flex-wrap: wrap;\">\n<div style=\"flex-basis: 100%; display: flex; justify-content: space-between;\">\n        <span style=\"color: #999999;\">Materia\u0142:<\/span><br \/>\n        <strong style=\"text-align: right; flex-grow: 1;\">Elastyczny silikon<\/strong>\n    <\/div>\n<div style=\"flex-basis: 100%; display: flex; justify-content: space-between;\">\n        <span style=\"color: #999999;\">Zakres cz\u0119stotliwo\u015bci dynamicznych (Hz) :<\/span><br \/>\n        <strong style=\"text-align: right; flex-grow: 1;\">20Hz-20kHz<\/strong>\n    <\/div>\n<div style=\"flex-basis: 100%; display: flex; justify-content: space-between;\">\n        <span style=\"color: #999999;\">Czu\u0142o\u015b\u0107 sterownika przy 1kHz\/1mW (dB):<\/span><br \/>\n        <strong style=\"text-align: right; flex-grow: 1;\">102<\/strong>\n    <\/div>\n<div style=\"flex-basis: 100%; display: flex; justify-content: space-between;\">\n        <span style=\"color: #999999;\">Maksymalny czas odtwarzania (godziny):<\/span><br \/>\n        <strong style=\"text-align: right; flex-grow: 1;\">8<\/strong>\n    <\/div>\n<div style=\"flex-basis: 100%; display: flex; justify-content: space-between;\">\n        <span style=\"color: #999999;\">D\u0142ugo\u015b\u0107 \u017cycia:<\/span><br \/>\n        <strong style=\"text-align: right; flex-grow: 1;\">Oko\u0142o 4-5 lat<\/strong>\n    <\/div>\n<div style=\"flex-basis: 100%; display: flex; justify-content: space-between;\">\n        <span style=\"color: #999999;\">Uchwyt:<\/span><br \/>\n        <strong style=\"text-align: right; flex-grow: 1;\">Opcjonalnie<\/strong>\n    <\/div>\n<div style=\"flex-basis: 100%; display: flex; justify-content: space-between;\">\n        <span style=\"color: #999999;\">Wbudowany mikrofon:<\/span><br \/>\n        <strong style=\"text-align: right; flex-grow: 1;\">Tak<\/strong>\n    <\/div>\n<div style=\"flex-basis: 100%; display: flex; justify-content: space-between;\">\n        <span style=\"color: #999999;\">Liczba kolor\u00f3w:<\/span><br \/>\n        <strong style=\"text-align: right; flex-grow: 1;\">11<\/strong>\n    <\/div>\n<\/div>","protected":false},"excerpt":{"rendered":"<ul>\n<li>Bluetooth\u00ae 4.0<\/li>\n<li>Ponad 6 godzin bezprzewodowego odtwarzania przy pe\u0142nej baterii<\/li>\n<li>Bezproblemowe po\u0142\u0105czenie bezprzewodowe<\/li>\n<li>\u0141adowanie przez micro USB<\/li>\n<li>Dopasowane dla optymalnego komfortu noszenia<\/li>\n<li>Nadaje si\u0119 do d\u0142ugotrwa\u0142ego i codziennego u\u017cytku<\/li>\n<\/ul>","protected":false},"featured_media":821,"comment_status":"open","ping_status":"closed","template":"","meta":[],"product_cat":[17],"product_tag":[],"class_list":{"0":"post-567","1":"product","2":"type-product","3":"status-publish","4":"has-post-thumbnail","6":"product_cat-zie-specificaties","7":"pa_color-black","8":"pa_color-blue","9":"pa_color-clear","10":"pa_color-green","11":"pa_color-orange","12":"pa_color-pink","13":"pa_color-purple","14":"pa_color-red","15":"pa_color-white","16":"pa_color-yellow","18":"first","19":"instock","20":"shipping-taxable","21":"product-type-simple"},"_links":{"self":[{"href":"https:\/\/earplugz.com\/pl\/wp-json\/wp\/v2\/product\/567","targetHints":{"allow":["GET"]}}],"collection":[{"href":"https:\/\/earplugz.com\/pl\/wp-json\/wp\/v2\/product"}],"about":[{"href":"https:\/\/earplugz.com\/pl\/wp-json\/wp\/v2\/types\/product"}],"replies":[{"embeddable":true,"href":"https:\/\/earplugz.com\/pl\/wp-json\/wp\/v2\/comments?post=567"}],"wp:featuredmedia":[{"embeddable":true,"href":"https:\/\/earplugz.com\/pl\/wp-json\/wp\/v2\/media\/821"}],"wp:attachment":[{"href":"https:\/\/earplugz.com\/pl\/wp-json\/wp\/v2\/media?parent=567"}],"wp:term":[{"taxonomy":"product_cat","embeddable":true,"href":"https:\/\/earplugz.com\/pl\/wp-json\/wp\/v2\/product_cat?post=567"},{"taxonomy":"product_tag","embeddable":true,"href":"https:\/\/earplugz.com\/pl\/wp-json\/wp\/v2\/product_tag?post=567"}],"curies":[{"name":"wp","href":"https:\/\/api.w.org\/{rel}","templated":true}]}}