{"id":561,"date":"2023-11-10T06:49:13","date_gmt":"2023-11-10T06:49:13","guid":{"rendered":"https:\/\/earplugz.com\/?post_type=product&#038;p=561"},"modified":"2023-11-21T15:10:00","modified_gmt":"2023-11-21T15:10:00","slug":"dry-ears","status":"publish","type":"product","link":"https:\/\/earplugz.com\/pl\/product\/suche-uszy\/","title":{"rendered":"Suche uszy"},"content":{"rendered":"<div style=\"display: flex; flex-wrap: wrap;\">\n<div style=\"flex-basis: 100%; display: flex; justify-content: space-between; margin-bottom: 5px;\"><span style=\"color: #999999; white-space: nowrap;\">Materia\u0142:<\/span><br \/>\n<strong style=\"text-align: right; flex-grow: 1;\">Silikon p\u0142ywaj\u0105cy i niep\u0142ywaj\u0105cy<\/strong><\/div>\n<div style=\"flex-basis: 100%; display: flex; justify-content: space-between; margin-bottom: 5px;\"><span style=\"color: #999999; white-space: nowrap;\">Filtr (t\u0142umienie):<\/span><br \/>\n<strong style=\"text-align: right; flex-grow: 1;\">Specjalny filtr o t\u0142umieniu zaledwie 5 dB<\/strong><\/div>\n<div style=\"flex-basis: 100%; display: flex; justify-content: space-between; margin-bottom: 5px;\"><span style=\"color: #999999; white-space: nowrap;\">D\u0142ugo\u015b\u0107 \u017cycia:<\/span><br \/>\n<strong style=\"text-align: right; flex-grow: 1;\">Oko\u0142o 3-4 lat<\/strong><\/div>\n<div style=\"flex-basis: 100%; display: flex; justify-content: space-between; margin-bottom: 5px;\"><span style=\"color: #999999; white-space: nowrap;\">Uchwyt:<\/span><br \/>\n<strong style=\"text-align: right; flex-grow: 1;\">Opcjonalnie<\/strong><\/div>\n<div style=\"flex-basis: 100%; display: flex; justify-content: space-between; margin-bottom: 5px;\"><span style=\"color: #999999; white-space: nowrap;\">Smycz z klipsem:<\/span><br \/>\n<strong style=\"text-align: right; flex-grow: 1;\">Opcjonalnie<\/strong><\/div>\n<div style=\"flex-basis: 100%; display: flex; justify-content: space-between; margin-bottom: 5px;\"><span style=\"color: #999999; white-space: nowrap;\">Mo\u017cliwo\u015b\u0107 sparowania z g\u0142o\u015bnikiem dousznym:<\/span><br \/>\n<strong style=\"text-align: right; flex-grow: 1;\">Nie<\/strong><\/div>\n<div style=\"flex-basis: 100%; display: flex; justify-content: space-between; margin-bottom: 5px;\"><span style=\"color: #999999; white-space: nowrap;\">Liczba kolor\u00f3w:<\/span><br \/>\n<strong style=\"text-align: right; flex-grow: 1;\">10<\/strong><\/div>\n<div style=\"flex-basis: 100%; display: flex; justify-content: space-between; margin-bottom: 5px;\"><span style=\"color: #999999; white-space: nowrap;\">Wykrywalny:<\/span><br \/>\n<strong style=\"text-align: right; flex-grow: 1;\">Nie<\/strong><\/div>\n<\/div>","protected":false},"excerpt":{"rendered":"<ul>\n<li>Unikalny super mi\u0119kki materia\u0142 p\u0142ywaj\u0105cy<\/li>\n<li>Specjalny filtr o t\u0142umieniu zaledwie 5 dB<\/li>\n<li>Dopasowane dla optymalnego komfortu noszenia<\/li>\n<li>Opcjonalnie: uchwyty + przew\u00f3d i klips<\/li>\n<li>Nadaje si\u0119 do d\u0142ugotrwa\u0142ego i codziennego u\u017cytku<\/li>\n<li>Pow\u0142oka antyalergiczna<\/li>\n<\/ul>","protected":false},"featured_media":782,"comment_status":"open","ping_status":"closed","template":"","meta":[],"product_cat":[17],"product_tag":[],"class_list":{"0":"post-561","1":"product","2":"type-product","3":"status-publish","4":"has-post-thumbnail","6":"product_cat-zie-specificaties","7":"pa_color-blue","8":"pa_color-red","10":"first","11":"instock","12":"shipping-taxable","13":"product-type-simple"},"_links":{"self":[{"href":"https:\/\/earplugz.com\/pl\/wp-json\/wp\/v2\/product\/561","targetHints":{"allow":["GET"]}}],"collection":[{"href":"https:\/\/earplugz.com\/pl\/wp-json\/wp\/v2\/product"}],"about":[{"href":"https:\/\/earplugz.com\/pl\/wp-json\/wp\/v2\/types\/product"}],"replies":[{"embeddable":true,"href":"https:\/\/earplugz.com\/pl\/wp-json\/wp\/v2\/comments?post=561"}],"wp:featuredmedia":[{"embeddable":true,"href":"https:\/\/earplugz.com\/pl\/wp-json\/wp\/v2\/media\/782"}],"wp:attachment":[{"href":"https:\/\/earplugz.com\/pl\/wp-json\/wp\/v2\/media?parent=561"}],"wp:term":[{"taxonomy":"product_cat","embeddable":true,"href":"https:\/\/earplugz.com\/pl\/wp-json\/wp\/v2\/product_cat?post=561"},{"taxonomy":"product_tag","embeddable":true,"href":"https:\/\/earplugz.com\/pl\/wp-json\/wp\/v2\/product_tag?post=561"}],"curies":[{"name":"wp","href":"https:\/\/api.w.org\/{rel}","templated":true}]}}