{"id":17,"date":"2023-10-12T09:54:25","date_gmt":"2023-10-12T09:54:25","guid":{"rendered":"https:\/\/earplugz.com\/?page_id=17"},"modified":"2026-04-27T07:53:40","modified_gmt":"2026-04-27T07:53:40","slug":"home","status":"publish","type":"page","link":"https:\/\/earplugz.com\/pl\/","title":{"rendered":"Strona g\u0142\u00f3wna"},"content":{"rendered":"<section class=\"bde-section-17-117 bde-section\">\n  \n\t\n\n\n\n<div class=\"section-container\"><div class=\"bde-columns-17-119 bde-columns\"><div class=\"bde-column-17-120 bde-column\">\n  \n\t\n\n\n\n<h1 class=\"bde-heading-17-280 bde-heading\">\nWYKONANE NA ZAM\u00d3WIENIE <br>OCHRONA S\u0141UCHU \n<\/h1><div class=\"bde-text-17-278 bde-text\">\nD\u0105\u017cymy do tego, aby zatyczki do uszu wykonane na zam\u00f3wienie by\u0142y dost\u0119pne dla ka\u017cdego.\n<\/div><div class=\"bde-button-17-279 bde-button button-product-cont top-banner-btn\">\n    \n                                    \n    \n    \n    \n    \n            \n                    \n            \n            \n\n    \n    \n    \n    \n    <a class=\"breakdance-link button-atom button-atom--custom bde-button__button\" href=\"https:\/\/earplugz.com\/pl\/kontakt\/\" target=\"_self\" data-type=\"url\"  >\n\n    \n        <span class=\"button-atom__text\">Skontaktuj si\u0119 z nami<\/span>\n\n        \n        \n                <\/a>\n\n    \n\n\n<\/div>\n<\/div><\/div><\/div>\n<\/section><section class=\"bde-section-17-151 bde-section\">\n  \n\t\n\n\n\n<div class=\"section-container\"><div class=\"bde-columns-17-125 bde-columns\"><div class=\"bde-column-17-126 bde-column\">\n  \n\t\n\n\n\n<h6 class=\"bde-heading-17-127 bde-heading\">\nWizja\n<\/h6><div class=\"bde-text-17-128 bde-text\">\nNASZE ZATYCZKI DO USZU NIE TYLKO ZAPEWNIAJ\u0104 OCHRON\u0118 PRZED USZKODZENIEM S\u0141UCHU, ALE TAK\u017bE GWARANTUJ\u0104 OPTYMALNE DOPASOWANIE.\n<\/div>\n<\/div><\/div><\/div>\n<\/section><section class=\"bde-section-17-298 bde-section\">\n  \n\t\n\n\n\n<div class=\"section-container\"><div class=\"bde-columns-17-299 bde-columns\"><div class=\"bde-column-17-300 bde-column\">\n  \n\t\n\n\n\n<h1 class=\"bde-heading-17-302 bde-heading\">\nActuele productie tijden in werkdagen\n<\/h1>\n<\/div><div class=\"bde-column-17-301 bde-column\">\n  \n\t\n\n\n\n<div class=\"bde-grid-17-303 bde-grid\">\n  \n\t\n\n\n\n<div class=\"bde-div-17-304 bde-div\">\n  \n\t\n\n\n\n<div class=\"bde-columns-17-307 bde-columns\"><div class=\"bde-column-17-308 bde-column\">\n  \n\t\n\n\n\n<div class=\"bde-simple-counter-17-310 bde-simple-counter\">\n<div class=\"bde-simple-counter__wrapper\">\n  <h6 class=\"bde-simple-counter__number\">\n    <span class=\"bde-simple-counter__prefix\"><\/span>\n    <span class=\"bde-simple-counter__digit js-digit\"><\/span>\n    <span class=\"bde-simple-counter__suffix\"><\/span>\n  <\/h6>\n  <\/div>\n\n<\/div>\n<\/div><div class=\"bde-column-17-309 bde-column\">\n  \n\t\n\n\n\n<div class=\"bde-text-17-311 bde-text\">\nZatyczki do uszu na dni produkcji\n<\/div>\n<\/div><\/div>\n<\/div><div class=\"bde-div-17-318 bde-div\">\n  \n\t\n\n\n\n<div class=\"bde-columns-17-319 bde-columns\"><div class=\"bde-column-17-320 bde-column\">\n  \n\t\n\n\n\n<div class=\"bde-simple-counter-17-321 bde-simple-counter\">\n<div class=\"bde-simple-counter__wrapper\">\n  <h6 class=\"bde-simple-counter__number\">\n    <span class=\"bde-simple-counter__prefix\"><\/span>\n    <span class=\"bde-simple-counter__digit js-digit\"><\/span>\n    <span class=\"bde-simple-counter__suffix\"><\/span>\n  <\/h6>\n  <\/div>\n\n<\/div>\n<\/div><div class=\"bde-column-17-322 bde-column\">\n  \n\t\n\n\n\n<div class=\"bde-text-17-323 bde-text\">\nAwaryjne zatyczki do uszu na dni produkcji\n<\/div>\n<\/div><\/div>\n<\/div><div class=\"bde-div-17-312 bde-div\">\n  \n\t\n\n\n\n<div class=\"bde-columns-17-313 bde-columns\"><div class=\"bde-column-17-314 bde-column\">\n  \n\t\n\n\n\n<div class=\"bde-simple-counter-17-315 bde-simple-counter\">\n<div class=\"bde-simple-counter__wrapper\">\n  <h6 class=\"bde-simple-counter__number\">\n    <span class=\"bde-simple-counter__prefix\"><\/span>\n    <span class=\"bde-simple-counter__digit js-digit\"><\/span>\n    <span class=\"bde-simple-counter__suffix\"><\/span>\n  <\/h6>\n  <\/div>\n\n<\/div>\n<\/div><div class=\"bde-column-17-316 bde-column\">\n  \n\t\n\n\n\n<div class=\"bde-text-17-317 bde-text\">\nDni produkcji s\u0142uchawek dousznych\n<\/div>\n<\/div><\/div>\n<\/div>\n<\/div>\n<\/div><\/div><\/div>\n<\/section><section class=\"bde-section-17-130 bde-section value-section\">\n  \n\t\n\n\n\n<div class=\"section-container\"><h1 class=\"bde-heading-17-137 bde-heading\">\nWarto\u015bci\n<\/h1><div class=\"bde-columns-17-131 bde-columns\"><div class=\"bde-column-17-132 bde-column\">\n  \n\t\n\n\n\n<div class=\"bde-image-box-17-144 bde-image-box\">\n<div class=\"ee-imagebox-image\">\n        \n  \n  \n  \n  \n      \n      <img loading=\"lazy\" decoding=\"async\"\n      class=\"breakdance-image-object\"\n      src=\"https:\/\/earplugz.com\/wp-content\/uploads\/2023\/10\/icon-1.jpg\"\n      width=\"60\"\n      height=\"60\"\n      \n      \n                                                                  >\n  \n<\/div>\n<div class=\"ee-imagebox-content\">\n      <h3 class=\"ee-imagebox-title\" >Wy\u0142\u0105czno\u015b\u0107<\/h3>\n    \n      <div class=\"ee-imagebox-text\" >Earplugz specjalizuje si\u0119 w dostarczaniu niestandardowych zatyczek do uszu wy\u0142\u0105cznie sprzedawcom i audiologom. Nie prowadzimy sprzeda\u017cy bezpo\u015brednio do klient\u00f3w ko\u0144cowych, dzi\u0119ki czemu masz wy\u0142\u0105czny dost\u0119p do naszych wysokiej jako\u015bci produkt\u00f3w.<\/div>\n    \n  <\/div>\n\n<\/div>\n<\/div><div class=\"bde-column-17-149 bde-column\">\n  \n\t\n\n\n\n<div class=\"bde-image-box-17-150 bde-image-box\">\n<div class=\"ee-imagebox-image\">\n        \n  \n  \n  \n  \n      \n      <img loading=\"lazy\" decoding=\"async\"\n      class=\"breakdance-image-object\"\n      src=\"https:\/\/earplugz.com\/wp-content\/uploads\/2023\/10\/icon-2.jpg\"\n      width=\"60\"\n      height=\"60\"\n      \n      \n                                                                  >\n  \n<\/div>\n<div class=\"ee-imagebox-content\">\n      <h3 class=\"ee-imagebox-title\" >Komfort<\/h3>\n    \n      <div class=\"ee-imagebox-text\" >Nasze produkty s\u0105 specjalnie dostosowane do kana\u0142u s\u0142uchowego klienta. Pozwala nam to zagwarantowa\u0107 optymalne dopasowanie i maksymalny komfort.<\/div>\n    \n  <\/div>\n\n<\/div>\n<\/div><div class=\"bde-column-17-147 bde-column\">\n  \n\t\n\n\n\n<div class=\"bde-image-box-17-148 bde-image-box\">\n<div class=\"ee-imagebox-image\">\n        \n  \n  \n  \n  \n      \n      <img loading=\"lazy\" decoding=\"async\"\n      class=\"breakdance-image-object\"\n      src=\"https:\/\/earplugz.com\/wp-content\/uploads\/2023\/10\/icon-3.jpg\"\n      width=\"60\"\n      height=\"60\"\n      \n      \n                                                                  >\n  \n<\/div>\n<div class=\"ee-imagebox-content\">\n      <h3 class=\"ee-imagebox-title\" >Personalizacja<\/h3>\n    \n      <div class=\"ee-imagebox-text\" >Nasze zatyczki do uszu s\u0105 dostosowane do unikalnych potrzeb klient\u00f3w. Rozumiemy, \u017ce jeden rozmiar dla wszystkich nie zawsze jest rozwi\u0105zaniem.<\/div>\n    \n  <\/div>\n\n<\/div>\n<\/div><div class=\"bde-column-17-145 bde-column\">\n  \n\t\n\n\n\n<div class=\"bde-image-box-17-146 bde-image-box\">\n<div class=\"ee-imagebox-image\">\n        \n  \n  \n  \n  \n      \n      <img loading=\"lazy\" decoding=\"async\"\n      class=\"breakdance-image-object\"\n      src=\"https:\/\/earplugz.com\/wp-content\/uploads\/2023\/10\/icon.jpg\"\n      width=\"60\"\n      height=\"60\"\n      \n      \n                                                                  >\n  \n<\/div>\n<div class=\"ee-imagebox-content\">\n      <h3 class=\"ee-imagebox-title\" >Wiedza specjalistyczna<\/h3>\n    \n      <div class=\"ee-imagebox-text\" >Mamy ponad 20 lat do\u015bwiadczenia w produkcji i projektowaniu r\u00f3\u017cnego rodzaju zatyczek do uszu. <\/div>\n    \n  <\/div>\n\n<\/div>\n<\/div><\/div><\/div>\n<\/section><section class=\"bde-section-17-155 bde-section\">\n  \n\t\n\n\n\n<div class=\"section-container\"><div class=\"bde-columns-17-156 bde-columns product-section-img\"><div class=\"bde-column-17-157 bde-column\">\n  \n\t\n\n\n\n<h1 class=\"bde-heading-17-169 bde-heading\">\nprodukty\n<\/h1><div class=\"bde-text-17-170 bde-text\">\nEARPLUGZ oferuje szerok\u0105 gam\u0119 zatyczek do uszu wykonanych na zam\u00f3wienie. Mamy produkty przeznaczone do r\u00f3\u017cnych sytuacji, takich jak przemys\u0142 muzyczny, sporty motorowe i miejsce pracy.\n<\/div><div class=\"bde-button-17-171 bde-button button-product-cont\">\n    \n                                    \n    \n    \n    \n    \n            \n                    \n            \n            \n\n    \n    \n    \n    \n    <a class=\"breakdance-link button-atom button-atom--primary bde-button__button\" href=\"https:\/\/earplugz.com\/pl\/oordoppen\/\" target=\"_self\" data-type=\"url\"  >\n\n    \n        <span class=\"button-atom__text\">ZOBACZ WSZYSTKIE PRODUKTY<\/span>\n\n        \n        \n                <\/a>\n\n    \n\n\n<\/div>\n<\/div><div class=\"bde-column-17-158 bde-column\">\n  \n\t\n\n\n\n<div class=\"bde-columns-17-159 bde-columns new-column\"><div class=\"bde-column-17-160 bde-column\">\n  \n\t\n\n\n\n<div class=\"bde-image-17-165 bde-image\">\n  \n\n\n\n\n\n<figure class=\"breakdance-image breakdance-image--1010\">\n\t<div class=\"breakdance-image-container\">\n\t\t<div class=\"breakdance-image-clip\">\n\t\t\t\n\t\t\t\t\n\t\t\t\t\t      \n  \n  \n  \n  \n      \n      <img loading=\"lazy\" decoding=\"async\"\n      class=\"breakdance-image-object\"\n      src=\"https:\/\/earplugz.com\/wp-content\/uploads\/2023\/11\/hard.jpg\"\n      width=\"440\"\n      height=\"400\"\n      \n      \n                                    srcset=\"https:\/\/earplugz.com\/wp-content\/uploads\/2023\/11\/hard.jpg 440w, https:\/\/earplugz.com\/wp-content\/uploads\/2023\/11\/hard-300x273.jpg 300w, https:\/\/earplugz.com\/wp-content\/uploads\/2023\/11\/hard-13x12.jpg 13w\"\n                                                                      >\n  \n\n\t\t\t\t\t\n\t\t\t\t\t\t<\/div>\n\t<\/div>\n\n\t<\/figure>\n\n<\/div>\n<\/div><div class=\"bde-column-17-161 bde-column\">\n  \n\t\n\n\n\n<div class=\"bde-image-17-166 bde-image\">\n  \n\n\n\n\n\n<figure class=\"breakdance-image breakdance-image--1009\">\n\t<div class=\"breakdance-image-container\">\n\t\t<div class=\"breakdance-image-clip\">\n\t\t\t\n\t\t\t\t\n\t\t\t\t\t      \n  \n  \n  \n  \n      \n      <img loading=\"lazy\" decoding=\"async\"\n      class=\"breakdance-image-object\"\n      src=\"https:\/\/earplugz.com\/wp-content\/uploads\/2023\/11\/egle.jpg\"\n      width=\"440\"\n      height=\"400\"\n      \n      \n                                    srcset=\"https:\/\/earplugz.com\/wp-content\/uploads\/2023\/11\/egle.jpg 440w, https:\/\/earplugz.com\/wp-content\/uploads\/2023\/11\/egle-300x273.jpg 300w, https:\/\/earplugz.com\/wp-content\/uploads\/2023\/11\/egle-13x12.jpg 13w\"\n                                                                      >\n  \n\n\t\t\t\t\t\n\t\t\t\t\t\t<\/div>\n\t<\/div>\n\n\t<\/figure>\n\n<\/div>\n<\/div><\/div><div class=\"bde-columns-17-162 bde-columns new-column\"><div class=\"bde-column-17-163 bde-column\">\n  \n\t\n\n\n\n<div class=\"bde-image-17-167 bde-image\">\n  \n\n\n\n\n\n<figure class=\"breakdance-image breakdance-image--1008\">\n\t<div class=\"breakdance-image-container\">\n\t\t<div class=\"breakdance-image-clip\">\n\t\t\t\n\t\t\t\t\n\t\t\t\t\t      \n  \n  \n  \n  \n      \n      <img loading=\"lazy\" decoding=\"async\"\n      class=\"breakdance-image-object\"\n      src=\"https:\/\/earplugz.com\/wp-content\/uploads\/2023\/11\/sleeves-1.jpg\"\n      width=\"440\"\n      height=\"400\"\n      \n      \n                                    srcset=\"https:\/\/earplugz.com\/wp-content\/uploads\/2023\/11\/sleeves-1.jpg 440w, https:\/\/earplugz.com\/wp-content\/uploads\/2023\/11\/sleeves-1-300x273.jpg 300w, https:\/\/earplugz.com\/wp-content\/uploads\/2023\/11\/sleeves-1-13x12.jpg 13w\"\n                                                                      >\n  \n\n\t\t\t\t\t\n\t\t\t\t\t\t<\/div>\n\t<\/div>\n\n\t<\/figure>\n\n<\/div>\n<\/div><div class=\"bde-column-17-164 bde-column\">\n  \n\t\n\n\n\n<div class=\"bde-image-17-168 bde-image\">\n  \n\n\n\n\n\n<figure class=\"breakdance-image breakdance-image--765\">\n\t<div class=\"breakdance-image-container\">\n\t\t<div class=\"breakdance-image-clip\">\n\t\t\t\n\t\t\t\t\n\t\t\t\t\t      \n  \n  \n  \n  \n      \n      <img loading=\"lazy\" decoding=\"async\"\n      class=\"breakdance-image-object\"\n      src=\"https:\/\/earplugz.com\/wp-content\/uploads\/2023\/11\/2.png\"\n      width=\"435\"\n      height=\"400\"\n      \n      \n                                    srcset=\"https:\/\/earplugz.com\/wp-content\/uploads\/2023\/11\/2.png 435w, https:\/\/earplugz.com\/wp-content\/uploads\/2023\/11\/2-300x276.png 300w\"\n                                                                      >\n  \n\n\t\t\t\t\t\n\t\t\t\t\t\t<\/div>\n\t<\/div>\n\n\t<\/figure>\n\n<\/div>\n<\/div><\/div>\n<\/div><\/div><\/div>\n<\/section><section class=\"bde-section-17-172 bde-section\">\n  \n\t\n\n\n\n<div class=\"section-container\"><div class=\"bde-columns-17-173 bde-columns\"><div class=\"bde-column-17-176 bde-column\">\n  \n\t\n\n\n\n<h1 class=\"bde-heading-17-177 bde-heading\">\nWSP\u00d3\u0141PRACA Z AUDIOLOGAMI\n<\/h1><div class=\"bde-text-17-178 bde-text\">\nJako firma \u015bci\u015ble wsp\u00f3\u0142pracujemy z audiologami, aby jak najlepiej zaspokoi\u0107 potrzeby klient\u00f3w.\n<\/div>\n<\/div><\/div><\/div>\n<\/section><section class=\"bde-section-17-202 bde-section\">\n  \n\t\n\n\n\n<div class=\"section-container\"><div class=\"bde-columns-17-203 bde-columns\"><div class=\"bde-column-17-204 bde-column\">\n  \n\t\n\n\n\n<div class=\"bde-text-17-206 bde-text\">\nDOSTAWA DO RESELLER\u00d3W\n<\/div>\n<\/div><div class=\"bde-column-17-205 bde-column\">\n  \n\t\n\n\n\n<div class=\"bde-text-17-207 bde-text\">\nSprzedajemy nasze produkty wy\u0142\u0105cznie audiologom i autoryzowanym sprzedawcom. Nie dostarczamy ich bezpo\u015brednio u\u017cytkownikom ko\u0144cowym. W ten spos\u00f3b piel\u0119gnujemy silne relacje mi\u0119dzy nasz\u0105 mark\u0105 a sprzedawcami.\n<\/div>\n<\/div><\/div><\/div>\n<\/section><section class=\"bde-section-17-235 bde-section\">\n  \n\t\n\n\n\n<div class=\"section-container\"><div class=\"bde-columns-17-239 bde-columns\"><div class=\"bde-column-17-242 bde-column\">\n  \n\t\n\n\n\n\n<\/div><\/div><\/div>\n<\/section><section class=\"bde-section-17-220 bde-section\">\n  \n\t\n\n\n\n<div class=\"section-container\"><div class=\"bde-columns-17-221 bde-columns\"><div class=\"bde-column-17-222 bde-column\">\n  \n\t\n\n\n\n<div class=\"bde-image-17-226 bde-image\">\n  \n\n\n\n\n\n<figure class=\"breakdance-image breakdance-image--171\">\n\t<div class=\"breakdance-image-container\">\n\t\t<div class=\"breakdance-image-clip\">\n\t\t\t\n\t\t\t\t\n\t\t\t\t\t      \n  \n  \n  \n  \n      \n      <img loading=\"lazy\" decoding=\"async\"\n      class=\"breakdance-image-object\"\n      src=\"https:\/\/earplugz.com\/wp-content\/uploads\/2023\/10\/unnamed-file.png\"\n      width=\"9\"\n      height=\"46\"\n      \n      \n                                                                  >\n  \n\n\t\t\t\t\t\n\t\t\t\t\t\t<\/div>\n\t<\/div>\n\n\t<\/figure>\n\n<\/div><h1 class=\"bde-heading-17-224 bde-heading\">\nBRAK WY\u015aWIETLANIA CEN\n<\/h1><div class=\"bde-text-17-225 bde-text\">\nNie podajemy cen na naszej stronie, aby chroni\u0107 naszych cenionych sprzedawc\u00f3w.\n<\/div>\n<\/div><\/div><\/div>\n<\/section>","protected":false},"excerpt":{"rendered":"<p>OP MAAT GEMAAKTE GEHOORBESCHERMING Wij streven naar het voor iedereen toegankelijk maken van op maat gemaakte oordoppen. Kom in contact Vision ONZE OORDOPPEN BIEDEN NIET ALLEEN BESCHERMING TEGEN GEHOORSCHADE, MAAR GARANDEREN OOK EEN OPTIMALE PASVORM. Actuele productie tijden in werkdagen Productie dagen oordoppen Productie dagen oordoppen spoed Productie dagen in-ears Waardes Exclusiviteit Earplugz is gespecialiseerd [&hellip;]<\/p>","protected":false},"author":1,"featured_media":0,"parent":0,"menu_order":0,"comment_status":"closed","ping_status":"closed","template":"","meta":{"_breakdance_hide_in_design_set":false,"_breakdance_tags":"","footnotes":""},"class_list":["post-17","page","type-page","status-publish","hentry"],"_links":{"self":[{"href":"https:\/\/earplugz.com\/pl\/wp-json\/wp\/v2\/pages\/17","targetHints":{"allow":["GET"]}}],"collection":[{"href":"https:\/\/earplugz.com\/pl\/wp-json\/wp\/v2\/pages"}],"about":[{"href":"https:\/\/earplugz.com\/pl\/wp-json\/wp\/v2\/types\/page"}],"author":[{"embeddable":true,"href":"https:\/\/earplugz.com\/pl\/wp-json\/wp\/v2\/users\/1"}],"replies":[{"embeddable":true,"href":"https:\/\/earplugz.com\/pl\/wp-json\/wp\/v2\/comments?post=17"}],"version-history":[{"count":4,"href":"https:\/\/earplugz.com\/pl\/wp-json\/wp\/v2\/pages\/17\/revisions"}],"predecessor-version":[{"id":1648,"href":"https:\/\/earplugz.com\/pl\/wp-json\/wp\/v2\/pages\/17\/revisions\/1648"}],"wp:attachment":[{"href":"https:\/\/earplugz.com\/pl\/wp-json\/wp\/v2\/media?parent=17"}],"curies":[{"name":"wp","href":"https:\/\/api.w.org\/{rel}","templated":true}]}}