{"id":780,"date":"2023-11-14T13:54:37","date_gmt":"2023-11-14T13:54:37","guid":{"rendered":"https:\/\/earplugz.com\/?post_type=product&#038;p=780"},"modified":"2023-11-21T15:21:14","modified_gmt":"2023-11-21T15:21:14","slug":"active-shoot","status":"publish","type":"product","link":"https:\/\/earplugz.com\/lv\/product\/aktiva-fotografesana\/","title":{"rendered":"Akt\u012bva uz\u0146em\u0161ana"},"content":{"rendered":"<div style=\"display: flex; flex-wrap: wrap;\">\n<div style=\"flex-basis: 100%; display: flex; justify-content: space-between;\">\n        <span style=\"color: #999999;\">Materi\u0101ls:<\/span><br \/>\n        <strong style=\"text-align: right; flex-grow: 1;\">Akrila<\/strong>\n    <\/div>\n<div style=\"flex-basis: 100%; display: flex; justify-content: space-between;\">\n        <span style=\"color: #999999;\">Izv\u0113lam\u0101s frekven\u010du joslas:<\/span><br \/>\n        <strong style=\"text-align: right; flex-grow: 1;\">12<\/strong>\n    <\/div>\n<div style=\"flex-basis: 100%; display: flex; justify-content: space-between;\">\n        <span style=\"color: #999999;\">Krit\u0113rija l\u012bmenis:<\/span><br \/>\n        <strong style=\"text-align: right; flex-grow: 1;\">H = 112 dB (A) M = 106 dB (A) L = 103 dB (A)<\/strong>\n    <\/div>\n<div style=\"flex-basis: 100%; display: flex; justify-content: space-between;\">\n        <span style=\"color: #999999;\">Akumulatora darb\u012bbas laiks:<\/span><br \/>\n        <strong style=\"text-align: right; flex-grow: 1;\">aptuveni 60 stundas<\/strong>\n    <\/div>\n<div style=\"flex-basis: 100%; display: flex; justify-content: space-between;\">\n        <span style=\"color: #999999;\">Elektroniskais ierobe\u017eojums:<\/span><br \/>\n        <strong style=\"text-align: right; flex-grow: 1;\">Maz\u0101k nek\u0101 10 milisekundes<\/strong>\n    <\/div>\n<div style=\"flex-basis: 100%; display: flex; justify-content: space-between;\">\n        <span style=\"color: #999999;\">V\u0113ja rad\u012btais troksnis:<\/span><br \/>\n        <strong style=\"text-align: right; flex-grow: 1;\">Minim\u0101lais<\/strong>\n    <\/div>\n<div style=\"flex-basis: 100%; display: flex; justify-content: space-between;\">\n        <span style=\"color: #999999;\">Var piel\u0101got dzirdes zudumam:<\/span><br \/>\n        <strong style=\"text-align: right; flex-grow: 1;\">J\u0101<\/strong>\n    <\/div>\n<div style=\"flex-basis: 100%; display: flex; justify-content: space-between;\">\n        <span style=\"color: #999999;\">Kr\u0101su skaits:<\/span><br \/>\n        <strong style=\"text-align: right; flex-grow: 1;\">2<\/strong>\n    <\/div>\n<\/div>","protected":false},"excerpt":{"rendered":"<ul>\n<li>Nusl\u0101p\u0113 \u0161\u0101vienus, vienlaikus pastiprinot apk\u0101rt\u0113jo troksni.<\/li>\n<li>Akrila (cietais) materi\u0101ls<\/li>\n<li>Piel\u0101gots optim\u0101lam valk\u0101\u0161anas komfortam<\/li>\n<li>Var piel\u0101got dzirdes zudumam<\/li>\n<\/ul>","protected":false},"featured_media":826,"comment_status":"open","ping_status":"closed","template":"","meta":[],"product_cat":[17],"product_tag":[],"class_list":{"0":"post-780","1":"product","2":"type-product","3":"status-publish","4":"has-post-thumbnail","6":"product_cat-zie-specificaties","7":"pa_color-blue","8":"pa_color-red","10":"first","11":"instock","12":"shipping-taxable","13":"product-type-simple"},"_links":{"self":[{"href":"https:\/\/earplugz.com\/lv\/wp-json\/wp\/v2\/product\/780","targetHints":{"allow":["GET"]}}],"collection":[{"href":"https:\/\/earplugz.com\/lv\/wp-json\/wp\/v2\/product"}],"about":[{"href":"https:\/\/earplugz.com\/lv\/wp-json\/wp\/v2\/types\/product"}],"replies":[{"embeddable":true,"href":"https:\/\/earplugz.com\/lv\/wp-json\/wp\/v2\/comments?post=780"}],"wp:featuredmedia":[{"embeddable":true,"href":"https:\/\/earplugz.com\/lv\/wp-json\/wp\/v2\/media\/826"}],"wp:attachment":[{"href":"https:\/\/earplugz.com\/lv\/wp-json\/wp\/v2\/media?parent=780"}],"wp:term":[{"taxonomy":"product_cat","embeddable":true,"href":"https:\/\/earplugz.com\/lv\/wp-json\/wp\/v2\/product_cat?post=780"},{"taxonomy":"product_tag","embeddable":true,"href":"https:\/\/earplugz.com\/lv\/wp-json\/wp\/v2\/product_tag?post=780"}],"curies":[{"name":"wp","href":"https:\/\/api.w.org\/{rel}","templated":true}]}}