{"id":778,"date":"2023-11-14T13:53:53","date_gmt":"2023-11-14T13:53:53","guid":{"rendered":"https:\/\/earplugz.com\/?post_type=product&#038;p=778"},"modified":"2023-11-21T15:22:41","modified_gmt":"2023-11-21T15:22:41","slug":"in-ear-pro","status":"publish","type":"product","link":"https:\/\/earplugz.com\/lv\/product\/ausu-pro\/","title":{"rendered":"In-Ear Pro"},"content":{"rendered":"<div style=\"display: flex; flex-wrap: wrap;\">\n<div style=\"flex-basis: 100%; display: flex; justify-content: space-between;\">\n        <span style=\"color: #999999;\">Materi\u0101ls:<\/span><br \/>\n        <strong style=\"text-align: right; flex-grow: 1;\">Akrils vai silikons<\/strong>\n    <\/div>\n<div style=\"flex-basis: 100%; display: flex; justify-content: space-between;\">\n        <span style=\"color: #999999;\">Vad\u012bt\u0101ja sist\u0113ma:<\/span><br \/>\n        <strong style=\"text-align: right; flex-grow: 1;\">1 l\u012bdz 6<\/strong>\n    <\/div>\n<div style=\"flex-basis: 100%; display: flex; justify-content: space-between;\">\n        <span style=\"color: #999999;\">Ska\u0146as daba:<\/span><br \/>\n        <strong style=\"text-align: right; flex-grow: 1;\">smags bass<\/strong>\n    <\/div>\n<div style=\"flex-basis: 100%; display: flex; justify-content: space-between;\">\n        <span style=\"color: #999999;\">Dz\u012bves ilgums:<\/span><br \/>\n        <strong style=\"text-align: right; flex-grow: 1;\">Aptuveni 4-5 gadi<\/strong>\n    <\/div>\n<div style=\"flex-basis: 100%; display: flex; justify-content: space-between;\">\n        <span style=\"color: #999999;\">Maksim\u0101l\u0101 jauda:<\/span><br \/>\n        <strong style=\"text-align: right; flex-grow: 1;\">128 dB SPL<\/strong>\n    <\/div>\n<div style=\"flex-basis: 100%; display: flex; justify-content: space-between;\">\n        <span style=\"color: #999999;\">Frekven\u010du diapazons:<\/span><br \/>\n        <strong style=\"text-align: right; flex-grow: 1;\">10 Hz - 38 kHz<\/strong>\n    <\/div>\n<div style=\"flex-basis: 100%; display: flex; justify-content: space-between;\">\n        <span style=\"color: #999999;\">Kr\u0101su skaits:<\/span><br \/>\n        <strong style=\"text-align: right; flex-grow: 1;\">8<\/strong>\n    <\/div>\n<\/div>","protected":false},"excerpt":{"rendered":"<ul>\n<li>6-sviru draiveris (ar augstu basa diapazonu)<\/li>\n<li>Ska\u0146as signat\u016bra: sp\u0113c\u012bgs bass<\/li>\n<li>Jut\u012bba pie 1mW: 128dB SPL<\/li>\n<li>Impedance pie 1 kHz: 31,5 omi<\/li>\n<li>Frekven\u010du diapazons: 10 Hz - 38 kHz<\/li>\n<li>Maksim\u0101l\u0101 jauda: 128 dB SPL<\/li>\n<li>THD pie 94 dB SPL: 0,1%<\/li>\n<li>THD pie 100 dB SPL: 0,2%<\/li>\n<\/ul>","protected":false},"featured_media":834,"comment_status":"open","ping_status":"closed","template":"","meta":[],"product_cat":[17],"product_tag":[],"class_list":{"0":"post-778","1":"product","2":"type-product","3":"status-publish","4":"has-post-thumbnail","6":"product_cat-zie-specificaties","7":"pa_color-black","8":"pa_color-red","10":"first","11":"instock","12":"shipping-taxable","13":"product-type-simple"},"_links":{"self":[{"href":"https:\/\/earplugz.com\/lv\/wp-json\/wp\/v2\/product\/778","targetHints":{"allow":["GET"]}}],"collection":[{"href":"https:\/\/earplugz.com\/lv\/wp-json\/wp\/v2\/product"}],"about":[{"href":"https:\/\/earplugz.com\/lv\/wp-json\/wp\/v2\/types\/product"}],"replies":[{"embeddable":true,"href":"https:\/\/earplugz.com\/lv\/wp-json\/wp\/v2\/comments?post=778"}],"wp:featuredmedia":[{"embeddable":true,"href":"https:\/\/earplugz.com\/lv\/wp-json\/wp\/v2\/media\/834"}],"wp:attachment":[{"href":"https:\/\/earplugz.com\/lv\/wp-json\/wp\/v2\/media?parent=778"}],"wp:term":[{"taxonomy":"product_cat","embeddable":true,"href":"https:\/\/earplugz.com\/lv\/wp-json\/wp\/v2\/product_cat?post=778"},{"taxonomy":"product_tag","embeddable":true,"href":"https:\/\/earplugz.com\/lv\/wp-json\/wp\/v2\/product_tag?post=778"}],"curies":[{"name":"wp","href":"https:\/\/api.w.org\/{rel}","templated":true}]}}