{"id":776,"date":"2023-11-14T13:52:53","date_gmt":"2023-11-14T13:52:53","guid":{"rendered":"https:\/\/earplugz.com\/?post_type=product&#038;p=776"},"modified":"2023-11-21T15:30:24","modified_gmt":"2023-11-21T15:30:24","slug":"motor-ears","status":"publish","type":"product","link":"https:\/\/earplugz.com\/lv\/product\/motora-ausis\/","title":{"rendered":"Motora ausis"},"content":{"rendered":"<div style=\"display: flex; flex-wrap: wrap;\">\n<div style=\"flex-basis: 100%; display: flex; justify-content: space-between;\">\n        <span style=\"color: #999999;\">Materi\u0101ls:<\/span><br \/>\n        <strong style=\"text-align: right; flex-grow: 1;\">Akrils vai silikons<\/strong>\n    <\/div>\n<div style=\"flex-basis: 100%; display: flex; justify-content: space-between;\">\n        <span style=\"color: #999999;\">Filtrs (sl\u0101p\u0113\u0161ana):<\/span><br \/>\n        <strong style=\"text-align: right; flex-grow: 1;\">2 veidi<\/strong>\n    <\/div>\n<div style=\"flex-basis: 100%; display: flex; justify-content: space-between;\">\n        <span style=\"color: #999999;\">Ska\u0146as kvalit\u0101te:<\/span><br \/>\n        <strong style=\"text-align: right; flex-grow: 1;\">\u012apa\u0161s dzin\u0113ja un v\u0113ja rad\u012bt\u0101 trok\u0161\u0146a filtrs<\/strong>\n    <\/div>\n<div style=\"flex-basis: 100%; display: flex; justify-content: space-between;\">\n        <span style=\"color: #999999;\">Pretaler\u0123isks p\u0101rkl\u0101jums:\u00a0<\/span><br \/>\n        <strong style=\"text-align: right; flex-grow: 1;\">J\u0101<\/strong>\n    <\/div>\n<div style=\"flex-basis: 100%; display: flex; justify-content: space-between;\">\n        <span style=\"color: #999999;\">Dz\u012bves ilgums:<\/span><br \/>\n        <strong style=\"text-align: right; flex-grow: 1;\">Aptuveni 4-5 gadi<\/strong>\n    <\/div>\n<div style=\"flex-basis: 100%; display: flex; justify-content: space-between;\">\n        <span style=\"color: #999999;\">Rokturis:<\/span><br \/>\n        <strong style=\"text-align: right; flex-grow: 1;\">I-Grip<\/strong>\n    <\/div>\n<div style=\"flex-basis: 100%; display: flex; justify-content: space-between;\">\n        <span style=\"color: #999999;\">Kakla lente ar klipsi:<\/span><br \/>\n        <strong style=\"text-align: right; flex-grow: 1;\">N\u0113<\/strong>\n    <\/div>\n<div style=\"flex-basis: 100%; display: flex; justify-content: space-between;\">\n        <span style=\"color: #999999;\">Savienojams ar austi\u0146u ska\u013cruni:<\/span><br \/>\n        <strong style=\"text-align: right; flex-grow: 1;\">N\u0113<\/strong>\n    <\/div>\n<div style=\"flex-basis: 100%; display: flex; justify-content: space-between;\">\n        <span style=\"color: #999999;\">Kr\u0101su skaits:<\/span><br \/>\n        <strong style=\"text-align: right; flex-grow: 1;\">10<\/strong>\n    <\/div>\n<\/div>","protected":false},"excerpt":{"rendered":"<ul>\n<li>Neizvirz\u0101s no aus\u012bm, t\u0101p\u0113c ir piem\u0113rotas cie\u0161i piegu\u013co\u0161\u0101m \u0137iver\u0113m.<\/li>\n<li>Piel\u0101gots optim\u0101lam valk\u0101\u0161anas komfortam<\/li>\n<li>Piem\u0113rots ilgtermi\u0146a un ikdienas lieto\u0161anai<\/li>\n<li>Mikrofons p\u0113c izv\u0113les<\/li>\n<li>Ar ieb\u016bv\u0113tiem ska\u013cru\u0146iem<\/li>\n<li>Pretaler\u0123isks p\u0101rkl\u0101jums<\/li>\n<\/ul>","protected":false},"featured_media":832,"comment_status":"open","ping_status":"closed","template":"","meta":[],"product_cat":[17],"product_tag":[],"class_list":{"0":"post-776","1":"product","2":"type-product","3":"status-publish","4":"has-post-thumbnail","6":"product_cat-zie-specificaties","7":"pa_color-black","8":"pa_color-blue","9":"pa_color-clear","10":"pa_color-green","11":"pa_color-orange","12":"pa_color-pink","13":"pa_color-purple","14":"pa_color-red","15":"pa_color-white","16":"pa_color-yellow","18":"first","19":"instock","20":"shipping-taxable","21":"product-type-simple"},"_links":{"self":[{"href":"https:\/\/earplugz.com\/lv\/wp-json\/wp\/v2\/product\/776","targetHints":{"allow":["GET"]}}],"collection":[{"href":"https:\/\/earplugz.com\/lv\/wp-json\/wp\/v2\/product"}],"about":[{"href":"https:\/\/earplugz.com\/lv\/wp-json\/wp\/v2\/types\/product"}],"replies":[{"embeddable":true,"href":"https:\/\/earplugz.com\/lv\/wp-json\/wp\/v2\/comments?post=776"}],"wp:featuredmedia":[{"embeddable":true,"href":"https:\/\/earplugz.com\/lv\/wp-json\/wp\/v2\/media\/832"}],"wp:attachment":[{"href":"https:\/\/earplugz.com\/lv\/wp-json\/wp\/v2\/media?parent=776"}],"wp:term":[{"taxonomy":"product_cat","embeddable":true,"href":"https:\/\/earplugz.com\/lv\/wp-json\/wp\/v2\/product_cat?post=776"},{"taxonomy":"product_tag","embeddable":true,"href":"https:\/\/earplugz.com\/lv\/wp-json\/wp\/v2\/product_tag?post=776"}],"curies":[{"name":"wp","href":"https:\/\/api.w.org\/{rel}","templated":true}]}}