{"id":773,"date":"2023-11-14T13:51:24","date_gmt":"2023-11-14T13:51:24","guid":{"rendered":"https:\/\/earplugz.com\/?post_type=product&#038;p=773"},"modified":"2023-11-21T15:37:12","modified_gmt":"2023-11-21T15:37:12","slug":"sleep","status":"publish","type":"product","link":"https:\/\/earplugz.com\/lv\/product\/gulet\/","title":{"rendered":"Miega re\u017e\u012bms"},"content":{"rendered":"<div style=\"display: flex; flex-wrap: wrap;\">\n<div style=\"flex-basis: 100%; display: flex; justify-content: space-between;\">\n        <span style=\"color: #999999;\">Materi\u0101ls:<\/span><br \/>\n        <strong style=\"text-align: right; flex-grow: 1;\">M\u012bksts silikons<\/strong>\n    <\/div>\n<div style=\"flex-basis: 100%; display: flex; justify-content: space-between;\">\n        <span style=\"color: #999999;\">Ska\u0146as kvalit\u0101te:<\/span><br \/>\n        <strong style=\"text-align: right; flex-grow: 1;\">Optim\u0101la amortiz\u0101cija<\/strong>\n    <\/div>\n<div style=\"flex-basis: 100%; display: flex; justify-content: space-between;\">\n        <span style=\"color: #999999;\">Piem\u0113rots maziem ausu kan\u0101liem:<\/span><br \/>\n        <strong style=\"text-align: right; flex-grow: 1;\">J\u0101<\/strong>\n    <\/div>\n<div style=\"flex-basis: 100%; display: flex; justify-content: space-between;\">\n        <span style=\"color: #999999;\">Dz\u012bves ilgums:<\/span><br \/>\n        <strong style=\"text-align: right; flex-grow: 1;\">Aptuveni 3-4 gadi<\/strong>\n    <\/div>\n<div style=\"flex-basis: 100%; display: flex; justify-content: space-between;\">\n        <span style=\"color: #999999;\">Rokturis:<\/span><br \/>\n        <strong style=\"text-align: right; flex-grow: 1;\">N\u0113<\/strong>\n    <\/div>\n<div style=\"flex-basis: 100%; display: flex; justify-content: space-between;\">\n        <span style=\"color: #999999;\">Kakla lente ar klipsi:<\/span><br \/>\n        <strong style=\"text-align: right; flex-grow: 1;\">N\u0113<\/strong>\n    <\/div>\n<div style=\"flex-basis: 100%; display: flex; justify-content: space-between;\">\n        <span style=\"color: #999999;\">Savienojams ar austi\u0146u ska\u013cruni:<\/span><br \/>\n        <strong style=\"text-align: right; flex-grow: 1;\">N\u0113<\/strong>\n    <\/div>\n<div style=\"flex-basis: 100%; display: flex; justify-content: space-between;\">\n        <span style=\"color: #999999;\">Kr\u0101su skaits:<\/span><br \/>\n        <strong style=\"text-align: right; flex-grow: 1;\">10<\/strong>\n    <\/div>\n<div style=\"flex-basis: 100%; display: flex; justify-content: space-between;\">\n        <span style=\"color: #999999;\">Nosak\u0101ms:<\/span><br \/>\n        <strong style=\"text-align: right; flex-grow: 1;\">N\u0113<\/strong>\n    <\/div>\n<\/div>","protected":false},"excerpt":{"rendered":"<ul>\n<li>Unik\u0101ls \u012bpa\u0161i m\u012bksts silikona materi\u0101ls<\/li>\n<li>Piel\u0101gots optim\u0101lam valk\u0101\u0161anas komfortam<\/li>\n<li>Piem\u0113rots ilgtermi\u0146a un ikdienas lieto\u0161anai<\/li>\n<li>Pretaler\u0123isks p\u0101rkl\u0101jums<\/li>\n<\/ul>","protected":false},"featured_media":829,"comment_status":"open","ping_status":"closed","template":"","meta":[],"product_cat":[17],"product_tag":[],"class_list":{"0":"post-773","1":"product","2":"type-product","3":"status-publish","4":"has-post-thumbnail","6":"product_cat-zie-specificaties","7":"pa_color-black","8":"pa_color-blue","9":"pa_color-clear","10":"pa_color-green","11":"pa_color-orange","12":"pa_color-pink","13":"pa_color-purple","14":"pa_color-red","15":"pa_color-white","16":"pa_color-yellow","18":"first","19":"instock","20":"shipping-taxable","21":"product-type-simple"},"_links":{"self":[{"href":"https:\/\/earplugz.com\/lv\/wp-json\/wp\/v2\/product\/773","targetHints":{"allow":["GET"]}}],"collection":[{"href":"https:\/\/earplugz.com\/lv\/wp-json\/wp\/v2\/product"}],"about":[{"href":"https:\/\/earplugz.com\/lv\/wp-json\/wp\/v2\/types\/product"}],"replies":[{"embeddable":true,"href":"https:\/\/earplugz.com\/lv\/wp-json\/wp\/v2\/comments?post=773"}],"wp:featuredmedia":[{"embeddable":true,"href":"https:\/\/earplugz.com\/lv\/wp-json\/wp\/v2\/media\/829"}],"wp:attachment":[{"href":"https:\/\/earplugz.com\/lv\/wp-json\/wp\/v2\/media?parent=773"}],"wp:term":[{"taxonomy":"product_cat","embeddable":true,"href":"https:\/\/earplugz.com\/lv\/wp-json\/wp\/v2\/product_cat?post=773"},{"taxonomy":"product_tag","embeddable":true,"href":"https:\/\/earplugz.com\/lv\/wp-json\/wp\/v2\/product_tag?post=773"}],"curies":[{"name":"wp","href":"https:\/\/api.w.org\/{rel}","templated":true}]}}