{"id":770,"date":"2023-11-14T13:34:21","date_gmt":"2023-11-14T13:34:21","guid":{"rendered":"https:\/\/earplugz.com\/?post_type=product&#038;p=770"},"modified":"2023-11-21T15:31:55","modified_gmt":"2023-11-21T15:31:55","slug":"custom-soft","status":"publish","type":"product","link":"https:\/\/earplugz.com\/lv\/product\/pielagotu-miksto\/","title":{"rendered":"Custom Soft"},"content":{"rendered":"<div style=\"display: flex; flex-wrap: wrap;\">\n<div style=\"flex-basis: 100%; display: flex; justify-content: space-between;\">\n        <span style=\"color: #999999;\">Materi\u0101ls:<\/span><br \/>\n        <strong style=\"text-align: right; flex-grow: 1;\">Silikona<\/strong>\n    <\/div>\n<div style=\"flex-basis: 100%; display: flex; justify-content: space-between;\">\n        <span style=\"color: #999999;\">Filtrs (sl\u0101p\u0113\u0161ana):<\/span><br \/>\n        <strong style=\"text-align: right; flex-grow: 1;\">4 veidi<\/strong>\n    <\/div>\n<div style=\"flex-basis: 100%; display: flex; justify-content: space-between;\">\n        <span style=\"color: #999999;\">Pretaler\u0123isks p\u0101rkl\u0101jums:<\/span><br \/>\n        <strong style=\"text-align: right; flex-grow: 1;\">J\u0101<\/strong>\n    <\/div>\n<div style=\"flex-basis: 100%; display: flex; justify-content: space-between;\">\n        <span style=\"color: #999999;\">Dz\u012bves ilgums:<\/span><br \/>\n        <strong style=\"text-align: right; flex-grow: 1;\">Aptuveni 3-4 gadi<\/strong>\n    <\/div>\n<div style=\"flex-basis: 100%; display: flex; justify-content: space-between;\">\n        <span style=\"color: #999999;\">Rokturis:<\/span><br \/>\n        <strong style=\"text-align: right; flex-grow: 1;\">P\u0113c izv\u0113les<\/strong>\n    <\/div>\n<div style=\"flex-basis: 100%; display: flex; justify-content: space-between;\">\n        <span style=\"color: #999999;\">Kakla lente ar klipsi:<\/span><br \/>\n        <strong style=\"text-align: right; flex-grow: 1;\">P\u0113c izv\u0113les<\/strong>\n    <\/div>\n<div style=\"flex-basis: 100%; display: flex; justify-content: space-between;\">\n        <span style=\"color: #999999;\">Savienojuma stienis ar austi\u0146u ska\u013cruni:<\/span><br \/>\n        <strong style=\"text-align: right; flex-grow: 1;\">N\u0113<\/strong>\n    <\/div>\n<div style=\"flex-basis: 100%; display: flex; justify-content: space-between;\">\n        <span style=\"color: #999999;\">Kr\u0101su skaits:<\/span><br \/>\n        <strong style=\"text-align: right; flex-grow: 1;\">10<\/strong>\n    <\/div>\n<div style=\"flex-basis: 100%; display: flex; justify-content: space-between;\">\n        <span style=\"color: #999999;\">Nosak\u0101ms:<\/span><br \/>\n        <strong style=\"text-align: right; flex-grow: 1;\">P\u0113c izv\u0113les<\/strong>\n    <\/div>\n<\/div>","protected":false},"excerpt":{"rendered":"<p>Materi\u0101ls: silikona filtrs (polster\u0113jums): 4 veidi Antialer\u0123isks p\u0101rkl\u0101jums: J\u0101 Kalpo\u0161anas laiks: Aptuveni 3-4 gadi Rokturis: Vads ar klipsi: p\u0113c izv\u0113les: Kr\u0101su skaits: 10 Atpaz\u012bstams: 10 Kr\u0101su skaits: 10 Atpaz\u012bstams: P\u0113c izv\u0113les:<\/p>","protected":false},"featured_media":971,"comment_status":"open","ping_status":"closed","template":"","meta":[],"product_cat":[17],"product_tag":[],"class_list":{"0":"post-770","1":"product","2":"type-product","3":"status-publish","4":"has-post-thumbnail","6":"product_cat-zie-specificaties","7":"pa_color-black","8":"pa_color-blue","9":"pa_color-clear","10":"pa_color-green","11":"pa_color-orange","12":"pa_color-pink","13":"pa_color-purple","14":"pa_color-red","15":"pa_color-white","16":"pa_color-yellow","18":"first","19":"instock","20":"shipping-taxable","21":"product-type-simple"},"_links":{"self":[{"href":"https:\/\/earplugz.com\/lv\/wp-json\/wp\/v2\/product\/770","targetHints":{"allow":["GET"]}}],"collection":[{"href":"https:\/\/earplugz.com\/lv\/wp-json\/wp\/v2\/product"}],"about":[{"href":"https:\/\/earplugz.com\/lv\/wp-json\/wp\/v2\/types\/product"}],"replies":[{"embeddable":true,"href":"https:\/\/earplugz.com\/lv\/wp-json\/wp\/v2\/comments?post=770"}],"wp:featuredmedia":[{"embeddable":true,"href":"https:\/\/earplugz.com\/lv\/wp-json\/wp\/v2\/media\/971"}],"wp:attachment":[{"href":"https:\/\/earplugz.com\/lv\/wp-json\/wp\/v2\/media?parent=770"}],"wp:term":[{"taxonomy":"product_cat","embeddable":true,"href":"https:\/\/earplugz.com\/lv\/wp-json\/wp\/v2\/product_cat?post=770"},{"taxonomy":"product_tag","embeddable":true,"href":"https:\/\/earplugz.com\/lv\/wp-json\/wp\/v2\/product_tag?post=770"}],"curies":[{"name":"wp","href":"https:\/\/api.w.org\/{rel}","templated":true}]}}