{"id":573,"date":"2023-11-10T07:02:05","date_gmt":"2023-11-10T07:02:05","guid":{"rendered":"https:\/\/earplugz.com\/?post_type=product&#038;p=573"},"modified":"2023-11-21T15:26:08","modified_gmt":"2023-11-21T15:26:08","slug":"dry-music","status":"publish","type":"product","link":"https:\/\/earplugz.com\/lv\/product\/sausa-muzika\/","title":{"rendered":"Saus\u0101 m\u016bzika"},"content":{"rendered":"<div style=\"display: flex; flex-wrap: wrap;\">\n<div style=\"flex-basis: 100%; display: flex; justify-content: space-between;\">\n        <span style=\"color: #999999;\">Materi\u0101ls:<\/span><br \/>\n        <strong style=\"text-align: right; flex-grow: 1;\">Peldo\u0161s un nepeldo\u0161s silikons<\/strong>\n    <\/div>\n<div style=\"flex-basis: 100%; display: flex; justify-content: space-between;\">\n        <span style=\"color: #999999;\">Filtrs (sl\u0101p\u0113\u0161ana):<\/span><br \/>\n        <strong style=\"text-align: right; flex-grow: 1;\">1 veids<\/strong>\n    <\/div>\n<div style=\"flex-basis: 100%; display: flex; justify-content: space-between;\">\n        <span style=\"color: #999999;\">Savietojam\u012bba:<\/span><br \/>\n        <strong style=\"text-align: right; flex-grow: 1;\">16 stundu atska\u0146o\u0161anas laiks un 8 GB atmi\u0146as ietilp\u012bba<\/strong>\n    <\/div>\n<div style=\"flex-basis: 100%; display: flex; justify-content: space-between;\">\n        <span style=\"color: #999999;\">\u016adensiztur\u012bgs:<\/span><br \/>\n        <strong style=\"text-align: right; flex-grow: 1;\">L\u012bdz 2,5 metriem 100% \u016bdensiztur\u012bgs<\/strong>\n    <\/div>\n<div style=\"flex-basis: 100%; display: flex; justify-content: space-between;\">\n        <span style=\"color: #999999;\">Dz\u012bves ilgums:<\/span><br \/>\n        <strong style=\"text-align: right; flex-grow: 1;\">Aptuveni 4-5 gadi<\/strong>\n    <\/div>\n<div style=\"flex-basis: 100%; display: flex; justify-content: space-between;\">\n        <span style=\"color: #999999;\">Rokturis:<\/span><br \/>\n        <strong style=\"text-align: right; flex-grow: 1;\">I-Grip<\/strong>\n    <\/div>\n<div style=\"flex-basis: 100%; display: flex; justify-content: space-between;\">\n        <span style=\"color: #999999;\">Kakla lente ar klipsi:<\/span><br \/>\n        <strong style=\"text-align: right; flex-grow: 1;\">N\u0113<\/strong>\n    <\/div>\n<div style=\"flex-basis: 100%; display: flex; justify-content: space-between;\">\n        <span style=\"color: #999999;\">Kr\u0101su skaits:<\/span><br \/>\n        <strong style=\"text-align: right; flex-grow: 1;\">10<\/strong>\n    <\/div>\n<\/div>","protected":false},"excerpt":{"rendered":"<ul>\n<li>Unik\u0101ls \u012bpa\u0161i m\u012bksts peldo\u0161s materi\u0101ls<\/li>\n<li>Iek\u013cauts \u016bdensiztur\u012bgs 8 GB MP3 atska\u0146ot\u0101js<\/li>\n<li>Piem\u0113rots ilgtermi\u0146a un ikdienas lieto\u0161anai<\/li>\n<li>Pretaler\u0123isks p\u0101rkl\u0101jums<\/li>\n<li>Optim\u0101la piem\u0113ro\u0161ana<\/li>\n<li>Iztur\u012bgi (kalpo ilg\u0101k nek\u0101 univers\u0101lie vai vienreizlietojamie ausu aizb\u0101\u017e\u0146i)<\/li>\n<li><span class=\"a-list-item\">M\u016bzika peld\u0113\u0161anas laik\u0101: lab\u0101kais \u016bdensiztur\u012bgais mp3 atska\u0146ot\u0101js s\u0113rfot\u0101jiem vai maratona peld\u0113t\u0101jiem. \u012apa\u0161i kompakts: br\u012bvroku klipa konstrukcija \u013cauj viegli piestiprin\u0101t atska\u0146ot\u0101ju pie (piem\u0113ram,) aizsargbrill\u0113m. Viegli lietojams.<\/span><\/li>\n<li><span class=\"a-list-item\">Lieliska ska\u0146as kvalit\u0101te: apr\u012bkots ar uzlabotu trok\u0161\u0146u sl\u0101p\u0113\u0161anas tehnolo\u0123iju un pied\u0101v\u0101 lab\u0101ku ska\u0146as kvalit\u0101ti nek\u0101 vairums citu \u016bdensiztur\u012bgu mp3 atska\u0146ot\u0101ju. G<\/span><span class=\"a-list-item\">uniet, neizkrop\u013cojot savu iecien\u012bt\u0101ko m\u016bziku peld\u0113\u0161anas, s\u0113rfo\u0161anas, skrie\u0161anas un citu aktivit\u0101\u0161u laik\u0101.<\/span><\/li>\n<li><span class=\"a-list-item\">Augsta savietojam\u012bba: 16 stundu atska\u0146o\u0161anas laiks un 8 GB atmi\u0146as ietilp\u012bba, kas ir piem\u0113rota vair\u0101k nek\u0101 2000 dziesm\u0101m, sader\u012bga ar liel\u0101ko da\u013cu audio form\u0101tu, piem\u0113ram, MP3, FLAC, WMA, APE (nav nepiecie\u0161ama konvert\u0113\u0161anas programmat\u016bra).<\/span><\/li>\n<li><span class=\"a-list-item\">100% \u016bdensiztur\u012bgs - l\u012bdz 2,5 metriem 100% \u016bdensiztur\u012bgs. Ietver apzelt\u012btu stereo ligzdu, kas aizsarg\u0101 pret koroziju. \u016adensiztur\u012bbas kategorija: IPX8.<\/span><\/li>\n<li><\/li>\n<\/ul>","protected":false},"featured_media":823,"comment_status":"open","ping_status":"closed","template":"","meta":[],"product_cat":[17],"product_tag":[],"class_list":{"0":"post-573","1":"product","2":"type-product","3":"status-publish","4":"has-post-thumbnail","6":"product_cat-zie-specificaties","7":"pa_color-blue","8":"pa_color-red","10":"first","11":"instock","12":"shipping-taxable","13":"product-type-simple"},"_links":{"self":[{"href":"https:\/\/earplugz.com\/lv\/wp-json\/wp\/v2\/product\/573","targetHints":{"allow":["GET"]}}],"collection":[{"href":"https:\/\/earplugz.com\/lv\/wp-json\/wp\/v2\/product"}],"about":[{"href":"https:\/\/earplugz.com\/lv\/wp-json\/wp\/v2\/types\/product"}],"replies":[{"embeddable":true,"href":"https:\/\/earplugz.com\/lv\/wp-json\/wp\/v2\/comments?post=573"}],"wp:featuredmedia":[{"embeddable":true,"href":"https:\/\/earplugz.com\/lv\/wp-json\/wp\/v2\/media\/823"}],"wp:attachment":[{"href":"https:\/\/earplugz.com\/lv\/wp-json\/wp\/v2\/media?parent=573"}],"wp:term":[{"taxonomy":"product_cat","embeddable":true,"href":"https:\/\/earplugz.com\/lv\/wp-json\/wp\/v2\/product_cat?post=573"},{"taxonomy":"product_tag","embeddable":true,"href":"https:\/\/earplugz.com\/lv\/wp-json\/wp\/v2\/product_tag?post=573"}],"curies":[{"name":"wp","href":"https:\/\/api.w.org\/{rel}","templated":true}]}}