{"id":1071,"date":"2023-11-21T07:24:57","date_gmt":"2023-11-21T07:24:57","guid":{"rendered":"https:\/\/earplugz.com\/?post_type=product&#038;p=1071"},"modified":"2023-11-21T15:12:17","modified_gmt":"2023-11-21T15:12:17","slug":"bluetooth-motor-ears","status":"publish","type":"product","link":"https:\/\/earplugz.com\/lv\/product\/bluetooth-motora-ausis\/","title":{"rendered":"Bluetooth motora ausis"},"content":{"rendered":"<div style=\"display: flex; flex-wrap: wrap; align-items: center;\">\n<div style=\"flex-basis: 100%; display: flex; justify-content: space-between;\">\n        <span style=\"color: #999999; white-space: nowrap;\">Materi\u0101ls:<\/span><br \/>\n        <strong style=\"text-align: right; flex-grow: 1;\">Elast\u012bgs silikons<\/strong>\n    <\/div>\n<div style=\"flex-basis: 100%; display: flex; justify-content: space-between;\">\n        <span style=\"color: #999999; white-space: nowrap;\">Dinamisko frekven\u010du diapazons (Hz) :<\/span><br \/>\n        <strong style=\"text-align: right; flex-grow: 1;\">20Hz-20kHz<\/strong>\n    <\/div>\n<div style=\"flex-basis: 100%; display: flex; justify-content: space-between;\">\n        <span style=\"color: #999999; white-space: nowrap;\">Draivera jut\u012bba pie 1 kHz\/1mW (dB):<\/span><br \/>\n        <strong style=\"text-align: right; flex-grow: 1;\">102<\/strong>\n    <\/div>\n<div style=\"flex-basis: 100%; display: flex; justify-content: space-between;\">\n        <span style=\"color: #999999; white-space: nowrap;\">Maksim\u0101lais atska\u0146o\u0161anas laiks (stundas):<\/span><br \/>\n        <strong style=\"text-align: right; flex-grow: 1;\">13<\/strong>\n    <\/div>\n<div style=\"flex-basis: 100%; display: flex; justify-content: space-between;\">\n        <span style=\"color: #999999; white-space: nowrap;\">Dz\u012bves ilgums:<\/span><br \/>\n        <strong style=\"text-align: right; flex-grow: 1;\">Aptuveni 4-5 gadi<\/strong>\n    <\/div>\n<div style=\"flex-basis: 100%; display: flex; justify-content: space-between;\">\n        <span style=\"color: #999999; white-space: nowrap;\">Rokturis:<\/span><br \/>\n        <strong style=\"text-align: right; flex-grow: 1;\">I-Grip<\/strong>\n    <\/div>\n<div style=\"flex-basis: 100%; display: flex; justify-content: space-between;\">\n        <span style=\"color: #999999; white-space: nowrap;\">Ieb\u016bv\u0113ts mikrofons:<\/span><br \/>\n        <strong style=\"text-align: right; flex-grow: 1;\">J\u0101<\/strong>\n    <\/div>\n<div style=\"flex-basis: 100%; display: flex; justify-content: space-between;\">\n        <span style=\"color: #999999; white-space: nowrap;\">Kr\u0101su skaits:<\/span><br \/>\n        <strong style=\"text-align: right; flex-grow: 1;\">10<\/strong>\n    <\/div>\n<\/div>","protected":false},"excerpt":{"rendered":"<ul>\n<li>Bluetooth\u00ae 4.0<\/li>\n<li>6+ stundas bezvadu atska\u0146o\u0161anas ar pilnu akumulatoru<\/li>\n<li>Bezr\u016bp\u012bgs bezvadu savienojums<\/li>\n<li>Uzl\u0101de, izmantojot micro USB<\/li>\n<li>Piel\u0101gots optim\u0101lam valk\u0101\u0161anas komfortam<\/li>\n<li>Piem\u0113rots ilgtermi\u0146a un ikdienas lieto\u0161anai<\/li>\n<\/ul>","protected":false},"featured_media":1072,"comment_status":"open","ping_status":"closed","template":"","meta":[],"product_cat":[17],"product_tag":[],"class_list":{"0":"post-1071","1":"product","2":"type-product","3":"status-publish","4":"has-post-thumbnail","6":"product_cat-zie-specificaties","7":"pa_color-black","8":"pa_color-blue","9":"pa_color-clear","10":"pa_color-green","11":"pa_color-orange","12":"pa_color-pink","13":"pa_color-purple","14":"pa_color-red","15":"pa_color-white","16":"pa_color-yellow","18":"first","19":"instock","20":"shipping-taxable","21":"product-type-simple"},"_links":{"self":[{"href":"https:\/\/earplugz.com\/lv\/wp-json\/wp\/v2\/product\/1071","targetHints":{"allow":["GET"]}}],"collection":[{"href":"https:\/\/earplugz.com\/lv\/wp-json\/wp\/v2\/product"}],"about":[{"href":"https:\/\/earplugz.com\/lv\/wp-json\/wp\/v2\/types\/product"}],"replies":[{"embeddable":true,"href":"https:\/\/earplugz.com\/lv\/wp-json\/wp\/v2\/comments?post=1071"}],"wp:featuredmedia":[{"embeddable":true,"href":"https:\/\/earplugz.com\/lv\/wp-json\/wp\/v2\/media\/1072"}],"wp:attachment":[{"href":"https:\/\/earplugz.com\/lv\/wp-json\/wp\/v2\/media?parent=1071"}],"wp:term":[{"taxonomy":"product_cat","embeddable":true,"href":"https:\/\/earplugz.com\/lv\/wp-json\/wp\/v2\/product_cat?post=1071"},{"taxonomy":"product_tag","embeddable":true,"href":"https:\/\/earplugz.com\/lv\/wp-json\/wp\/v2\/product_tag?post=1071"}],"curies":[{"name":"wp","href":"https:\/\/api.w.org\/{rel}","templated":true}]}}