{"id":947,"date":"2023-11-20T10:14:25","date_gmt":"2023-11-20T10:14:25","guid":{"rendered":"https:\/\/earplugz.com\/?page_id=947"},"modified":"2023-11-28T15:00:50","modified_gmt":"2023-11-28T15:00:50","slug":"verkoop","status":"publish","type":"page","link":"https:\/\/earplugz.com\/lv\/kursi\/pardosana\/","title":{"rendered":"Verkoop"},"content":{"rendered":"<section class=\"bde-section-947-100 bde-section\">\n  \n\t\n\n\n\n<div class=\"section-container\"><div class=\"bde-columns-947-101 bde-columns\"><div class=\"bde-column-947-104 bde-column\">\n  \n\t\n\n\n\n<h1 class=\"bde-heading-947-105 bde-heading\">\nP\u0113c pas\u016bt\u012bjuma izgatavotu ausu aizb\u0101\u017e\u0146u teorija un p\u0101rdo\u0161anas iesp\u0113jas: Padzi\u013cin\u0101ts kurss\n<\/h1>\n<\/div><\/div><\/div>\n<\/section><section class=\"bde-section-947-106 bde-section\">\n  \n\t\n\n\n\n<div class=\"section-container\"><div class=\"bde-columns-947-107 bde-columns\"><div class=\"bde-column-947-110 bde-column\">\n  \n\t\n\n\n\n<h6 class=\"bde-heading-947-111 bde-heading\">\npar\n<\/h6><div class=\"bde-text-947-112 bde-text\">\nIepaz\u012bstiet p\u0113c pas\u016bt\u012bjuma izgatavotu ausu aizb\u0101\u017e\u0146u pasauli un strat\u0113\u0123ijas, k\u0101 tos veiksm\u012bgi p\u0101rdot, izmantojot m\u016bsu visaptvero\u0161o un interakt\u012bvo kursu. Neatkar\u012bgi no t\u0101, vai esat audiologs, dzirdes aizsardz\u012bbas uz\u0146\u0113m\u0113js vai vienk\u0101r\u0161i interes\u0113jaties par \u0161o augo\u0161o jomu, \u0161is kurss sniegs svar\u012bgas teor\u0113tisk\u0101s zin\u0101\u0161anas un praktiskas atzi\u0146as.\n<\/div><div class=\"bde-columns-947-113 bde-columns\"><div class=\"bde-column-947-114 bde-column\">\n  \n\t\n\n\n\n<h1 class=\"bde-heading-947-115 bde-heading\">\nKo j\u016bs varat sagaid\u012bt?\n<\/h1>\n<\/div><\/div>\n<\/div><\/div><\/div>\n<\/section><section class=\"bde-section-947-116 bde-section\">\n  \n\t\n\n\n\n<div class=\"section-container\"><div class=\"bde-columns-947-117 bde-columns\"><div class=\"bde-column-947-118 bde-column ver-div div-ver\">\n  \n\t\n\n\n\n<div class=\"bde-columns-947-120 bde-columns\"><div class=\"bde-column-947-121 bde-column\">\n  \n\t\n\n\n\n<div class=\"bde-image-box-947-122 bde-image-box\">\n<div class=\"ee-imagebox-image\">\n        \n  \n  \n  \n  \n      \n      <img loading=\"lazy\" decoding=\"async\"\n      class=\"breakdance-image-object\"\n      src=\"https:\/\/earplugz.com\/wp-content\/uploads\/2023\/11\/01-57-47.png\"\n      width=\"52\"\n      height=\"47\"\n      \n      \n                                      >\n  \n<\/div>\n<div class=\"ee-imagebox-content\">\n      <h3 class=\"ee-imagebox-title\" >Padzi\u013cin\u0101tas teor\u0113tisk\u0101s atzi\u0146as<\/h3>\n    \n      <div class=\"ee-imagebox-text\" >M\u016bsu kurss s\u0101kas ar padzi\u013cin\u0101tu izpratni par auss anatomiju, dzirdes zudumu un da\u017e\u0101diem p\u0113c pas\u016bt\u012bjuma izgatavotu ausu aizb\u0101\u017e\u0146u veidiem. M\u0113s apl\u016bkojam materi\u0101lus, ra\u017eo\u0161anas procesus un tehnolo\u0123ijas, kas saist\u012btas ar \u0161o risin\u0101jumu rad\u012b\u0161anu.<\/div>\n    \n  <\/div>\n\n<\/div>\n<\/div><div class=\"bde-column-947-123 bde-column\">\n  \n\t\n\n\n\n<div class=\"bde-image-947-124 bde-image\">\n  \n\n\n\n\n\n<figure class=\"breakdance-image breakdance-image--1068\">\n\t<div class=\"breakdance-image-container\">\n\t\t<div class=\"breakdance-image-clip\">\n\t\t\t\n\t\t\t\t\n\t\t\t\t\t      \n  \n  \n  \n  \n      \n      <img loading=\"lazy\" decoding=\"async\"\n      class=\"breakdance-image-object\"\n      src=\"https:\/\/earplugz.com\/wp-content\/uploads\/2023\/11\/verkoop-2.jpg\"\n      width=\"830\"\n      height=\"350\"\n      \n      \n                                    srcset=\"https:\/\/earplugz.com\/wp-content\/uploads\/2023\/11\/verkoop-2.jpg 830w, https:\/\/earplugz.com\/wp-content\/uploads\/2023\/11\/verkoop-2-300x127.jpg 300w, https:\/\/earplugz.com\/wp-content\/uploads\/2023\/11\/verkoop-2-768x324.jpg 768w, https:\/\/earplugz.com\/wp-content\/uploads\/2023\/11\/verkoop-2-18x8.jpg 18w, https:\/\/earplugz.com\/wp-content\/uploads\/2023\/11\/verkoop-2-600x253.jpg 600w\"\n                                                                      >\n  \n\n\t\t\t\t\t\n\t\t\t\t\t\t<\/div>\n\t<\/div>\n\n\t<\/figure>\n\n<\/div>\n<\/div><\/div><div class=\"bde-columns-947-125 bde-columns\"><div class=\"bde-column-947-126 bde-column\">\n  \n\t\n\n\n\n<div class=\"bde-image-box-947-127 bde-image-box\">\n<div class=\"ee-imagebox-image\">\n        \n  \n  \n  \n  \n      \n      <img loading=\"lazy\" decoding=\"async\"\n      class=\"breakdance-image-object\"\n      src=\"https:\/\/earplugz.com\/wp-content\/uploads\/2023\/11\/02.png\"\n      width=\"72\"\n      height=\"48\"\n      \n      \n                                                                  >\n  \n<\/div>\n<div class=\"ee-imagebox-content\">\n      <h3 class=\"ee-imagebox-title\" >P\u0101rdo\u0161anas strat\u0113\u0123ijas un tirgus izp\u0113te:<\/h3>\n    \n      <div class=\"ee-imagebox-text\" >Uzziniet, k\u0101 veiksm\u012bgi pozicion\u0113t un p\u0101rdot p\u0113c pas\u016bt\u012bjuma izgatavotus ausu aizb\u0101\u017e\u0146us. Uzziniet, k\u0101 noteikt m\u0113r\u0137grupas, noteikt cenu strat\u0113\u0123iju un izveidot efekt\u012bvus m\u0101rketinga un p\u0101rdo\u0161anas kan\u0101lus.<\/div>\n    \n  <\/div>\n\n<\/div>\n<\/div><div class=\"bde-column-947-128 bde-column\">\n  \n\t\n\n\n\n<div class=\"bde-image-947-129 bde-image\">\n  \n\n\n\n\n\n<figure class=\"breakdance-image breakdance-image--1069\">\n\t<div class=\"breakdance-image-container\">\n\t\t<div class=\"breakdance-image-clip\">\n\t\t\t\n\t\t\t\t\n\t\t\t\t\t      \n  \n  \n  \n  \n      \n      <img loading=\"lazy\" decoding=\"async\"\n      class=\"breakdance-image-object\"\n      src=\"https:\/\/earplugz.com\/wp-content\/uploads\/2023\/11\/verkoop-1.jpg\"\n      width=\"830\"\n      height=\"350\"\n      \n      \n                                    srcset=\"https:\/\/earplugz.com\/wp-content\/uploads\/2023\/11\/verkoop-1.jpg 830w, https:\/\/earplugz.com\/wp-content\/uploads\/2023\/11\/verkoop-1-300x127.jpg 300w, https:\/\/earplugz.com\/wp-content\/uploads\/2023\/11\/verkoop-1-768x324.jpg 768w, https:\/\/earplugz.com\/wp-content\/uploads\/2023\/11\/verkoop-1-18x8.jpg 18w, https:\/\/earplugz.com\/wp-content\/uploads\/2023\/11\/verkoop-1-600x253.jpg 600w\"\n                                                                      >\n  \n\n\t\t\t\t\t\n\t\t\t\t\t\t<\/div>\n\t<\/div>\n\n\t<\/figure>\n\n<\/div>\n<\/div><\/div><div class=\"bde-columns-947-130 bde-columns\"><div class=\"bde-column-947-131 bde-column\">\n  \n\t\n\n\n\n<div class=\"bde-image-box-947-132 bde-image-box\">\n<div class=\"ee-imagebox-image\">\n        \n  \n  \n  \n  \n      \n      <img loading=\"lazy\" decoding=\"async\"\n      class=\"breakdance-image-object\"\n      src=\"https:\/\/earplugz.com\/wp-content\/uploads\/2023\/11\/03.png\"\n      width=\"71\"\n      height=\"49\"\n      \n      \n                                                                  >\n  \n<\/div>\n<div class=\"ee-imagebox-content\">\n      <h3 class=\"ee-imagebox-title\" >Kvalit\u0101tes nodro\u0161in\u0101\u0161ana<\/h3>\n    \n      <div class=\"ee-imagebox-text\" >Uzziniet, k\u0101 nodro\u0161in\u0101t p\u0113c pas\u016bt\u012bjuma izgatavotu ausu aizb\u0101\u017e\u0146u kvalit\u0101ti, tostarp piem\u0113rot\u012bbu un dzirdes aizsardz\u012bbu. Uzziniet, k\u0101da ir lab\u0101k\u0101 m\u0113r\u012b\u0161anas, mont\u0101\u017eas un piel\u0101go\u0161anas katram klientam unik\u0101laj\u0101m vajadz\u012bb\u0101m prakse.<\/div>\n    \n  <\/div>\n\n<\/div>\n<\/div><div class=\"bde-column-947-133 bde-column\">\n  \n\t\n\n\n\n<div class=\"bde-image-947-134 bde-image\">\n  \n\n\n\n\n\n<figure class=\"breakdance-image breakdance-image--955\">\n\t<div class=\"breakdance-image-container\">\n\t\t<div class=\"breakdance-image-clip\">\n\t\t\t\n\t\t\t\t\n\t\t\t\t\t      \n  \n  \n  \n  \n      \n      <img loading=\"lazy\" decoding=\"async\"\n      class=\"breakdance-image-object\"\n      src=\"https:\/\/earplugz.com\/wp-content\/uploads\/2023\/11\/img-2-2.png\"\n      width=\"890\"\n      height=\"350\"\n      \n      \n                                    srcset=\"https:\/\/earplugz.com\/wp-content\/uploads\/2023\/11\/img-2-2.png 890w, https:\/\/earplugz.com\/wp-content\/uploads\/2023\/11\/img-2-2-300x118.png 300w, https:\/\/earplugz.com\/wp-content\/uploads\/2023\/11\/img-2-2-768x302.png 768w, https:\/\/earplugz.com\/wp-content\/uploads\/2023\/11\/img-2-2-18x7.png 18w, https:\/\/earplugz.com\/wp-content\/uploads\/2023\/11\/img-2-2-600x236.png 600w\"\n                                                                      >\n  \n\n\t\t\t\t\t\n\t\t\t\t\t\t<\/div>\n\t<\/div>\n\n\t<\/figure>\n\n<\/div>\n<\/div><\/div>\n<\/div><\/div><\/div>\n<\/section><section class=\"bde-section-947-136 bde-section box-div div-box\">\n  \n\t\n\n\n\n<div class=\"section-container\"><h1 class=\"bde-heading-947-137 bde-heading\">\nK\u0101p\u0113c izv\u0113l\u0113ties m\u016bsu kursu?\n<\/h1><div class=\"bde-columns-947-138 bde-columns\"><div class=\"bde-column-947-139 bde-column\">\n  \n\t\n\n\n\n<div class=\"bde-image-box-947-140 bde-image-box\">\n<div class=\"ee-imagebox-image\">\n        \n  \n  \n  \n  \n      \n      <img loading=\"lazy\" decoding=\"async\"\n      class=\"breakdance-image-object\"\n      src=\"https:\/\/earplugz.com\/wp-content\/uploads\/2023\/11\/Group-1.png\"\n      width=\"60\"\n      height=\"60\"\n      \n      \n                                    srcset=\"https:\/\/earplugz.com\/wp-content\/uploads\/2023\/11\/Group-1.png 60w, https:\/\/earplugz.com\/wp-content\/uploads\/2023\/11\/Group-1-50x50.png 50w\"\n                                                                      >\n  \n<\/div>\n<div class=\"ee-imagebox-content\">\n      <h3 class=\"ee-imagebox-title\" >Ekspertu instruktori<\/h3>\n    \n      <div class=\"ee-imagebox-text\" >M\u016bsu pasniedz\u0113jiem ir ilggad\u0113ja pieredze audiolo\u0123ij\u0101, un vi\u0146i labpr\u0101t dal\u012bsies sav\u0101s zin\u0101\u0161an\u0101s ar jums.<\/div>\n    \n  <\/div>\n\n<\/div>\n<\/div><div class=\"bde-column-947-141 bde-column\">\n  \n\t\n\n\n\n<div class=\"bde-image-box-947-142 bde-image-box\">\n<div class=\"ee-imagebox-image\">\n        \n  \n  \n  \n  \n      \n      <img loading=\"lazy\" decoding=\"async\"\n      class=\"breakdance-image-object\"\n      src=\"https:\/\/earplugz.com\/wp-content\/uploads\/2023\/11\/Arhive.png\"\n      width=\"60\"\n      height=\"60\"\n      \n      \n                                    srcset=\"https:\/\/earplugz.com\/wp-content\/uploads\/2023\/11\/Arhive.png 60w, https:\/\/earplugz.com\/wp-content\/uploads\/2023\/11\/Arhive-12x12.png 12w, https:\/\/earplugz.com\/wp-content\/uploads\/2023\/11\/Arhive-50x50.png 50w\"\n                                                                      >\n  \n<\/div>\n<div class=\"ee-imagebox-content\">\n      <h3 class=\"ee-imagebox-title\" >Praktiska pieeja<\/h3>\n    \n      <div class=\"ee-imagebox-text\" >M\u0113s apvienojam teoriju ar praktiskiem uzdevumiem, gad\u012bjumu izp\u0113ti un uz\u0146\u0113m\u0113jdarb\u012bbas simul\u0101cij\u0101m, lai sagatavotu j\u016bs re\u0101lajam tirgum.<\/div>\n    \n  <\/div>\n\n<\/div>\n<\/div><div class=\"bde-column-947-143 bde-column\">\n  \n\t\n\n\n\n<div class=\"bde-image-box-947-144 bde-image-box\">\n<div class=\"ee-imagebox-image\">\n        \n  \n  \n  \n  \n      \n      <img loading=\"lazy\" decoding=\"async\"\n      class=\"breakdance-image-object\"\n      src=\"https:\/\/earplugz.com\/wp-content\/uploads\/2023\/11\/icon-1-1.png\"\n      width=\"60\"\n      height=\"60\"\n      \n      \n                                    srcset=\"https:\/\/earplugz.com\/wp-content\/uploads\/2023\/11\/icon-1-1.png 60w, https:\/\/earplugz.com\/wp-content\/uploads\/2023\/11\/icon-1-1-50x50.png 50w\"\n                                                                      >\n  \n<\/div>\n<div class=\"ee-imagebox-content\">\n      <h3 class=\"ee-imagebox-title\" >Sertifik\u0101cija<\/h3>\n    \n      <div class=\"ee-imagebox-text\" >Sekm\u012bgi pabeidzot kursu, j\u016bs sa\u0146emsiet sertifik\u0101tu, kas apliecina j\u016bsu zin\u0101\u0161anas otoplastikas nospiedumu izgatavo\u0161an\u0101.<\/div>\n    \n  <\/div>\n\n<\/div>\n<\/div><div class=\"bde-column-947-145 bde-column\">\n  \n\t\n\n\n\n<div class=\"bde-image-box-947-146 bde-image-box\">\n<div class=\"ee-imagebox-image\">\n        \n  \n  \n  \n  \n      \n      <img loading=\"lazy\" decoding=\"async\"\n      class=\"breakdance-image-object\"\n      src=\"https:\/\/earplugz.com\/wp-content\/uploads\/2023\/11\/Clock.png\"\n      width=\"60\"\n      height=\"60\"\n      \n      \n                                    srcset=\"https:\/\/earplugz.com\/wp-content\/uploads\/2023\/11\/Clock.png 60w, https:\/\/earplugz.com\/wp-content\/uploads\/2023\/11\/Clock-12x12.png 12w, https:\/\/earplugz.com\/wp-content\/uploads\/2023\/11\/Clock-50x50.png 50w\"\n                                                                      >\n  \n<\/div>\n<div class=\"ee-imagebox-content\">\n      <h3 class=\"ee-imagebox-title\" >Uz n\u0101kotni orient\u0113ts<\/h3>\n    \n      <div class=\"ee-imagebox-text\" >Sekojiet l\u012bdzi jaun\u0101kaj\u0101m nozares tendenc\u0113m un inov\u0101cij\u0101m un uzziniet, k\u0101 piel\u0101got p\u0113c pas\u016bt\u012bjuma izgatavotus ausu aizb\u0101\u017e\u0146us klientu main\u012bgaj\u0101m vajadz\u012bb\u0101m.<\/div>\n    \n  <\/div>\n\n<\/div>\n<\/div><\/div><\/div>\n<\/section><section class=\"bde-section-947-148 bde-section\">\n  \n\t\n\n\n\n<div class=\"section-container\"><h1 class=\"bde-heading-947-149 bde-heading\">\nPal\u012bdziet cilv\u0113kiem nodro\u0161in\u0101t dzirdes aizsardz\u012bbu, kas atbilst vi\u0146u unik\u0101laj\u0101m vajadz\u012bb\u0101m, vienlaikus g\u016bstot pan\u0101kumus uz\u0146\u0113m\u0113jdarb\u012bb\u0101.\n<\/h1><div class=\"bde-text-947-150 bde-text\">\nRe\u0123istr\u0113jieties tagad, lai piedal\u012btos p\u0113c pas\u016bt\u012bjuma izgatavotu ausu aizb\u0101\u017e\u0146u teorijas un p\u0101rdo\u0161anas iesp\u0113ju kurs\u0101 un p\u0101rv\u0113rstu savu aizrau\u0161anos ar dzirdes aizsardz\u012bbu ienes\u012bg\u0101 biznes\u0101.\n<\/div><div class=\"bde-columns-947-151 bde-columns\"><div class=\"bde-column-947-152 bde-column\">\n  \n\t\n\n\n\n<div class=\"bde-button-947-153 bde-button button-product-cont header-top-button\">\n    \n                                    \n    \n    \n    \n    \n            \n                    \n            \n            \n\n    \n    \n    \n    \n    <a class=\"breakdance-link button-atom button-atom--primary bde-button__button\" href=\"https:\/\/earplugz.com\/lv\/sazinaties-ar\/\" target=\"_self\" data-type=\"url\"  >\n\n    \n        <span class=\"button-atom__text\">Sazinieties ar mums<\/span>\n\n        \n        \n                <\/a>\n\n    \n\n\n<\/div>\n<\/div><\/div><\/div>\n<\/section><section class=\"bde-section-947-164 bde-section\">\n  \n\t\n\n\n\n<div class=\"section-container\"><div class=\"bde-columns-947-165 bde-columns image-div div-image\"><div class=\"bde-column-947-166 bde-column\">\n  \n\t\n\n\n\n<div class=\"bde-image-947-157 bde-image\">\n  \n\n\n\n\n\n<figure class=\"breakdance-image breakdance-image--1009\">\n\t<div class=\"breakdance-image-container\">\n\t\t<div class=\"breakdance-image-clip\">\n\t\t\t\n\t\t\t\t\n\t\t\t\t\t      \n  \n  \n  \n  \n      \n      <img loading=\"lazy\" decoding=\"async\"\n      class=\"breakdance-image-object\"\n      src=\"https:\/\/earplugz.com\/wp-content\/uploads\/2023\/11\/egle.jpg\"\n      width=\"440\"\n      height=\"400\"\n      \n      \n                                    srcset=\"https:\/\/earplugz.com\/wp-content\/uploads\/2023\/11\/egle.jpg 440w, https:\/\/earplugz.com\/wp-content\/uploads\/2023\/11\/egle-300x273.jpg 300w, https:\/\/earplugz.com\/wp-content\/uploads\/2023\/11\/egle-13x12.jpg 13w\"\n                                                                      >\n  \n\n\t\t\t\t\t\n\t\t\t\t\t\t<\/div>\n\t<\/div>\n\n\t<\/figure>\n\n<\/div>\n<\/div><div class=\"bde-column-947-167 bde-column\">\n  \n\t\n\n\n\n<div class=\"bde-image-947-159 bde-image\">\n  \n\n\n\n\n\n<figure class=\"breakdance-image breakdance-image--1010\">\n\t<div class=\"breakdance-image-container\">\n\t\t<div class=\"breakdance-image-clip\">\n\t\t\t\n\t\t\t\t\n\t\t\t\t\t      \n  \n  \n  \n  \n      \n      <img loading=\"lazy\" decoding=\"async\"\n      class=\"breakdance-image-object\"\n      src=\"https:\/\/earplugz.com\/wp-content\/uploads\/2023\/11\/hard.jpg\"\n      width=\"440\"\n      height=\"400\"\n      \n      \n                                    srcset=\"https:\/\/earplugz.com\/wp-content\/uploads\/2023\/11\/hard.jpg 440w, https:\/\/earplugz.com\/wp-content\/uploads\/2023\/11\/hard-300x273.jpg 300w, https:\/\/earplugz.com\/wp-content\/uploads\/2023\/11\/hard-13x12.jpg 13w\"\n                                                                      >\n  \n\n\t\t\t\t\t\n\t\t\t\t\t\t<\/div>\n\t<\/div>\n\n\t<\/figure>\n\n<\/div>\n<\/div><div class=\"bde-column-947-168 bde-column\">\n  \n\t\n\n\n\n<div class=\"bde-image-947-161 bde-image\">\n  \n\n\n\n\n\n<figure class=\"breakdance-image breakdance-image--766\">\n\t<div class=\"breakdance-image-container\">\n\t\t<div class=\"breakdance-image-clip\">\n\t\t\t\n\t\t\t\t\n\t\t\t\t\t      \n  \n  \n  \n  \n      \n      <img loading=\"lazy\" decoding=\"async\"\n      class=\"breakdance-image-object\"\n      src=\"https:\/\/earplugz.com\/wp-content\/uploads\/2023\/11\/3.png\"\n      width=\"435\"\n      height=\"400\"\n      \n      \n                                    srcset=\"https:\/\/earplugz.com\/wp-content\/uploads\/2023\/11\/3.png 435w, https:\/\/earplugz.com\/wp-content\/uploads\/2023\/11\/3-300x276.png 300w\"\n                                                                      >\n  \n\n\t\t\t\t\t\n\t\t\t\t\t\t<\/div>\n\t<\/div>\n\n\t<\/figure>\n\n<\/div>\n<\/div><div class=\"bde-column-947-169 bde-column\">\n  \n\t\n\n\n\n<div class=\"bde-image-947-163 bde-image\">\n  \n\n\n\n\n\n<figure class=\"breakdance-image breakdance-image--1008\">\n\t<div class=\"breakdance-image-container\">\n\t\t<div class=\"breakdance-image-clip\">\n\t\t\t\n\t\t\t\t\n\t\t\t\t\t      \n  \n  \n  \n  \n      \n      <img loading=\"lazy\" decoding=\"async\"\n      class=\"breakdance-image-object\"\n      src=\"https:\/\/earplugz.com\/wp-content\/uploads\/2023\/11\/sleeves-1.jpg\"\n      width=\"440\"\n      height=\"400\"\n      \n      \n                                    srcset=\"https:\/\/earplugz.com\/wp-content\/uploads\/2023\/11\/sleeves-1.jpg 440w, https:\/\/earplugz.com\/wp-content\/uploads\/2023\/11\/sleeves-1-300x273.jpg 300w, https:\/\/earplugz.com\/wp-content\/uploads\/2023\/11\/sleeves-1-13x12.jpg 13w\"\n                                                                      >\n  \n\n\t\t\t\t\t\n\t\t\t\t\t\t<\/div>\n\t<\/div>\n\n\t<\/figure>\n\n<\/div>\n<\/div><\/div><\/div>\n<\/section>","protected":false},"excerpt":{"rendered":"<p>Theorie en Verkoopopties voor Op Maat Gemaakte Oordoppen: Een Diepgaande Cursus about Ontdek de wereld van op maat gemaakte oordoppen en de strategie\u00ebn om ze succesvol op de markt te brengen met onze uitgebreide en interactieve cursus. Of je nu een audicien, ondernemer in gehoorbescherming, of gewoon ge\u00efnteresseerd bent in dit groeiende vakgebied, deze cursus [&hellip;]<\/p>","protected":false},"author":1,"featured_media":0,"parent":717,"menu_order":0,"comment_status":"closed","ping_status":"closed","template":"","meta":{"_breakdance_hide_in_design_set":false,"_breakdance_tags":"","footnotes":""},"class_list":["post-947","page","type-page","status-publish","hentry"],"_links":{"self":[{"href":"https:\/\/earplugz.com\/lv\/wp-json\/wp\/v2\/pages\/947","targetHints":{"allow":["GET"]}}],"collection":[{"href":"https:\/\/earplugz.com\/lv\/wp-json\/wp\/v2\/pages"}],"about":[{"href":"https:\/\/earplugz.com\/lv\/wp-json\/wp\/v2\/types\/page"}],"author":[{"embeddable":true,"href":"https:\/\/earplugz.com\/lv\/wp-json\/wp\/v2\/users\/1"}],"replies":[{"embeddable":true,"href":"https:\/\/earplugz.com\/lv\/wp-json\/wp\/v2\/comments?post=947"}],"version-history":[{"count":4,"href":"https:\/\/earplugz.com\/lv\/wp-json\/wp\/v2\/pages\/947\/revisions"}],"predecessor-version":[{"id":1168,"href":"https:\/\/earplugz.com\/lv\/wp-json\/wp\/v2\/pages\/947\/revisions\/1168"}],"up":[{"embeddable":true,"href":"https:\/\/earplugz.com\/lv\/wp-json\/wp\/v2\/pages\/717"}],"wp:attachment":[{"href":"https:\/\/earplugz.com\/lv\/wp-json\/wp\/v2\/media?parent=947"}],"curies":[{"name":"wp","href":"https:\/\/api.w.org\/{rel}","templated":true}]}}