{"id":732,"date":"2023-11-14T12:32:12","date_gmt":"2023-11-14T12:32:12","guid":{"rendered":"https:\/\/earplugz.com\/?page_id=732"},"modified":"2023-11-15T08:40:56","modified_gmt":"2023-11-15T08:40:56","slug":"aanmeting","status":"publish","type":"page","link":"https:\/\/earplugz.com\/lv\/kursi\/montaza\/","title":{"rendered":"mont\u0101\u017ea"},"content":{"rendered":"<section class=\"bde-section-732-100 bde-section\">\n  \n\t\n\n\n\n<div class=\"section-container\"><div class=\"bde-columns-732-101 bde-columns\"><div class=\"bde-column-732-104 bde-column\">\n  \n\t\n\n\n\n<h1 class=\"bde-heading-732-109 bde-heading\">\nOtoplastikas grafikas kurss: Teorija un prakse\n<\/h1>\n<\/div><\/div><\/div>\n<\/section><section class=\"bde-section-732-111 bde-section\">\n  \n\t\n\n\n\n<div class=\"section-container\"><div class=\"bde-columns-732-112 bde-columns\"><div class=\"bde-column-732-113 bde-column\">\n  \n\t\n\n\n\n<h6 class=\"bde-heading-732-114 bde-heading\">\npar\n<\/h6><div class=\"bde-text-732-115 bde-text\">\nIepaz\u012bstiet otoplastikas nospiedumu izgatavo\u0161anas m\u0101kslu, izmantojot m\u016bsu visaptvero\u0161o un interakt\u012bvo kursu. Neatkar\u012bgi no t\u0101, vai esat pieredz\u0113jis audiologop\u0113ds vai tikko s\u0101cis str\u0101d\u0101t \u0161aj\u0101 profesij\u0101, \u0161is kurss sniedz v\u0113rt\u012bgas zin\u0101\u0161anas un praktiskas iema\u0146as, lai izgatavotu augstas kvalit\u0101tes nospiedumus dzirdes aizsardz\u012bbas ier\u012bc\u0113m.\n<\/div><div class=\"bde-columns-732-117 bde-columns\"><div class=\"bde-column-732-118 bde-column\">\n  \n\t\n\n\n\n<h1 class=\"bde-heading-732-116 bde-heading\">\nKo j\u016bs varat sagaid\u012bt?\n<\/h1>\n<\/div><\/div>\n<\/div><\/div><div class=\"bde-columns-732-120 bde-columns\"><div class=\"bde-column-732-121 bde-column\">\n  \n\t\n\n\n\n<div class=\"bde-image-box-732-124 bde-image-box\">\n<div class=\"ee-imagebox-image\">\n        \n  \n  \n  \n  \n      \n      <img loading=\"lazy\" decoding=\"async\"\n      class=\"breakdance-image-object\"\n      src=\"https:\/\/earplugz.com\/wp-content\/uploads\/2023\/11\/01-57-47.png\"\n      width=\"52\"\n      height=\"47\"\n      \n      \n                                      >\n  \n<\/div>\n<div class=\"ee-imagebox-content\">\n      <h3 class=\"ee-imagebox-title\" >Teor\u0113tiskais dzi\u013cums<\/h3>\n    \n      <div class=\"ee-imagebox-text\" >M\u016bsu kurss s\u0101kas ar stabilu teor\u0113tisko pamatu. M\u0113s apl\u016bkojam auss anatomiju, nospiedumu materi\u0101lus un da\u017e\u0101das metodes, ko izmanto \u0161aj\u0101 proces\u0101.<\/div>\n    \n  <\/div>\n\n<\/div>\n<\/div><div class=\"bde-column-732-122 bde-column\">\n  \n\t\n\n\n\n<div class=\"bde-image-732-125 bde-image\">\n  \n\n\n\n\n\n<figure class=\"breakdance-image breakdance-image--748\">\n\t<div class=\"breakdance-image-container\">\n\t\t<div class=\"breakdance-image-clip\">\n\t\t\t\n\t\t\t\t\n\t\t\t\t\t      \n  \n  \n  \n  \n      \n      <img loading=\"lazy\" decoding=\"async\"\n      class=\"breakdance-image-object\"\n      src=\"https:\/\/earplugz.com\/wp-content\/uploads\/2023\/11\/img-1-1.png\"\n      width=\"890\"\n      height=\"350\"\n      \n      \n                                    srcset=\"https:\/\/earplugz.com\/wp-content\/uploads\/2023\/11\/img-1-1.png 890w, https:\/\/earplugz.com\/wp-content\/uploads\/2023\/11\/img-1-1-300x118.png 300w, https:\/\/earplugz.com\/wp-content\/uploads\/2023\/11\/img-1-1-768x302.png 768w, https:\/\/earplugz.com\/wp-content\/uploads\/2023\/11\/img-1-1-600x236.png 600w\"\n                                                                      >\n  \n\n\t\t\t\t\t\n\t\t\t\t\t\t<\/div>\n\t<\/div>\n\n\t<\/figure>\n\n<\/div>\n<\/div><\/div><div class=\"bde-columns-732-126 bde-columns\"><div class=\"bde-column-732-127 bde-column\">\n  \n\t\n\n\n\n<div class=\"bde-image-box-732-128 bde-image-box\">\n<div class=\"ee-imagebox-image\">\n        \n  \n  \n  \n  \n      \n      <img loading=\"lazy\" decoding=\"async\"\n      class=\"breakdance-image-object\"\n      src=\"https:\/\/earplugz.com\/wp-content\/uploads\/2023\/11\/02.png\"\n      width=\"72\"\n      height=\"48\"\n      \n      \n                                                                  >\n  \n<\/div>\n<div class=\"ee-imagebox-content\">\n      <h3 class=\"ee-imagebox-title\" >Praktiskais pielietojums<\/h3>\n    \n      <div class=\"ee-imagebox-text\" >Ta\u010du m\u0113s neaprobe\u017eojamies tikai ar teoriju. M\u016bsu pieredz\u0113ju\u0161ie instruktori j\u016bs iepaz\u012bstin\u0101s ar visu nospiedumu izgatavo\u0161anas procesu, s\u0101kot no pacienta sagatavo\u0161anas l\u012bdz nospieduma atlie\u0161anai. Praktisk\u0101 pieredze ir b\u016btiska, lai veidotu j\u016bsu p\u0101rliec\u012bbu un prasmes.<\/div>\n    \n  <\/div>\n\n<\/div>\n<\/div><div class=\"bde-column-732-129 bde-column\">\n  \n\t\n\n\n\n<div class=\"bde-image-732-130 bde-image\">\n  \n\n\n\n\n\n<figure class=\"breakdance-image breakdance-image--749\">\n\t<div class=\"breakdance-image-container\">\n\t\t<div class=\"breakdance-image-clip\">\n\t\t\t\n\t\t\t\t\n\t\t\t\t\t      \n  \n  \n  \n  \n      \n      <img loading=\"lazy\" decoding=\"async\"\n      class=\"breakdance-image-object\"\n      src=\"https:\/\/earplugz.com\/wp-content\/uploads\/2023\/11\/img-2-1.png\"\n      width=\"890\"\n      height=\"350\"\n      \n      \n                                    srcset=\"https:\/\/earplugz.com\/wp-content\/uploads\/2023\/11\/img-2-1.png 890w, https:\/\/earplugz.com\/wp-content\/uploads\/2023\/11\/img-2-1-300x118.png 300w, https:\/\/earplugz.com\/wp-content\/uploads\/2023\/11\/img-2-1-768x302.png 768w, https:\/\/earplugz.com\/wp-content\/uploads\/2023\/11\/img-2-1-600x236.png 600w\"\n                                                                      >\n  \n\n\t\t\t\t\t\n\t\t\t\t\t\t<\/div>\n\t<\/div>\n\n\t<\/figure>\n\n<\/div>\n<\/div><\/div><div class=\"bde-columns-732-131 bde-columns\"><div class=\"bde-column-732-132 bde-column\">\n  \n\t\n\n\n\n<div class=\"bde-image-box-732-133 bde-image-box\">\n<div class=\"ee-imagebox-image\">\n        \n  \n  \n  \n  \n      \n      <img loading=\"lazy\" decoding=\"async\"\n      class=\"breakdance-image-object\"\n      src=\"https:\/\/earplugz.com\/wp-content\/uploads\/2023\/11\/03.png\"\n      width=\"71\"\n      height=\"49\"\n      \n      \n                                                                  >\n  \n<\/div>\n<div class=\"ee-imagebox-content\">\n      <h3 class=\"ee-imagebox-title\" >Uzlabotas tehnolo\u0123ijas<\/h3>\n    \n      <div class=\"ee-imagebox-text\" >M\u0113s past\u0101v\u012bgi sekojam l\u012bdzi jaun\u0101kaj\u0101m tehnolo\u0123ij\u0101m un materi\u0101liem audiolo\u0123ijas nozar\u0113. Uzziniet, k\u0101 efekt\u012bvi izmantot modern\u0101s iek\u0101rtas, lai uzlabotu nospiedumu precizit\u0101ti un precizit\u0101ti.<\/div>\n    \n  <\/div>\n\n<\/div>\n<\/div><div class=\"bde-column-732-134 bde-column\">\n  \n\t\n\n\n\n<div class=\"bde-image-732-135 bde-image\">\n  \n\n\n\n\n\n<figure class=\"breakdance-image breakdance-image--750\">\n\t<div class=\"breakdance-image-container\">\n\t\t<div class=\"breakdance-image-clip\">\n\t\t\t\n\t\t\t\t\n\t\t\t\t\t      \n  \n  \n  \n  \n      \n      <img loading=\"lazy\" decoding=\"async\"\n      class=\"breakdance-image-object\"\n      src=\"https:\/\/earplugz.com\/wp-content\/uploads\/2023\/11\/img-3-1.png\"\n      width=\"890\"\n      height=\"350\"\n      \n      \n                                    srcset=\"https:\/\/earplugz.com\/wp-content\/uploads\/2023\/11\/img-3-1.png 890w, https:\/\/earplugz.com\/wp-content\/uploads\/2023\/11\/img-3-1-300x118.png 300w, https:\/\/earplugz.com\/wp-content\/uploads\/2023\/11\/img-3-1-768x302.png 768w, https:\/\/earplugz.com\/wp-content\/uploads\/2023\/11\/img-3-1-600x236.png 600w\"\n                                                                      >\n  \n\n\t\t\t\t\t\n\t\t\t\t\t\t<\/div>\n\t<\/div>\n\n\t<\/figure>\n\n<\/div>\n<\/div><\/div><\/div>\n<\/section><section class=\"bde-section-732-136 bde-section\">\n  \n\t\n\n\n\n<div class=\"section-container\"><h1 class=\"bde-heading-732-146 bde-heading\">\nK\u0101p\u0113c izv\u0113l\u0113ties m\u016bsu kursu?\n<\/h1><div class=\"bde-columns-732-137 bde-columns\"><div class=\"bde-column-732-138 bde-column\">\n  \n\t\n\n\n\n<div class=\"bde-image-box-732-139 bde-image-box\">\n<div class=\"ee-imagebox-image\">\n        \n  \n  \n  \n  \n      \n      <img loading=\"lazy\" decoding=\"async\"\n      class=\"breakdance-image-object\"\n      src=\"https:\/\/earplugz.com\/wp-content\/uploads\/2023\/11\/Group-1.png\"\n      width=\"60\"\n      height=\"60\"\n      \n      \n                                    srcset=\"https:\/\/earplugz.com\/wp-content\/uploads\/2023\/11\/Group-1.png 60w, https:\/\/earplugz.com\/wp-content\/uploads\/2023\/11\/Group-1-50x50.png 50w\"\n                                                                      >\n  \n<\/div>\n<div class=\"ee-imagebox-content\">\n      <h3 class=\"ee-imagebox-title\" >Ekspertu instruktori<\/h3>\n    \n      <div class=\"ee-imagebox-text\" >M\u016bsu pasniedz\u0113jiem ir ilggad\u0113ja pieredze audiolo\u0123ij\u0101, un vi\u0146i labpr\u0101t dal\u012bsies sav\u0101s zin\u0101\u0161an\u0101s ar jums.<\/div>\n    \n  <\/div>\n\n<\/div>\n<\/div><div class=\"bde-column-732-148 bde-column\">\n  \n\t\n\n\n\n<div class=\"bde-image-box-732-149 bde-image-box\">\n<div class=\"ee-imagebox-image\">\n        \n  \n  \n  \n  \n      \n      <img loading=\"lazy\" decoding=\"async\"\n      class=\"breakdance-image-object\"\n      src=\"https:\/\/earplugz.com\/wp-content\/uploads\/2023\/11\/icon-3.png\"\n      width=\"60\"\n      height=\"60\"\n      \n      \n                                    srcset=\"https:\/\/earplugz.com\/wp-content\/uploads\/2023\/11\/icon-3.png 60w, https:\/\/earplugz.com\/wp-content\/uploads\/2023\/11\/icon-3-50x50.png 50w\"\n                                                                      >\n  \n<\/div>\n<div class=\"ee-imagebox-content\">\n      <h3 class=\"ee-imagebox-title\" >Mazas grupas<\/h3>\n    \n      <div class=\"ee-imagebox-text\" >M\u016bsu nodarb\u012bbas ir nelielas, t\u0101p\u0113c j\u016bs sa\u0146emat personisku uzman\u012bbu un varat uzdot jaut\u0101jumus.<\/div>\n    \n  <\/div>\n\n<\/div>\n<\/div><div class=\"bde-column-732-151 bde-column\">\n  \n\t\n\n\n\n<div class=\"bde-image-box-732-152 bde-image-box\">\n<div class=\"ee-imagebox-image\">\n        \n  \n  \n  \n  \n      \n      <img loading=\"lazy\" decoding=\"async\"\n      class=\"breakdance-image-object\"\n      src=\"https:\/\/earplugz.com\/wp-content\/uploads\/2023\/11\/icon-1-1.png\"\n      width=\"60\"\n      height=\"60\"\n      \n      \n                                    srcset=\"https:\/\/earplugz.com\/wp-content\/uploads\/2023\/11\/icon-1-1.png 60w, https:\/\/earplugz.com\/wp-content\/uploads\/2023\/11\/icon-1-1-50x50.png 50w\"\n                                                                      >\n  \n<\/div>\n<div class=\"ee-imagebox-content\">\n      <h3 class=\"ee-imagebox-title\" >Sertifik\u0101cija<\/h3>\n    \n      <div class=\"ee-imagebox-text\" >Sekm\u012bgi pabeidzot kursu, j\u016bs sa\u0146emsiet sertifik\u0101tu, kas apliecina j\u016bsu zin\u0101\u0161anas otoplastikas nospiedumu izgatavo\u0161an\u0101.<\/div>\n    \n  <\/div>\n\n<\/div>\n<\/div><div class=\"bde-column-732-153 bde-column\">\n  \n\t\n\n\n\n<div class=\"bde-image-box-732-154 bde-image-box\">\n<div class=\"ee-imagebox-image\">\n        \n  \n  \n  \n  \n      \n      <img loading=\"lazy\" decoding=\"async\"\n      class=\"breakdance-image-object\"\n      src=\"https:\/\/earplugz.com\/wp-content\/uploads\/2023\/11\/icon-4.png\"\n      width=\"60\"\n      height=\"60\"\n      \n      \n                                    srcset=\"https:\/\/earplugz.com\/wp-content\/uploads\/2023\/11\/icon-4.png 60w, https:\/\/earplugz.com\/wp-content\/uploads\/2023\/11\/icon-4-50x50.png 50w\"\n                                                                      >\n  \n<\/div>\n<div class=\"ee-imagebox-content\">\n      <h3 class=\"ee-imagebox-title\" >T\u012bkla iesp\u0113jas<\/h3>\n    \n      <div class=\"ee-imagebox-text\" >Kursu laik\u0101 jums b\u016bs iesp\u0113ja veidot kontaktus ar kol\u0113\u0123iem audiologop\u0113diem un nozares profesion\u0101\u013ciem.<\/div>\n    \n  <\/div>\n\n<\/div>\n<\/div><\/div><\/div>\n<\/section><section class=\"bde-section-732-166 bde-section\">\n  \n\t\n\n\n\n<div class=\"section-container\"><h1 class=\"bde-heading-732-160 bde-heading\">\nNodro\u0161iniet savu pacientu dzirdes aizsardz\u012bbu un apmierin\u0101t\u012bbu ar lab\u0101kajiem nozares izdruk\u0101m.\n<\/h1><div class=\"bde-text-732-161 bde-text\">\nRe\u0123istr\u0113jieties tagad, lai piedal\u012btos kurs\u0101 Printmaking for Otoplastics <br>un paceliet savas zin\u0101\u0161anas un prasmes jaun\u0101 l\u012bmen\u012b. \n<\/div><div class=\"bde-columns-732-168 bde-columns\"><div class=\"bde-column-732-169 bde-column\">\n  \n\t\n\n\n\n<div class=\"bde-button-732-167 bde-button button-product-cont header-top-button\">\n    \n                                    \n    \n    \n    \n    \n            \n            <button type=\"button\" class=\"button-atom button-atom--custom bde-button__button\"  >\n    \n        <span class=\"button-atom__text\">Sazinieties ar mums<\/span>\n\n        \n        \n            <\/button>\n    \n\n\n<\/div>\n<\/div><\/div><\/div>\n<\/section><section class=\"bde-section-732-171 bde-section\">\n  \n\t\n\n\n\n<div class=\"section-container\"><div class=\"bde-columns-732-172 bde-columns\"><div class=\"bde-column-732-173 bde-column\">\n  \n\t\n\n\n\n<div class=\"bde-image-732-175 bde-image\">\n  \n\n\n\n\n\n<figure class=\"breakdance-image breakdance-image--764\">\n\t<div class=\"breakdance-image-container\">\n\t\t<div class=\"breakdance-image-clip\">\n\t\t\t\n\t\t\t\t\n\t\t\t\t\t      \n  \n  \n  \n  \n      \n      <img loading=\"lazy\" decoding=\"async\"\n      class=\"breakdance-image-object\"\n      src=\"https:\/\/earplugz.com\/wp-content\/uploads\/2023\/11\/1.png\"\n      width=\"435\"\n      height=\"400\"\n      \n      \n                                    srcset=\"https:\/\/earplugz.com\/wp-content\/uploads\/2023\/11\/1.png 435w, https:\/\/earplugz.com\/wp-content\/uploads\/2023\/11\/1-300x276.png 300w\"\n                                                                      >\n  \n\n\t\t\t\t\t\n\t\t\t\t\t\t<\/div>\n\t<\/div>\n\n\t<\/figure>\n\n<\/div>\n<\/div><div class=\"bde-column-732-176 bde-column\">\n  \n\t\n\n\n\n<div class=\"bde-image-732-177 bde-image\">\n  \n\n\n\n\n\n<figure class=\"breakdance-image breakdance-image--765\">\n\t<div class=\"breakdance-image-container\">\n\t\t<div class=\"breakdance-image-clip\">\n\t\t\t\n\t\t\t\t\n\t\t\t\t\t      \n  \n  \n  \n  \n      \n      <img loading=\"lazy\" decoding=\"async\"\n      class=\"breakdance-image-object\"\n      src=\"https:\/\/earplugz.com\/wp-content\/uploads\/2023\/11\/2.png\"\n      width=\"435\"\n      height=\"400\"\n      \n      \n                                    srcset=\"https:\/\/earplugz.com\/wp-content\/uploads\/2023\/11\/2.png 435w, https:\/\/earplugz.com\/wp-content\/uploads\/2023\/11\/2-300x276.png 300w\"\n                                                                      >\n  \n\n\t\t\t\t\t\n\t\t\t\t\t\t<\/div>\n\t<\/div>\n\n\t<\/figure>\n\n<\/div>\n<\/div><div class=\"bde-column-732-178 bde-column\">\n  \n\t\n\n\n\n<div class=\"bde-image-732-179 bde-image\">\n  \n\n\n\n\n\n<figure class=\"breakdance-image breakdance-image--766\">\n\t<div class=\"breakdance-image-container\">\n\t\t<div class=\"breakdance-image-clip\">\n\t\t\t\n\t\t\t\t\n\t\t\t\t\t      \n  \n  \n  \n  \n      \n      <img loading=\"lazy\" decoding=\"async\"\n      class=\"breakdance-image-object\"\n      src=\"https:\/\/earplugz.com\/wp-content\/uploads\/2023\/11\/3.png\"\n      width=\"435\"\n      height=\"400\"\n      \n      \n                                    srcset=\"https:\/\/earplugz.com\/wp-content\/uploads\/2023\/11\/3.png 435w, https:\/\/earplugz.com\/wp-content\/uploads\/2023\/11\/3-300x276.png 300w\"\n                                                                      >\n  \n\n\t\t\t\t\t\n\t\t\t\t\t\t<\/div>\n\t<\/div>\n\n\t<\/figure>\n\n<\/div>\n<\/div><div class=\"bde-column-732-180 bde-column\">\n  \n\t\n\n\n\n<div class=\"bde-image-732-181 bde-image\">\n  \n\n\n\n\n\n<figure class=\"breakdance-image breakdance-image--767\">\n\t<div class=\"breakdance-image-container\">\n\t\t<div class=\"breakdance-image-clip\">\n\t\t\t\n\t\t\t\t\n\t\t\t\t\t      \n  \n  \n  \n  \n      \n      <img loading=\"lazy\" decoding=\"async\"\n      class=\"breakdance-image-object\"\n      src=\"https:\/\/earplugz.com\/wp-content\/uploads\/2023\/11\/4.png\"\n      width=\"445\"\n      height=\"400\"\n      \n      \n                                    srcset=\"https:\/\/earplugz.com\/wp-content\/uploads\/2023\/11\/4.png 445w, https:\/\/earplugz.com\/wp-content\/uploads\/2023\/11\/4-300x270.png 300w\"\n                                                                      >\n  \n\n\t\t\t\t\t\n\t\t\t\t\t\t<\/div>\n\t<\/div>\n\n\t<\/figure>\n\n<\/div>\n<\/div><\/div><\/div>\n<\/section>","protected":false},"excerpt":{"rendered":"<p>Cursus Afdrukken Maken voor Otoplastieken: Theorie en Praktijk about Ontdek de kunst van afdrukken maken voor otoplastieken met onze uitgebreide en interactieve cursus. Of je nu een ervaren audioloog bent of net begint in het vak, deze cursus biedt waardevolle kennis en praktische vaardigheden om hoogwaardige afdrukken te produceren voor gehoorbeschermingsmiddelen. Wat kun je verwachten? [&hellip;]<\/p>","protected":false},"author":1,"featured_media":0,"parent":717,"menu_order":0,"comment_status":"closed","ping_status":"closed","template":"","meta":{"_breakdance_hide_in_design_set":false,"_breakdance_tags":"","footnotes":""},"class_list":["post-732","page","type-page","status-publish","hentry"],"_links":{"self":[{"href":"https:\/\/earplugz.com\/lv\/wp-json\/wp\/v2\/pages\/732","targetHints":{"allow":["GET"]}}],"collection":[{"href":"https:\/\/earplugz.com\/lv\/wp-json\/wp\/v2\/pages"}],"about":[{"href":"https:\/\/earplugz.com\/lv\/wp-json\/wp\/v2\/types\/page"}],"author":[{"embeddable":true,"href":"https:\/\/earplugz.com\/lv\/wp-json\/wp\/v2\/users\/1"}],"replies":[{"embeddable":true,"href":"https:\/\/earplugz.com\/lv\/wp-json\/wp\/v2\/comments?post=732"}],"version-history":[{"count":19,"href":"https:\/\/earplugz.com\/lv\/wp-json\/wp\/v2\/pages\/732\/revisions"}],"predecessor-version":[{"id":803,"href":"https:\/\/earplugz.com\/lv\/wp-json\/wp\/v2\/pages\/732\/revisions\/803"}],"up":[{"embeddable":true,"href":"https:\/\/earplugz.com\/lv\/wp-json\/wp\/v2\/pages\/717"}],"wp:attachment":[{"href":"https:\/\/earplugz.com\/lv\/wp-json\/wp\/v2\/media?parent=732"}],"curies":[{"name":"wp","href":"https:\/\/api.w.org\/{rel}","templated":true}]}}