{"id":717,"date":"2023-11-14T11:36:49","date_gmt":"2023-11-14T11:36:49","guid":{"rendered":"https:\/\/earplugz.com\/?page_id=717"},"modified":"2023-11-29T14:17:37","modified_gmt":"2023-11-29T14:17:37","slug":"cursussen","status":"publish","type":"page","link":"https:\/\/earplugz.com\/lv\/kursi\/","title":{"rendered":"Kursi"},"content":{"rendered":"<section class=\"bde-section-717-145 bde-section\">\n  \n\t\n\n\n\n<div class=\"section-container\"><h1 class=\"bde-heading-717-120 bde-heading\">\nKursi\n<\/h1><\/div>\n<\/section><section class=\"bde-section-717-100 bde-section\">\n  \n\t\n\n\n\n<div class=\"section-container\"><div class=\"bde-columns-717-135 bde-columns\"><div class=\"bde-column-717-137 bde-column\">\n  \n\t\n\n\n\n<div class=\"bde-image-717-139 bde-image\">\n  \n\n\n\n\n\n<figure class=\"breakdance-image breakdance-image--720\">\n\t<div class=\"breakdance-image-container\">\n\t\t<div class=\"breakdance-image-clip\">\n\t\t\t\t\t\t<a class=\"breakdance-image-link breakdance-image-link--url\" href=\"https:\/\/earplugz.com\/lv\/kursi\/montaza\/\" target=\"_self\" rel=\"noopener\" data-sub-html=\"\" data-lg-size=\"-\">\n\t\t\t\t\n\t\t\t\t\n\t\t\t\t\t      \n  \n  \n  \n  \n      \n      <img loading=\"lazy\" decoding=\"async\"\n      class=\"breakdance-image-object\"\n      src=\"https:\/\/earplugz.com\/wp-content\/uploads\/2023\/11\/img-4-1.png\"\n      width=\"890\"\n      height=\"600\"\n      \n      \n                                    srcset=\"https:\/\/earplugz.com\/wp-content\/uploads\/2023\/11\/img-4-1.png 890w, https:\/\/earplugz.com\/wp-content\/uploads\/2023\/11\/img-4-1-300x202.png 300w, https:\/\/earplugz.com\/wp-content\/uploads\/2023\/11\/img-4-1-768x518.png 768w, https:\/\/earplugz.com\/wp-content\/uploads\/2023\/11\/img-4-1-600x404.png 600w\"\n                                                                      >\n  \n\n\t\t\t\t\t\n\t\t\t\t\t\t\t<\/a>\n\t\t\t\t\t<\/div>\n\t<\/div>\n\n\t<\/figure>\n\n<\/div><div class=\"bde-text-717-138 bde-text text-posstion\">\nOtoplastikas grafikas kurss: Teorija un prakse\n<\/div>\n<\/div><div class=\"bde-column-717-142 bde-column\">\n  \n\t\n\n\n\n<div class=\"bde-image-717-143 bde-image\">\n  \n\n\n\n\n\n<figure class=\"breakdance-image breakdance-image--724\">\n\t<div class=\"breakdance-image-container\">\n\t\t<div class=\"breakdance-image-clip\">\n\t\t\t\t\t\t<a class=\"breakdance-image-link breakdance-image-link--url\" href=\"https:\/\/earplugz.com\/lv\/kursi\/pardosana\/\" target=\"_self\" rel=\"noopener\" data-sub-html=\"\" data-lg-size=\"-\">\n\t\t\t\t\n\t\t\t\t\n\t\t\t\t\t      \n  \n  \n  \n  \n      \n      <img loading=\"lazy\" decoding=\"async\"\n      class=\"breakdance-image-object\"\n      src=\"https:\/\/earplugz.com\/wp-content\/uploads\/2023\/11\/image-2.png\"\n      width=\"890\"\n      height=\"600\"\n      \n      \n                                    srcset=\"https:\/\/earplugz.com\/wp-content\/uploads\/2023\/11\/image-2.png 890w, https:\/\/earplugz.com\/wp-content\/uploads\/2023\/11\/image-2-300x202.png 300w, https:\/\/earplugz.com\/wp-content\/uploads\/2023\/11\/image-2-768x518.png 768w, https:\/\/earplugz.com\/wp-content\/uploads\/2023\/11\/image-2-600x404.png 600w\"\n                                                                      >\n  \n\n\t\t\t\t\t\n\t\t\t\t\t\t\t<\/a>\n\t\t\t\t\t<\/div>\n\t<\/div>\n\n\t<\/figure>\n\n<\/div><div class=\"bde-text-717-144 bde-text text-posstion\">\nP\u0113c pas\u016bt\u012bjuma izgatavotu ausu aizb\u0101\u017e\u0146u teorija un p\u0101rdo\u0161anas iesp\u0113jas: Padzi\u013cin\u0101ts kurss\n<\/div>\n<\/div><\/div><\/div>\n<\/section><section class=\"bde-section-717-117 bde-section\">\n  \n\t\n\n\n\n<div class=\"section-container\"><div class=\"bde-columns-717-118 bde-columns product-section-img\"><div class=\"bde-column-717-119 bde-column\">\n  \n\t\n\n\n\n<h1 class=\"bde-heading-717-146 bde-heading\">\nprodukti\n<\/h1><div class=\"bde-text-717-121 bde-text\">\nEARPLUGZ ir pla\u0161s p\u0113c pas\u016bt\u012bjuma izgatavotu ausu aizb\u0101\u017e\u0146u kl\u0101sts. Mums ir produkti da\u017e\u0101d\u0101m situ\u0101cij\u0101m, piem\u0113ram, m\u016bzikas nozarei, autosportam un darba vietai.\n<\/div><div class=\"bde-button-717-122 bde-button button-product-cont\">\n    \n                                    \n    \n    \n    \n    \n            \n                    \n            \n            \n\n    \n    \n    \n    \n    <a class=\"breakdance-link button-atom button-atom--primary bde-button__button\" href=\"https:\/\/earplugz.com\/lv\/oordoppen\/\" target=\"_self\" data-type=\"url\"  >\n\n    \n        <span class=\"button-atom__text\">APSKAT\u012aT VISUS PRODUKTUS<\/span>\n\n        \n        \n                <\/a>\n\n    \n\n\n<\/div>\n<\/div><div class=\"bde-column-717-123 bde-column\">\n  \n\t\n\n\n\n<div class=\"bde-columns-717-124 bde-columns new-column\"><div class=\"bde-column-717-125 bde-column\">\n  \n\t\n\n\n\n<div class=\"bde-image-717-126 bde-image\">\n  \n\n\n\n\n\n<figure class=\"breakdance-image breakdance-image--1009\">\n\t<div class=\"breakdance-image-container\">\n\t\t<div class=\"breakdance-image-clip\">\n\t\t\t\n\t\t\t\t\n\t\t\t\t\t      \n  \n  \n  \n  \n      \n      <img loading=\"lazy\" decoding=\"async\"\n      class=\"breakdance-image-object\"\n      src=\"https:\/\/earplugz.com\/wp-content\/uploads\/2023\/11\/egle.jpg\"\n      width=\"440\"\n      height=\"400\"\n      \n      \n                                    srcset=\"https:\/\/earplugz.com\/wp-content\/uploads\/2023\/11\/egle.jpg 440w, https:\/\/earplugz.com\/wp-content\/uploads\/2023\/11\/egle-300x273.jpg 300w, https:\/\/earplugz.com\/wp-content\/uploads\/2023\/11\/egle-13x12.jpg 13w\"\n                                                                      >\n  \n\n\t\t\t\t\t\n\t\t\t\t\t\t<\/div>\n\t<\/div>\n\n\t<\/figure>\n\n<\/div>\n<\/div><div class=\"bde-column-717-127 bde-column\">\n  \n\t\n\n\n\n<div class=\"bde-image-717-128 bde-image\">\n  \n\n\n\n\n\n<figure class=\"breakdance-image breakdance-image--1008\">\n\t<div class=\"breakdance-image-container\">\n\t\t<div class=\"breakdance-image-clip\">\n\t\t\t\n\t\t\t\t\n\t\t\t\t\t      \n  \n  \n  \n  \n      \n      <img loading=\"lazy\" decoding=\"async\"\n      class=\"breakdance-image-object\"\n      src=\"https:\/\/earplugz.com\/wp-content\/uploads\/2023\/11\/sleeves-1.jpg\"\n      width=\"440\"\n      height=\"400\"\n      \n      \n                                    srcset=\"https:\/\/earplugz.com\/wp-content\/uploads\/2023\/11\/sleeves-1.jpg 440w, https:\/\/earplugz.com\/wp-content\/uploads\/2023\/11\/sleeves-1-300x273.jpg 300w, https:\/\/earplugz.com\/wp-content\/uploads\/2023\/11\/sleeves-1-13x12.jpg 13w\"\n                                                                      >\n  \n\n\t\t\t\t\t\n\t\t\t\t\t\t<\/div>\n\t<\/div>\n\n\t<\/figure>\n\n<\/div>\n<\/div><\/div><div class=\"bde-columns-717-129 bde-columns new-column\"><div class=\"bde-column-717-130 bde-column\">\n  \n\t\n\n\n\n<div class=\"bde-image-717-131 bde-image\">\n  \n\n\n\n\n\n<figure class=\"breakdance-image breakdance-image--1010\">\n\t<div class=\"breakdance-image-container\">\n\t\t<div class=\"breakdance-image-clip\">\n\t\t\t\n\t\t\t\t\n\t\t\t\t\t      \n  \n  \n  \n  \n      \n      <img loading=\"lazy\" decoding=\"async\"\n      class=\"breakdance-image-object\"\n      src=\"https:\/\/earplugz.com\/wp-content\/uploads\/2023\/11\/hard.jpg\"\n      width=\"440\"\n      height=\"400\"\n      \n      \n                                    srcset=\"https:\/\/earplugz.com\/wp-content\/uploads\/2023\/11\/hard.jpg 440w, https:\/\/earplugz.com\/wp-content\/uploads\/2023\/11\/hard-300x273.jpg 300w, https:\/\/earplugz.com\/wp-content\/uploads\/2023\/11\/hard-13x12.jpg 13w\"\n                                                                      >\n  \n\n\t\t\t\t\t\n\t\t\t\t\t\t<\/div>\n\t<\/div>\n\n\t<\/figure>\n\n<\/div>\n<\/div><div class=\"bde-column-717-132 bde-column\">\n  \n\t\n\n\n\n<div class=\"bde-image-717-133 bde-image\">\n  \n\n\n\n\n\n<figure class=\"breakdance-image breakdance-image--765\">\n\t<div class=\"breakdance-image-container\">\n\t\t<div class=\"breakdance-image-clip\">\n\t\t\t\n\t\t\t\t\n\t\t\t\t\t      \n  \n  \n  \n  \n      \n      <img loading=\"lazy\" decoding=\"async\"\n      class=\"breakdance-image-object\"\n      src=\"https:\/\/earplugz.com\/wp-content\/uploads\/2023\/11\/2.png\"\n      width=\"435\"\n      height=\"400\"\n      \n      \n                                    srcset=\"https:\/\/earplugz.com\/wp-content\/uploads\/2023\/11\/2.png 435w, https:\/\/earplugz.com\/wp-content\/uploads\/2023\/11\/2-300x276.png 300w\"\n                                                                      >\n  \n\n\t\t\t\t\t\n\t\t\t\t\t\t<\/div>\n\t<\/div>\n\n\t<\/figure>\n\n<\/div>\n<\/div><\/div>\n<\/div><\/div><\/div>\n<\/section>","protected":false},"excerpt":{"rendered":"<p>Kursi Kursi Print Making for Otoplastics: Teorija un prakse P\u0113c pas\u016bt\u012bjuma izgatavotu ausu aizb\u0101\u017e\u0146u teorija un p\u0101rdo\u0161anas iesp\u0113jas: EARPLUGZ ir pla\u0161s p\u0113c pas\u016bt\u012bjuma izgatavotu ausu aizb\u0101\u017e\u0146u kl\u0101sts. Mums ir produkti da\u017e\u0101d\u0101m situ\u0101cij\u0101m, piem\u0113ram, m\u016bzikas nozarei, autosportam un darbaviet\u0101m. SKAT\u012aT VISUS PRODUKTUS<\/p>","protected":false},"author":1,"featured_media":0,"parent":0,"menu_order":0,"comment_status":"closed","ping_status":"closed","template":"","meta":{"_breakdance_hide_in_design_set":false,"_breakdance_tags":"","footnotes":""},"class_list":["post-717","page","type-page","status-publish","hentry"],"_links":{"self":[{"href":"https:\/\/earplugz.com\/lv\/wp-json\/wp\/v2\/pages\/717","targetHints":{"allow":["GET"]}}],"collection":[{"href":"https:\/\/earplugz.com\/lv\/wp-json\/wp\/v2\/pages"}],"about":[{"href":"https:\/\/earplugz.com\/lv\/wp-json\/wp\/v2\/types\/page"}],"author":[{"embeddable":true,"href":"https:\/\/earplugz.com\/lv\/wp-json\/wp\/v2\/users\/1"}],"replies":[{"embeddable":true,"href":"https:\/\/earplugz.com\/lv\/wp-json\/wp\/v2\/comments?post=717"}],"version-history":[{"count":4,"href":"https:\/\/earplugz.com\/lv\/wp-json\/wp\/v2\/pages\/717\/revisions"}],"predecessor-version":[{"id":1175,"href":"https:\/\/earplugz.com\/lv\/wp-json\/wp\/v2\/pages\/717\/revisions\/1175"}],"wp:attachment":[{"href":"https:\/\/earplugz.com\/lv\/wp-json\/wp\/v2\/media?parent=717"}],"curies":[{"name":"wp","href":"https:\/\/api.w.org\/{rel}","templated":true}]}}