{"id":778,"date":"2023-11-14T13:53:53","date_gmt":"2023-11-14T13:53:53","guid":{"rendered":"https:\/\/earplugz.com\/?post_type=product&#038;p=778"},"modified":"2023-11-21T15:22:41","modified_gmt":"2023-11-21T15:22:41","slug":"in-ear-pro","status":"publish","type":"product","link":"https:\/\/earplugz.com\/lt\/product\/ausiniu-pro\/","title":{"rendered":"\"In-Ear Pro"},"content":{"rendered":"<div style=\"display: flex; flex-wrap: wrap;\">\n<div style=\"flex-basis: 100%; display: flex; justify-content: space-between;\">\n        <span style=\"color: #999999;\">Med\u017eiaga:<\/span><br \/>\n        <strong style=\"text-align: right; flex-grow: 1;\">Akrilas arba silikonas<\/strong>\n    <\/div>\n<div style=\"flex-basis: 100%; display: flex; justify-content: space-between;\">\n        <span style=\"color: #999999;\">Vairuotojo sistema:<\/span><br \/>\n        <strong style=\"text-align: right; flex-grow: 1;\">Nuo 1 iki 6<\/strong>\n    <\/div>\n<div style=\"flex-basis: 100%; display: flex; justify-content: space-between;\">\n        <span style=\"color: #999999;\">Gars\u0173 gamta:<\/span><br \/>\n        <strong style=\"text-align: right; flex-grow: 1;\">sunkus bosas<\/strong>\n    <\/div>\n<div style=\"flex-basis: 100%; display: flex; justify-content: space-between;\">\n        <span style=\"color: #999999;\">Gyvenimo trukm\u0117:<\/span><br \/>\n        <strong style=\"text-align: right; flex-grow: 1;\">Ma\u017edaug 4-5 metai<\/strong>\n    <\/div>\n<div style=\"flex-basis: 100%; display: flex; justify-content: space-between;\">\n        <span style=\"color: #999999;\">Did\u017eiausias galingumas:<\/span><br \/>\n        <strong style=\"text-align: right; flex-grow: 1;\">128 dB SPL<\/strong>\n    <\/div>\n<div style=\"flex-basis: 100%; display: flex; justify-content: space-between;\">\n        <span style=\"color: #999999;\">Da\u017eni\u0173 diapazonas:<\/span><br \/>\n        <strong style=\"text-align: right; flex-grow: 1;\">10 Hz - 38 kHz<\/strong>\n    <\/div>\n<div style=\"flex-basis: 100%; display: flex; justify-content: space-between;\">\n        <span style=\"color: #999999;\">Spalv\u0173 skai\u010dius:<\/span><br \/>\n        <strong style=\"text-align: right; flex-grow: 1;\">8<\/strong>\n    <\/div>\n<\/div>","protected":false},"excerpt":{"rendered":"<ul>\n<li>6 kryp\u010di\u0173 garsiakalbis (\u017eem\u0173 da\u017eni\u0173)<\/li>\n<li>Skambesio signat\u016bra: daug \u017eem\u0173 da\u017eni\u0173<\/li>\n<li>Jautrumas esant 1 mW: 128 dB SPL<\/li>\n<li>Impedancija esant 1 kHz da\u017eniui: 31,5 om\u0173<\/li>\n<li>Da\u017eni\u0173 diapazonas: 10 Hz - 38 kHz<\/li>\n<li>Did\u017eiausia i\u0161\u0117jimo galia: 128 dB SPL<\/li>\n<li>THD esant 94 dB SPL: 0,1%<\/li>\n<li>THD esant 100 dB SPL: 0,2%<\/li>\n<\/ul>","protected":false},"featured_media":834,"comment_status":"open","ping_status":"closed","template":"","meta":[],"product_cat":[17],"product_tag":[],"class_list":{"0":"post-778","1":"product","2":"type-product","3":"status-publish","4":"has-post-thumbnail","6":"product_cat-zie-specificaties","7":"pa_color-black","8":"pa_color-red","10":"first","11":"instock","12":"shipping-taxable","13":"product-type-simple"},"_links":{"self":[{"href":"https:\/\/earplugz.com\/lt\/wp-json\/wp\/v2\/product\/778","targetHints":{"allow":["GET"]}}],"collection":[{"href":"https:\/\/earplugz.com\/lt\/wp-json\/wp\/v2\/product"}],"about":[{"href":"https:\/\/earplugz.com\/lt\/wp-json\/wp\/v2\/types\/product"}],"replies":[{"embeddable":true,"href":"https:\/\/earplugz.com\/lt\/wp-json\/wp\/v2\/comments?post=778"}],"wp:featuredmedia":[{"embeddable":true,"href":"https:\/\/earplugz.com\/lt\/wp-json\/wp\/v2\/media\/834"}],"wp:attachment":[{"href":"https:\/\/earplugz.com\/lt\/wp-json\/wp\/v2\/media?parent=778"}],"wp:term":[{"taxonomy":"product_cat","embeddable":true,"href":"https:\/\/earplugz.com\/lt\/wp-json\/wp\/v2\/product_cat?post=778"},{"taxonomy":"product_tag","embeddable":true,"href":"https:\/\/earplugz.com\/lt\/wp-json\/wp\/v2\/product_tag?post=778"}],"curies":[{"name":"wp","href":"https:\/\/api.w.org\/{rel}","templated":true}]}}