{"id":777,"date":"2023-11-14T13:53:19","date_gmt":"2023-11-14T13:53:19","guid":{"rendered":"https:\/\/earplugz.com\/?post_type=product&#038;p=777"},"modified":"2023-11-21T15:24:08","modified_gmt":"2023-11-21T15:24:08","slug":"iso-tunes-ears","status":"publish","type":"product","link":"https:\/\/earplugz.com\/lt\/product\/iso-melodijos-ausys\/","title":{"rendered":"\"Iso Tunes\" ausys"},"content":{"rendered":"<div style=\"display: flex; flex-wrap: wrap;\">\n<div style=\"flex-basis: 100%; display: flex; justify-content: space-between;\">\n        <span style=\"color: #999999;\">Med\u017eiaga:<\/span><br \/>\n        <strong style=\"text-align: right; flex-grow: 1;\">Akrilas arba silikonas<\/strong>\n    <\/div>\n<div style=\"flex-basis: 100%; display: flex; justify-content: space-between;\">\n        <span style=\"color: #999999;\">Magnetin\u0117s ausin\u0117s:<\/span><br \/>\n        <strong style=\"text-align: right; flex-grow: 1;\">Taip<\/strong>\n    <\/div>\n<div style=\"flex-basis: 100%; display: flex; justify-content: space-between;\">\n        <span style=\"color: #999999;\">Triuk\u0161m\u0105 slopinantis mikrofonas:<\/span><br \/>\n        <strong style=\"text-align: right; flex-grow: 1;\">Taip<\/strong>\n    <\/div>\n<div style=\"flex-basis: 100%; display: flex; justify-content: space-between;\">\n        <span style=\"color: #999999;\">Atsparumas dulk\u0117ms, prakaitui ir vandeniui:<\/span><br \/>\n        <strong style=\"text-align: right; flex-grow: 1;\">Taip<\/strong>\n    <\/div>\n<div style=\"flex-basis: 100%; display: flex; justify-content: space-between;\">\n        <span style=\"color: #999999;\">Gyvenimo trukm\u0117:<\/span><br \/>\n        <strong style=\"text-align: right; flex-grow: 1;\">Ma\u017edaug 4-5 metai<\/strong>\n    <\/div>\n<div style=\"flex-basis: 100%; display: flex; justify-content: space-between;\">\n        <span style=\"color: #999999;\">Belaidis atk\u016brimas:<\/span><br \/>\n        <strong style=\"text-align: right; flex-grow: 1;\">11 val.<\/strong>\n    <\/div>\n<div style=\"flex-basis: 100%; display: flex; justify-content: space-between;\">\n        <span style=\"color: #999999;\">Ribotos apimties gamyba:<\/span><br \/>\n        <strong style=\"text-align: right; flex-grow: 1;\">iki 79 dBA<\/strong>\n    <\/div>\n<div style=\"flex-basis: 100%; display: flex; justify-content: space-between;\">\n        <span style=\"color: #999999;\">Spalv\u0173 skai\u010dius:<\/span><br \/>\n        <strong style=\"text-align: right; flex-grow: 1;\">10<\/strong>\n    <\/div>\n<\/div>","protected":false},"excerpt":{"rendered":"<ul>\n<li>\"Bluetooth\u00ae 5.0<\/li>\n<li>Triuk\u0161m\u0105 izoliuojantis mikrofonas - ai\u0161k\u016bs pokalbiai garsioje aplinkoje<\/li>\n<li>\"SafeMax\u2122\" - i\u0161skirtin\u0117 garso kokyb\u0117, ribojant gars\u0105 iki 79 dBA<\/li>\n<li>11 valand\u0173 belaid\u017eio atk\u016brimo, kai akumuliatorius visi\u0161kai \u012fkrautas<\/li>\n<li>Belaidis belaidis ry\u0161ys<\/li>\n<li>\u012ekrovimas per \"micro USB<\/li>\n<li>Pritaikyta optimaliam d\u0117v\u0117jimo komfortui<\/li>\n<li>Tinka ilgalaikiam ir kasdieniam naudojimui<\/li>\n<li>IP67 atsparumas dulk\u0117ms, prakaitui ir vandeniui<\/li>\n<\/ul>","protected":false},"featured_media":833,"comment_status":"open","ping_status":"closed","template":"","meta":[],"product_cat":[17],"product_tag":[],"class_list":{"0":"post-777","1":"product","2":"type-product","3":"status-publish","4":"has-post-thumbnail","6":"product_cat-zie-specificaties","7":"pa_color-black","8":"pa_color-blue","9":"pa_color-clear","10":"pa_color-green","11":"pa_color-orange","12":"pa_color-pink","13":"pa_color-purple","14":"pa_color-red","15":"pa_color-white","16":"pa_color-yellow","18":"first","19":"instock","20":"shipping-taxable","21":"product-type-simple"},"_links":{"self":[{"href":"https:\/\/earplugz.com\/lt\/wp-json\/wp\/v2\/product\/777","targetHints":{"allow":["GET"]}}],"collection":[{"href":"https:\/\/earplugz.com\/lt\/wp-json\/wp\/v2\/product"}],"about":[{"href":"https:\/\/earplugz.com\/lt\/wp-json\/wp\/v2\/types\/product"}],"replies":[{"embeddable":true,"href":"https:\/\/earplugz.com\/lt\/wp-json\/wp\/v2\/comments?post=777"}],"wp:featuredmedia":[{"embeddable":true,"href":"https:\/\/earplugz.com\/lt\/wp-json\/wp\/v2\/media\/833"}],"wp:attachment":[{"href":"https:\/\/earplugz.com\/lt\/wp-json\/wp\/v2\/media?parent=777"}],"wp:term":[{"taxonomy":"product_cat","embeddable":true,"href":"https:\/\/earplugz.com\/lt\/wp-json\/wp\/v2\/product_cat?post=777"},{"taxonomy":"product_tag","embeddable":true,"href":"https:\/\/earplugz.com\/lt\/wp-json\/wp\/v2\/product_tag?post=777"}],"curies":[{"name":"wp","href":"https:\/\/api.w.org\/{rel}","templated":true}]}}