{"id":776,"date":"2023-11-14T13:52:53","date_gmt":"2023-11-14T13:52:53","guid":{"rendered":"https:\/\/earplugz.com\/?post_type=product&#038;p=776"},"modified":"2023-11-21T15:30:24","modified_gmt":"2023-11-21T15:30:24","slug":"motor-ears","status":"publish","type":"product","link":"https:\/\/earplugz.com\/lt\/product\/motorines-ausys\/","title":{"rendered":"Variklio ausys"},"content":{"rendered":"<div style=\"display: flex; flex-wrap: wrap;\">\n<div style=\"flex-basis: 100%; display: flex; justify-content: space-between;\">\n        <span style=\"color: #999999;\">Med\u017eiaga:<\/span><br \/>\n        <strong style=\"text-align: right; flex-grow: 1;\">Akrilas arba silikonas<\/strong>\n    <\/div>\n<div style=\"flex-basis: 100%; display: flex; justify-content: space-between;\">\n        <span style=\"color: #999999;\">Filtras (slopinimas):<\/span><br \/>\n        <strong style=\"text-align: right; flex-grow: 1;\">2 tipai<\/strong>\n    <\/div>\n<div style=\"flex-basis: 100%; display: flex; justify-content: space-between;\">\n        <span style=\"color: #999999;\">Garso kokyb\u0117:<\/span><br \/>\n        <strong style=\"text-align: right; flex-grow: 1;\">Specialus filtras nuo kenksmingo variklio ir v\u0117jo keliamo triuk\u0161mo<\/strong>\n    <\/div>\n<div style=\"flex-basis: 100%; display: flex; justify-content: space-between;\">\n        <span style=\"color: #999999;\">Antialergin\u0117 danga:\u00a0<\/span><br \/>\n        <strong style=\"text-align: right; flex-grow: 1;\">Taip<\/strong>\n    <\/div>\n<div style=\"flex-basis: 100%; display: flex; justify-content: space-between;\">\n        <span style=\"color: #999999;\">Gyvenimo trukm\u0117:<\/span><br \/>\n        <strong style=\"text-align: right; flex-grow: 1;\">Ma\u017edaug 4-5 metai<\/strong>\n    <\/div>\n<div style=\"flex-basis: 100%; display: flex; justify-content: space-between;\">\n        <span style=\"color: #999999;\">Rankena:<\/span><br \/>\n        <strong style=\"text-align: right; flex-grow: 1;\">I-Grip<\/strong>\n    <\/div>\n<div style=\"flex-basis: 100%; display: flex; justify-content: space-between;\">\n        <span style=\"color: #999999;\">Lanyard su spaustuku:<\/span><br \/>\n        <strong style=\"text-align: right; flex-grow: 1;\">Ne<\/strong>\n    <\/div>\n<div style=\"flex-basis: 100%; display: flex; justify-content: space-between;\">\n        <span style=\"color: #999999;\">Galima derinti su ausies garsiakalbiu:<\/span><br \/>\n        <strong style=\"text-align: right; flex-grow: 1;\">Ne<\/strong>\n    <\/div>\n<div style=\"flex-basis: 100%; display: flex; justify-content: space-between;\">\n        <span style=\"color: #999999;\">Spalv\u0173 skai\u010dius:<\/span><br \/>\n        <strong style=\"text-align: right; flex-grow: 1;\">10<\/strong>\n    <\/div>\n<\/div>","protected":false},"excerpt":{"rendered":"<ul>\n<li>Nei\u0161siki\u0161a i\u0161 aus\u0173, tod\u0117l tinka sandariems \u0161almams<\/li>\n<li>Pritaikyta optimaliam d\u0117v\u0117jimo komfortui<\/li>\n<li>Tinka ilgalaikiam ir kasdieniam naudojimui<\/li>\n<li>Neprivalomas mikrofonas<\/li>\n<li>Su \u012fmontuotais garsiakalbiais<\/li>\n<li>Antialergin\u0117 danga<\/li>\n<\/ul>","protected":false},"featured_media":832,"comment_status":"open","ping_status":"closed","template":"","meta":[],"product_cat":[17],"product_tag":[],"class_list":{"0":"post-776","1":"product","2":"type-product","3":"status-publish","4":"has-post-thumbnail","6":"product_cat-zie-specificaties","7":"pa_color-black","8":"pa_color-blue","9":"pa_color-clear","10":"pa_color-green","11":"pa_color-orange","12":"pa_color-pink","13":"pa_color-purple","14":"pa_color-red","15":"pa_color-white","16":"pa_color-yellow","18":"first","19":"instock","20":"shipping-taxable","21":"product-type-simple"},"_links":{"self":[{"href":"https:\/\/earplugz.com\/lt\/wp-json\/wp\/v2\/product\/776","targetHints":{"allow":["GET"]}}],"collection":[{"href":"https:\/\/earplugz.com\/lt\/wp-json\/wp\/v2\/product"}],"about":[{"href":"https:\/\/earplugz.com\/lt\/wp-json\/wp\/v2\/types\/product"}],"replies":[{"embeddable":true,"href":"https:\/\/earplugz.com\/lt\/wp-json\/wp\/v2\/comments?post=776"}],"wp:featuredmedia":[{"embeddable":true,"href":"https:\/\/earplugz.com\/lt\/wp-json\/wp\/v2\/media\/832"}],"wp:attachment":[{"href":"https:\/\/earplugz.com\/lt\/wp-json\/wp\/v2\/media?parent=776"}],"wp:term":[{"taxonomy":"product_cat","embeddable":true,"href":"https:\/\/earplugz.com\/lt\/wp-json\/wp\/v2\/product_cat?post=776"},{"taxonomy":"product_tag","embeddable":true,"href":"https:\/\/earplugz.com\/lt\/wp-json\/wp\/v2\/product_tag?post=776"}],"curies":[{"name":"wp","href":"https:\/\/api.w.org\/{rel}","templated":true}]}}