{"id":774,"date":"2023-11-14T13:51:58","date_gmt":"2023-11-14T13:51:58","guid":{"rendered":"https:\/\/earplugz.com\/?post_type=product&#038;p=774"},"modified":"2023-11-21T15:35:48","modified_gmt":"2023-11-21T15:35:48","slug":"porto-protect","status":"publish","type":"product","link":"https:\/\/earplugz.com\/lt\/product\/pasto-apsauga\/","title":{"rendered":"Porto apsauga"},"content":{"rendered":"<div style=\"display: flex; flex-wrap: wrap;\">\n<div style=\"flex-basis: 100%; display: flex; justify-content: space-between;\">\n        <span style=\"color: #999999;\">Med\u017eiaga:<\/span><br \/>\n        <strong style=\"text-align: right; flex-grow: 1;\">Akrilas arba silikonas<\/strong>\n    <\/div>\n<div style=\"flex-basis: 100%; display: flex; justify-content: space-between;\">\n        <span style=\"color: #999999;\">Filtras (slopinimas):<\/span><br \/>\n        <strong style=\"text-align: right; flex-grow: 1;\">4 tipai<\/strong>\n    <\/div>\n<div style=\"flex-basis: 100%; display: flex; justify-content: space-between;\">\n        <span style=\"color: #999999;\">Antialergin\u0117 danga:<\/span><br \/>\n        <strong style=\"text-align: right; flex-grow: 1;\">Taip<\/strong>\n    <\/div>\n<div style=\"flex-basis: 100%; display: flex; justify-content: space-between;\">\n        <span style=\"color: #999999;\">Ry\u0161ys:<\/span><br \/>\n        <strong style=\"text-align: right; flex-grow: 1;\">Universalus<\/strong>\n    <\/div>\n<div style=\"flex-basis: 100%; display: flex; justify-content: space-between;\">\n        <span style=\"color: #999999;\">Gyvenimo trukm\u0117:<\/span><br \/>\n        <strong style=\"text-align: right; flex-grow: 1;\">Ma\u017edaug 4-5 metai<\/strong>\n    <\/div>\n<div style=\"flex-basis: 100%; display: flex; justify-content: space-between;\">\n        <span style=\"color: #999999;\">Rankena:<\/span><br \/>\n        <strong style=\"text-align: right; flex-grow: 1;\">Pasirinktinai<\/strong>\n    <\/div>\n<div style=\"flex-basis: 100%; display: flex; justify-content: space-between;\">\n        <span style=\"color: #999999;\">Lanyard su spaustuku:<\/span><br \/>\n        <strong style=\"text-align: right; flex-grow: 1;\">Ne<\/strong>\n    <\/div>\n<div style=\"flex-basis: 100%; display: flex; justify-content: space-between;\">\n        <span style=\"color: #999999;\">Spalv\u0173 skai\u010dius:<\/span><br \/>\n        <strong style=\"text-align: right; flex-grow: 1;\">10<\/strong>\n    <\/div>\n<\/div>","protected":false},"excerpt":{"rendered":"<ul>\n<li>Universali prijungiama \"Walkie-Talkie\" ry\u0161io sistema<\/li>\n<li>Kenksmingas aplinkos triuk\u0161mas sustabdomas naudojant special\u0173 filtr\u0105<\/li>\n<li>Pritaikyta optimaliam d\u0117v\u0117jimo komfortui<\/li>\n<li>Tinka ilgalaikiam ir kasdieniam naudojimui<\/li>\n<li>Antialergin\u0117 danga<\/li>\n<li>Vienos pus\u0117s pa\u0161to siunta + apsauga ir vienos pus\u0117s laisva apsauga<\/li>\n<\/ul>","protected":false},"featured_media":831,"comment_status":"open","ping_status":"closed","template":"","meta":[],"product_cat":[17],"product_tag":[],"class_list":{"0":"post-774","1":"product","2":"type-product","3":"status-publish","4":"has-post-thumbnail","6":"product_cat-zie-specificaties","7":"pa_color-black","8":"pa_color-red","10":"first","11":"instock","12":"shipping-taxable","13":"product-type-simple"},"_links":{"self":[{"href":"https:\/\/earplugz.com\/lt\/wp-json\/wp\/v2\/product\/774","targetHints":{"allow":["GET"]}}],"collection":[{"href":"https:\/\/earplugz.com\/lt\/wp-json\/wp\/v2\/product"}],"about":[{"href":"https:\/\/earplugz.com\/lt\/wp-json\/wp\/v2\/types\/product"}],"replies":[{"embeddable":true,"href":"https:\/\/earplugz.com\/lt\/wp-json\/wp\/v2\/comments?post=774"}],"wp:featuredmedia":[{"embeddable":true,"href":"https:\/\/earplugz.com\/lt\/wp-json\/wp\/v2\/media\/831"}],"wp:attachment":[{"href":"https:\/\/earplugz.com\/lt\/wp-json\/wp\/v2\/media?parent=774"}],"wp:term":[{"taxonomy":"product_cat","embeddable":true,"href":"https:\/\/earplugz.com\/lt\/wp-json\/wp\/v2\/product_cat?post=774"},{"taxonomy":"product_tag","embeddable":true,"href":"https:\/\/earplugz.com\/lt\/wp-json\/wp\/v2\/product_tag?post=774"}],"curies":[{"name":"wp","href":"https:\/\/api.w.org\/{rel}","templated":true}]}}