{"id":573,"date":"2023-11-10T07:02:05","date_gmt":"2023-11-10T07:02:05","guid":{"rendered":"https:\/\/earplugz.com\/?post_type=product&#038;p=573"},"modified":"2023-11-21T15:26:08","modified_gmt":"2023-11-21T15:26:08","slug":"dry-music","status":"publish","type":"product","link":"https:\/\/earplugz.com\/lt\/product\/sausa-muzika\/","title":{"rendered":"Sausa muzika"},"content":{"rendered":"<div style=\"display: flex; flex-wrap: wrap;\">\n<div style=\"flex-basis: 100%; display: flex; justify-content: space-between;\">\n        <span style=\"color: #999999;\">Med\u017eiaga:<\/span><br \/>\n        <strong style=\"text-align: right; flex-grow: 1;\">Pl\u016bduriuojantis ir nepl\u016bduriuojantis silikonas<\/strong>\n    <\/div>\n<div style=\"flex-basis: 100%; display: flex; justify-content: space-between;\">\n        <span style=\"color: #999999;\">Filtras (slopinimas):<\/span><br \/>\n        <strong style=\"text-align: right; flex-grow: 1;\">1 r\u016b\u0161is<\/strong>\n    <\/div>\n<div style=\"flex-basis: 100%; display: flex; justify-content: space-between;\">\n        <span style=\"color: #999999;\">Suderinamumas:<\/span><br \/>\n        <strong style=\"text-align: right; flex-grow: 1;\">16 valand\u0173 grojimo laikas ir 8 GB atminties talpa<\/strong>\n    <\/div>\n<div style=\"flex-basis: 100%; display: flex; justify-content: space-between;\">\n        <span style=\"color: #999999;\">Atsparus vandeniui:<\/span><br \/>\n        <strong style=\"text-align: right; flex-grow: 1;\">Iki 2,5 m 100% atsparus vandeniui<\/strong>\n    <\/div>\n<div style=\"flex-basis: 100%; display: flex; justify-content: space-between;\">\n        <span style=\"color: #999999;\">Gyvenimo trukm\u0117:<\/span><br \/>\n        <strong style=\"text-align: right; flex-grow: 1;\">Ma\u017edaug 4-5 metai<\/strong>\n    <\/div>\n<div style=\"flex-basis: 100%; display: flex; justify-content: space-between;\">\n        <span style=\"color: #999999;\">Rankena:<\/span><br \/>\n        <strong style=\"text-align: right; flex-grow: 1;\">I-Grip<\/strong>\n    <\/div>\n<div style=\"flex-basis: 100%; display: flex; justify-content: space-between;\">\n        <span style=\"color: #999999;\">Lanyard su spaustuku:<\/span><br \/>\n        <strong style=\"text-align: right; flex-grow: 1;\">Ne<\/strong>\n    <\/div>\n<div style=\"flex-basis: 100%; display: flex; justify-content: space-between;\">\n        <span style=\"color: #999999;\">Spalv\u0173 skai\u010dius:<\/span><br \/>\n        <strong style=\"text-align: right; flex-grow: 1;\">10<\/strong>\n    <\/div>\n<\/div>","protected":false},"excerpt":{"rendered":"<ul>\n<li>Unikali itin mink\u0161ta pl\u016bduriuojanti med\u017eiaga<\/li>\n<li>Vandeniui atsparus 8 GB MP3 grotuvas<\/li>\n<li>Tinka ilgalaikiam ir kasdieniam naudojimui<\/li>\n<li>Antialergin\u0117 danga<\/li>\n<li>Optimalus pritaikymas<\/li>\n<li>Patvar\u016bs (tarnauja ilgiau nei universal\u016bs ar vienkartiniai aus\u0173 ki\u0161tukai)<\/li>\n<li><span class=\"a-list-item\">Muzika plaukimo metu: geriausias vandeniui atsparus mp3 grotuvas banglentininkams ar plaukimo maratono dalyviams. Itin kompakti\u0161kas: d\u0117l laisv\u0173 rank\u0173 spaustuko konstrukcijos grotuv\u0105 lengva pritvirtinti prie, pavyzd\u017eiui, akini\u0173. Lengva valdyti.<\/span><\/li>\n<li><span class=\"a-list-item\">Puiki garso kokyb\u0117: turi pa\u017eangi\u0105 triuk\u0161mo slopinimo technologij\u0105 ir u\u017etikrina geresn\u0119 garso kokyb\u0119 nei dauguma kit\u0173 vandeniui atspari\u0173 mp3 grotuv\u0173. G<\/span><span class=\"a-list-item\">iriet be i\u0161kraipym\u0173 klausytis m\u0117gstamos muzikos plaukiojant, plaukiojant banglente, b\u0117giojant ir u\u017esiimant kita veikla.<\/span><\/li>\n<li><span class=\"a-list-item\">Didelis suderinamumas: 16 valand\u0173 grojimo trukm\u0117 ir 8 GB atminties talpa, \u012f kuri\u0105 galima \u012fra\u0161yti daugiau kaip 2 000 dain\u0173, suderinama su dauguma garso format\u0173, pvz., MP3, FLAC, WMA, APE (nereikia konvertavimo programin\u0117s \u012frangos).<\/span><\/li>\n<li><span class=\"a-list-item\">100% atsparus vandeniui - iki 2,5 m 100% atsparus vandeniui. Turi paauksuot\u0105 stereofonin\u012f lizd\u0105, kuris apsaugo nuo korozijos. Atsparumo vandeniui klas\u0117: IPX8.<\/span><\/li>\n<li><\/li>\n<\/ul>","protected":false},"featured_media":823,"comment_status":"open","ping_status":"closed","template":"","meta":[],"product_cat":[17],"product_tag":[],"class_list":{"0":"post-573","1":"product","2":"type-product","3":"status-publish","4":"has-post-thumbnail","6":"product_cat-zie-specificaties","7":"pa_color-blue","8":"pa_color-red","10":"first","11":"instock","12":"shipping-taxable","13":"product-type-simple"},"_links":{"self":[{"href":"https:\/\/earplugz.com\/lt\/wp-json\/wp\/v2\/product\/573","targetHints":{"allow":["GET"]}}],"collection":[{"href":"https:\/\/earplugz.com\/lt\/wp-json\/wp\/v2\/product"}],"about":[{"href":"https:\/\/earplugz.com\/lt\/wp-json\/wp\/v2\/types\/product"}],"replies":[{"embeddable":true,"href":"https:\/\/earplugz.com\/lt\/wp-json\/wp\/v2\/comments?post=573"}],"wp:featuredmedia":[{"embeddable":true,"href":"https:\/\/earplugz.com\/lt\/wp-json\/wp\/v2\/media\/823"}],"wp:attachment":[{"href":"https:\/\/earplugz.com\/lt\/wp-json\/wp\/v2\/media?parent=573"}],"wp:term":[{"taxonomy":"product_cat","embeddable":true,"href":"https:\/\/earplugz.com\/lt\/wp-json\/wp\/v2\/product_cat?post=573"},{"taxonomy":"product_tag","embeddable":true,"href":"https:\/\/earplugz.com\/lt\/wp-json\/wp\/v2\/product_tag?post=573"}],"curies":[{"name":"wp","href":"https:\/\/api.w.org\/{rel}","templated":true}]}}