{"id":1071,"date":"2023-11-21T07:24:57","date_gmt":"2023-11-21T07:24:57","guid":{"rendered":"https:\/\/earplugz.com\/?post_type=product&#038;p=1071"},"modified":"2023-11-21T15:12:17","modified_gmt":"2023-11-21T15:12:17","slug":"bluetooth-motor-ears","status":"publish","type":"product","link":"https:\/\/earplugz.com\/lt\/product\/bluetooth-variklio-ausys\/","title":{"rendered":"\"Bluetooth\" variklio ausys"},"content":{"rendered":"<div style=\"display: flex; flex-wrap: wrap; align-items: center;\">\n<div style=\"flex-basis: 100%; display: flex; justify-content: space-between;\">\n        <span style=\"color: #999999; white-space: nowrap;\">Med\u017eiaga:<\/span><br \/>\n        <strong style=\"text-align: right; flex-grow: 1;\">Lankstus silikonas<\/strong>\n    <\/div>\n<div style=\"flex-basis: 100%; display: flex; justify-content: space-between;\">\n        <span style=\"color: #999999; white-space: nowrap;\">Dinaminio da\u017enio diapazonas (Hz) :<\/span><br \/>\n        <strong style=\"text-align: right; flex-grow: 1;\">20Hz-20kHz<\/strong>\n    <\/div>\n<div style=\"flex-basis: 100%; display: flex; justify-content: space-between;\">\n        <span style=\"color: #999999; white-space: nowrap;\">Vairuotojo jautrumas esant 1 kHz\/1 mW (dB):<\/span><br \/>\n        <strong style=\"text-align: right; flex-grow: 1;\">102<\/strong>\n    <\/div>\n<div style=\"flex-basis: 100%; display: flex; justify-content: space-between;\">\n        <span style=\"color: #999999; white-space: nowrap;\">Maksimalus atk\u016brimo laikas (valandomis):<\/span><br \/>\n        <strong style=\"text-align: right; flex-grow: 1;\">13<\/strong>\n    <\/div>\n<div style=\"flex-basis: 100%; display: flex; justify-content: space-between;\">\n        <span style=\"color: #999999; white-space: nowrap;\">Gyvenimo trukm\u0117:<\/span><br \/>\n        <strong style=\"text-align: right; flex-grow: 1;\">Ma\u017edaug 4-5 metai<\/strong>\n    <\/div>\n<div style=\"flex-basis: 100%; display: flex; justify-content: space-between;\">\n        <span style=\"color: #999999; white-space: nowrap;\">Rankena:<\/span><br \/>\n        <strong style=\"text-align: right; flex-grow: 1;\">I-Grip<\/strong>\n    <\/div>\n<div style=\"flex-basis: 100%; display: flex; justify-content: space-between;\">\n        <span style=\"color: #999999; white-space: nowrap;\">\u012emontuotas mikrofonas:<\/span><br \/>\n        <strong style=\"text-align: right; flex-grow: 1;\">Taip<\/strong>\n    <\/div>\n<div style=\"flex-basis: 100%; display: flex; justify-content: space-between;\">\n        <span style=\"color: #999999; white-space: nowrap;\">Spalv\u0173 skai\u010dius:<\/span><br \/>\n        <strong style=\"text-align: right; flex-grow: 1;\">10<\/strong>\n    <\/div>\n<\/div>","protected":false},"excerpt":{"rendered":"<ul>\n<li>\"Bluetooth\u00ae 4.0<\/li>\n<li>Daugiau nei 6 valandas belaid\u017eio atk\u016brimo, kai akumuliatorius visi\u0161kai \u012fkrautas<\/li>\n<li>Belaidis belaidis ry\u0161ys<\/li>\n<li>\u012ekrovimas per \"micro USB<\/li>\n<li>Pritaikyta optimaliam d\u0117v\u0117jimo komfortui<\/li>\n<li>Tinka ilgalaikiam ir kasdieniam naudojimui<\/li>\n<\/ul>","protected":false},"featured_media":1072,"comment_status":"open","ping_status":"closed","template":"","meta":[],"product_cat":[17],"product_tag":[],"class_list":{"0":"post-1071","1":"product","2":"type-product","3":"status-publish","4":"has-post-thumbnail","6":"product_cat-zie-specificaties","7":"pa_color-black","8":"pa_color-blue","9":"pa_color-clear","10":"pa_color-green","11":"pa_color-orange","12":"pa_color-pink","13":"pa_color-purple","14":"pa_color-red","15":"pa_color-white","16":"pa_color-yellow","18":"first","19":"instock","20":"shipping-taxable","21":"product-type-simple"},"_links":{"self":[{"href":"https:\/\/earplugz.com\/lt\/wp-json\/wp\/v2\/product\/1071","targetHints":{"allow":["GET"]}}],"collection":[{"href":"https:\/\/earplugz.com\/lt\/wp-json\/wp\/v2\/product"}],"about":[{"href":"https:\/\/earplugz.com\/lt\/wp-json\/wp\/v2\/types\/product"}],"replies":[{"embeddable":true,"href":"https:\/\/earplugz.com\/lt\/wp-json\/wp\/v2\/comments?post=1071"}],"wp:featuredmedia":[{"embeddable":true,"href":"https:\/\/earplugz.com\/lt\/wp-json\/wp\/v2\/media\/1072"}],"wp:attachment":[{"href":"https:\/\/earplugz.com\/lt\/wp-json\/wp\/v2\/media?parent=1071"}],"wp:term":[{"taxonomy":"product_cat","embeddable":true,"href":"https:\/\/earplugz.com\/lt\/wp-json\/wp\/v2\/product_cat?post=1071"},{"taxonomy":"product_tag","embeddable":true,"href":"https:\/\/earplugz.com\/lt\/wp-json\/wp\/v2\/product_tag?post=1071"}],"curies":[{"name":"wp","href":"https:\/\/api.w.org\/{rel}","templated":true}]}}