{"id":732,"date":"2023-11-14T12:32:12","date_gmt":"2023-11-14T12:32:12","guid":{"rendered":"https:\/\/earplugz.com\/?page_id=732"},"modified":"2023-11-15T08:40:56","modified_gmt":"2023-11-15T08:40:56","slug":"aanmeting","status":"publish","type":"page","link":"https:\/\/earplugz.com\/lt\/kursai\/montavimas\/","title":{"rendered":"montavimas"},"content":{"rendered":"<section class=\"bde-section-732-100 bde-section\">\n  \n\t\n\n\n\n<div class=\"section-container\"><div class=\"bde-columns-732-101 bde-columns\"><div class=\"bde-column-732-104 bde-column\">\n  \n\t\n\n\n\n<h1 class=\"bde-heading-732-109 bde-heading\">\nSpausdinimo kursas otoplastikams: Teorija ir praktika\n<\/h1>\n<\/div><\/div><\/div>\n<\/section><section class=\"bde-section-732-111 bde-section\">\n  \n\t\n\n\n\n<div class=\"section-container\"><div class=\"bde-columns-732-112 bde-columns\"><div class=\"bde-column-732-113 bde-column\">\n  \n\t\n\n\n\n<h6 class=\"bde-heading-732-114 bde-heading\">\napie\n<\/h6><div class=\"bde-text-732-115 bde-text\">\nAtraskite atspaud\u0173, skirt\u0173 otoplastikai, darymo men\u0105 m\u016bs\u0173 i\u0161samiuose ir interaktyviuose kursuose. Nesvarbu, ar esate patyr\u0119s audiologas, ar tik pradedate dirbti, \u0161is kursas suteiks verting\u0173 \u017eini\u0173 ir praktini\u0173 \u012fg\u016bd\u017ei\u0173, kaip gaminti auk\u0161tos kokyb\u0117s atspaudus klausos apsaugos priemon\u0117ms.\n<\/div><div class=\"bde-columns-732-117 bde-columns\"><div class=\"bde-column-732-118 bde-column\">\n  \n\t\n\n\n\n<h1 class=\"bde-heading-732-116 bde-heading\">\nKo galite tik\u0117tis?\n<\/h1>\n<\/div><\/div>\n<\/div><\/div><div class=\"bde-columns-732-120 bde-columns\"><div class=\"bde-column-732-121 bde-column\">\n  \n\t\n\n\n\n<div class=\"bde-image-box-732-124 bde-image-box\">\n<div class=\"ee-imagebox-image\">\n        \n  \n  \n  \n  \n      \n      <img loading=\"lazy\" decoding=\"async\"\n      class=\"breakdance-image-object\"\n      src=\"https:\/\/earplugz.com\/wp-content\/uploads\/2023\/11\/01-57-47.png\"\n      width=\"52\"\n      height=\"47\"\n      \n      \n                                      >\n  \n<\/div>\n<div class=\"ee-imagebox-content\">\n      <h3 class=\"ee-imagebox-title\" >Teorinis gylis<\/h3>\n    \n      <div class=\"ee-imagebox-text\" >M\u016bs\u0173 kursas prasideda nuo tvirto teorinio pagrindo. Ap\u017evelgiame ausies anatomij\u0105, atspaudams naudojamas med\u017eiagas ir \u012fvairias technikas.<\/div>\n    \n  <\/div>\n\n<\/div>\n<\/div><div class=\"bde-column-732-122 bde-column\">\n  \n\t\n\n\n\n<div class=\"bde-image-732-125 bde-image\">\n  \n\n\n\n\n\n<figure class=\"breakdance-image breakdance-image--748\">\n\t<div class=\"breakdance-image-container\">\n\t\t<div class=\"breakdance-image-clip\">\n\t\t\t\n\t\t\t\t\n\t\t\t\t\t      \n  \n  \n  \n  \n      \n      <img loading=\"lazy\" decoding=\"async\"\n      class=\"breakdance-image-object\"\n      src=\"https:\/\/earplugz.com\/wp-content\/uploads\/2023\/11\/img-1-1.png\"\n      width=\"890\"\n      height=\"350\"\n      \n      \n                                    srcset=\"https:\/\/earplugz.com\/wp-content\/uploads\/2023\/11\/img-1-1.png 890w, https:\/\/earplugz.com\/wp-content\/uploads\/2023\/11\/img-1-1-300x118.png 300w, https:\/\/earplugz.com\/wp-content\/uploads\/2023\/11\/img-1-1-768x302.png 768w, https:\/\/earplugz.com\/wp-content\/uploads\/2023\/11\/img-1-1-600x236.png 600w\"\n                                                                      >\n  \n\n\t\t\t\t\t\n\t\t\t\t\t\t<\/div>\n\t<\/div>\n\n\t<\/figure>\n\n<\/div>\n<\/div><\/div><div class=\"bde-columns-732-126 bde-columns\"><div class=\"bde-column-732-127 bde-column\">\n  \n\t\n\n\n\n<div class=\"bde-image-box-732-128 bde-image-box\">\n<div class=\"ee-imagebox-image\">\n        \n  \n  \n  \n  \n      \n      <img loading=\"lazy\" decoding=\"async\"\n      class=\"breakdance-image-object\"\n      src=\"https:\/\/earplugz.com\/wp-content\/uploads\/2023\/11\/02.png\"\n      width=\"72\"\n      height=\"48\"\n      \n      \n                                                                  >\n  \n<\/div>\n<div class=\"ee-imagebox-content\">\n      <h3 class=\"ee-imagebox-title\" >Praktinis taikymas<\/h3>\n    \n      <div class=\"ee-imagebox-text\" >Ta\u010diau mes neapsiribojame vien teorija. M\u016bs\u0173 patyr\u0119 instruktoriai jus ves per vis\u0105 atspaud\u0173 darymo proces\u0105 - nuo paciento paruo\u0161imo iki atspaud\u0173 liejimo. Praktin\u0117 patirtis yra labai svarbi, kad \u012fgytum\u0117te pasitik\u0117jimo savimi ir \u012fg\u016bd\u017ei\u0173.<\/div>\n    \n  <\/div>\n\n<\/div>\n<\/div><div class=\"bde-column-732-129 bde-column\">\n  \n\t\n\n\n\n<div class=\"bde-image-732-130 bde-image\">\n  \n\n\n\n\n\n<figure class=\"breakdance-image breakdance-image--749\">\n\t<div class=\"breakdance-image-container\">\n\t\t<div class=\"breakdance-image-clip\">\n\t\t\t\n\t\t\t\t\n\t\t\t\t\t      \n  \n  \n  \n  \n      \n      <img loading=\"lazy\" decoding=\"async\"\n      class=\"breakdance-image-object\"\n      src=\"https:\/\/earplugz.com\/wp-content\/uploads\/2023\/11\/img-2-1.png\"\n      width=\"890\"\n      height=\"350\"\n      \n      \n                                    srcset=\"https:\/\/earplugz.com\/wp-content\/uploads\/2023\/11\/img-2-1.png 890w, https:\/\/earplugz.com\/wp-content\/uploads\/2023\/11\/img-2-1-300x118.png 300w, https:\/\/earplugz.com\/wp-content\/uploads\/2023\/11\/img-2-1-768x302.png 768w, https:\/\/earplugz.com\/wp-content\/uploads\/2023\/11\/img-2-1-600x236.png 600w\"\n                                                                      >\n  \n\n\t\t\t\t\t\n\t\t\t\t\t\t<\/div>\n\t<\/div>\n\n\t<\/figure>\n\n<\/div>\n<\/div><\/div><div class=\"bde-columns-732-131 bde-columns\"><div class=\"bde-column-732-132 bde-column\">\n  \n\t\n\n\n\n<div class=\"bde-image-box-732-133 bde-image-box\">\n<div class=\"ee-imagebox-image\">\n        \n  \n  \n  \n  \n      \n      <img loading=\"lazy\" decoding=\"async\"\n      class=\"breakdance-image-object\"\n      src=\"https:\/\/earplugz.com\/wp-content\/uploads\/2023\/11\/03.png\"\n      width=\"71\"\n      height=\"49\"\n      \n      \n                                                                  >\n  \n<\/div>\n<div class=\"ee-imagebox-content\">\n      <h3 class=\"ee-imagebox-title\" >Pa\u017eangi technologija<\/h3>\n    \n      <div class=\"ee-imagebox-text\" >Mes nuolat atnaujiname naujausias audiologijos pramon\u0117s technologijas ir med\u017eiagas. Su\u017einokite, kaip efektyviai naudoti moderni\u0105 \u012frang\u0105, kad pagerintum\u0117te savo atspaud\u0173 tikslum\u0105 ir precizi\u0161kum\u0105.<\/div>\n    \n  <\/div>\n\n<\/div>\n<\/div><div class=\"bde-column-732-134 bde-column\">\n  \n\t\n\n\n\n<div class=\"bde-image-732-135 bde-image\">\n  \n\n\n\n\n\n<figure class=\"breakdance-image breakdance-image--750\">\n\t<div class=\"breakdance-image-container\">\n\t\t<div class=\"breakdance-image-clip\">\n\t\t\t\n\t\t\t\t\n\t\t\t\t\t      \n  \n  \n  \n  \n      \n      <img loading=\"lazy\" decoding=\"async\"\n      class=\"breakdance-image-object\"\n      src=\"https:\/\/earplugz.com\/wp-content\/uploads\/2023\/11\/img-3-1.png\"\n      width=\"890\"\n      height=\"350\"\n      \n      \n                                    srcset=\"https:\/\/earplugz.com\/wp-content\/uploads\/2023\/11\/img-3-1.png 890w, https:\/\/earplugz.com\/wp-content\/uploads\/2023\/11\/img-3-1-300x118.png 300w, https:\/\/earplugz.com\/wp-content\/uploads\/2023\/11\/img-3-1-768x302.png 768w, https:\/\/earplugz.com\/wp-content\/uploads\/2023\/11\/img-3-1-600x236.png 600w\"\n                                                                      >\n  \n\n\t\t\t\t\t\n\t\t\t\t\t\t<\/div>\n\t<\/div>\n\n\t<\/figure>\n\n<\/div>\n<\/div><\/div><\/div>\n<\/section><section class=\"bde-section-732-136 bde-section\">\n  \n\t\n\n\n\n<div class=\"section-container\"><h1 class=\"bde-heading-732-146 bde-heading\">\nKod\u0117l verta rinktis m\u016bs\u0173 kurs\u0105?\n<\/h1><div class=\"bde-columns-732-137 bde-columns\"><div class=\"bde-column-732-138 bde-column\">\n  \n\t\n\n\n\n<div class=\"bde-image-box-732-139 bde-image-box\">\n<div class=\"ee-imagebox-image\">\n        \n  \n  \n  \n  \n      \n      <img loading=\"lazy\" decoding=\"async\"\n      class=\"breakdance-image-object\"\n      src=\"https:\/\/earplugz.com\/wp-content\/uploads\/2023\/11\/Group-1.png\"\n      width=\"60\"\n      height=\"60\"\n      \n      \n                                    srcset=\"https:\/\/earplugz.com\/wp-content\/uploads\/2023\/11\/Group-1.png 60w, https:\/\/earplugz.com\/wp-content\/uploads\/2023\/11\/Group-1-50x50.png 50w\"\n                                                                      >\n  \n<\/div>\n<div class=\"ee-imagebox-content\">\n      <h3 class=\"ee-imagebox-title\" >Ekspertai instruktoriai<\/h3>\n    \n      <div class=\"ee-imagebox-text\" >M\u016bs\u0173 instruktoriai turi ilgamet\u0119 audiologijos patirt\u012f ir nori pasidalyti savo \u017einiomis su jumis.<\/div>\n    \n  <\/div>\n\n<\/div>\n<\/div><div class=\"bde-column-732-148 bde-column\">\n  \n\t\n\n\n\n<div class=\"bde-image-box-732-149 bde-image-box\">\n<div class=\"ee-imagebox-image\">\n        \n  \n  \n  \n  \n      \n      <img loading=\"lazy\" decoding=\"async\"\n      class=\"breakdance-image-object\"\n      src=\"https:\/\/earplugz.com\/wp-content\/uploads\/2023\/11\/icon-3.png\"\n      width=\"60\"\n      height=\"60\"\n      \n      \n                                    srcset=\"https:\/\/earplugz.com\/wp-content\/uploads\/2023\/11\/icon-3.png 60w, https:\/\/earplugz.com\/wp-content\/uploads\/2023\/11\/icon-3-50x50.png 50w\"\n                                                                      >\n  \n<\/div>\n<div class=\"ee-imagebox-content\">\n      <h3 class=\"ee-imagebox-title\" >Ma\u017eos grup\u0117s<\/h3>\n    \n      <div class=\"ee-imagebox-text\" >M\u016bs\u0173 klas\u0117s yra nedidel\u0117s, tod\u0117l jums bus skiriamas asmeninis d\u0117mesys ir gal\u0117site u\u017eduoti klausimus.<\/div>\n    \n  <\/div>\n\n<\/div>\n<\/div><div class=\"bde-column-732-151 bde-column\">\n  \n\t\n\n\n\n<div class=\"bde-image-box-732-152 bde-image-box\">\n<div class=\"ee-imagebox-image\">\n        \n  \n  \n  \n  \n      \n      <img loading=\"lazy\" decoding=\"async\"\n      class=\"breakdance-image-object\"\n      src=\"https:\/\/earplugz.com\/wp-content\/uploads\/2023\/11\/icon-1-1.png\"\n      width=\"60\"\n      height=\"60\"\n      \n      \n                                    srcset=\"https:\/\/earplugz.com\/wp-content\/uploads\/2023\/11\/icon-1-1.png 60w, https:\/\/earplugz.com\/wp-content\/uploads\/2023\/11\/icon-1-1-50x50.png 50w\"\n                                                                      >\n  \n<\/div>\n<div class=\"ee-imagebox-content\">\n      <h3 class=\"ee-imagebox-title\" >Sertifikavimas<\/h3>\n    \n      <div class=\"ee-imagebox-text\" >S\u0117kmingai baig\u0119 kursus gausite sertifikat\u0105, patvirtinant\u012f j\u016bs\u0173 \u017einias apie atspaud\u0173 darym\u0105 otoplastikai.<\/div>\n    \n  <\/div>\n\n<\/div>\n<\/div><div class=\"bde-column-732-153 bde-column\">\n  \n\t\n\n\n\n<div class=\"bde-image-box-732-154 bde-image-box\">\n<div class=\"ee-imagebox-image\">\n        \n  \n  \n  \n  \n      \n      <img loading=\"lazy\" decoding=\"async\"\n      class=\"breakdance-image-object\"\n      src=\"https:\/\/earplugz.com\/wp-content\/uploads\/2023\/11\/icon-4.png\"\n      width=\"60\"\n      height=\"60\"\n      \n      \n                                    srcset=\"https:\/\/earplugz.com\/wp-content\/uploads\/2023\/11\/icon-4.png 60w, https:\/\/earplugz.com\/wp-content\/uploads\/2023\/11\/icon-4-50x50.png 50w\"\n                                                                      >\n  \n<\/div>\n<div class=\"ee-imagebox-content\">\n      <h3 class=\"ee-imagebox-title\" >Tinklo paj\u0117gumai<\/h3>\n    \n      <div class=\"ee-imagebox-text\" >Kurs\u0173 metu tur\u0117site galimyb\u0119 u\u017emegzti ry\u0161ius su kolegomis audiologais ir \u0161ios srities specialistais.<\/div>\n    \n  <\/div>\n\n<\/div>\n<\/div><\/div><\/div>\n<\/section><section class=\"bde-section-732-166 bde-section\">\n  \n\t\n\n\n\n<div class=\"section-container\"><h1 class=\"bde-heading-732-160 bde-heading\">\nU\u017etikrinkite savo pacient\u0173 klausos apsaug\u0105 ir pasitenkinim\u0105 geriausiais \u0161ios srities atspaudais.\n<\/h1><div class=\"bde-text-732-161 bde-text\">\nRegistruokit\u0117s \u012f \"Printmaking for Otoplastics\" kurs\u0105 <br>ir pakelkite savo \u017einias bei \u012fg\u016bd\u017eius \u012f auk\u0161tesn\u012f lyg\u012f. \n<\/div><div class=\"bde-columns-732-168 bde-columns\"><div class=\"bde-column-732-169 bde-column\">\n  \n\t\n\n\n\n<div class=\"bde-button-732-167 bde-button button-product-cont header-top-button\">\n    \n                                    \n    \n    \n    \n    \n            \n            <button type=\"button\" class=\"button-atom button-atom--custom bde-button__button\"  >\n    \n        <span class=\"button-atom__text\">Susisiekite su mumis<\/span>\n\n        \n        \n            <\/button>\n    \n\n\n<\/div>\n<\/div><\/div><\/div>\n<\/section><section class=\"bde-section-732-171 bde-section\">\n  \n\t\n\n\n\n<div class=\"section-container\"><div class=\"bde-columns-732-172 bde-columns\"><div class=\"bde-column-732-173 bde-column\">\n  \n\t\n\n\n\n<div class=\"bde-image-732-175 bde-image\">\n  \n\n\n\n\n\n<figure class=\"breakdance-image breakdance-image--764\">\n\t<div class=\"breakdance-image-container\">\n\t\t<div class=\"breakdance-image-clip\">\n\t\t\t\n\t\t\t\t\n\t\t\t\t\t      \n  \n  \n  \n  \n      \n      <img loading=\"lazy\" decoding=\"async\"\n      class=\"breakdance-image-object\"\n      src=\"https:\/\/earplugz.com\/wp-content\/uploads\/2023\/11\/1.png\"\n      width=\"435\"\n      height=\"400\"\n      \n      \n                                    srcset=\"https:\/\/earplugz.com\/wp-content\/uploads\/2023\/11\/1.png 435w, https:\/\/earplugz.com\/wp-content\/uploads\/2023\/11\/1-300x276.png 300w\"\n                                                                      >\n  \n\n\t\t\t\t\t\n\t\t\t\t\t\t<\/div>\n\t<\/div>\n\n\t<\/figure>\n\n<\/div>\n<\/div><div class=\"bde-column-732-176 bde-column\">\n  \n\t\n\n\n\n<div class=\"bde-image-732-177 bde-image\">\n  \n\n\n\n\n\n<figure class=\"breakdance-image breakdance-image--765\">\n\t<div class=\"breakdance-image-container\">\n\t\t<div class=\"breakdance-image-clip\">\n\t\t\t\n\t\t\t\t\n\t\t\t\t\t      \n  \n  \n  \n  \n      \n      <img loading=\"lazy\" decoding=\"async\"\n      class=\"breakdance-image-object\"\n      src=\"https:\/\/earplugz.com\/wp-content\/uploads\/2023\/11\/2.png\"\n      width=\"435\"\n      height=\"400\"\n      \n      \n                                    srcset=\"https:\/\/earplugz.com\/wp-content\/uploads\/2023\/11\/2.png 435w, https:\/\/earplugz.com\/wp-content\/uploads\/2023\/11\/2-300x276.png 300w\"\n                                                                      >\n  \n\n\t\t\t\t\t\n\t\t\t\t\t\t<\/div>\n\t<\/div>\n\n\t<\/figure>\n\n<\/div>\n<\/div><div class=\"bde-column-732-178 bde-column\">\n  \n\t\n\n\n\n<div class=\"bde-image-732-179 bde-image\">\n  \n\n\n\n\n\n<figure class=\"breakdance-image breakdance-image--766\">\n\t<div class=\"breakdance-image-container\">\n\t\t<div class=\"breakdance-image-clip\">\n\t\t\t\n\t\t\t\t\n\t\t\t\t\t      \n  \n  \n  \n  \n      \n      <img loading=\"lazy\" decoding=\"async\"\n      class=\"breakdance-image-object\"\n      src=\"https:\/\/earplugz.com\/wp-content\/uploads\/2023\/11\/3.png\"\n      width=\"435\"\n      height=\"400\"\n      \n      \n                                    srcset=\"https:\/\/earplugz.com\/wp-content\/uploads\/2023\/11\/3.png 435w, https:\/\/earplugz.com\/wp-content\/uploads\/2023\/11\/3-300x276.png 300w\"\n                                                                      >\n  \n\n\t\t\t\t\t\n\t\t\t\t\t\t<\/div>\n\t<\/div>\n\n\t<\/figure>\n\n<\/div>\n<\/div><div class=\"bde-column-732-180 bde-column\">\n  \n\t\n\n\n\n<div class=\"bde-image-732-181 bde-image\">\n  \n\n\n\n\n\n<figure class=\"breakdance-image breakdance-image--767\">\n\t<div class=\"breakdance-image-container\">\n\t\t<div class=\"breakdance-image-clip\">\n\t\t\t\n\t\t\t\t\n\t\t\t\t\t      \n  \n  \n  \n  \n      \n      <img loading=\"lazy\" decoding=\"async\"\n      class=\"breakdance-image-object\"\n      src=\"https:\/\/earplugz.com\/wp-content\/uploads\/2023\/11\/4.png\"\n      width=\"445\"\n      height=\"400\"\n      \n      \n                                    srcset=\"https:\/\/earplugz.com\/wp-content\/uploads\/2023\/11\/4.png 445w, https:\/\/earplugz.com\/wp-content\/uploads\/2023\/11\/4-300x270.png 300w\"\n                                                                      >\n  \n\n\t\t\t\t\t\n\t\t\t\t\t\t<\/div>\n\t<\/div>\n\n\t<\/figure>\n\n<\/div>\n<\/div><\/div><\/div>\n<\/section>","protected":false},"excerpt":{"rendered":"<p>Cursus Afdrukken Maken voor Otoplastieken: Theorie en Praktijk about Ontdek de kunst van afdrukken maken voor otoplastieken met onze uitgebreide en interactieve cursus. Of je nu een ervaren audioloog bent of net begint in het vak, deze cursus biedt waardevolle kennis en praktische vaardigheden om hoogwaardige afdrukken te produceren voor gehoorbeschermingsmiddelen. Wat kun je verwachten? [&hellip;]<\/p>","protected":false},"author":1,"featured_media":0,"parent":717,"menu_order":0,"comment_status":"closed","ping_status":"closed","template":"","meta":{"_breakdance_hide_in_design_set":false,"_breakdance_tags":"","footnotes":""},"class_list":["post-732","page","type-page","status-publish","hentry"],"_links":{"self":[{"href":"https:\/\/earplugz.com\/lt\/wp-json\/wp\/v2\/pages\/732","targetHints":{"allow":["GET"]}}],"collection":[{"href":"https:\/\/earplugz.com\/lt\/wp-json\/wp\/v2\/pages"}],"about":[{"href":"https:\/\/earplugz.com\/lt\/wp-json\/wp\/v2\/types\/page"}],"author":[{"embeddable":true,"href":"https:\/\/earplugz.com\/lt\/wp-json\/wp\/v2\/users\/1"}],"replies":[{"embeddable":true,"href":"https:\/\/earplugz.com\/lt\/wp-json\/wp\/v2\/comments?post=732"}],"version-history":[{"count":19,"href":"https:\/\/earplugz.com\/lt\/wp-json\/wp\/v2\/pages\/732\/revisions"}],"predecessor-version":[{"id":803,"href":"https:\/\/earplugz.com\/lt\/wp-json\/wp\/v2\/pages\/732\/revisions\/803"}],"up":[{"embeddable":true,"href":"https:\/\/earplugz.com\/lt\/wp-json\/wp\/v2\/pages\/717"}],"wp:attachment":[{"href":"https:\/\/earplugz.com\/lt\/wp-json\/wp\/v2\/media?parent=732"}],"curies":[{"name":"wp","href":"https:\/\/api.w.org\/{rel}","templated":true}]}}