{"id":17,"date":"2023-10-12T09:54:25","date_gmt":"2023-10-12T09:54:25","guid":{"rendered":"https:\/\/earplugz.com\/?page_id=17"},"modified":"2026-04-27T07:53:40","modified_gmt":"2026-04-27T07:53:40","slug":"home","status":"publish","type":"page","link":"https:\/\/earplugz.com\/lt\/","title":{"rendered":"Pagrindinis"},"content":{"rendered":"<section class=\"bde-section-17-117 bde-section\">\n  \n\t\n\n\n\n<div class=\"section-container\"><div class=\"bde-columns-17-119 bde-columns\"><div class=\"bde-column-17-120 bde-column\">\n  \n\t\n\n\n\n<h1 class=\"bde-heading-17-280 bde-heading\">\nPAGAL U\u017dSAKYM\u0104 SUKURTAS <br>KLAUSOS APSAUGA \n<\/h1><div class=\"bde-text-17-278 bde-text\">\nSiekiame, kad pagal u\u017esakym\u0105 pagaminti aus\u0173 ki\u0161tukai b\u016bt\u0173 prieinami visiems.\n<\/div><div class=\"bde-button-17-279 bde-button button-product-cont top-banner-btn\">\n    \n                                    \n    \n    \n    \n    \n            \n                    \n            \n            \n\n    \n    \n    \n    \n    <a class=\"breakdance-link button-atom button-atom--custom bde-button__button\" href=\"https:\/\/earplugz.com\/lt\/susisiekite-su\/\" target=\"_self\" data-type=\"url\"  >\n\n    \n        <span class=\"button-atom__text\">Susisiekite su mumis<\/span>\n\n        \n        \n                <\/a>\n\n    \n\n\n<\/div>\n<\/div><\/div><\/div>\n<\/section><section class=\"bde-section-17-151 bde-section\">\n  \n\t\n\n\n\n<div class=\"section-container\"><div class=\"bde-columns-17-125 bde-columns\"><div class=\"bde-column-17-126 bde-column\">\n  \n\t\n\n\n\n<h6 class=\"bde-heading-17-127 bde-heading\">\nVizija\n<\/h6><div class=\"bde-text-17-128 bde-text\">\nM\u016aS\u0172 AUS\u0172 KI\u0160TUKAI NE TIK APSAUGO NUO KLAUSOS PA\u017dEIDIM\u0172, BET IR U\u017dTIKRINA OPTIMAL\u0172 PRIGLUDIM\u0104.\n<\/div>\n<\/div><\/div><\/div>\n<\/section><section class=\"bde-section-17-298 bde-section\">\n  \n\t\n\n\n\n<div class=\"section-container\"><div class=\"bde-columns-17-299 bde-columns\"><div class=\"bde-column-17-300 bde-column\">\n  \n\t\n\n\n\n<h1 class=\"bde-heading-17-302 bde-heading\">\nActuele productie tijden in werkdagen\n<\/h1>\n<\/div><div class=\"bde-column-17-301 bde-column\">\n  \n\t\n\n\n\n<div class=\"bde-grid-17-303 bde-grid\">\n  \n\t\n\n\n\n<div class=\"bde-div-17-304 bde-div\">\n  \n\t\n\n\n\n<div class=\"bde-columns-17-307 bde-columns\"><div class=\"bde-column-17-308 bde-column\">\n  \n\t\n\n\n\n<div class=\"bde-simple-counter-17-310 bde-simple-counter\">\n<div class=\"bde-simple-counter__wrapper\">\n  <h6 class=\"bde-simple-counter__number\">\n    <span class=\"bde-simple-counter__prefix\"><\/span>\n    <span class=\"bde-simple-counter__digit js-digit\"><\/span>\n    <span class=\"bde-simple-counter__suffix\"><\/span>\n  <\/h6>\n  <\/div>\n\n<\/div>\n<\/div><div class=\"bde-column-17-309 bde-column\">\n  \n\t\n\n\n\n<div class=\"bde-text-17-311 bde-text\">\nGamybos dien\u0173 aus\u0173 ki\u0161tukai\n<\/div>\n<\/div><\/div>\n<\/div><div class=\"bde-div-17-318 bde-div\">\n  \n\t\n\n\n\n<div class=\"bde-columns-17-319 bde-columns\"><div class=\"bde-column-17-320 bde-column\">\n  \n\t\n\n\n\n<div class=\"bde-simple-counter-17-321 bde-simple-counter\">\n<div class=\"bde-simple-counter__wrapper\">\n  <h6 class=\"bde-simple-counter__number\">\n    <span class=\"bde-simple-counter__prefix\"><\/span>\n    <span class=\"bde-simple-counter__digit js-digit\"><\/span>\n    <span class=\"bde-simple-counter__suffix\"><\/span>\n  <\/h6>\n  <\/div>\n\n<\/div>\n<\/div><div class=\"bde-column-17-322 bde-column\">\n  \n\t\n\n\n\n<div class=\"bde-text-17-323 bde-text\">\nGamybos dien\u0173 aus\u0173 ki\u0161tukai avarin\u0117s b\u016bkl\u0117s\n<\/div>\n<\/div><\/div>\n<\/div><div class=\"bde-div-17-312 bde-div\">\n  \n\t\n\n\n\n<div class=\"bde-columns-17-313 bde-columns\"><div class=\"bde-column-17-314 bde-column\">\n  \n\t\n\n\n\n<div class=\"bde-simple-counter-17-315 bde-simple-counter\">\n<div class=\"bde-simple-counter__wrapper\">\n  <h6 class=\"bde-simple-counter__number\">\n    <span class=\"bde-simple-counter__prefix\"><\/span>\n    <span class=\"bde-simple-counter__digit js-digit\"><\/span>\n    <span class=\"bde-simple-counter__suffix\"><\/span>\n  <\/h6>\n  <\/div>\n\n<\/div>\n<\/div><div class=\"bde-column-17-316 bde-column\">\n  \n\t\n\n\n\n<div class=\"bde-text-17-317 bde-text\">\nGamybos dien\u0173 ausin\u0117s\n<\/div>\n<\/div><\/div>\n<\/div>\n<\/div>\n<\/div><\/div><\/div>\n<\/section><section class=\"bde-section-17-130 bde-section value-section\">\n  \n\t\n\n\n\n<div class=\"section-container\"><h1 class=\"bde-heading-17-137 bde-heading\">\nVertyb\u0117s\n<\/h1><div class=\"bde-columns-17-131 bde-columns\"><div class=\"bde-column-17-132 bde-column\">\n  \n\t\n\n\n\n<div class=\"bde-image-box-17-144 bde-image-box\">\n<div class=\"ee-imagebox-image\">\n        \n  \n  \n  \n  \n      \n      <img loading=\"lazy\" decoding=\"async\"\n      class=\"breakdance-image-object\"\n      src=\"https:\/\/earplugz.com\/wp-content\/uploads\/2023\/10\/icon-1.jpg\"\n      width=\"60\"\n      height=\"60\"\n      \n      \n                                                                  >\n  \n<\/div>\n<div class=\"ee-imagebox-content\">\n      <h3 class=\"ee-imagebox-title\" >I\u0161skirtinumas<\/h3>\n    \n      <div class=\"ee-imagebox-text\" >\"Earplugz\" specializuojasi pagal u\u017esakym\u0105 pagamint\u0173 aus\u0173 kam\u0161teli\u0173 tiekime tik perpardav\u0117jams ir audiologams. Mes neparduodame tiesiogiai galutiniams klientams, tod\u0117l turite i\u0161skirtin\u0119 prieig\u0105 prie m\u016bs\u0173 auk\u0161tos kokyb\u0117s gamini\u0173.<\/div>\n    \n  <\/div>\n\n<\/div>\n<\/div><div class=\"bde-column-17-149 bde-column\">\n  \n\t\n\n\n\n<div class=\"bde-image-box-17-150 bde-image-box\">\n<div class=\"ee-imagebox-image\">\n        \n  \n  \n  \n  \n      \n      <img loading=\"lazy\" decoding=\"async\"\n      class=\"breakdance-image-object\"\n      src=\"https:\/\/earplugz.com\/wp-content\/uploads\/2023\/10\/icon-2.jpg\"\n      width=\"60\"\n      height=\"60\"\n      \n      \n                                                                  >\n  \n<\/div>\n<div class=\"ee-imagebox-content\">\n      <h3 class=\"ee-imagebox-title\" >Komfortas<\/h3>\n    \n      <div class=\"ee-imagebox-text\" >M\u016bs\u0173 gaminiai specialiai pritaikyti kliento ausies kanalui. Tai leid\u017eia mums u\u017etikrinti optimal\u0173 prigludim\u0105 ir maksimal\u0173 komfort\u0105.<\/div>\n    \n  <\/div>\n\n<\/div>\n<\/div><div class=\"bde-column-17-147 bde-column\">\n  \n\t\n\n\n\n<div class=\"bde-image-box-17-148 bde-image-box\">\n<div class=\"ee-imagebox-image\">\n        \n  \n  \n  \n  \n      \n      <img loading=\"lazy\" decoding=\"async\"\n      class=\"breakdance-image-object\"\n      src=\"https:\/\/earplugz.com\/wp-content\/uploads\/2023\/10\/icon-3.jpg\"\n      width=\"60\"\n      height=\"60\"\n      \n      \n                                                                  >\n  \n<\/div>\n<div class=\"ee-imagebox-content\">\n      <h3 class=\"ee-imagebox-title\" >Pritaikymas<\/h3>\n    \n      <div class=\"ee-imagebox-text\" >M\u016bs\u0173 aus\u0173 ki\u0161tukai pritaikomi pagal unikalius j\u016bs\u0173 klient\u0173 poreikius. Suprantame, kad vienas dydis tinka visiems - ne visada tinkamas sprendimas.<\/div>\n    \n  <\/div>\n\n<\/div>\n<\/div><div class=\"bde-column-17-145 bde-column\">\n  \n\t\n\n\n\n<div class=\"bde-image-box-17-146 bde-image-box\">\n<div class=\"ee-imagebox-image\">\n        \n  \n  \n  \n  \n      \n      <img loading=\"lazy\" decoding=\"async\"\n      class=\"breakdance-image-object\"\n      src=\"https:\/\/earplugz.com\/wp-content\/uploads\/2023\/10\/icon.jpg\"\n      width=\"60\"\n      height=\"60\"\n      \n      \n                                                                  >\n  \n<\/div>\n<div class=\"ee-imagebox-content\">\n      <h3 class=\"ee-imagebox-title\" >Ekspertiz\u0117<\/h3>\n    \n      <div class=\"ee-imagebox-text\" >Turime daugiau nei 20 met\u0173 patirties gaminant ir projektuojant \u012fvairi\u0173 tip\u0173 aus\u0173 ki\u0161tukus. <\/div>\n    \n  <\/div>\n\n<\/div>\n<\/div><\/div><\/div>\n<\/section><section class=\"bde-section-17-155 bde-section\">\n  \n\t\n\n\n\n<div class=\"section-container\"><div class=\"bde-columns-17-156 bde-columns product-section-img\"><div class=\"bde-column-17-157 bde-column\">\n  \n\t\n\n\n\n<h1 class=\"bde-heading-17-169 bde-heading\">\nproduktai\n<\/h1><div class=\"bde-text-17-170 bde-text\">\n\"EARPLUGZ\" turi plat\u0173 pagal u\u017esakym\u0105 pagamint\u0173 aus\u0173 ki\u0161tuk\u0173 asortiment\u0105. Turime gamini\u0173, tinkan\u010di\u0173 \u012fvairioms situacijoms, pavyzd\u017eiui, muzikos pramonei, automobili\u0173 sportui ir darbo vietai.\n<\/div><div class=\"bde-button-17-171 bde-button button-product-cont\">\n    \n                                    \n    \n    \n    \n    \n            \n                    \n            \n            \n\n    \n    \n    \n    \n    <a class=\"breakdance-link button-atom button-atom--primary bde-button__button\" href=\"https:\/\/earplugz.com\/lt\/oordoppen\/\" target=\"_self\" data-type=\"url\"  >\n\n    \n        <span class=\"button-atom__text\">PER\u017dI\u016aR\u0116TI VISUS PRODUKTUS<\/span>\n\n        \n        \n                <\/a>\n\n    \n\n\n<\/div>\n<\/div><div class=\"bde-column-17-158 bde-column\">\n  \n\t\n\n\n\n<div class=\"bde-columns-17-159 bde-columns new-column\"><div class=\"bde-column-17-160 bde-column\">\n  \n\t\n\n\n\n<div class=\"bde-image-17-165 bde-image\">\n  \n\n\n\n\n\n<figure class=\"breakdance-image breakdance-image--1010\">\n\t<div class=\"breakdance-image-container\">\n\t\t<div class=\"breakdance-image-clip\">\n\t\t\t\n\t\t\t\t\n\t\t\t\t\t      \n  \n  \n  \n  \n      \n      <img loading=\"lazy\" decoding=\"async\"\n      class=\"breakdance-image-object\"\n      src=\"https:\/\/earplugz.com\/wp-content\/uploads\/2023\/11\/hard.jpg\"\n      width=\"440\"\n      height=\"400\"\n      \n      \n                                    srcset=\"https:\/\/earplugz.com\/wp-content\/uploads\/2023\/11\/hard.jpg 440w, https:\/\/earplugz.com\/wp-content\/uploads\/2023\/11\/hard-300x273.jpg 300w, https:\/\/earplugz.com\/wp-content\/uploads\/2023\/11\/hard-13x12.jpg 13w\"\n                                                                      >\n  \n\n\t\t\t\t\t\n\t\t\t\t\t\t<\/div>\n\t<\/div>\n\n\t<\/figure>\n\n<\/div>\n<\/div><div class=\"bde-column-17-161 bde-column\">\n  \n\t\n\n\n\n<div class=\"bde-image-17-166 bde-image\">\n  \n\n\n\n\n\n<figure class=\"breakdance-image breakdance-image--1009\">\n\t<div class=\"breakdance-image-container\">\n\t\t<div class=\"breakdance-image-clip\">\n\t\t\t\n\t\t\t\t\n\t\t\t\t\t      \n  \n  \n  \n  \n      \n      <img loading=\"lazy\" decoding=\"async\"\n      class=\"breakdance-image-object\"\n      src=\"https:\/\/earplugz.com\/wp-content\/uploads\/2023\/11\/egle.jpg\"\n      width=\"440\"\n      height=\"400\"\n      \n      \n                                    srcset=\"https:\/\/earplugz.com\/wp-content\/uploads\/2023\/11\/egle.jpg 440w, https:\/\/earplugz.com\/wp-content\/uploads\/2023\/11\/egle-300x273.jpg 300w, https:\/\/earplugz.com\/wp-content\/uploads\/2023\/11\/egle-13x12.jpg 13w\"\n                                                                      >\n  \n\n\t\t\t\t\t\n\t\t\t\t\t\t<\/div>\n\t<\/div>\n\n\t<\/figure>\n\n<\/div>\n<\/div><\/div><div class=\"bde-columns-17-162 bde-columns new-column\"><div class=\"bde-column-17-163 bde-column\">\n  \n\t\n\n\n\n<div class=\"bde-image-17-167 bde-image\">\n  \n\n\n\n\n\n<figure class=\"breakdance-image breakdance-image--1008\">\n\t<div class=\"breakdance-image-container\">\n\t\t<div class=\"breakdance-image-clip\">\n\t\t\t\n\t\t\t\t\n\t\t\t\t\t      \n  \n  \n  \n  \n      \n      <img loading=\"lazy\" decoding=\"async\"\n      class=\"breakdance-image-object\"\n      src=\"https:\/\/earplugz.com\/wp-content\/uploads\/2023\/11\/sleeves-1.jpg\"\n      width=\"440\"\n      height=\"400\"\n      \n      \n                                    srcset=\"https:\/\/earplugz.com\/wp-content\/uploads\/2023\/11\/sleeves-1.jpg 440w, https:\/\/earplugz.com\/wp-content\/uploads\/2023\/11\/sleeves-1-300x273.jpg 300w, https:\/\/earplugz.com\/wp-content\/uploads\/2023\/11\/sleeves-1-13x12.jpg 13w\"\n                                                                      >\n  \n\n\t\t\t\t\t\n\t\t\t\t\t\t<\/div>\n\t<\/div>\n\n\t<\/figure>\n\n<\/div>\n<\/div><div class=\"bde-column-17-164 bde-column\">\n  \n\t\n\n\n\n<div class=\"bde-image-17-168 bde-image\">\n  \n\n\n\n\n\n<figure class=\"breakdance-image breakdance-image--765\">\n\t<div class=\"breakdance-image-container\">\n\t\t<div class=\"breakdance-image-clip\">\n\t\t\t\n\t\t\t\t\n\t\t\t\t\t      \n  \n  \n  \n  \n      \n      <img loading=\"lazy\" decoding=\"async\"\n      class=\"breakdance-image-object\"\n      src=\"https:\/\/earplugz.com\/wp-content\/uploads\/2023\/11\/2.png\"\n      width=\"435\"\n      height=\"400\"\n      \n      \n                                    srcset=\"https:\/\/earplugz.com\/wp-content\/uploads\/2023\/11\/2.png 435w, https:\/\/earplugz.com\/wp-content\/uploads\/2023\/11\/2-300x276.png 300w\"\n                                                                      >\n  \n\n\t\t\t\t\t\n\t\t\t\t\t\t<\/div>\n\t<\/div>\n\n\t<\/figure>\n\n<\/div>\n<\/div><\/div>\n<\/div><\/div><\/div>\n<\/section><section class=\"bde-section-17-172 bde-section\">\n  \n\t\n\n\n\n<div class=\"section-container\"><div class=\"bde-columns-17-173 bde-columns\"><div class=\"bde-column-17-176 bde-column\">\n  \n\t\n\n\n\n<h1 class=\"bde-heading-17-177 bde-heading\">\nBENDRADARBIAVIMAS SU AUDIOLOGAIS\n<\/h1><div class=\"bde-text-17-178 bde-text\">\nGlaud\u017eiai bendradarbiaujame su audiologais, kad kuo geriau patenkintume klient\u0173 poreikius.\n<\/div>\n<\/div><\/div><\/div>\n<\/section><section class=\"bde-section-17-202 bde-section\">\n  \n\t\n\n\n\n<div class=\"section-container\"><div class=\"bde-columns-17-203 bde-columns\"><div class=\"bde-column-17-204 bde-column\">\n  \n\t\n\n\n\n<div class=\"bde-text-17-206 bde-text\">\nTIEKIMAS PERPARDAV\u0116JAMS\n<\/div>\n<\/div><div class=\"bde-column-17-205 bde-column\">\n  \n\t\n\n\n\n<div class=\"bde-text-17-207 bde-text\">\nSavo gaminius parduodame tik audiologams ir \u012fgaliotiems perpardav\u0117jams. Tokiu b\u016bdu tiesiogiai galutiniams vartotojams netiekiame. Taip puosel\u0117jame tvirtus ry\u0161ius tarp savo prek\u0117s \u017eenklo ir perpardav\u0117j\u0173.\n<\/div>\n<\/div><\/div><\/div>\n<\/section><section class=\"bde-section-17-235 bde-section\">\n  \n\t\n\n\n\n<div class=\"section-container\"><div class=\"bde-columns-17-239 bde-columns\"><div class=\"bde-column-17-242 bde-column\">\n  \n\t\n\n\n\n\n<\/div><\/div><\/div>\n<\/section><section class=\"bde-section-17-220 bde-section\">\n  \n\t\n\n\n\n<div class=\"section-container\"><div class=\"bde-columns-17-221 bde-columns\"><div class=\"bde-column-17-222 bde-column\">\n  \n\t\n\n\n\n<div class=\"bde-image-17-226 bde-image\">\n  \n\n\n\n\n\n<figure class=\"breakdance-image breakdance-image--171\">\n\t<div class=\"breakdance-image-container\">\n\t\t<div class=\"breakdance-image-clip\">\n\t\t\t\n\t\t\t\t\n\t\t\t\t\t      \n  \n  \n  \n  \n      \n      <img loading=\"lazy\" decoding=\"async\"\n      class=\"breakdance-image-object\"\n      src=\"https:\/\/earplugz.com\/wp-content\/uploads\/2023\/10\/unnamed-file.png\"\n      width=\"9\"\n      height=\"46\"\n      \n      \n                                                                  >\n  \n\n\t\t\t\t\t\n\t\t\t\t\t\t<\/div>\n\t<\/div>\n\n\t<\/figure>\n\n<\/div><h1 class=\"bde-heading-17-224 bde-heading\">\nKAINOS NERODOMOS\n<\/h1><div class=\"bde-text-17-225 bde-text\">\nSavo svetain\u0117je neprane\u0161ame kain\u0173, taip siekiame apsaugoti savo brangius perpardav\u0117jus.\n<\/div>\n<\/div><\/div><\/div>\n<\/section>","protected":false},"excerpt":{"rendered":"<p>OP MAAT GEMAAKTE GEHOORBESCHERMING Wij streven naar het voor iedereen toegankelijk maken van op maat gemaakte oordoppen. Kom in contact Vision ONZE OORDOPPEN BIEDEN NIET ALLEEN BESCHERMING TEGEN GEHOORSCHADE, MAAR GARANDEREN OOK EEN OPTIMALE PASVORM. Actuele productie tijden in werkdagen Productie dagen oordoppen Productie dagen oordoppen spoed Productie dagen in-ears Waardes Exclusiviteit Earplugz is gespecialiseerd [&hellip;]<\/p>","protected":false},"author":1,"featured_media":0,"parent":0,"menu_order":0,"comment_status":"closed","ping_status":"closed","template":"","meta":{"_breakdance_hide_in_design_set":false,"_breakdance_tags":"","footnotes":""},"class_list":["post-17","page","type-page","status-publish","hentry"],"_links":{"self":[{"href":"https:\/\/earplugz.com\/lt\/wp-json\/wp\/v2\/pages\/17","targetHints":{"allow":["GET"]}}],"collection":[{"href":"https:\/\/earplugz.com\/lt\/wp-json\/wp\/v2\/pages"}],"about":[{"href":"https:\/\/earplugz.com\/lt\/wp-json\/wp\/v2\/types\/page"}],"author":[{"embeddable":true,"href":"https:\/\/earplugz.com\/lt\/wp-json\/wp\/v2\/users\/1"}],"replies":[{"embeddable":true,"href":"https:\/\/earplugz.com\/lt\/wp-json\/wp\/v2\/comments?post=17"}],"version-history":[{"count":4,"href":"https:\/\/earplugz.com\/lt\/wp-json\/wp\/v2\/pages\/17\/revisions"}],"predecessor-version":[{"id":1648,"href":"https:\/\/earplugz.com\/lt\/wp-json\/wp\/v2\/pages\/17\/revisions\/1648"}],"wp:attachment":[{"href":"https:\/\/earplugz.com\/lt\/wp-json\/wp\/v2\/media?parent=17"}],"curies":[{"name":"wp","href":"https:\/\/api.w.org\/{rel}","templated":true}]}}