{"id":1190,"date":"2023-12-20T09:48:02","date_gmt":"2023-12-20T09:48:02","guid":{"rendered":"https:\/\/earplugz.com\/?page_id=1190"},"modified":"2024-09-17T07:33:59","modified_gmt":"2024-09-17T07:33:59","slug":"proces","status":"publish","type":"page","link":"https:\/\/earplugz.com\/lt\/procesas\/","title":{"rendered":"Procesas"},"content":{"rendered":"<section class=\"bde-section-1190-100 bde-section\">\n  \n\t\n\n\n\n<div class=\"section-container\"><div class=\"bde-columns-1190-101 bde-columns\"><div class=\"bde-column-1190-103 bde-column pulz\">\n  \n\t\n\n\n\n<h1 class=\"bde-heading-1190-107 bde-heading reseller\">\nEarplugz perpardav\u0117jas\n<\/h1><h3 class=\"bde-heading-1190-108 bde-heading infoo\">\ninfo@earplugz.com\n<\/h3><p class=\"bde-text-1190-109 bde-text actief\">\nAktyviai veikia visoje Europoje\n<\/p><a class=\"bde-text-link-1190-110 bde-text-link zelf breakdance-link\" href=\"telno: 31 85 06\" target=\"_self\" data-type=\"url\">\n  +31(0) 85 06 000 12\n\n<\/a>\n<\/div><\/div><\/div>\n<\/section><section class=\"bde-section-1190-111 bde-section\">\n  \n\t\n\n\n\n<div class=\"section-container\"><div class=\"bde-columns-1190-112 bde-columns neemt1\"><div class=\"bde-column-1190-113 bde-column neemt\">\n  \n\t\n\n\n\n<div class=\"bde-button-1190-115 bde-button\">\n    \n                                    \n    \n    \n    \n    \n            \n            <button type=\"button\" class=\"button-atom button-atom--custom bde-button__button\"  >\n    \n        <span class=\"button-atom__text\">1 \u017eingsnis<\/span>\n\n        \n        \n            <\/button>\n    \n\n\n<\/div>\n<\/div><div class=\"bde-column-1190-114 bde-column indruk\">\n  \n\t\n\n\n\n<h1 class=\"bde-heading-1190-117 bde-heading\">\n\n<\/h1><h1 class=\"bde-heading-1190-118 bde-heading prdct\">\nAusies \u012fsp\u016bdis\n<\/h1><div class=\"bde-text-1190-119 bde-text order\">\nJ\u016bs\u0173 \u012fmon\u0117 savaranki\u0161kai perka spaudinius i\u0161 klient\u0173. U\u017esakymas \u012fvedamas \"Earplugz\" internetiniame u\u017esakym\u0173 portale arba galite naudoti m\u016bs\u0173 u\u017esakymo formas. \n<\/div><div class=\"bde-image-1190-120 bde-image\">\n  \n\n\n\n\n\n<figure class=\"breakdance-image breakdance-image--1202\">\n\t<div class=\"breakdance-image-container\">\n\t\t<div class=\"breakdance-image-clip\">\n\t\t\t\n\t\t\t\t\n\t\t\t\t\t      \n  \n  \n  \n  \n      \n      <img loading=\"lazy\" decoding=\"async\"\n      class=\"breakdance-image-object\"\n      src=\"https:\/\/earplugz.com\/wp-content\/uploads\/2024\/01\/earpulz-435-235.png\"\n      width=\"435\"\n      height=\"235\"\n      \n      \n                                      >\n  \n\n\t\t\t\t\t\n\t\t\t\t\t\t<\/div>\n\t<\/div>\n\n\t<\/figure>\n\n<\/div>\n<\/div><\/div><\/div>\n<\/section><section class=\"bde-section-1190-180 bde-section\">\n  \n\t\n\n\n\n<div class=\"section-container\"><div class=\"bde-columns-1190-130 bde-columns post\"><div class=\"bde-column-1190-131 bde-column verstud\">\n  \n\t\n\n\n\n<h1 class=\"bde-heading-1190-133 bde-heading prdct\">\nTransportas\n<\/h1><div class=\"bde-text-1190-134 bde-text order\">\nAtspausdinti dokumentai bus siun\u010diami pa\u0161tu adresu<br> I\u0161si\u0173sti aus\u0173 ki\u0161tukai arba \u012fkelti \u012f m\u016bs\u0173 server\u012f naudojant 3D skener\u012f\n<\/div><div class=\"bde-image-1190-135 bde-image\">\n  \n\n\n\n\n\n<figure class=\"breakdance-image breakdance-image--1593\">\n\t<div class=\"breakdance-image-container\">\n\t\t<div class=\"breakdance-image-clip\">\n\t\t\t\n\t\t\t\t\n\t\t\t\t\t      \n  \n  \n  \n  \n      \n      <img loading=\"lazy\" decoding=\"async\"\n      class=\"breakdance-image-object\"\n      src=\"https:\/\/earplugz.com\/wp-content\/uploads\/2024\/01\/scan-earplug-modified.png\"\n      width=\"717\"\n      height=\"471\"\n      \n      \n                                    srcset=\"https:\/\/earplugz.com\/wp-content\/uploads\/2024\/01\/scan-earplug-modified.png 717w, https:\/\/earplugz.com\/wp-content\/uploads\/2024\/01\/scan-earplug-modified-300x197.png 300w, https:\/\/earplugz.com\/wp-content\/uploads\/2024\/01\/scan-earplug-modified-18x12.png 18w, https:\/\/earplugz.com\/wp-content\/uploads\/2024\/01\/scan-earplug-modified-600x394.png 600w\"\n                                                                      >\n  \n\n\t\t\t\t\t\n\t\t\t\t\t\t<\/div>\n\t<\/div>\n\n\t<\/figure>\n\n<\/div>\n<\/div><div class=\"bde-column-1190-132 bde-column wordern\">\n  \n\t\n\n\n\n<div class=\"bde-button-1190-137 bde-button\">\n    \n                                    \n    \n    \n    \n    \n            \n            <button type=\"button\" class=\"button-atom button-atom--custom bde-button__button\"  >\n    \n        <span class=\"button-atom__text\">2 \u017eingsnis<\/span>\n\n        \n        \n            <\/button>\n    \n\n\n<\/div>\n<\/div><\/div><\/div>\n<\/section><section class=\"bde-section-1190-189 bde-section\">\n  \n\t\n\n\n\n<div class=\"section-container\"><div class=\"bde-columns-1190-228 bde-columns neemt1\"><div class=\"bde-column-1190-229 bde-column neemt\">\n  \n\t\n\n\n\n<div class=\"bde-button-1190-230 bde-button\">\n    \n                                    \n    \n    \n    \n    \n            \n            <button type=\"button\" class=\"button-atom button-atom--custom bde-button__button\"  >\n    \n        <span class=\"button-atom__text\">3 \u017eingsnis<\/span>\n\n        \n        \n            <\/button>\n    \n\n\n<\/div>\n<\/div><div class=\"bde-column-1190-231 bde-column indruk\">\n  \n\t\n\n\n\n<h1 class=\"bde-heading-1190-232 bde-heading\">\n\n<\/h1><h1 class=\"bde-heading-1190-237 bde-heading prdct\">\nGamyba\n<\/h1><div class=\"bde-text-1190-238 bde-text order\">\nGav\u0119s atspaudus, <br>u\u017esakym\u0105 tiesiai \u012f gamyb\u0105. Procesas yra pernelyg <br>sekite Audinc portale.\n<\/div><div class=\"bde-image-1190-236 bde-image\">\n  \n\n\n\n\n\n<figure class=\"breakdance-image breakdance-image--1213\">\n\t<div class=\"breakdance-image-container\">\n\t\t<div class=\"breakdance-image-clip\">\n\t\t\t\n\t\t\t\t\n\t\t\t\t\t      \n  \n  \n  \n  \n      \n      <img loading=\"lazy\" decoding=\"async\"\n      class=\"breakdance-image-object\"\n      src=\"https:\/\/earplugz.com\/wp-content\/uploads\/2024\/01\/earpulz2-435-235.png\"\n      width=\"435\"\n      height=\"235\"\n      \n      \n                                      >\n  \n\n\t\t\t\t\t\n\t\t\t\t\t\t<\/div>\n\t<\/div>\n\n\t<\/figure>\n\n<\/div>\n<\/div><\/div><\/div>\n<\/section><section class=\"bde-section-1190-204 bde-section\">\n  \n\t\n\n\n\n<div class=\"section-container\"><div class=\"bde-columns-1190-219 bde-columns post\"><div class=\"bde-column-1190-220 bde-column verstud\">\n  \n\t\n\n\n\n<h1 class=\"bde-heading-1190-221 bde-heading prdct\">\nPristatymas\n<\/h1><div class=\"bde-text-1190-222 bde-text order\">\nProduktai bus i\u0161si\u0173sti. Dabar galite<br> pristatyti savo klientams.\n<\/div><div class=\"bde-image-1190-226 bde-image\">\n  \n\n\n\n\n\n<figure class=\"breakdance-image breakdance-image--1594\">\n\t<div class=\"breakdance-image-container\">\n\t\t<div class=\"breakdance-image-clip\">\n\t\t\t\n\t\t\t\t\n\t\t\t\t\t      \n  \n  \n  \n  \n      \n      <img loading=\"lazy\" decoding=\"async\"\n      class=\"breakdance-image-object\"\n      src=\"https:\/\/earplugz.com\/wp-content\/uploads\/2024\/01\/hard-modified.png\"\n      width=\"440\"\n      height=\"400\"\n      \n      \n                                    srcset=\"https:\/\/earplugz.com\/wp-content\/uploads\/2024\/01\/hard-modified.png 440w, https:\/\/earplugz.com\/wp-content\/uploads\/2024\/01\/hard-modified-300x273.png 300w, https:\/\/earplugz.com\/wp-content\/uploads\/2024\/01\/hard-modified-13x12.png 13w\"\n                                                                      >\n  \n\n\t\t\t\t\t\n\t\t\t\t\t\t<\/div>\n\t<\/div>\n\n\t<\/figure>\n\n<\/div>\n<\/div><div class=\"bde-column-1190-224 bde-column wordern\">\n  \n\t\n\n\n\n<div class=\"bde-button-1190-227 bde-button\">\n    \n                                    \n    \n    \n    \n    \n            \n            <button type=\"button\" class=\"button-atom button-atom--custom bde-button__button\"  >\n    \n        <span class=\"button-atom__text\">4 \u017eingsnis<\/span>\n\n        \n        \n            <\/button>\n    \n\n\n<\/div>\n<\/div><\/div><\/div>\n<\/section>","protected":false},"excerpt":{"rendered":"<p>earplugz reseller info@earplugz.com Actief door heel Europa +31(0) 85 06 000 12 step 1 Oor afdruk Uw bedrijf neemt zelfstandig afdrukken af bij uw klanten. De order wordt ingeboekt in het Earplugz Online Order Portaal of u kunt onze orderbonnen gebruiken. Vervoer De afdrukken worden per post aan Earplugz verstuurd, of ge\u00fcpload op onze server\u00a0 [&hellip;]<\/p>","protected":false},"author":1,"featured_media":0,"parent":0,"menu_order":0,"comment_status":"closed","ping_status":"closed","template":"","meta":{"_breakdance_hide_in_design_set":false,"_breakdance_tags":"","footnotes":""},"class_list":["post-1190","page","type-page","status-publish","hentry"],"_links":{"self":[{"href":"https:\/\/earplugz.com\/lt\/wp-json\/wp\/v2\/pages\/1190","targetHints":{"allow":["GET"]}}],"collection":[{"href":"https:\/\/earplugz.com\/lt\/wp-json\/wp\/v2\/pages"}],"about":[{"href":"https:\/\/earplugz.com\/lt\/wp-json\/wp\/v2\/types\/page"}],"author":[{"embeddable":true,"href":"https:\/\/earplugz.com\/lt\/wp-json\/wp\/v2\/users\/1"}],"replies":[{"embeddable":true,"href":"https:\/\/earplugz.com\/lt\/wp-json\/wp\/v2\/comments?post=1190"}],"version-history":[{"count":4,"href":"https:\/\/earplugz.com\/lt\/wp-json\/wp\/v2\/pages\/1190\/revisions"}],"predecessor-version":[{"id":1615,"href":"https:\/\/earplugz.com\/lt\/wp-json\/wp\/v2\/pages\/1190\/revisions\/1615"}],"wp:attachment":[{"href":"https:\/\/earplugz.com\/lt\/wp-json\/wp\/v2\/media?parent=1190"}],"curies":[{"name":"wp","href":"https:\/\/api.w.org\/{rel}","templated":true}]}}