{"id":774,"date":"2023-11-14T13:51:58","date_gmt":"2023-11-14T13:51:58","guid":{"rendered":"https:\/\/earplugz.com\/?post_type=product&#038;p=774"},"modified":"2023-11-21T15:35:48","modified_gmt":"2023-11-21T15:35:48","slug":"porto-protect","status":"publish","type":"product","link":"https:\/\/earplugz.com\/fy\/product\/porto-protect\/","title":{"rendered":"Porto protect"},"content":{"rendered":"<div style=\"display: flex; flex-wrap: wrap;\">\n<div style=\"flex-basis: 100%; display: flex; justify-content: space-between;\">\n        <span style=\"color: #999999;\">Materiaal:<\/span><br \/>\n        <strong style=\"text-align: right; flex-grow: 1;\">Acrylaat of Siliconen<\/strong>\n    <\/div>\n<div style=\"flex-basis: 100%; display: flex; justify-content: space-between;\">\n        <span style=\"color: #999999;\">Filter (demping):<\/span><br \/>\n        <strong style=\"text-align: right; flex-grow: 1;\">4 soorten<\/strong>\n    <\/div>\n<div style=\"flex-basis: 100%; display: flex; justify-content: space-between;\">\n        <span style=\"color: #999999;\">Anti allergische coating:<\/span><br \/>\n        <strong style=\"text-align: right; flex-grow: 1;\">Ja<\/strong>\n    <\/div>\n<div style=\"flex-basis: 100%; display: flex; justify-content: space-between;\">\n        <span style=\"color: #999999;\">Aansluiting:<\/span><br \/>\n        <strong style=\"text-align: right; flex-grow: 1;\">Universeel<\/strong>\n    <\/div>\n<div style=\"flex-basis: 100%; display: flex; justify-content: space-between;\">\n        <span style=\"color: #999999;\">Levensduur:<\/span><br \/>\n        <strong style=\"text-align: right; flex-grow: 1;\">Ca. 4-5\u00a0jaar<\/strong>\n    <\/div>\n<div style=\"flex-basis: 100%; display: flex; justify-content: space-between;\">\n        <span style=\"color: #999999;\">Handgreep:<\/span><br \/>\n        <strong style=\"text-align: right; flex-grow: 1;\">Optioneel<\/strong>\n    <\/div>\n<div style=\"flex-basis: 100%; display: flex; justify-content: space-between;\">\n        <span style=\"color: #999999;\">Koord met clip:<\/span><br \/>\n        <strong style=\"text-align: right; flex-grow: 1;\">Nee<\/strong>\n    <\/div>\n<div style=\"flex-basis: 100%; display: flex; justify-content: space-between;\">\n        <span style=\"color: #999999;\">Aantal kleuren:<\/span><br \/>\n        <strong style=\"text-align: right; flex-grow: 1;\">10<\/strong>\n    <\/div>\n<\/div>","protected":false},"excerpt":{"rendered":"<ul>\n<li>Universeel aansluitbaar portofoon communicatie systeem<\/li>\n<li>Schadelijk omgevingsgeluid wordt gestopt d.m.v. specifiek filter<\/li>\n<li>Op maat gemaakt voor optimaal draagcomfort<\/li>\n<li>Geschikt voor langdurig &amp; dagelijks gebruik<\/li>\n<li>Anti allergische coating<\/li>\n<li>\u00c9\u00e9n kant porto + bescherming &amp; \u00e9\u00e9n kant losse beschermer<\/li>\n<\/ul>","protected":false},"featured_media":831,"comment_status":"open","ping_status":"closed","template":"","meta":[],"product_cat":[17],"product_tag":[],"class_list":{"0":"post-774","1":"product","2":"type-product","3":"status-publish","4":"has-post-thumbnail","6":"product_cat-zie-specificaties","7":"pa_color-black","8":"pa_color-red","10":"first","11":"instock","12":"shipping-taxable","13":"product-type-simple"},"_links":{"self":[{"href":"https:\/\/earplugz.com\/fy\/wp-json\/wp\/v2\/product\/774","targetHints":{"allow":["GET"]}}],"collection":[{"href":"https:\/\/earplugz.com\/fy\/wp-json\/wp\/v2\/product"}],"about":[{"href":"https:\/\/earplugz.com\/fy\/wp-json\/wp\/v2\/types\/product"}],"replies":[{"embeddable":true,"href":"https:\/\/earplugz.com\/fy\/wp-json\/wp\/v2\/comments?post=774"}],"wp:featuredmedia":[{"embeddable":true,"href":"https:\/\/earplugz.com\/fy\/wp-json\/wp\/v2\/media\/831"}],"wp:attachment":[{"href":"https:\/\/earplugz.com\/fy\/wp-json\/wp\/v2\/media?parent=774"}],"wp:term":[{"taxonomy":"product_cat","embeddable":true,"href":"https:\/\/earplugz.com\/fy\/wp-json\/wp\/v2\/product_cat?post=774"},{"taxonomy":"product_tag","embeddable":true,"href":"https:\/\/earplugz.com\/fy\/wp-json\/wp\/v2\/product_tag?post=774"}],"curies":[{"name":"wp","href":"https:\/\/api.w.org\/{rel}","templated":true}]}}