{"id":780,"date":"2023-11-14T13:54:37","date_gmt":"2023-11-14T13:54:37","guid":{"rendered":"https:\/\/earplugz.com\/?post_type=product&#038;p=780"},"modified":"2023-11-21T15:21:14","modified_gmt":"2023-11-21T15:21:14","slug":"active-shoot","status":"publish","type":"product","link":"https:\/\/earplugz.com\/fr\/product\/tournage-actif\/","title":{"rendered":"Tir actif"},"content":{"rendered":"<div style=\"display: flex; flex-wrap: wrap;\">\n<div style=\"flex-basis: 100%; display: flex; justify-content: space-between;\">\n        <span style=\"color: #999999;\">Mat\u00e9riau :<\/span><br \/>\n        <strong style=\"text-align: right; flex-grow: 1;\">Acrylique<\/strong>\n    <\/div>\n<div style=\"flex-basis: 100%; display: flex; justify-content: space-between;\">\n        <span style=\"color: #999999;\">Bandes de fr\u00e9quences s\u00e9lectionnables :<\/span><br \/>\n        <strong style=\"text-align: right; flex-grow: 1;\">12<\/strong>\n    <\/div>\n<div style=\"flex-basis: 100%; display: flex; justify-content: space-between;\">\n        <span style=\"color: #999999;\">Niveau du crit\u00e8re :<\/span><br \/>\n        <strong style=\"text-align: right; flex-grow: 1;\">H = 112 dB (A) M = 106 dB (A) L = 103 dB (A)<\/strong>\n    <\/div>\n<div style=\"flex-basis: 100%; display: flex; justify-content: space-between;\">\n        <span style=\"color: #999999;\">Dur\u00e9e de vie de la batterie :<\/span><br \/>\n        <strong style=\"text-align: right; flex-grow: 1;\">environ 60 heures<\/strong>\n    <\/div>\n<div style=\"flex-basis: 100%; display: flex; justify-content: space-between;\">\n        <span style=\"color: #999999;\">Limite \u00e9lectronique :<\/span><br \/>\n        <strong style=\"text-align: right; flex-grow: 1;\">Moins de 10 millisecondes<\/strong>\n    <\/div>\n<div style=\"flex-basis: 100%; display: flex; justify-content: space-between;\">\n        <span style=\"color: #999999;\">Bruit du vent :<\/span><br \/>\n        <strong style=\"text-align: right; flex-grow: 1;\">Minimum<\/strong>\n    <\/div>\n<div style=\"flex-basis: 100%; display: flex; justify-content: space-between;\">\n        <span style=\"color: #999999;\">Peut \u00eatre ajust\u00e9 en cas de perte d'audition :<\/span><br \/>\n        <strong style=\"text-align: right; flex-grow: 1;\">Oui<\/strong>\n    <\/div>\n<div style=\"flex-basis: 100%; display: flex; justify-content: space-between;\">\n        <span style=\"color: #999999;\">Nombre de couleurs :<\/span><br \/>\n        <strong style=\"text-align: right; flex-grow: 1;\">2<\/strong>\n    <\/div>\n<\/div>","protected":false},"excerpt":{"rendered":"<ul>\n<li>Fait taire les coups de feu tout en amplifiant le bruit ambiant<\/li>\n<li>Mati\u00e8re acrylique (dure)<\/li>\n<li>Taill\u00e9 pour un confort de port optimal<\/li>\n<li>Peut \u00eatre adapt\u00e9 \u00e0 la perte d'audition<\/li>\n<\/ul>","protected":false},"featured_media":826,"comment_status":"open","ping_status":"closed","template":"","meta":[],"product_cat":[17],"product_tag":[],"class_list":{"0":"post-780","1":"product","2":"type-product","3":"status-publish","4":"has-post-thumbnail","6":"product_cat-zie-specificaties","7":"pa_color-blue","8":"pa_color-red","10":"first","11":"instock","12":"shipping-taxable","13":"product-type-simple"},"_links":{"self":[{"href":"https:\/\/earplugz.com\/fr\/wp-json\/wp\/v2\/product\/780","targetHints":{"allow":["GET"]}}],"collection":[{"href":"https:\/\/earplugz.com\/fr\/wp-json\/wp\/v2\/product"}],"about":[{"href":"https:\/\/earplugz.com\/fr\/wp-json\/wp\/v2\/types\/product"}],"replies":[{"embeddable":true,"href":"https:\/\/earplugz.com\/fr\/wp-json\/wp\/v2\/comments?post=780"}],"wp:featuredmedia":[{"embeddable":true,"href":"https:\/\/earplugz.com\/fr\/wp-json\/wp\/v2\/media\/826"}],"wp:attachment":[{"href":"https:\/\/earplugz.com\/fr\/wp-json\/wp\/v2\/media?parent=780"}],"wp:term":[{"taxonomy":"product_cat","embeddable":true,"href":"https:\/\/earplugz.com\/fr\/wp-json\/wp\/v2\/product_cat?post=780"},{"taxonomy":"product_tag","embeddable":true,"href":"https:\/\/earplugz.com\/fr\/wp-json\/wp\/v2\/product_tag?post=780"}],"curies":[{"name":"wp","href":"https:\/\/api.w.org\/{rel}","templated":true}]}}