{"id":777,"date":"2023-11-14T13:53:19","date_gmt":"2023-11-14T13:53:19","guid":{"rendered":"https:\/\/earplugz.com\/?post_type=product&#038;p=777"},"modified":"2023-11-21T15:24:08","modified_gmt":"2023-11-21T15:24:08","slug":"iso-tunes-ears","status":"publish","type":"product","link":"https:\/\/earplugz.com\/fr\/product\/oreilles-iso-tunes\/","title":{"rendered":"Oreilles Iso Tunes"},"content":{"rendered":"<div style=\"display: flex; flex-wrap: wrap;\">\n<div style=\"flex-basis: 100%; display: flex; justify-content: space-between;\">\n        <span style=\"color: #999999;\">Mat\u00e9riau :<\/span><br \/>\n        <strong style=\"text-align: right; flex-grow: 1;\">Acrylique ou silicone<\/strong>\n    <\/div>\n<div style=\"flex-basis: 100%; display: flex; justify-content: space-between;\">\n        <span style=\"color: #999999;\">Oreillettes magn\u00e9tiques :<\/span><br \/>\n        <strong style=\"text-align: right; flex-grow: 1;\">Oui<\/strong>\n    <\/div>\n<div style=\"flex-basis: 100%; display: flex; justify-content: space-between;\">\n        <span style=\"color: #999999;\">Microphone antibruit :<\/span><br \/>\n        <strong style=\"text-align: right; flex-grow: 1;\">Oui<\/strong>\n    <\/div>\n<div style=\"flex-basis: 100%; display: flex; justify-content: space-between;\">\n        <span style=\"color: #999999;\">R\u00e9sistance \u00e0 la poussi\u00e8re, \u00e0 la sueur et \u00e0 l'eau :<\/span><br \/>\n        <strong style=\"text-align: right; flex-grow: 1;\">Oui<\/strong>\n    <\/div>\n<div style=\"flex-basis: 100%; display: flex; justify-content: space-between;\">\n        <span style=\"color: #999999;\">Dur\u00e9e de vie :<\/span><br \/>\n        <strong style=\"text-align: right; flex-grow: 1;\">Environ 4-5 ans<\/strong>\n    <\/div>\n<div style=\"flex-basis: 100%; display: flex; justify-content: space-between;\">\n        <span style=\"color: #999999;\">Lecture sans fil :<\/span><br \/>\n        <strong style=\"text-align: right; flex-grow: 1;\">11 heures<\/strong>\n    <\/div>\n<div style=\"flex-basis: 100%; display: flex; justify-content: space-between;\">\n        <span style=\"color: #999999;\">Production en volume limit\u00e9 :<\/span><br \/>\n        <strong style=\"text-align: right; flex-grow: 1;\">jusqu'\u00e0 79 dBA<\/strong>\n    <\/div>\n<div style=\"flex-basis: 100%; display: flex; justify-content: space-between;\">\n        <span style=\"color: #999999;\">Nombre de couleurs :<\/span><br \/>\n        <strong style=\"text-align: right; flex-grow: 1;\">10<\/strong>\n    <\/div>\n<\/div>","protected":false},"excerpt":{"rendered":"<ul>\n<li>Bluetooth\u00ae 5.0<\/li>\n<li>Microphone \u00e0 isolation phonique pour des conversations claires dans les environnements bruyants<\/li>\n<li>SafeMax\u2122 - qualit\u00e9 audio exceptionnelle tout en limitant le volume \u00e0 79 dBA<\/li>\n<li>11 heures de lecture sans fil avec une batterie pleine<\/li>\n<li>Connexion sans fil sans probl\u00e8me<\/li>\n<li>Chargement via micro USB<\/li>\n<li>Taill\u00e9 pour un confort de port optimal<\/li>\n<li>Convient pour une utilisation quotidienne et \u00e0 long terme<\/li>\n<li>R\u00e9sistance \u00e0 la poussi\u00e8re, \u00e0 la sueur et \u00e0 l'eau IP67<\/li>\n<\/ul>","protected":false},"featured_media":833,"comment_status":"open","ping_status":"closed","template":"","meta":[],"product_cat":[17],"product_tag":[],"class_list":{"0":"post-777","1":"product","2":"type-product","3":"status-publish","4":"has-post-thumbnail","6":"product_cat-zie-specificaties","7":"pa_color-black","8":"pa_color-blue","9":"pa_color-clear","10":"pa_color-green","11":"pa_color-orange","12":"pa_color-pink","13":"pa_color-purple","14":"pa_color-red","15":"pa_color-white","16":"pa_color-yellow","18":"first","19":"instock","20":"shipping-taxable","21":"product-type-simple"},"_links":{"self":[{"href":"https:\/\/earplugz.com\/fr\/wp-json\/wp\/v2\/product\/777","targetHints":{"allow":["GET"]}}],"collection":[{"href":"https:\/\/earplugz.com\/fr\/wp-json\/wp\/v2\/product"}],"about":[{"href":"https:\/\/earplugz.com\/fr\/wp-json\/wp\/v2\/types\/product"}],"replies":[{"embeddable":true,"href":"https:\/\/earplugz.com\/fr\/wp-json\/wp\/v2\/comments?post=777"}],"wp:featuredmedia":[{"embeddable":true,"href":"https:\/\/earplugz.com\/fr\/wp-json\/wp\/v2\/media\/833"}],"wp:attachment":[{"href":"https:\/\/earplugz.com\/fr\/wp-json\/wp\/v2\/media?parent=777"}],"wp:term":[{"taxonomy":"product_cat","embeddable":true,"href":"https:\/\/earplugz.com\/fr\/wp-json\/wp\/v2\/product_cat?post=777"},{"taxonomy":"product_tag","embeddable":true,"href":"https:\/\/earplugz.com\/fr\/wp-json\/wp\/v2\/product_tag?post=777"}],"curies":[{"name":"wp","href":"https:\/\/api.w.org\/{rel}","templated":true}]}}