{"id":774,"date":"2023-11-14T13:51:58","date_gmt":"2023-11-14T13:51:58","guid":{"rendered":"https:\/\/earplugz.com\/?post_type=product&#038;p=774"},"modified":"2023-11-21T15:35:48","modified_gmt":"2023-11-21T15:35:48","slug":"porto-protect","status":"publish","type":"product","link":"https:\/\/earplugz.com\/fr\/product\/protection-postale\/","title":{"rendered":"Porto prot\u00e9ger"},"content":{"rendered":"<div style=\"display: flex; flex-wrap: wrap;\">\n<div style=\"flex-basis: 100%; display: flex; justify-content: space-between;\">\n        <span style=\"color: #999999;\">Mat\u00e9riau :<\/span><br \/>\n        <strong style=\"text-align: right; flex-grow: 1;\">Acrylique ou silicone<\/strong>\n    <\/div>\n<div style=\"flex-basis: 100%; display: flex; justify-content: space-between;\">\n        <span style=\"color: #999999;\">Filtre (amortissement) :<\/span><br \/>\n        <strong style=\"text-align: right; flex-grow: 1;\">4 types<\/strong>\n    <\/div>\n<div style=\"flex-basis: 100%; display: flex; justify-content: space-between;\">\n        <span style=\"color: #999999;\">Rev\u00eatement antiallergique :<\/span><br \/>\n        <strong style=\"text-align: right; flex-grow: 1;\">Oui<\/strong>\n    <\/div>\n<div style=\"flex-basis: 100%; display: flex; justify-content: space-between;\">\n        <span style=\"color: #999999;\">Connexion :<\/span><br \/>\n        <strong style=\"text-align: right; flex-grow: 1;\">Universel<\/strong>\n    <\/div>\n<div style=\"flex-basis: 100%; display: flex; justify-content: space-between;\">\n        <span style=\"color: #999999;\">Dur\u00e9e de vie :<\/span><br \/>\n        <strong style=\"text-align: right; flex-grow: 1;\">Environ 4 \u00e0 5 ans<\/strong>\n    <\/div>\n<div style=\"flex-basis: 100%; display: flex; justify-content: space-between;\">\n        <span style=\"color: #999999;\">Poign\u00e9e :<\/span><br \/>\n        <strong style=\"text-align: right; flex-grow: 1;\">En option<\/strong>\n    <\/div>\n<div style=\"flex-basis: 100%; display: flex; justify-content: space-between;\">\n        <span style=\"color: #999999;\">Lani\u00e8re avec clip :<\/span><br \/>\n        <strong style=\"text-align: right; flex-grow: 1;\">Non<\/strong>\n    <\/div>\n<div style=\"flex-basis: 100%; display: flex; justify-content: space-between;\">\n        <span style=\"color: #999999;\">Nombre de couleurs :<\/span><br \/>\n        <strong style=\"text-align: right; flex-grow: 1;\">10<\/strong>\n    <\/div>\n<\/div>","protected":false},"excerpt":{"rendered":"<ul>\n<li>Syst\u00e8me de communication par talkie-walkie \u00e0 connexion universelle<\/li>\n<li>Le bruit ambiant nocif est arr\u00eat\u00e9 par un filtre sp\u00e9cifique<\/li>\n<li>Taill\u00e9 pour un confort de port optimal<\/li>\n<li>Convient pour une utilisation quotidienne et \u00e0 long terme<\/li>\n<li>Rev\u00eatement antiallergique<\/li>\n<li>Un c\u00f4t\u00e9 affranchissement + protection et un c\u00f4t\u00e9 protecteur d\u00e9tach\u00e9<\/li>\n<\/ul>","protected":false},"featured_media":831,"comment_status":"open","ping_status":"closed","template":"","meta":[],"product_cat":[17],"product_tag":[],"class_list":{"0":"post-774","1":"product","2":"type-product","3":"status-publish","4":"has-post-thumbnail","6":"product_cat-zie-specificaties","7":"pa_color-black","8":"pa_color-red","10":"first","11":"instock","12":"shipping-taxable","13":"product-type-simple"},"_links":{"self":[{"href":"https:\/\/earplugz.com\/fr\/wp-json\/wp\/v2\/product\/774","targetHints":{"allow":["GET"]}}],"collection":[{"href":"https:\/\/earplugz.com\/fr\/wp-json\/wp\/v2\/product"}],"about":[{"href":"https:\/\/earplugz.com\/fr\/wp-json\/wp\/v2\/types\/product"}],"replies":[{"embeddable":true,"href":"https:\/\/earplugz.com\/fr\/wp-json\/wp\/v2\/comments?post=774"}],"wp:featuredmedia":[{"embeddable":true,"href":"https:\/\/earplugz.com\/fr\/wp-json\/wp\/v2\/media\/831"}],"wp:attachment":[{"href":"https:\/\/earplugz.com\/fr\/wp-json\/wp\/v2\/media?parent=774"}],"wp:term":[{"taxonomy":"product_cat","embeddable":true,"href":"https:\/\/earplugz.com\/fr\/wp-json\/wp\/v2\/product_cat?post=774"},{"taxonomy":"product_tag","embeddable":true,"href":"https:\/\/earplugz.com\/fr\/wp-json\/wp\/v2\/product_tag?post=774"}],"curies":[{"name":"wp","href":"https:\/\/api.w.org\/{rel}","templated":true}]}}