{"id":573,"date":"2023-11-10T07:02:05","date_gmt":"2023-11-10T07:02:05","guid":{"rendered":"https:\/\/earplugz.com\/?post_type=product&#038;p=573"},"modified":"2023-11-21T15:26:08","modified_gmt":"2023-11-21T15:26:08","slug":"dry-music","status":"publish","type":"product","link":"https:\/\/earplugz.com\/fr\/product\/musique-seche\/","title":{"rendered":"Musique s\u00e8che"},"content":{"rendered":"<div style=\"display: flex; flex-wrap: wrap;\">\n<div style=\"flex-basis: 100%; display: flex; justify-content: space-between;\">\n        <span style=\"color: #999999;\">Mat\u00e9riau :<\/span><br \/>\n        <strong style=\"text-align: right; flex-grow: 1;\">Silicone flottante et non flottante<\/strong>\n    <\/div>\n<div style=\"flex-basis: 100%; display: flex; justify-content: space-between;\">\n        <span style=\"color: #999999;\">Filtre (amortissement) :<\/span><br \/>\n        <strong style=\"text-align: right; flex-grow: 1;\">1 type<\/strong>\n    <\/div>\n<div style=\"flex-basis: 100%; display: flex; justify-content: space-between;\">\n        <span style=\"color: #999999;\">Compatibilit\u00e9 :<\/span><br \/>\n        <strong style=\"text-align: right; flex-grow: 1;\">16 heures d'autonomie et 8 Go de capacit\u00e9 de stockage<\/strong>\n    <\/div>\n<div style=\"flex-basis: 100%; display: flex; justify-content: space-between;\">\n        <span style=\"color: #999999;\">Imperm\u00e9able \u00e0 l'eau :<\/span><br \/>\n        <strong style=\"text-align: right; flex-grow: 1;\">Jusqu'\u00e0 2,5 m\u00e8tres 100% \u00e9tanche<\/strong>\n    <\/div>\n<div style=\"flex-basis: 100%; display: flex; justify-content: space-between;\">\n        <span style=\"color: #999999;\">Dur\u00e9e de vie :<\/span><br \/>\n        <strong style=\"text-align: right; flex-grow: 1;\">Environ 4-5 ans<\/strong>\n    <\/div>\n<div style=\"flex-basis: 100%; display: flex; justify-content: space-between;\">\n        <span style=\"color: #999999;\">Poign\u00e9e :<\/span><br \/>\n        <strong style=\"text-align: right; flex-grow: 1;\">I-Grip<\/strong>\n    <\/div>\n<div style=\"flex-basis: 100%; display: flex; justify-content: space-between;\">\n        <span style=\"color: #999999;\">Lani\u00e8re avec clip :<\/span><br \/>\n        <strong style=\"text-align: right; flex-grow: 1;\">Non<\/strong>\n    <\/div>\n<div style=\"flex-basis: 100%; display: flex; justify-content: space-between;\">\n        <span style=\"color: #999999;\">Nombre de couleurs :<\/span><br \/>\n        <strong style=\"text-align: right; flex-grow: 1;\">10<\/strong>\n    <\/div>\n<\/div>","protected":false},"excerpt":{"rendered":"<ul>\n<li>Mat\u00e9riau flottant unique et super doux<\/li>\n<li>Lecteur MP3 \u00e9tanche de 8 Go inclus<\/li>\n<li>Convient pour une utilisation quotidienne et \u00e0 long terme<\/li>\n<li>Rev\u00eatement antiallergique<\/li>\n<li>Ajustement optimal<\/li>\n<li>Durables (plus longtemps que les bouchons d'oreille universels ou jetables)<\/li>\n<li><span class=\"a-list-item\">Musique pendant la natation : le meilleur lecteur mp3 \u00e9tanche pour les surfeurs ou les nageurs de marathon. Super compact : le clip mains libres permet d'attacher facilement le lecteur \u00e0 des lunettes de natation (par exemple). Facile \u00e0 utiliser.<\/span><\/li>\n<li><span class=\"a-list-item\">Excellente qualit\u00e9 sonore : dot\u00e9 d'une technologie antibruit avanc\u00e9e, il offre une meilleure qualit\u00e9 sonore que la plupart des autres lecteurs mp3 \u00e9tanches. G<\/span><span class=\"a-list-item\">et sans distorsion de votre musique pr\u00e9f\u00e9r\u00e9e pendant la natation, le surf, la course \u00e0 pied et d'autres activit\u00e9s.<\/span><\/li>\n<li><span class=\"a-list-item\">Haute compatibilit\u00e9 : 16 heures d'autonomie de lecture et une capacit\u00e9 de stockage de 8 Go, soit plus de 2 000 chansons, compatible avec la plupart des formats audio, par exemple MP3, FLAC, WMA, APE (aucun logiciel de conversion n'est n\u00e9cessaire).<\/span><\/li>\n<li><span class=\"a-list-item\">100% \u00e9tanche - jusqu'\u00e0 2,5 m\u00e8tres 100% \u00e9tanche. Comprend une prise st\u00e9r\u00e9o plaqu\u00e9e or qui prot\u00e8ge contre la corrosion. Indice d'\u00e9tanch\u00e9it\u00e9 : IPX8.<\/span><\/li>\n<li><\/li>\n<\/ul>","protected":false},"featured_media":823,"comment_status":"open","ping_status":"closed","template":"","meta":[],"product_cat":[17],"product_tag":[],"class_list":{"0":"post-573","1":"product","2":"type-product","3":"status-publish","4":"has-post-thumbnail","6":"product_cat-zie-specificaties","7":"pa_color-blue","8":"pa_color-red","10":"first","11":"instock","12":"shipping-taxable","13":"product-type-simple"},"_links":{"self":[{"href":"https:\/\/earplugz.com\/fr\/wp-json\/wp\/v2\/product\/573","targetHints":{"allow":["GET"]}}],"collection":[{"href":"https:\/\/earplugz.com\/fr\/wp-json\/wp\/v2\/product"}],"about":[{"href":"https:\/\/earplugz.com\/fr\/wp-json\/wp\/v2\/types\/product"}],"replies":[{"embeddable":true,"href":"https:\/\/earplugz.com\/fr\/wp-json\/wp\/v2\/comments?post=573"}],"wp:featuredmedia":[{"embeddable":true,"href":"https:\/\/earplugz.com\/fr\/wp-json\/wp\/v2\/media\/823"}],"wp:attachment":[{"href":"https:\/\/earplugz.com\/fr\/wp-json\/wp\/v2\/media?parent=573"}],"wp:term":[{"taxonomy":"product_cat","embeddable":true,"href":"https:\/\/earplugz.com\/fr\/wp-json\/wp\/v2\/product_cat?post=573"},{"taxonomy":"product_tag","embeddable":true,"href":"https:\/\/earplugz.com\/fr\/wp-json\/wp\/v2\/product_tag?post=573"}],"curies":[{"name":"wp","href":"https:\/\/api.w.org\/{rel}","templated":true}]}}