{"id":586,"date":"2023-11-15T08:19:28","date_gmt":"2023-11-15T08:19:28","guid":{"rendered":"https:\/\/earplugz.com\/?page_id=586"},"modified":"2024-09-17T07:58:18","modified_gmt":"2024-09-17T07:58:18","slug":"contact","status":"publish","type":"page","link":"https:\/\/earplugz.com\/fr\/contact\/","title":{"rendered":"Contactez nous"},"content":{"rendered":"<section class=\"bde-section-586-100 bde-section\">\n  \n\t\n\n\n\n<div class=\"section-container\"><h1 class=\"bde-heading-586-101 bde-heading\">\nContact\n<\/h1><div class=\"bde-columns-586-102 bde-columns\"><div class=\"bde-column-586-103 bde-column\">\n  \n\t\n\n\n\n<div class=\"bde-image-586-107 bde-image\">\n  \n\n\n\n\n\n<figure class=\"breakdance-image breakdance-image--588\">\n\t<div class=\"breakdance-image-container\">\n\t\t<div class=\"breakdance-image-clip\">\n\t\t\t\n\t\t\t\t\n\t\t\t\t\t      \n  \n  \n  \n  \n      \n      <img loading=\"lazy\" decoding=\"async\"\n      class=\"breakdance-image-object\"\n      src=\"https:\/\/earplugz.com\/wp-content\/uploads\/2023\/11\/Rectangle-4167.png\"\n      width=\"810\"\n      height=\"250\"\n      \n      \n                                    srcset=\"https:\/\/earplugz.com\/wp-content\/uploads\/2023\/11\/Rectangle-4167.png 810w, https:\/\/earplugz.com\/wp-content\/uploads\/2023\/11\/Rectangle-4167-300x93.png 300w, https:\/\/earplugz.com\/wp-content\/uploads\/2023\/11\/Rectangle-4167-768x237.png 768w, https:\/\/earplugz.com\/wp-content\/uploads\/2023\/11\/Rectangle-4167-600x185.png 600w\"\n                                                                      >\n  \n\n\t\t\t\t\t\n\t\t\t\t\t\t<\/div>\n\t<\/div>\n\n\t<\/figure>\n\n<\/div><h1 class=\"bde-heading-586-110 bde-heading\">\nVous souhaitez devenir revendeur de Earplugz ? Ou simplement vous renseigner sur les possibilit\u00e9s ?\n<\/h1><div class=\"bde-text-586-109 bde-text\">\nEt surtout, prenez contact avec nous. Nous sommes toujours pr\u00eats \u00e0 voir ce que nous pouvons faire pour vous.\n<\/div><div id=\"button1\" class=\"bde-button-586-111 bde-button\">\n    \n                                    \n    \n    \n    \n    \n            \n                    \n            \n            \n\n    \n    \n    \n    \n    <a class=\"breakdance-link button-atom button-atom--primary bde-button__button\" href=\"#dealer\" target=\"_self\" data-type=\"url\"  >\n\n    \n        <span class=\"button-atom__text\">envoyer un message<\/span>\n\n        \n        \n                <\/a>\n\n    \n\n\n<\/div>\n<\/div><div class=\"bde-column-586-112 bde-column\">\n  \n\t\n\n\n\n<div class=\"bde-image-586-113 bde-image\">\n  \n\n\n\n\n\n<figure class=\"breakdance-image breakdance-image--589\">\n\t<div class=\"breakdance-image-container\">\n\t\t<div class=\"breakdance-image-clip\">\n\t\t\t\n\t\t\t\t\n\t\t\t\t\t      \n  \n  \n  \n  \n      \n      <img loading=\"lazy\" decoding=\"async\"\n      class=\"breakdance-image-object\"\n      src=\"https:\/\/earplugz.com\/wp-content\/uploads\/2023\/11\/Rectangle-4166.png\"\n      width=\"810\"\n      height=\"250\"\n      \n      \n                                    srcset=\"https:\/\/earplugz.com\/wp-content\/uploads\/2023\/11\/Rectangle-4166.png 810w, https:\/\/earplugz.com\/wp-content\/uploads\/2023\/11\/Rectangle-4166-300x93.png 300w, https:\/\/earplugz.com\/wp-content\/uploads\/2023\/11\/Rectangle-4166-768x237.png 768w, https:\/\/earplugz.com\/wp-content\/uploads\/2023\/11\/Rectangle-4166-600x185.png 600w\"\n                                                                      >\n  \n\n\t\t\t\t\t\n\t\t\t\t\t\t<\/div>\n\t<\/div>\n\n\t<\/figure>\n\n<\/div><h1 class=\"bde-heading-586-114 bde-heading\">\nVous \u00eates un utilisateur final et vous avez des questions de fond ou vous souhaitez prendre rendez-vous ?\n<\/h1><div class=\"bde-text-586-115 bde-text\">\nContactez ensuite l'un de nos revendeurs. \n<\/div><div id=\"button2\" class=\"bde-button-586-116 bde-button\">\n    \n                                    \n    \n    \n    \n    \n            \n                    \n            \n            \n\n    \n    \n    \n    \n    <a class=\"breakdance-link button-atom button-atom--primary bde-button__button\" href=\"#help\" target=\"_self\" data-type=\"url\"  >\n\n    \n        <span class=\"button-atom__text\">envoyer un message<\/span>\n\n        \n        \n                <\/a>\n\n    \n\n\n<\/div>\n<\/div><\/div><div class=\"bde-code-block-586-186 bde-code-block\">\n\n\n\n<\/div><\/div>\n<\/section><section id=\"section1\" class=\"bde-section-586-140 bde-section hidden\">\n  \n\t\n\n\n\n<div class=\"section-container\"><div class=\"bde-columns-586-141 bde-columns\"><div class=\"bde-column-586-142 bde-column\">\n  \n\t\n\n\n\n<h1 id=\"dealer\" class=\"bde-heading-586-143 bde-heading\">\nTravaillons ensemble\n<\/h1>\n<\/div><\/div><div class=\"bde-columns-586-144 bde-columns\"><div class=\"bde-column-586-145 bde-column\">\n  \n\t\n\n\n\n<div class=\"bde-text-586-146 bde-text\">\ninfo@earplugz.com\n<\/div><div class=\"bde-columns-586-163 bde-columns\"><div class=\"bde-column-586-150 bde-column address-coll\">\n  \n\t\n\n\n\n<div class=\"bde-text-586-151 bde-text follow-column\">\nAdresse\n<\/div><div class=\"bde-text-586-152 bde-text number-coll\">\nBouchons d'oreille<br>Hastelweg 260 D<br>5652CN Eindhoven\n<\/div><div class=\"bde-columns-586-166 bde-columns\"><div class=\"bde-column-586-154 bde-column address-coll\">\n  \n\t\n\n\n\n<div class=\"bde-text-586-155 bde-text follow-column\">\nT\u00e9l\u00e9phone\n<\/div><div class=\"bde-text-586-156 bde-text number-coll\">\n+31(0)85 0600014\n<\/div>\n<\/div><\/div>\n<\/div><div class=\"bde-column-586-157 bde-column follow-coll\">\n  \n\t\n\n\n\n<div class=\"bde-text-586-158 bde-text follow-column\">\nSuivre\n<\/div><div class=\"bde-social-icons-586-159 bde-social-icons icon-coll\">\n  \n            \n            \n            \n\n    \n    \n    \n    \n    <a class=\"breakdance-link bde-social-icons__icon-wrapper bde-social-icons__icon-instagram\" href=\"https:\/\/www.instagram.com\/ear.plugz\/\" target=\"_self\" data-type=\"url\"  >\n\n    <!--a href=\"\" class=\"bde-social-icons__icon-wrapper bde-social-icons__icon-instagram\" -->\n             <svg xmlns=\"http:\/\/www.w3.org\/2000\/svg\" width=\"100%\" viewbox=\"0 0 24 24\">\n            <path d=\"M12 2.163c3.204 0 3.584.012 4.85.07 3.252.148 4.771 1.691 4.919 4.919.058 1.265.069 1.645.069 4.849 0 3.205-.012 3.584-.069 4.849-.149 3.225-1.664 4.771-4.919 4.919-1.266.058-1.644.07-4.85.07-3.204 0-3.584-.012-4.849-.07-3.26-.149-4.771-1.699-4.919-4.92-.058-1.265-.07-1.644-.07-4.849 0-3.204.013-3.583.07-4.849.149-3.227 1.664-4.771 4.919-4.919 1.266-.057 1.645-.069 4.849-.069zm0-2.163c-3.259 0-3.667.014-4.947.072-4.358.2-6.78 2.618-6.98 6.98-.059 1.281-.073 1.689-.073 4.948 0 3.259.014 3.668.072 4.948.2 4.358 2.618 6.78 6.98 6.98 1.281.058 1.689.072 4.948.072 3.259 0 3.668-.014 4.948-.072 4.354-.2 6.782-2.618 6.979-6.98.059-1.28.073-1.689.073-4.948 0-3.259-.014-3.667-.072-4.947-.196-4.354-2.617-6.78-6.979-6.98-1.281-.059-1.69-.073-4.949-.073zm0 5.838c-3.403 0-6.162 2.759-6.162 6.162s2.759 6.163 6.162 6.163 6.162-2.759 6.162-6.163c0-3.403-2.759-6.162-6.162-6.162zm0 10.162c-2.209 0-4-1.79-4-4 0-2.209 1.791-4 4-4s4 1.791 4 4c0 2.21-1.791 4-4 4zm6.406-11.845c-.796 0-1.441.645-1.441 1.44s.645 1.44 1.441 1.44c.795 0 1.439-.645 1.439-1.44s-.644-1.44-1.439-1.44z\"\/>\n       <\/svg>\n              <\/a>\n\n    \n            \n            \n            \n\n    \n    \n    \n    \n    <a class=\"breakdance-link bde-social-icons__icon-wrapper bde-social-icons__icon-linkedin\" href=\"https:\/\/www.linkedin.com\/company\/100370508\/\" target=\"_self\" data-type=\"url\"  >\n\n    <!--a href=\"\" class=\"bde-social-icons__icon-wrapper bde-social-icons__icon-linkedin\" -->\n             <svg xmlns=\"http:\/\/www.w3.org\/2000\/svg\" width=\"100%\" viewbox=\"-4 -2 32 32\">\n            <path d=\"M4.98 3.5c0 1.381-1.11 2.5-2.48 2.5s-2.48-1.119-2.48-2.5c0-1.38 1.11-2.5 2.48-2.5s2.48 1.12 2.48 2.5zm.02 4.5h-5v16h5v-16zm7.982 0h-4.968v16h4.969v-8.399c0-4.67 6.029-5.052 6.029 0v8.399h4.988v-10.131c0-7.88-8.922-7.593-11.018-3.714v-2.155z\"\/>\n       <\/svg>\n              <\/a>\n\n    \n<\/div>\n<\/div><\/div>\n<\/div><div class=\"bde-column-586-162 bde-column\">\n  \n\t\n\n\n\n<div class=\"bde-shortcodewrapper-586-161 bde-shortcodewrapper\">\n\n<div class=\"wpcf7 no-js\" id=\"wpcf7-f598-o1\" lang=\"en-GB\" dir=\"ltr\">\n<div class=\"screen-reader-response\"><p role=\"status\" aria-live=\"polite\" aria-atomic=\"true\"><\/p> <ul><\/ul><\/div>\n<form action=\"\/fr\/wp-json\/wp\/v2\/pages\/586#wpcf7-f598-o1\" method=\"post\" class=\"wpcf7-form init\" aria-label=\"Formulaire de contact\" novalidate=\"novalidate\" data-status=\"init\" data-trp-original-action=\"\/fr\/wp-json\/wp\/v2\/pages\/586#wpcf7-f598-o1\">\n<div style=\"display: none;\">\n<input type=\"hidden\" name=\"_wpcf7\" value=\"598\" \/>\n<input type=\"hidden\" name=\"_wpcf7_version\" value=\"5.9.8\" \/>\n<input type=\"hidden\" name=\"_wpcf7_locale\" value=\"en_GB\" \/>\n<input type=\"hidden\" name=\"_wpcf7_unit_tag\" value=\"wpcf7-f598-o1\" \/>\n<input type=\"hidden\" name=\"_wpcf7_container_post\" value=\"0\" \/>\n<input type=\"hidden\" name=\"_wpcf7_posted_data_hash\" value=\"\" \/>\n<\/div>\n<div class=\"form-main-section\">\n\t<div class=\"group-main-box\">\n\t\t<div class=\"inner-filed-1\">\n\t\t\t<p><span class=\"wpcf7-form-control-wrap\" data-name=\"your-name\"><input size=\"40\" maxlength=\"400\" class=\"wpcf7-form-control wpcf7-text wpcf7-validates-as-required\" aria-required=\"true\" aria-invalid=\"false\" placeholder=\"Nom\" value=\"\" type=\"text\" name=\"your-name\" \/><\/span>\n\t\t\t<\/p>\n\t\t<\/div>\n\t\t<div class=\"inner-filed-1\">\n\t\t\t<p><span class=\"wpcf7-form-control-wrap\" data-name=\"your-company\"><input size=\"40\" maxlength=\"400\" class=\"wpcf7-form-control wpcf7-text wpcf7-validates-as-required\" aria-required=\"true\" aria-invalid=\"false\" placeholder=\"Entreprise\" value=\"\" type=\"text\" name=\"your-company\" \/><\/span>\n\t\t\t<\/p>\n\t\t<\/div>\n\t<\/div>\n\t<div class=\"group-main-box\">\n\t\t<div class=\"inner-filed-1\">\n\t\t\t<p><span class=\"wpcf7-form-control-wrap\" data-name=\"your-email\"><input size=\"40\" maxlength=\"400\" class=\"wpcf7-form-control wpcf7-email wpcf7-validates-as-required wpcf7-text wpcf7-validates-as-email\" aria-required=\"true\" aria-invalid=\"false\" placeholder=\"Courriel\" value=\"\" type=\"email\" name=\"your-email\" \/><\/span>\n\t\t\t<\/p>\n\t\t<\/div>\n\t\t<div class=\"inner-filed-1\">\n\t\t\t<p><span class=\"wpcf7-form-control-wrap\" data-name=\"number-494\"><input class=\"wpcf7-form-control wpcf7-number wpcf7-validates-as-number\" aria-invalid=\"false\" placeholder=\"T\u00e9l\u00e9phone\" value=\"\" type=\"number\" name=\"number-494\" \/><\/span>\n\t\t\t<\/p>\n\t\t<\/div>\n\t<\/div>\n\t<p><span class=\"wpcf7-form-control-wrap\" data-name=\"your-message\"><textarea cols=\"40\" rows=\"10\" maxlength=\"2000\" class=\"wpcf7-form-control wpcf7-textarea\" aria-invalid=\"false\" placeholder=\"Message\" name=\"your-message\"><\/textarea><\/span>\n\t<\/p>\n\t<div class=\"button-submit\">\n\t\t<p><img decoding=\"async\" src=\"https:\/\/earplugz.com\/wp-content\/uploads\/2023\/10\/Arrow-1.png\" class=\"submitbuttonimg\" \/><br \/>\n<input class=\"wpcf7-form-control wpcf7-submit has-spinner\" type=\"submit\" value=\"Envoyer\" \/>\n\t\t<\/p>\n\t<\/div>\n<\/div><div class=\"wpcf7-response-output\" aria-hidden=\"true\"><\/div>\n<input type=\"hidden\" name=\"trp-form-language\" value=\"fr\"\/><\/form>\n<\/div>\n \n<\/div>\n<\/div><\/div><\/div>\n<\/section><section id=\"section2\" class=\"bde-section-586-118 bde-section hidden\">\n  \n\t\n\n\n\n<div class=\"section-container\"><div class=\"bde-columns-586-119 bde-columns\"><div class=\"bde-column-586-120 bde-column\">\n  \n\t\n\n\n\n<h1 id=\"help\" class=\"bde-heading-586-121 bde-heading\">\npr\u00eat \u00e0 aider\n<\/h1><div class=\"bde-columns-586-170 bde-columns\"><div class=\"bde-column-586-171 bde-column\">\n  \n\t\n\n\n\n<div class=\"bde-text-586-172 bde-text\">\ninfo@earplugz.com\n<\/div><div class=\"bde-columns-586-173 bde-columns\"><div class=\"bde-column-586-174 bde-column address-coll\">\n  \n\t\n\n\n\n<div class=\"bde-text-586-175 bde-text follow-column\">\nCommander ?\n<\/div><div class=\"bde-text-586-176 bde-text number-coll\">\nEarplugz n'est disponible que chez les revendeurs agr\u00e9\u00e9s. <br><br>Contactez-nous pour conna\u00eetre le vendeur le plus proche de chez vous. \n<\/div><div class=\"bde-columns-586-177 bde-columns\"><div class=\"bde-column-586-178 bde-column address-coll\">\n  \n\t\n\n\n\n<div class=\"bde-text-586-179 bde-text follow-column\">\nNombre\n<\/div><div class=\"bde-text-586-180 bde-text number-coll\">\n+31(0)85 0600014\n<\/div>\n<\/div><\/div>\n<\/div><div class=\"bde-column-586-181 bde-column follow-coll\">\n  \n\t\n\n\n\n<div class=\"bde-text-586-182 bde-text follow-column\">\nSuivre\n<\/div><div class=\"bde-social-icons-586-183 bde-social-icons icon-coll\">\n  \n            \n            \n            \n\n    \n    \n    \n    \n    <a class=\"breakdance-link bde-social-icons__icon-wrapper bde-social-icons__icon-instagram\" href=\"https:\/\/www.instagram.com\/ear.plugz\/\" target=\"_self\" data-type=\"url\"  >\n\n    <!--a href=\"\" class=\"bde-social-icons__icon-wrapper bde-social-icons__icon-instagram\" -->\n             <svg xmlns=\"http:\/\/www.w3.org\/2000\/svg\" width=\"100%\" viewbox=\"0 0 24 24\">\n            <path d=\"M12 2.163c3.204 0 3.584.012 4.85.07 3.252.148 4.771 1.691 4.919 4.919.058 1.265.069 1.645.069 4.849 0 3.205-.012 3.584-.069 4.849-.149 3.225-1.664 4.771-4.919 4.919-1.266.058-1.644.07-4.85.07-3.204 0-3.584-.012-4.849-.07-3.26-.149-4.771-1.699-4.919-4.92-.058-1.265-.07-1.644-.07-4.849 0-3.204.013-3.583.07-4.849.149-3.227 1.664-4.771 4.919-4.919 1.266-.057 1.645-.069 4.849-.069zm0-2.163c-3.259 0-3.667.014-4.947.072-4.358.2-6.78 2.618-6.98 6.98-.059 1.281-.073 1.689-.073 4.948 0 3.259.014 3.668.072 4.948.2 4.358 2.618 6.78 6.98 6.98 1.281.058 1.689.072 4.948.072 3.259 0 3.668-.014 4.948-.072 4.354-.2 6.782-2.618 6.979-6.98.059-1.28.073-1.689.073-4.948 0-3.259-.014-3.667-.072-4.947-.196-4.354-2.617-6.78-6.979-6.98-1.281-.059-1.69-.073-4.949-.073zm0 5.838c-3.403 0-6.162 2.759-6.162 6.162s2.759 6.163 6.162 6.163 6.162-2.759 6.162-6.163c0-3.403-2.759-6.162-6.162-6.162zm0 10.162c-2.209 0-4-1.79-4-4 0-2.209 1.791-4 4-4s4 1.791 4 4c0 2.21-1.791 4-4 4zm6.406-11.845c-.796 0-1.441.645-1.441 1.44s.645 1.44 1.441 1.44c.795 0 1.439-.645 1.439-1.44s-.644-1.44-1.439-1.44z\"\/>\n       <\/svg>\n              <\/a>\n\n    \n            \n            \n            \n\n    \n    \n    \n    \n    <a class=\"breakdance-link bde-social-icons__icon-wrapper bde-social-icons__icon-linkedin\" href=\"https:\/\/www.linkedin.com\/company\/100370508\/\" target=\"_self\" data-type=\"url\"  >\n\n    <!--a href=\"\" class=\"bde-social-icons__icon-wrapper bde-social-icons__icon-linkedin\" -->\n             <svg xmlns=\"http:\/\/www.w3.org\/2000\/svg\" width=\"100%\" viewbox=\"-4 -2 32 32\">\n            <path d=\"M4.98 3.5c0 1.381-1.11 2.5-2.48 2.5s-2.48-1.119-2.48-2.5c0-1.38 1.11-2.5 2.48-2.5s2.48 1.12 2.48 2.5zm.02 4.5h-5v16h5v-16zm7.982 0h-4.968v16h4.969v-8.399c0-4.67 6.029-5.052 6.029 0v8.399h4.988v-10.131c0-7.88-8.922-7.593-11.018-3.714v-2.155z\"\/>\n       <\/svg>\n              <\/a>\n\n    \n<\/div>\n<\/div><\/div>\n<\/div><div class=\"bde-column-586-184 bde-column\">\n  \n\t\n\n\n\n<div class=\"bde-shortcodewrapper-586-185 bde-shortcodewrapper\">\n\n<div class=\"wpcf7 no-js\" id=\"wpcf7-f599-o2\" lang=\"en-GB\" dir=\"ltr\">\n<div class=\"screen-reader-response\"><p role=\"status\" aria-live=\"polite\" aria-atomic=\"true\"><\/p> <ul><\/ul><\/div>\n<form action=\"\/fr\/wp-json\/wp\/v2\/pages\/586#wpcf7-f599-o2\" method=\"post\" class=\"wpcf7-form init\" aria-label=\"Formulaire de contact\" novalidate=\"novalidate\" data-status=\"init\" data-trp-original-action=\"\/fr\/wp-json\/wp\/v2\/pages\/586#wpcf7-f599-o2\">\n<div style=\"display: none;\">\n<input type=\"hidden\" name=\"_wpcf7\" value=\"599\" \/>\n<input type=\"hidden\" name=\"_wpcf7_version\" value=\"5.9.8\" \/>\n<input type=\"hidden\" name=\"_wpcf7_locale\" value=\"en_GB\" \/>\n<input type=\"hidden\" name=\"_wpcf7_unit_tag\" value=\"wpcf7-f599-o2\" \/>\n<input type=\"hidden\" name=\"_wpcf7_container_post\" value=\"0\" \/>\n<input type=\"hidden\" name=\"_wpcf7_posted_data_hash\" value=\"\" \/>\n<\/div>\n<div class=\"main-heading\">\n\t<h2 style=\"margin-top: 0px;\">Dites bonjour\n\t<\/h2>\n<\/div>\n<div class=\"form-main-section\">\n\t<div class=\"group-main-box\">\n\t\t<div class=\"inner-filed-1\">\n\t\t\t<p><span class=\"wpcf7-form-control-wrap\" data-name=\"your-name\"><input size=\"40\" maxlength=\"400\" class=\"wpcf7-form-control wpcf7-text wpcf7-validates-as-required\" aria-required=\"true\" aria-invalid=\"false\" placeholder=\"Nom\" value=\"\" type=\"text\" name=\"your-name\" \/><\/span>\n\t\t\t<\/p>\n\t\t<\/div>\n\t\t<div class=\"inner-filed-1\">\n\t\t\t<p><span class=\"wpcf7-form-control-wrap\" data-name=\"your-company\"><input size=\"40\" maxlength=\"400\" class=\"wpcf7-form-control wpcf7-text wpcf7-validates-as-required\" aria-required=\"true\" aria-invalid=\"false\" placeholder=\"Entreprise\" value=\"\" type=\"text\" name=\"your-company\" \/><\/span>\n\t\t\t<\/p>\n\t\t<\/div>\n\t<\/div>\n\t<p><span class=\"wpcf7-form-control-wrap\" data-name=\"your-message\"><textarea cols=\"40\" rows=\"10\" maxlength=\"2000\" class=\"wpcf7-form-control wpcf7-textarea\" aria-invalid=\"false\" placeholder=\"Message\" name=\"your-message\"><\/textarea><\/span>\n\t<\/p>\n\t<div class=\"button-submit\">\n\t\t<p><img decoding=\"async\" src=\"https:\/\/earplugz.com\/wp-content\/uploads\/2023\/10\/Arrow-1.png\" class=\"submitbuttonimg\" \/><br \/>\n<input class=\"wpcf7-form-control wpcf7-submit has-spinner\" type=\"submit\" value=\"Envoyer\" \/>\n\t\t<\/p>\n\t<\/div>\n<\/div><div class=\"wpcf7-response-output\" aria-hidden=\"true\"><\/div>\n<input type=\"hidden\" name=\"trp-form-language\" value=\"fr\"\/><\/form>\n<\/div>\n \n<\/div>\n<\/div><\/div>\n<\/div><\/div><\/div>\n<\/section>","protected":false},"excerpt":{"rendered":"<p>Contact Vous souhaitez devenir revendeur de Earplugz ? Ou simplement vous renseigner sur les possibilit\u00e9s ? N'h\u00e9sitez pas \u00e0 nous contacter. Nous sommes toujours pr\u00eats \u00e0 voir ce que nous pouvons faire pour vous. envoyer un message Vous \u00eates un utilisateur final et vous avez des questions de fond ou vous souhaitez fixer un rendez-vous ? Dans ce cas, prenez contact [...]<\/p>","protected":false},"author":1,"featured_media":0,"parent":0,"menu_order":0,"comment_status":"closed","ping_status":"closed","template":"","meta":{"_breakdance_hide_in_design_set":false,"_breakdance_tags":"","footnotes":""},"class_list":["post-586","page","type-page","status-publish","hentry"],"_links":{"self":[{"href":"https:\/\/earplugz.com\/fr\/wp-json\/wp\/v2\/pages\/586","targetHints":{"allow":["GET"]}}],"collection":[{"href":"https:\/\/earplugz.com\/fr\/wp-json\/wp\/v2\/pages"}],"about":[{"href":"https:\/\/earplugz.com\/fr\/wp-json\/wp\/v2\/types\/page"}],"author":[{"embeddable":true,"href":"https:\/\/earplugz.com\/fr\/wp-json\/wp\/v2\/users\/1"}],"replies":[{"embeddable":true,"href":"https:\/\/earplugz.com\/fr\/wp-json\/wp\/v2\/comments?post=586"}],"version-history":[{"count":4,"href":"https:\/\/earplugz.com\/fr\/wp-json\/wp\/v2\/pages\/586\/revisions"}],"predecessor-version":[{"id":1620,"href":"https:\/\/earplugz.com\/fr\/wp-json\/wp\/v2\/pages\/586\/revisions\/1620"}],"wp:attachment":[{"href":"https:\/\/earplugz.com\/fr\/wp-json\/wp\/v2\/media?parent=586"}],"curies":[{"name":"wp","href":"https:\/\/api.w.org\/{rel}","templated":true}]}}