{"id":780,"date":"2023-11-14T13:54:37","date_gmt":"2023-11-14T13:54:37","guid":{"rendered":"https:\/\/earplugz.com\/?post_type=product&#038;p=780"},"modified":"2023-11-21T15:21:14","modified_gmt":"2023-11-21T15:21:14","slug":"active-shoot","status":"publish","type":"product","link":"https:\/\/earplugz.com\/et\/product\/aktiivne-laskmine\/","title":{"rendered":"Aktiivne laskmine"},"content":{"rendered":"<div style=\"display: flex; flex-wrap: wrap;\">\n<div style=\"flex-basis: 100%; display: flex; justify-content: space-between;\">\n        <span style=\"color: #999999;\">Materjal:<\/span><br \/>\n        <strong style=\"text-align: right; flex-grow: 1;\">Akr\u00fc\u00fcl<\/strong>\n    <\/div>\n<div style=\"flex-basis: 100%; display: flex; justify-content: space-between;\">\n        <span style=\"color: #999999;\">Valitavad sagedusribad:<\/span><br \/>\n        <strong style=\"text-align: right; flex-grow: 1;\">12<\/strong>\n    <\/div>\n<div style=\"flex-basis: 100%; display: flex; justify-content: space-between;\">\n        <span style=\"color: #999999;\">Kriteeriumi tase:<\/span><br \/>\n        <strong style=\"text-align: right; flex-grow: 1;\">H = 112 dB (A) M = 106 dB (A) L = 103 dB (A)<\/strong>\n    <\/div>\n<div style=\"flex-basis: 100%; display: flex; justify-content: space-between;\">\n        <span style=\"color: #999999;\">Aku kestvus:<\/span><br \/>\n        <strong style=\"text-align: right; flex-grow: 1;\">umbes 60 tundi<\/strong>\n    <\/div>\n<div style=\"flex-basis: 100%; display: flex; justify-content: space-between;\">\n        <span style=\"color: #999999;\">Elektrooniline piirang:<\/span><br \/>\n        <strong style=\"text-align: right; flex-grow: 1;\">V\u00e4hem kui 10 millisekundit<\/strong>\n    <\/div>\n<div style=\"flex-basis: 100%; display: flex; justify-content: space-between;\">\n        <span style=\"color: #999999;\">Tuule m\u00fcra:<\/span><br \/>\n        <strong style=\"text-align: right; flex-grow: 1;\">Minimaalne<\/strong>\n    <\/div>\n<div style=\"flex-basis: 100%; display: flex; justify-content: space-between;\">\n        <span style=\"color: #999999;\">Saab kohandada kuulmislanguse jaoks:<\/span><br \/>\n        <strong style=\"text-align: right; flex-grow: 1;\">Jah<\/strong>\n    <\/div>\n<div style=\"flex-basis: 100%; display: flex; justify-content: space-between;\">\n        <span style=\"color: #999999;\">V\u00e4rvide arv:<\/span><br \/>\n        <strong style=\"text-align: right; flex-grow: 1;\">2<\/strong>\n    <\/div>\n<\/div>","protected":false},"excerpt":{"rendered":"<ul>\n<li>Vaigistab kaadrid, v\u00f5imendades samal ajal \u00fcmbritsevat m\u00fcra<\/li>\n<li>Akr\u00fc\u00fcl (k\u00f5va) materjal<\/li>\n<li>Kohandatud optimaalse kandmismugavuse tagamiseks<\/li>\n<li>Saab kohandada kuulmislangusega<\/li>\n<\/ul>","protected":false},"featured_media":826,"comment_status":"open","ping_status":"closed","template":"","meta":[],"product_cat":[17],"product_tag":[],"class_list":{"0":"post-780","1":"product","2":"type-product","3":"status-publish","4":"has-post-thumbnail","6":"product_cat-zie-specificaties","7":"pa_color-blue","8":"pa_color-red","10":"first","11":"instock","12":"shipping-taxable","13":"product-type-simple"},"_links":{"self":[{"href":"https:\/\/earplugz.com\/et\/wp-json\/wp\/v2\/product\/780","targetHints":{"allow":["GET"]}}],"collection":[{"href":"https:\/\/earplugz.com\/et\/wp-json\/wp\/v2\/product"}],"about":[{"href":"https:\/\/earplugz.com\/et\/wp-json\/wp\/v2\/types\/product"}],"replies":[{"embeddable":true,"href":"https:\/\/earplugz.com\/et\/wp-json\/wp\/v2\/comments?post=780"}],"wp:featuredmedia":[{"embeddable":true,"href":"https:\/\/earplugz.com\/et\/wp-json\/wp\/v2\/media\/826"}],"wp:attachment":[{"href":"https:\/\/earplugz.com\/et\/wp-json\/wp\/v2\/media?parent=780"}],"wp:term":[{"taxonomy":"product_cat","embeddable":true,"href":"https:\/\/earplugz.com\/et\/wp-json\/wp\/v2\/product_cat?post=780"},{"taxonomy":"product_tag","embeddable":true,"href":"https:\/\/earplugz.com\/et\/wp-json\/wp\/v2\/product_tag?post=780"}],"curies":[{"name":"wp","href":"https:\/\/api.w.org\/{rel}","templated":true}]}}