{"id":778,"date":"2023-11-14T13:53:53","date_gmt":"2023-11-14T13:53:53","guid":{"rendered":"https:\/\/earplugz.com\/?post_type=product&#038;p=778"},"modified":"2023-11-21T15:22:41","modified_gmt":"2023-11-21T15:22:41","slug":"in-ear-pro","status":"publish","type":"product","link":"https:\/\/earplugz.com\/et\/product\/korvaklappide-pro\/","title":{"rendered":"In-Ear Pro"},"content":{"rendered":"<div style=\"display: flex; flex-wrap: wrap;\">\n<div style=\"flex-basis: 100%; display: flex; justify-content: space-between;\">\n        <span style=\"color: #999999;\">Materjal:<\/span><br \/>\n        <strong style=\"text-align: right; flex-grow: 1;\">Akr\u00fc\u00fcl v\u00f5i silikoon<\/strong>\n    <\/div>\n<div style=\"flex-basis: 100%; display: flex; justify-content: space-between;\">\n        <span style=\"color: #999999;\">Juhtimiss\u00fcsteem:<\/span><br \/>\n        <strong style=\"text-align: right; flex-grow: 1;\">1 kuni 6<\/strong>\n    <\/div>\n<div style=\"flex-basis: 100%; display: flex; justify-content: space-between;\">\n        <span style=\"color: #999999;\">Sound Nature:<\/span><br \/>\n        <strong style=\"text-align: right; flex-grow: 1;\">bassirikas<\/strong>\n    <\/div>\n<div style=\"flex-basis: 100%; display: flex; justify-content: space-between;\">\n        <span style=\"color: #999999;\">Eluaeg:<\/span><br \/>\n        <strong style=\"text-align: right; flex-grow: 1;\">Umbes 4-5 aastat<\/strong>\n    <\/div>\n<div style=\"flex-basis: 100%; display: flex; justify-content: space-between;\">\n        <span style=\"color: #999999;\">Maksimaalne v\u00f5imsus:<\/span><br \/>\n        <strong style=\"text-align: right; flex-grow: 1;\">128 dB SPL<\/strong>\n    <\/div>\n<div style=\"flex-basis: 100%; display: flex; justify-content: space-between;\">\n        <span style=\"color: #999999;\">Sagedusvahemik:<\/span><br \/>\n        <strong style=\"text-align: right; flex-grow: 1;\">10Hz - 38kHz<\/strong>\n    <\/div>\n<div style=\"flex-basis: 100%; display: flex; justify-content: space-between;\">\n        <span style=\"color: #999999;\">V\u00e4rvide arv:<\/span><br \/>\n        <strong style=\"text-align: right; flex-grow: 1;\">8<\/strong>\n    <\/div>\n<\/div>","protected":false},"excerpt":{"rendered":"<ul>\n<li>6-kohaline juht (bassirikas)<\/li>\n<li>Helisignatuur: bassirikas<\/li>\n<li>Tundlikkus 1mW juures: 128dB SPL<\/li>\n<li>Impedants 1 kHz juures: 31,5 oomi<\/li>\n<li>Sagedusvahemik: 10Hz - 38kHz<\/li>\n<li>Maksimaalne v\u00e4ljund: 128 dB SPL<\/li>\n<li>THD 94 dB SPL juures: 0,1%<\/li>\n<li>THD 100 dB SPL juures: 0,2%<\/li>\n<\/ul>","protected":false},"featured_media":834,"comment_status":"open","ping_status":"closed","template":"","meta":[],"product_cat":[17],"product_tag":[],"class_list":{"0":"post-778","1":"product","2":"type-product","3":"status-publish","4":"has-post-thumbnail","6":"product_cat-zie-specificaties","7":"pa_color-black","8":"pa_color-red","10":"first","11":"instock","12":"shipping-taxable","13":"product-type-simple"},"_links":{"self":[{"href":"https:\/\/earplugz.com\/et\/wp-json\/wp\/v2\/product\/778","targetHints":{"allow":["GET"]}}],"collection":[{"href":"https:\/\/earplugz.com\/et\/wp-json\/wp\/v2\/product"}],"about":[{"href":"https:\/\/earplugz.com\/et\/wp-json\/wp\/v2\/types\/product"}],"replies":[{"embeddable":true,"href":"https:\/\/earplugz.com\/et\/wp-json\/wp\/v2\/comments?post=778"}],"wp:featuredmedia":[{"embeddable":true,"href":"https:\/\/earplugz.com\/et\/wp-json\/wp\/v2\/media\/834"}],"wp:attachment":[{"href":"https:\/\/earplugz.com\/et\/wp-json\/wp\/v2\/media?parent=778"}],"wp:term":[{"taxonomy":"product_cat","embeddable":true,"href":"https:\/\/earplugz.com\/et\/wp-json\/wp\/v2\/product_cat?post=778"},{"taxonomy":"product_tag","embeddable":true,"href":"https:\/\/earplugz.com\/et\/wp-json\/wp\/v2\/product_tag?post=778"}],"curies":[{"name":"wp","href":"https:\/\/api.w.org\/{rel}","templated":true}]}}