{"id":777,"date":"2023-11-14T13:53:19","date_gmt":"2023-11-14T13:53:19","guid":{"rendered":"https:\/\/earplugz.com\/?post_type=product&#038;p=777"},"modified":"2023-11-21T15:24:08","modified_gmt":"2023-11-21T15:24:08","slug":"iso-tunes-ears","status":"publish","type":"product","link":"https:\/\/earplugz.com\/et\/product\/iso-tunes-ears\/","title":{"rendered":"Iso Tunes k\u00f5rvad"},"content":{"rendered":"<div style=\"display: flex; flex-wrap: wrap;\">\n<div style=\"flex-basis: 100%; display: flex; justify-content: space-between;\">\n        <span style=\"color: #999999;\">Materjal:<\/span><br \/>\n        <strong style=\"text-align: right; flex-grow: 1;\">Akr\u00fc\u00fcl v\u00f5i silikoon<\/strong>\n    <\/div>\n<div style=\"flex-basis: 100%; display: flex; justify-content: space-between;\">\n        <span style=\"color: #999999;\">Magnetilised k\u00f5rvaklapid:<\/span><br \/>\n        <strong style=\"text-align: right; flex-grow: 1;\">Jah<\/strong>\n    <\/div>\n<div style=\"flex-basis: 100%; display: flex; justify-content: space-between;\">\n        <span style=\"color: #999999;\">M\u00fcrasummutusmikrofon:<\/span><br \/>\n        <strong style=\"text-align: right; flex-grow: 1;\">Jah<\/strong>\n    <\/div>\n<div style=\"flex-basis: 100%; display: flex; justify-content: space-between;\">\n        <span style=\"color: #999999;\">Tolmu-, higi- ja veekindlus:<\/span><br \/>\n        <strong style=\"text-align: right; flex-grow: 1;\">Jah<\/strong>\n    <\/div>\n<div style=\"flex-basis: 100%; display: flex; justify-content: space-between;\">\n        <span style=\"color: #999999;\">Eluaeg:<\/span><br \/>\n        <strong style=\"text-align: right; flex-grow: 1;\">Umbes 4-5 aastat<\/strong>\n    <\/div>\n<div style=\"flex-basis: 100%; display: flex; justify-content: space-between;\">\n        <span style=\"color: #999999;\">Juhtmevaba taasesitus:<\/span><br \/>\n        <strong style=\"text-align: right; flex-grow: 1;\">Kell 11.00<\/strong>\n    <\/div>\n<div style=\"flex-basis: 100%; display: flex; justify-content: space-between;\">\n        <span style=\"color: #999999;\">Piiratud tootmismaht:<\/span><br \/>\n        <strong style=\"text-align: right; flex-grow: 1;\">kuni 79 dBA<\/strong>\n    <\/div>\n<div style=\"flex-basis: 100%; display: flex; justify-content: space-between;\">\n        <span style=\"color: #999999;\">V\u00e4rvide arv:<\/span><br \/>\n        <strong style=\"text-align: right; flex-grow: 1;\">10<\/strong>\n    <\/div>\n<\/div>","protected":false},"excerpt":{"rendered":"<ul>\n<li>Bluetooth\u00ae 5.0<\/li>\n<li>M\u00fcrasummutav mikrofon selgete vestluste pidamiseks valjudes keskkondades<\/li>\n<li>SafeMax\u2122 - erakordne helikvaliteet, mis piirab helitugevust 79 dBA-ni.<\/li>\n<li>11 tundi juhtmevaba taasesitust t\u00e4is akuga<\/li>\n<li>Probleemivaba traadita \u00fchendus<\/li>\n<li>Laadimine mikro-USB kaudu<\/li>\n<li>Kohandatud optimaalse kandmismugavuse tagamiseks<\/li>\n<li>Sobib pikaajaliseks ja igap\u00e4evaseks kasutamiseks<\/li>\n<li>IP67 tolmu-, higi- ja veekindlus<\/li>\n<\/ul>","protected":false},"featured_media":833,"comment_status":"open","ping_status":"closed","template":"","meta":[],"product_cat":[17],"product_tag":[],"class_list":{"0":"post-777","1":"product","2":"type-product","3":"status-publish","4":"has-post-thumbnail","6":"product_cat-zie-specificaties","7":"pa_color-black","8":"pa_color-blue","9":"pa_color-clear","10":"pa_color-green","11":"pa_color-orange","12":"pa_color-pink","13":"pa_color-purple","14":"pa_color-red","15":"pa_color-white","16":"pa_color-yellow","18":"first","19":"instock","20":"shipping-taxable","21":"product-type-simple"},"_links":{"self":[{"href":"https:\/\/earplugz.com\/et\/wp-json\/wp\/v2\/product\/777","targetHints":{"allow":["GET"]}}],"collection":[{"href":"https:\/\/earplugz.com\/et\/wp-json\/wp\/v2\/product"}],"about":[{"href":"https:\/\/earplugz.com\/et\/wp-json\/wp\/v2\/types\/product"}],"replies":[{"embeddable":true,"href":"https:\/\/earplugz.com\/et\/wp-json\/wp\/v2\/comments?post=777"}],"wp:featuredmedia":[{"embeddable":true,"href":"https:\/\/earplugz.com\/et\/wp-json\/wp\/v2\/media\/833"}],"wp:attachment":[{"href":"https:\/\/earplugz.com\/et\/wp-json\/wp\/v2\/media?parent=777"}],"wp:term":[{"taxonomy":"product_cat","embeddable":true,"href":"https:\/\/earplugz.com\/et\/wp-json\/wp\/v2\/product_cat?post=777"},{"taxonomy":"product_tag","embeddable":true,"href":"https:\/\/earplugz.com\/et\/wp-json\/wp\/v2\/product_tag?post=777"}],"curies":[{"name":"wp","href":"https:\/\/api.w.org\/{rel}","templated":true}]}}