{"id":776,"date":"2023-11-14T13:52:53","date_gmt":"2023-11-14T13:52:53","guid":{"rendered":"https:\/\/earplugz.com\/?post_type=product&#038;p=776"},"modified":"2023-11-21T15:30:24","modified_gmt":"2023-11-21T15:30:24","slug":"motor-ears","status":"publish","type":"product","link":"https:\/\/earplugz.com\/et\/product\/mootorikorvad\/","title":{"rendered":"Mootori k\u00f5rvad"},"content":{"rendered":"<div style=\"display: flex; flex-wrap: wrap;\">\n<div style=\"flex-basis: 100%; display: flex; justify-content: space-between;\">\n        <span style=\"color: #999999;\">Materjal:<\/span><br \/>\n        <strong style=\"text-align: right; flex-grow: 1;\">Akr\u00fc\u00fcl v\u00f5i silikoon<\/strong>\n    <\/div>\n<div style=\"flex-basis: 100%; display: flex; justify-content: space-between;\">\n        <span style=\"color: #999999;\">Filter (summutus):<\/span><br \/>\n        <strong style=\"text-align: right; flex-grow: 1;\">2 liiki<\/strong>\n    <\/div>\n<div style=\"flex-basis: 100%; display: flex; justify-content: space-between;\">\n        <span style=\"color: #999999;\">Heli kvaliteet:<\/span><br \/>\n        <strong style=\"text-align: right; flex-grow: 1;\">Spetsiaalne filter kahjuliku mootori- ja tuulem\u00fcra vastu<\/strong>\n    <\/div>\n<div style=\"flex-basis: 100%; display: flex; justify-content: space-between;\">\n        <span style=\"color: #999999;\">Antiallergiline kate:\u00a0<\/span><br \/>\n        <strong style=\"text-align: right; flex-grow: 1;\">Jah<\/strong>\n    <\/div>\n<div style=\"flex-basis: 100%; display: flex; justify-content: space-between;\">\n        <span style=\"color: #999999;\">Eluaeg:<\/span><br \/>\n        <strong style=\"text-align: right; flex-grow: 1;\">Umbes 4-5 aastat<\/strong>\n    <\/div>\n<div style=\"flex-basis: 100%; display: flex; justify-content: space-between;\">\n        <span style=\"color: #999999;\">K\u00e4epide:<\/span><br \/>\n        <strong style=\"text-align: right; flex-grow: 1;\">I-Grip<\/strong>\n    <\/div>\n<div style=\"flex-basis: 100%; display: flex; justify-content: space-between;\">\n        <span style=\"color: #999999;\">Klambriga pael:<\/span><br \/>\n        <strong style=\"text-align: right; flex-grow: 1;\">Ei<\/strong>\n    <\/div>\n<div style=\"flex-basis: 100%; display: flex; justify-content: space-between;\">\n        <span style=\"color: #999999;\">\u00dchendatav k\u00f5rvak\u00f5lariga:<\/span><br \/>\n        <strong style=\"text-align: right; flex-grow: 1;\">Ei<\/strong>\n    <\/div>\n<div style=\"flex-basis: 100%; display: flex; justify-content: space-between;\">\n        <span style=\"color: #999999;\">V\u00e4rvide arv:<\/span><br \/>\n        <strong style=\"text-align: right; flex-grow: 1;\">10<\/strong>\n    <\/div>\n<\/div>","protected":false},"excerpt":{"rendered":"<ul>\n<li>Ei ulatu k\u00f5rvadest v\u00e4lja, seega sobivad tihedate kiivrite jaoks.<\/li>\n<li>Kohandatud optimaalse kandmismugavuse tagamiseks<\/li>\n<li>Sobib pikaajaliseks ja igap\u00e4evaseks kasutamiseks<\/li>\n<li>Mikrofon valikuline<\/li>\n<li>Sisseehitatud k\u00f5laritega<\/li>\n<li>Antiallergiline kate<\/li>\n<\/ul>","protected":false},"featured_media":832,"comment_status":"open","ping_status":"closed","template":"","meta":[],"product_cat":[17],"product_tag":[],"class_list":{"0":"post-776","1":"product","2":"type-product","3":"status-publish","4":"has-post-thumbnail","6":"product_cat-zie-specificaties","7":"pa_color-black","8":"pa_color-blue","9":"pa_color-clear","10":"pa_color-green","11":"pa_color-orange","12":"pa_color-pink","13":"pa_color-purple","14":"pa_color-red","15":"pa_color-white","16":"pa_color-yellow","18":"first","19":"instock","20":"shipping-taxable","21":"product-type-simple"},"_links":{"self":[{"href":"https:\/\/earplugz.com\/et\/wp-json\/wp\/v2\/product\/776","targetHints":{"allow":["GET"]}}],"collection":[{"href":"https:\/\/earplugz.com\/et\/wp-json\/wp\/v2\/product"}],"about":[{"href":"https:\/\/earplugz.com\/et\/wp-json\/wp\/v2\/types\/product"}],"replies":[{"embeddable":true,"href":"https:\/\/earplugz.com\/et\/wp-json\/wp\/v2\/comments?post=776"}],"wp:featuredmedia":[{"embeddable":true,"href":"https:\/\/earplugz.com\/et\/wp-json\/wp\/v2\/media\/832"}],"wp:attachment":[{"href":"https:\/\/earplugz.com\/et\/wp-json\/wp\/v2\/media?parent=776"}],"wp:term":[{"taxonomy":"product_cat","embeddable":true,"href":"https:\/\/earplugz.com\/et\/wp-json\/wp\/v2\/product_cat?post=776"},{"taxonomy":"product_tag","embeddable":true,"href":"https:\/\/earplugz.com\/et\/wp-json\/wp\/v2\/product_tag?post=776"}],"curies":[{"name":"wp","href":"https:\/\/api.w.org\/{rel}","templated":true}]}}