{"id":573,"date":"2023-11-10T07:02:05","date_gmt":"2023-11-10T07:02:05","guid":{"rendered":"https:\/\/earplugz.com\/?post_type=product&#038;p=573"},"modified":"2023-11-21T15:26:08","modified_gmt":"2023-11-21T15:26:08","slug":"dry-music","status":"publish","type":"product","link":"https:\/\/earplugz.com\/et\/product\/kuiv-muusika\/","title":{"rendered":"Kuiv muusika"},"content":{"rendered":"<div style=\"display: flex; flex-wrap: wrap;\">\n<div style=\"flex-basis: 100%; display: flex; justify-content: space-between;\">\n        <span style=\"color: #999999;\">Materjal:<\/span><br \/>\n        <strong style=\"text-align: right; flex-grow: 1;\">Ujuv ja mitteujuv silikoon<\/strong>\n    <\/div>\n<div style=\"flex-basis: 100%; display: flex; justify-content: space-between;\">\n        <span style=\"color: #999999;\">Filter (summutus):<\/span><br \/>\n        <strong style=\"text-align: right; flex-grow: 1;\">1 liiki<\/strong>\n    <\/div>\n<div style=\"flex-basis: 100%; display: flex; justify-content: space-between;\">\n        <span style=\"color: #999999;\">\u00dchilduvus:<\/span><br \/>\n        <strong style=\"text-align: right; flex-grow: 1;\">16 tundi m\u00e4nguaega ja 8 GB m\u00e4lumahtu<\/strong>\n    <\/div>\n<div style=\"flex-basis: 100%; display: flex; justify-content: space-between;\">\n        <span style=\"color: #999999;\">Veekindel:<\/span><br \/>\n        <strong style=\"text-align: right; flex-grow: 1;\">Kuni 2,5 meetrit 100% veekindel<\/strong>\n    <\/div>\n<div style=\"flex-basis: 100%; display: flex; justify-content: space-between;\">\n        <span style=\"color: #999999;\">Eluaeg:<\/span><br \/>\n        <strong style=\"text-align: right; flex-grow: 1;\">Umbes 4-5 aastat<\/strong>\n    <\/div>\n<div style=\"flex-basis: 100%; display: flex; justify-content: space-between;\">\n        <span style=\"color: #999999;\">K\u00e4epide:<\/span><br \/>\n        <strong style=\"text-align: right; flex-grow: 1;\">I-Grip<\/strong>\n    <\/div>\n<div style=\"flex-basis: 100%; display: flex; justify-content: space-between;\">\n        <span style=\"color: #999999;\">Klambriga pael:<\/span><br \/>\n        <strong style=\"text-align: right; flex-grow: 1;\">Ei<\/strong>\n    <\/div>\n<div style=\"flex-basis: 100%; display: flex; justify-content: space-between;\">\n        <span style=\"color: #999999;\">V\u00e4rvide arv:<\/span><br \/>\n        <strong style=\"text-align: right; flex-grow: 1;\">10<\/strong>\n    <\/div>\n<\/div>","protected":false},"excerpt":{"rendered":"<ul>\n<li>Ainulaadne superpehme ujuv materjal<\/li>\n<li>Kaasas veekindel 8 GB MP3-m\u00e4ngija<\/li>\n<li>Sobib pikaajaliseks ja igap\u00e4evaseks kasutamiseks<\/li>\n<li>Antiallergiline kate<\/li>\n<li>Optimaalne sobivus<\/li>\n<li>Vastupidav (kestab kauem kui universaalsed v\u00f5i \u00fchekordsed k\u00f5rvaklapid)<\/li>\n<li><span class=\"a-list-item\">Muusika ujumise ajal: parim veekindel mp3-m\u00e4ngija surfaritele v\u00f5i maratoniujujatele. \u00dclikompaktne: k\u00e4ed-vabaduse klambriga disain v\u00f5imaldab m\u00e4ngija h\u00f5lpsasti kinnitada (n\u00e4iteks) ujumisprillidele. Lihtne kasutada.<\/span><\/li>\n<li><span class=\"a-list-item\">Suurep\u00e4rane helikvaliteet: pakub t\u00e4iustatud m\u00fcrasummutustehnoloogiat ja paremat helikvaliteeti kui enamik teisi veekindlaid mp3-m\u00e4ngijaid. G<\/span><span class=\"a-list-item\">andiet ilma moonutusteta oma lemmikmuusika ujumise, surfamise, jooksmise ja muude tegevuste ajal.<\/span><\/li>\n<li><span class=\"a-list-item\">K\u00f5rge \u00fchilduvus: 16 tundi m\u00e4nguaega ja 8 GB m\u00e4lumaht, mis mahutab \u00fcle 2000 laulu, \u00fchildub enamiku heliformaatidega, nt MP3, FLAC, WMA, APE (konverteerimistarkvara ei ole vaja).<\/span><\/li>\n<li><span class=\"a-list-item\">100% veekindel - kuni 2,5 meetrit 100% veekindel. Sisaldab kullatud stereopesa, mis kaitseb korrosiooni eest. Veekindlus: IPX8.<\/span><\/li>\n<li><\/li>\n<\/ul>","protected":false},"featured_media":823,"comment_status":"open","ping_status":"closed","template":"","meta":[],"product_cat":[17],"product_tag":[],"class_list":{"0":"post-573","1":"product","2":"type-product","3":"status-publish","4":"has-post-thumbnail","6":"product_cat-zie-specificaties","7":"pa_color-blue","8":"pa_color-red","10":"first","11":"instock","12":"shipping-taxable","13":"product-type-simple"},"_links":{"self":[{"href":"https:\/\/earplugz.com\/et\/wp-json\/wp\/v2\/product\/573","targetHints":{"allow":["GET"]}}],"collection":[{"href":"https:\/\/earplugz.com\/et\/wp-json\/wp\/v2\/product"}],"about":[{"href":"https:\/\/earplugz.com\/et\/wp-json\/wp\/v2\/types\/product"}],"replies":[{"embeddable":true,"href":"https:\/\/earplugz.com\/et\/wp-json\/wp\/v2\/comments?post=573"}],"wp:featuredmedia":[{"embeddable":true,"href":"https:\/\/earplugz.com\/et\/wp-json\/wp\/v2\/media\/823"}],"wp:attachment":[{"href":"https:\/\/earplugz.com\/et\/wp-json\/wp\/v2\/media?parent=573"}],"wp:term":[{"taxonomy":"product_cat","embeddable":true,"href":"https:\/\/earplugz.com\/et\/wp-json\/wp\/v2\/product_cat?post=573"},{"taxonomy":"product_tag","embeddable":true,"href":"https:\/\/earplugz.com\/et\/wp-json\/wp\/v2\/product_tag?post=573"}],"curies":[{"name":"wp","href":"https:\/\/api.w.org\/{rel}","templated":true}]}}