{"id":561,"date":"2023-11-10T06:49:13","date_gmt":"2023-11-10T06:49:13","guid":{"rendered":"https:\/\/earplugz.com\/?post_type=product&#038;p=561"},"modified":"2023-11-21T15:10:00","modified_gmt":"2023-11-21T15:10:00","slug":"dry-ears","status":"publish","type":"product","link":"https:\/\/earplugz.com\/et\/product\/kuivad-korvad\/","title":{"rendered":"Kuivad k\u00f5rvad"},"content":{"rendered":"<div style=\"display: flex; flex-wrap: wrap;\">\n<div style=\"flex-basis: 100%; display: flex; justify-content: space-between; margin-bottom: 5px;\"><span style=\"color: #999999; white-space: nowrap;\">Materjal:<\/span><br \/>\n<strong style=\"text-align: right; flex-grow: 1;\">Ujuv ja mitteujuv silikoon<\/strong><\/div>\n<div style=\"flex-basis: 100%; display: flex; justify-content: space-between; margin-bottom: 5px;\"><span style=\"color: #999999; white-space: nowrap;\">Filter (summutus):<\/span><br \/>\n<strong style=\"text-align: right; flex-grow: 1;\">Spetsiaalne filter ainult 5 dB summutusega<\/strong><\/div>\n<div style=\"flex-basis: 100%; display: flex; justify-content: space-between; margin-bottom: 5px;\"><span style=\"color: #999999; white-space: nowrap;\">Eluaeg:<\/span><br \/>\n<strong style=\"text-align: right; flex-grow: 1;\">Umbes 3-4 aastat<\/strong><\/div>\n<div style=\"flex-basis: 100%; display: flex; justify-content: space-between; margin-bottom: 5px;\"><span style=\"color: #999999; white-space: nowrap;\">K\u00e4epide:<\/span><br \/>\n<strong style=\"text-align: right; flex-grow: 1;\">Valikuline<\/strong><\/div>\n<div style=\"flex-basis: 100%; display: flex; justify-content: space-between; margin-bottom: 5px;\"><span style=\"color: #999999; white-space: nowrap;\">Klambriga pael:<\/span><br \/>\n<strong style=\"text-align: right; flex-grow: 1;\">Valikuline<\/strong><\/div>\n<div style=\"flex-basis: 100%; display: flex; justify-content: space-between; margin-bottom: 5px;\"><span style=\"color: #999999; white-space: nowrap;\">\u00dchendatav k\u00f5rvak\u00f5lariga:<\/span><br \/>\n<strong style=\"text-align: right; flex-grow: 1;\">Ei<\/strong><\/div>\n<div style=\"flex-basis: 100%; display: flex; justify-content: space-between; margin-bottom: 5px;\"><span style=\"color: #999999; white-space: nowrap;\">V\u00e4rvide arv:<\/span><br \/>\n<strong style=\"text-align: right; flex-grow: 1;\">10<\/strong><\/div>\n<div style=\"flex-basis: 100%; display: flex; justify-content: space-between; margin-bottom: 5px;\"><span style=\"color: #999999; white-space: nowrap;\">Avastatav:<\/span><br \/>\n<strong style=\"text-align: right; flex-grow: 1;\">Ei<\/strong><\/div>\n<\/div>","protected":false},"excerpt":{"rendered":"<ul>\n<li>Ainulaadne superpehme ujuv materjal<\/li>\n<li>Spetsiaalne filter ainult 5 dB summutusega<\/li>\n<li>Kohandatud optimaalse kandmismugavuse tagamiseks<\/li>\n<li>Valikuline: k\u00e4epidemed + n\u00f6\u00f6r ja klamber<\/li>\n<li>Sobib pikaajaliseks ja igap\u00e4evaseks kasutamiseks<\/li>\n<li>Antiallergiline kate<\/li>\n<\/ul>","protected":false},"featured_media":782,"comment_status":"open","ping_status":"closed","template":"","meta":[],"product_cat":[17],"product_tag":[],"class_list":{"0":"post-561","1":"product","2":"type-product","3":"status-publish","4":"has-post-thumbnail","6":"product_cat-zie-specificaties","7":"pa_color-blue","8":"pa_color-red","10":"first","11":"instock","12":"shipping-taxable","13":"product-type-simple"},"_links":{"self":[{"href":"https:\/\/earplugz.com\/et\/wp-json\/wp\/v2\/product\/561","targetHints":{"allow":["GET"]}}],"collection":[{"href":"https:\/\/earplugz.com\/et\/wp-json\/wp\/v2\/product"}],"about":[{"href":"https:\/\/earplugz.com\/et\/wp-json\/wp\/v2\/types\/product"}],"replies":[{"embeddable":true,"href":"https:\/\/earplugz.com\/et\/wp-json\/wp\/v2\/comments?post=561"}],"wp:featuredmedia":[{"embeddable":true,"href":"https:\/\/earplugz.com\/et\/wp-json\/wp\/v2\/media\/782"}],"wp:attachment":[{"href":"https:\/\/earplugz.com\/et\/wp-json\/wp\/v2\/media?parent=561"}],"wp:term":[{"taxonomy":"product_cat","embeddable":true,"href":"https:\/\/earplugz.com\/et\/wp-json\/wp\/v2\/product_cat?post=561"},{"taxonomy":"product_tag","embeddable":true,"href":"https:\/\/earplugz.com\/et\/wp-json\/wp\/v2\/product_tag?post=561"}],"curies":[{"name":"wp","href":"https:\/\/api.w.org\/{rel}","templated":true}]}}